{"id":8033,"date":"2022-02-28T15:12:41","date_gmt":"2022-02-28T13:12:41","guid":{"rendered":"https:\/\/snehacare.de\/?post_type=product&#038;p=8033"},"modified":"2022-11-03T12:59:33","modified_gmt":"2022-11-03T12:59:33","slug":"bucky","status":"publish","type":"product","link":"https:\/\/snehascare.de\/en\/hund\/bucky\/","title":{"rendered":"Bucky"},"content":{"rendered":"<p><img fetchpriority=\"high\" decoding=\"async\" class=\"size-medium wp-image-8404 aligncenter\" src=\"http:\/\/snehascare.de\/wp-content\/uploads\/2022\/02\/AF3D24EF-E70F-4D0B-B1C7-1D502FD9AB18-300x225.jpeg\" alt=\"\" width=\"300\" height=\"225\" \/><\/p>\n<p>&nbsp;<\/p>\n<p>&nbsp;<\/p>\n<p><strong>Abschied von unserem Bucky<\/strong><\/p>\n<p>Mit schwerem Herzen verabschieden wir uns von unserem Little Bucky. Nur ein Jahr durftest du werden, trotz all deiner Lebensfreude und deinem starken Lebenswillen. Du hattest keinen leichten Start in das Leben. Hast aber nie aufgegeben und uns immer wieder mit deiner Freude am Leben begeistert. Wir werden dein herzerw\u00e4rmendes &#8222;Stapfen&#8220; durch unsere Reihen sehr vermissen, deinen ulkigen und so besonderen Gang. Deine neugierige und aufgeweckte Art, die Schmuseeinheiten.<\/p>\n<p>&nbsp;<\/p>\n<p>Wir w\u00fcnschen dir eine gute Reise \u00fcber die Regenbogenbr\u00fccke zu gr\u00fcneren Wiesen und vielen Leckerlies.<\/p>\n<p>&nbsp;<\/p>\n<p>Du wirst uns sehr fehlen !<\/p>\n<p>&nbsp;<\/p>\n<p>Wir danken Petra, deiner Patin, sehr f\u00fcr ihre Treue und stets lieben Worte ! Danke, dass du Bucky als Patin begleitet hast von Anfang an.<\/p>\n<p>&nbsp;<\/p>\n<hr \/>\n<p>&nbsp;<\/p>\n<p>Farewell to our Bucky<\/p>\n<p>With a heavy heart we say goodbye to our Little Bucky. \u00a0Only one year old you had to go, despite all your love for life and your strong will to live. You didn&#8217;t have an easy start into this world. But you never gave up and always inspired us with your joyful character. We will miss your heartwarming &#8222;stride&#8220; through our shelter very much, your funny and so special walk. Your curious and bright nature, the cuddle units.<\/p>\n<p>&nbsp;<\/p>\n<p>We wish you a safe journey over the rainbow bridge to greener meadows and lots of treats.<\/p>\n<p>&nbsp;<\/p>\n<p>We will miss you very much!<\/p>\n<p>&nbsp;<\/p>\n<p>We thank Petra, your sponsor, very much for her loyalty and always kind words! Thank you for being Bucky&#8217;s sponsor from the start.<\/p>\n<p>&nbsp;<\/p>\n<p>&nbsp;<\/p>\n<hr \/>\n<p>&nbsp;<\/p>\n<p>&nbsp;<\/p>\n<p><strong>In Erinnerung<\/strong><\/p>\n<p class=\"p1\"><span class=\"s1\">Hallo mein Name ist Little Bucky, <\/span><\/p>\n<p>&nbsp;<\/p>\n<p class=\"p1\"><span class=\"s1\">Ich stamme aus Sunakothi, Lalitpur, wo ich von einem Fahrzeug erfasst wurde. Ein Wunder, dass ich diesen Unfall \u00fcberlebt habe. Ein Tierfreund brachte mich zu meinem Gl\u00fcck direkt zu Sneha\u2019s Care. Durch den heftigen Zusammensto\u00df mit dem Auto, war mein Auge hervorgetreten. Es sah schlimm aus und schien kaum Hoffnung f\u00fcr mich zu geben. Ich konnte nicht stehen, geschweige denn gehen. <\/span><\/p>\n<p>&nbsp;<\/p>\n<p class=\"p1\"><span class=\"s1\">Im Tierheim wurde ich sofort notversorgt und behandelt. Ich erhielt viele Medikamente und Zuwendung. Mein linkes Auge war schwer besch\u00e4digt und musste operativ entfernt werden, um das Risiko einer weiteren Infektion zu vermeiden. Drei Tage lang k\u00e4mpfte das Team um mein Leben. <\/span><\/p>\n<p>&nbsp;<\/p>\n<p class=\"p1\"><span class=\"s1\">Letztlich beeindruckte ich alle mit meinem starken Lebenswillen. <\/span><\/p>\n<p>&nbsp;<\/p>\n<p class=\"p1\"><span class=\"s1\">Inzwischen h\u00fcpfe und laufe ich voller Lebensfreude durch das Tierheim. Ich bin eine kleine Frohnatur. <\/span><\/p>\n<p>&nbsp;<\/p>\n<p class=\"p1\"><span class=\"s1\">Dank unserer Spender erhielt ich die Behandlung, die ich dringend brauchte, um zu \u00fcberleben. Trotz allem, was ich durchgemacht habe, bin ich ein freundlicher und gl\u00fccklicher Hund und genie\u00dfe h\u00fcpfend jeden Tag. <\/span><\/p>\n<p>&nbsp;<\/p>\n<p class=\"p1\"><span class=\"s1\">Ganz besonders danke ich Petra, die mich von Anfang an als Patin unterst\u00fctzt hat! <\/span><\/p>\n<p class=\"p1\"><span class=\"s1\">\u2014\u2014\u2014\u2014-<\/span><\/p>\n<p class=\"p1\"><span class=\"s1\">Hello my name is Little Bucky,<\/span><\/p>\n<p class=\"p1\"><span class=\"s1\">I am from Sunakothi, Lalitpur where I was hit by a vehicle. It&#8217;s a miracle I survived. Luckily, a friendly human brought me to Sneha&#8217;s Care. The violent collision with the car made my eye pop out. There wasn\u2019t much hope for me to survive. I couldn&#8217;t stand or walk.<\/span><\/p>\n<p class=\"p1\"><span class=\"s1\">At the shelter, I was immediately given emergency care and medical treatment. I received a lot of medication and care. My left eye was severely damaged and had to be surgically removed to avoid the risk of further infection. For three days the team fought for my life.<\/span><\/p>\n<p class=\"p1\"><span class=\"s1\">Everyone was impressed by my strong will to live.<\/span><\/p>\n<p class=\"p1\"><span class=\"s1\">Now I hop and run through the shelter full of joy. I have a cheerful personality.<\/span><\/p>\n<p class=\"p1\"><span class=\"s1\">Thanks to our donors, I received the treatment I desperately needed to survive. Despite everything I&#8217;ve been through, I&#8217;m a friendly and happy dog \u200b\u200band enjoy hopping through every day.<\/span><\/p>\n<p class=\"p1\"><span class=\"s1\">I would especially like to thank Petra, who supported me as a sponsor right from the start!<\/span><\/p>\n<p class=\"p1\">","protected":false},"excerpt":{"rendered":"<p class=\"p1\"><span class=\"s1\">Gender: Male <\/span><\/p>\n<p class=\"p1\"><span class=\"s1\">Born:<span class=\"Apple-converted-space\">\u00a0 <\/span>ca. Oktober\/November 2021<\/span><\/p>\n<p>Gestorben: November 2022<\/p>\n<p class=\"p1\"><span class=\"s1\">Colour: Brown<\/span><\/p>","protected":false},"featured_media":8404,"template":"","meta":[],"product_brand":[],"product_cat":[64],"product_tag":[],"class_list":{"0":"post-8033","1":"product","2":"type-product","3":"status-publish","4":"has-post-thumbnail","6":"product_cat-verstorben","8":"first","9":"instock","10":"shipping-taxable","11":"product-type-simple"},"_links":{"self":[{"href":"https:\/\/snehascare.de\/en\/wp-json\/wp\/v2\/product\/8033","targetHints":{"allow":["GET"]}}],"collection":[{"href":"https:\/\/snehascare.de\/en\/wp-json\/wp\/v2\/product"}],"about":[{"href":"https:\/\/snehascare.de\/en\/wp-json\/wp\/v2\/types\/product"}],"wp:featuredmedia":[{"embeddable":true,"href":"https:\/\/snehascare.de\/en\/wp-json\/wp\/v2\/media\/8404"}],"wp:attachment":[{"href":"https:\/\/snehascare.de\/en\/wp-json\/wp\/v2\/media?parent=8033"}],"wp:term":[{"taxonomy":"product_brand","embeddable":true,"href":"https:\/\/snehascare.de\/en\/wp-json\/wp\/v2\/product_brand?post=8033"},{"taxonomy":"product_cat","embeddable":true,"href":"https:\/\/snehascare.de\/en\/wp-json\/wp\/v2\/product_cat?post=8033"},{"taxonomy":"product_tag","embeddable":true,"href":"https:\/\/snehascare.de\/en\/wp-json\/wp\/v2\/product_tag?post=8033"}],"curies":[{"name":"wp","href":"https:\/\/api.w.org\/{rel}","templated":true}]}}