{"id":8018,"date":"2021-11-14T16:31:56","date_gmt":"2021-11-14T14:31:56","guid":{"rendered":"https:\/\/snehacare.de\/?post_type=product&#038;p=8018"},"modified":"2022-05-29T16:00:07","modified_gmt":"2022-05-29T16:00:07","slug":"mintu","status":"publish","type":"product","link":"https:\/\/snehascare.de\/en\/hund\/mintu\/","title":{"rendered":"Mintu"},"content":{"rendered":"<p><img fetchpriority=\"high\" decoding=\"async\" class=\"alignnone size-medium wp-image-8247 aligncenter\" src=\"http:\/\/snehascare.de\/wp-content\/uploads\/2021\/11\/Foto-13.11.21-19-22-35-1-300x225.jpg\" alt=\"\" width=\"300\" height=\"225\" \/><\/p>\n<p>Liebe Mintu, <img decoding=\"async\" class=\"lazy-loaded\" src=\"https:\/\/static.xx.fbcdn.net\/images\/emoji.php\/v9\/te7\/1\/16\/1f494.png\" alt=\"\" width=\"16\" height=\"16\" data-lazy-type=\"image\" data-src=\"https:\/\/static.xx.fbcdn.net\/images\/emoji.php\/v9\/te7\/1\/16\/1f494.png\" \/><\/p>\n<p>&nbsp;<\/p>\n<p>wir verabschieden uns mit schwerem Herzen von unserer kleinen Mintu. Wir werden deine unbeschwerte, freundliche Art sehr vermissen. Uns war leider nicht verg\u00f6nnt dich aufwachsen zu sehen.<\/p>\n<p>&nbsp;<\/p>\n<p>Wir hoffen du kommst gut \u00fcber die Regenbogenbr\u00fccke und bist auf der anderen Seite frei und kannst endlich wieder ohne Rollstuhl durch die Gegend tollen und toben.<\/p>\n<p>&nbsp;<\/p>\n<p>Du fehlst!<\/p>\n<p>&nbsp;<\/p>\n<p>Wir danken Selina, dass sie dich als Patin auf deinem kurzen Weg begleitet hat!<\/p>\n<p>&nbsp;<\/p>\n<hr \/>\n<p>Dear Mintu <img decoding=\"async\" class=\"lazy-loaded\" src=\"https:\/\/static.xx.fbcdn.net\/images\/emoji.php\/v9\/te7\/1\/16\/1f494.png\" alt=\"\" width=\"16\" height=\"16\" data-lazy-type=\"image\" data-src=\"https:\/\/static.xx.fbcdn.net\/images\/emoji.php\/v9\/te7\/1\/16\/1f494.png\" \/><\/p>\n<p>&nbsp;<\/p>\n<p>we say goodbye to our little Mintu with a heavy heart. We will miss your carefree, friendly personality very much. Unfortunately, we weren&#8217;t allowed to see you grow up.<\/p>\n<p>&nbsp;<\/p>\n<p>We hope you can get over the rainbow bridge safely and are free on the other side and can finally romp around the area again without a wheelchair.<\/p>\n<p>&nbsp;<\/p>\n<p>We miss you!<\/p>\n<p>&nbsp;<\/p>\n<p>We thank Selina for accompanying you as your sponsor on your short journey!<\/p>\n<p>&nbsp;<\/p>\n<hr \/>\n<hr \/>\n<p>&nbsp;<\/p>\n<p>&nbsp;<\/p>\n<p>Hallo mein Name ist Mintu,<span class=\"Apple-converted-space\">\u00a0<\/span><\/p>\n<p>&nbsp;<\/p>\n<p>Ich stamme aus Harsiddhi, Lalitpur, wo ich von einem Fahrzeug erfasst wurde. Ein Wunder, dass ich diesen Unfall \u00fcberlebt habe. Ein Tierfreund brachte mich zu Sneha\u2019s Care. Hier wurde ich direkt behandelt. Meine Hinterbeine sind jedoch gel\u00e4hmt und werden es bleiben.<span class=\"Apple-converted-space\">\u00a0<\/span><\/p>\n<p>&nbsp;<\/p>\n<p>Dennoch bin ich voller Lebensfreude. Denn hier im Tierheim wird sich nicht nur um mich gek\u00fcmmert, ich habe auch einen Rollstuhl mit dem ich mutig die Welt erkunden kann.<span class=\"Apple-converted-space\">\u00a0<\/span><\/p>\n<p>&nbsp;<\/p>\n<p>Dank unseren Spendern erhielt ich die Behandlung, die ich dringend brauchte, um zu \u00fcberleben und habe die M\u00f6glichkeit einen Rollstuhl zu nutzen. Trotz allem, was ich durchgemacht habe, bin ich immer noch ein freundlicher und gl\u00fccklicher Hund. Es macht mich gl\u00fccklich, Zeit mit lieben Menschen zu verbringen.<span class=\"Apple-converted-space\">\u00a0<\/span><\/p>\n<p>&nbsp;<\/p>\n<p>Bei Sneha&#8217;s Care sind wir ungef\u00e4hr 170 Hunde mit verschiedenen Problemen und unsere Pflege kostet viel. Deshalb suche ich eine Patin\/einen Paten, denn ich geh\u00f6re zu den Hunden, die aufgrund ihrer Besonderheit keine Familie in Nepal mehr finden. Weil hier viele Hunde auf sich gestellt auf der Stra\u00dfe leben m\u00fcssen, k\u00f6nnen die Menschen sich einfach einen passenden Stra\u00dfenhund aussuchen \u2013 und das sind meist gesunde, h\u00fcbsche Welpen. In ein Tierheim muss daf\u00fcr niemand fahren. Ich werde mit meiner Behinderung dauerhaft im Tierheim leben m\u00fcssen.<span class=\"Apple-converted-space\">\u00a0<\/span><\/p>\n<p>&nbsp;<\/p>\n<p>Mit Selina habe ich eine liebe Patin gefunden. DANKESCH\u00d6N!<\/p>\n<p>&nbsp;<\/p>\n<p>\u2014\u2014\u2014\u2014-<\/p>\n<p>Hello my name is Mintu,<\/p>\n<p>I&#8217;m from Harsiddhi, Lalitpur, where I was hit by a vehicle. It&#8217;s a miracle that I survived this accident. An animal friend brought me to Sneha&#8217;s Care. Here I was treated directly. However, my back legs are paralyzed and will remain so.<\/p>\n<p>Nevertheless, I enjoy life. Because here in the animal shelter I am not only taken care of, I also have a wheelchair with which I can boldly explore the world.<\/p>\n<p>Thanks to our donors, I received the treatment I urgently needed to survive and have the opportunity to use a wheelchair. Despite everything I&#8217;ve been through, I am still a kind and happy dog. It makes me happy to spend time with lovely people.<\/p>\n<p>At Sneha&#8217;s Care we are around 170 dogs with various problems and our care costs a lot. That is why I am looking for a sponsor, because I am one of those dogs that, due to their peculiarity, can no longer find a family in Nepal. Because many dogs here have to live on their own on the street, people can simply choose a suitable street dog &#8211; and these are mostly healthy, beautiful puppies. Nobody has to go to an animal shelter for this. With my disability, I will have to live permanently in the animal shelter.<\/p>\n<p>&nbsp;<\/p>\n<p>In Selina I have found a lovely sponsor. THANKS VERY MUCH!<\/p>\n<p>&nbsp;<\/p>\n<p><b>Bank Account Sneha's Care Deutschland e.V.<\/b><\/p>\n<p><b>Germany - Bank f\u00fcr Sozialwirtschaft<\/b><\/p>\n<p><b>IBAN: DE34 5502 0500 0001 6055 00 | BIC: BFSWDE33MNZ<\/b><\/p>","protected":false},"excerpt":{"rendered":"<p>Gender: Female<\/p>\n<p>Born:<span class=\"Apple-converted-space\">\u00a0 <\/span>2021<\/p>\n<p>Verstorben: 2021<\/p>\n<p>Farbe: schwarz wei\u00df<\/p>","protected":false},"featured_media":8247,"template":"","meta":[],"product_brand":[],"product_cat":[64],"product_tag":[],"class_list":{"0":"post-8018","1":"product","2":"type-product","3":"status-publish","4":"has-post-thumbnail","6":"product_cat-verstorben","8":"first","9":"instock","10":"shipping-taxable","11":"product-type-simple"},"_links":{"self":[{"href":"https:\/\/snehascare.de\/en\/wp-json\/wp\/v2\/product\/8018","targetHints":{"allow":["GET"]}}],"collection":[{"href":"https:\/\/snehascare.de\/en\/wp-json\/wp\/v2\/product"}],"about":[{"href":"https:\/\/snehascare.de\/en\/wp-json\/wp\/v2\/types\/product"}],"wp:featuredmedia":[{"embeddable":true,"href":"https:\/\/snehascare.de\/en\/wp-json\/wp\/v2\/media\/8247"}],"wp:attachment":[{"href":"https:\/\/snehascare.de\/en\/wp-json\/wp\/v2\/media?parent=8018"}],"wp:term":[{"taxonomy":"product_brand","embeddable":true,"href":"https:\/\/snehascare.de\/en\/wp-json\/wp\/v2\/product_brand?post=8018"},{"taxonomy":"product_cat","embeddable":true,"href":"https:\/\/snehascare.de\/en\/wp-json\/wp\/v2\/product_cat?post=8018"},{"taxonomy":"product_tag","embeddable":true,"href":"https:\/\/snehascare.de\/en\/wp-json\/wp\/v2\/product_tag?post=8018"}],"curies":[{"name":"wp","href":"https:\/\/api.w.org\/{rel}","templated":true}]}}