{"id":7997,"date":"2021-08-01T18:44:22","date_gmt":"2021-08-01T16:44:22","guid":{"rendered":"https:\/\/snehacare.de\/?post_type=product&#038;p=7997"},"modified":"2022-05-29T16:00:56","modified_gmt":"2022-05-29T16:00:56","slug":"chadani","status":"publish","type":"product","link":"https:\/\/snehascare.de\/en\/hund\/chadani\/","title":{"rendered":"Chadani"},"content":{"rendered":"<p><img fetchpriority=\"high\" decoding=\"async\" class=\"alignnone size-medium wp-image-8291 aligncenter\" src=\"http:\/\/snehascare.de\/wp-content\/uploads\/2021\/08\/Foto-30.03.22-20-41-55-300x225.jpg\" alt=\"Chadani\" width=\"300\" height=\"225\" \/><\/p>\n<p class=\"p1\"><span class=\"s1\">Hallo mein Name ist Chadani,<\/span><\/p>\n<p>&nbsp;<\/p>\n<p class=\"p1\"><span class=\"s1\">Ich kam stark unterern\u00e4hrt und mit Durchfall im Tierheim an. Ich wurde auf der Stra\u00dfe gefunden. Ich war noch ein kleiner Welpe, nur wenige Monate alt. Schwach und unterern\u00e4hrt, konnte ich nicht einmal stehen.<\/span><\/p>\n<p>&nbsp;<\/p>\n<p class=\"p1\"><span class=\"s1\">Im Tierheim erhielt ich die medizinische Behandlung und Pflege, die ich brauchte, um zu \u00fcberleben. Es stand sehr schlecht um mich, daher waren alle freudig \u00fcberrascht, als ich mich vollst\u00e4ndig erholte. Bevor ich hierher kam, hatte ich Tage damit verbracht, mich ver\u00e4ngstigt zu f\u00fchlen und entsetzliche Schmerzen zu haben. Mir geht es jetzt zwar gut, aber die Erfahrung hat mich emotional gezeichnet. Ich brauche Zeit, um mich sicher zu f\u00fchlen. Daher bin ich oft sehr zur\u00fcckhaltend.<\/span><\/p>\n<p>&nbsp;<\/p>\n<p class=\"p1\"><span class=\"s1\">Bei Sneha&#8217;s Care sind wir ungef\u00e4hr 170 Hunde mit verschiedenen Problemen und unsere Pflege kostet viel. Deshalb suche ich eine Patin\/einen Paten, denn ich geh\u00f6re zu den Hunden, die schon ausgewachsen sind und keine Familie in Nepal mehr finden. Weil hier viele Hunde auf sich gestellt auf der Stra\u00dfe leben m\u00fcssen, k\u00f6nnen die Menschen sich einfach einen passenden Stra\u00dfenhund aussuchen \u2013 und das sind meist gesunde, h\u00fcbsche Welpen. In ein Tierheim muss daf\u00fcr niemand fahren. Ich werde dauerhaft im Tierheim leben m\u00fcssen. <\/span><\/p>\n<p>&nbsp;<\/p>\n<p class=\"p1\">Ich freue mich, dass ich mit Toralf einen lieben Paten gefunden habe. Dankesch\u00f6n !<\/p>\n<p>&nbsp;<\/p>\n<p class=\"p1\">\u2014\u2014\u2014\u2014-<\/p>\n<p class=\"p1\"><span class=\"s1\">Hello my name is Chadani,<\/span><\/p>\n<p>&nbsp;<\/p>\n<p class=\"p1\"><span class=\"s1\">I arrived at the shelter severely malnourished and with diarrhea. I was found on the street. I was a little puppy, only a few months old. Weak and malnourished, I couldn&#8217;t even stand.<\/span><\/p>\n<p>&nbsp;<\/p>\n<p class=\"p1\"><span class=\"s1\">At the shelter, I received the medical treatment and care I needed to survive. I was in a very bad state, so everyone was relieved when I fully recovered. Before I came here, I had spent days feeling scared and in excruciating pain. I&#8217;m fine now, but the experience has drawn me emotionally. I need time to feel safe therefore, I am often very cautious.<\/span><\/p>\n<p>&nbsp;<\/p>\n<p class=\"p1\"><span class=\"s1\">At Sneha&#8217;s Care we are around 170 dogs with various problems and our care costs a lot. That&#8217;s why I&#8217;m looking for a sponsor, because I am one of those dogs that have grown up and can no longer find a family in Nepal. Because many dogs here have to live on their own on the street, people can simply choose a suitable street dog &#8211; and these are mostly healthy, beautiful puppies. Nobody has to go to an animal shelter for this. I will have to live in the shelter permanently.<\/span><\/p>\n<p>&nbsp;<\/p>\n<p class=\"p1\">I am delighted that I have found a dear sponsor in Toralf. Thank you very much !<\/p>\n<p class=\"p1\"><span class=\"s1\">\u00a0<\/span><\/p>\n<p class=\"p1\"><span class=\"s2\">Bank Account Sneha's Care Deutschland e.V.<\/span><\/p>\n<p class=\"p1\"><span class=\"s2\">Germany - Bank f\u00fcr Sozialwirtschaft<\/span><\/p>\n<p class=\"p1\"><span class=\"s2\">IBAN: DE34 5502 0500 0001 6055 00 | BIC: BFSWDE33MNZ<\/span><\/p>","protected":false},"excerpt":{"rendered":"<p class=\"p1\"><span class=\"s1\">Gender: Female<\/span><\/p>\n<p class=\"p1\"><span class=\"s1\">Born: 2019<\/span><\/p>\n<p class=\"p1\"><span class=\"s1\">Colour: black <\/span><\/p>","protected":false},"featured_media":8291,"template":"","meta":[],"product_brand":[],"product_cat":[63],"product_tag":[],"class_list":{"0":"post-7997","1":"product","2":"type-product","3":"status-publish","4":"has-post-thumbnail","6":"product_cat-paten-gefunden","8":"first","9":"instock","10":"shipping-taxable","11":"product-type-simple"},"_links":{"self":[{"href":"https:\/\/snehascare.de\/en\/wp-json\/wp\/v2\/product\/7997","targetHints":{"allow":["GET"]}}],"collection":[{"href":"https:\/\/snehascare.de\/en\/wp-json\/wp\/v2\/product"}],"about":[{"href":"https:\/\/snehascare.de\/en\/wp-json\/wp\/v2\/types\/product"}],"wp:featuredmedia":[{"embeddable":true,"href":"https:\/\/snehascare.de\/en\/wp-json\/wp\/v2\/media\/8291"}],"wp:attachment":[{"href":"https:\/\/snehascare.de\/en\/wp-json\/wp\/v2\/media?parent=7997"}],"wp:term":[{"taxonomy":"product_brand","embeddable":true,"href":"https:\/\/snehascare.de\/en\/wp-json\/wp\/v2\/product_brand?post=7997"},{"taxonomy":"product_cat","embeddable":true,"href":"https:\/\/snehascare.de\/en\/wp-json\/wp\/v2\/product_cat?post=7997"},{"taxonomy":"product_tag","embeddable":true,"href":"https:\/\/snehascare.de\/en\/wp-json\/wp\/v2\/product_tag?post=7997"}],"curies":[{"name":"wp","href":"https:\/\/api.w.org\/{rel}","templated":true}]}}