{"id":7991,"date":"2021-08-01T18:11:51","date_gmt":"2021-08-01T16:11:51","guid":{"rendered":"https:\/\/snehacare.de\/?post_type=product&#038;p=7991"},"modified":"2023-08-18T09:31:05","modified_gmt":"2023-08-18T09:31:05","slug":"dalley","status":"publish","type":"product","link":"https:\/\/snehascare.de\/en\/hund\/dalley\/","title":{"rendered":"Dalley"},"content":{"rendered":"<p><img fetchpriority=\"high\" decoding=\"async\" class=\"alignnone size-medium wp-image-8292 aligncenter\" src=\"http:\/\/snehascare.de\/wp-content\/uploads\/2021\/08\/Foto-20.07.20-11-09-29-300x292.jpg\" alt=\"\" width=\"300\" height=\"292\" \/><\/p>\n<p class=\"p1\"><span class=\"s1\">Hallo ich bin Dalley,<\/span><\/p>\n<p>&nbsp;<\/p>\n<p class=\"p1\"><span class=\"s1\">Ich kam im Tierheim von Sneha&#8217;s Care an, als ich nur wenige Monate alt war. Ich war stark unterern\u00e4hrt und hatte schweren Durchfall. Ich war sehr schwach und dehydriert, ich konnte kaum stehen. Das Leben als Stra\u00dfenhund auf den Stra\u00dfen von Kathmandu ist hart. Ohne die Rettung von Sneha\u2019s Care w\u00e4re ich dort gestorben.<\/span><\/p>\n<p>&nbsp;<\/p>\n<p class=\"p1\"><span class=\"s1\">Man brachte mich in das Tierheim wo ich medizinische Behandlung und Pflege erhielt. Dank Menschen wie dir konnte ich die Behandlung bekommen, die ich brauchte und habe mich erholt.<\/span><\/p>\n<p>&nbsp;<\/p>\n<p class=\"p1\"><span class=\"s1\">Bei Sneha&#8217;s Care sind wir ungef\u00e4hr 170 Hunde mit verschiedenen Problemen und unsere Pflege kostet viel. Deshalb suche ich eine Patin\/einen Paten, denn ich geh\u00f6re zu den Hunden, die schon ausgewachsen sind und keine Familie in Nepal mehr finden. Weil hier viele Hunde auf sich gestellt auf der Stra\u00dfe leben m\u00fcssen, k\u00f6nnen die Menschen sich einfach einen passenden Stra\u00dfenhund aussuchen \u2013 und das sind meist gesunde, h\u00fcbsche Welpen. In ein Tierheim muss daf\u00fcr niemand fahren. Ich werde dauerhaft im Tierheim leben m\u00fcssen.<\/span><\/p>\n<p>&nbsp;<\/p>\n<p class=\"p1\">Mit Lisa habe ich eine tolle Patin gefunden und sage DANKE \ud83d\udc99<\/p>\n<p class=\"p1\"><span class=\"s1\">\u2014\u2014\u2014\u2014-<\/span><\/p>\n<p class=\"p1\"><span class=\"s1\">Hello i&#8217;m Dalley,<\/span><\/p>\n<p>&nbsp;<\/p>\n<p class=\"p1\"><span class=\"s1\">I arrived at the Sneha&#8217;s Care shelter when I was only a few months old. I was severely malnourished and had severe diarrhea. I was very weak and dehydrated, and I could barely stand. Life as a street dog of Kathmandu is tough. Without the rescue of Sneha\u2019s Care, I would have died there.<\/span><\/p>\n<p>&nbsp;<\/p>\n<p class=\"p1\"><span class=\"s1\">I was taken to the shelter where I received medical treatment and care. Thanks to people like you, I was able to get the treatment I needed and have recovered.<\/span><\/p>\n<p>&nbsp;<\/p>\n<p class=\"p1\"><span class=\"s1\">At Sneha&#8217;s Care we are around 170 dogs with various problems and our care costs a lot. That&#8217;s why I&#8217;m looking for a sponsor, because I am one of those dogs that have grown up and can no longer find a family in Nepal. Because many dogs here have to live on their own on the street, people can simply choose a suitable street dog &#8211; and these are mostly healthy, beautiful puppies. Nobody has to go to an animal shelter for this. I will have to live in the shelter permanently.<\/span><\/p>\n<p>&nbsp;<\/p>\n<p class=\"p1\">I have found an amazing sponsor with Lisa &#8211; THANK YOU \ud83d\udc99<\/p>\n<p class=\"p1\"><span class=\"s1\">\u00a0<\/span><\/p>\n<p class=\"p1\"><span class=\"s2\">Bank Account Sneha's Care Deutschland e.V.<\/span><\/p>\n<p class=\"p1\"><span class=\"s2\">Germany - Bank f\u00fcr Sozialwirtschaft<\/span><\/p>\n<p class=\"p1\"><span class=\"s2\">IBAN: DE34 5502 0500 0001 6055 00 | BIC: BFSWDE33MNZ<\/span><\/p>","protected":false},"excerpt":{"rendered":"<p class=\"p1\"><span class=\"s1\">Gender: Male<\/span><\/p>\n<p class=\"p1\"><span class=\"s1\">Born: 2017<\/span><\/p>\n<p class=\"p1\"><span class=\"s1\">Colour: Black, brown<\/span><\/p>","protected":false},"featured_media":8292,"template":"","meta":[],"product_brand":[],"product_cat":[63],"product_tag":[],"class_list":{"0":"post-7991","1":"product","2":"type-product","3":"status-publish","4":"has-post-thumbnail","6":"product_cat-paten-gefunden","8":"first","9":"instock","10":"shipping-taxable","11":"product-type-simple"},"_links":{"self":[{"href":"https:\/\/snehascare.de\/en\/wp-json\/wp\/v2\/product\/7991","targetHints":{"allow":["GET"]}}],"collection":[{"href":"https:\/\/snehascare.de\/en\/wp-json\/wp\/v2\/product"}],"about":[{"href":"https:\/\/snehascare.de\/en\/wp-json\/wp\/v2\/types\/product"}],"wp:featuredmedia":[{"embeddable":true,"href":"https:\/\/snehascare.de\/en\/wp-json\/wp\/v2\/media\/8292"}],"wp:attachment":[{"href":"https:\/\/snehascare.de\/en\/wp-json\/wp\/v2\/media?parent=7991"}],"wp:term":[{"taxonomy":"product_brand","embeddable":true,"href":"https:\/\/snehascare.de\/en\/wp-json\/wp\/v2\/product_brand?post=7991"},{"taxonomy":"product_cat","embeddable":true,"href":"https:\/\/snehascare.de\/en\/wp-json\/wp\/v2\/product_cat?post=7991"},{"taxonomy":"product_tag","embeddable":true,"href":"https:\/\/snehascare.de\/en\/wp-json\/wp\/v2\/product_tag?post=7991"}],"curies":[{"name":"wp","href":"https:\/\/api.w.org\/{rel}","templated":true}]}}