{"id":7985,"date":"2021-08-01T17:44:28","date_gmt":"2021-08-01T15:44:28","guid":{"rendered":"https:\/\/snehacare.de\/?post_type=product&#038;p=7985"},"modified":"2024-08-04T12:24:26","modified_gmt":"2024-08-04T12:24:26","slug":"aaya","status":"publish","type":"product","link":"https:\/\/snehascare.de\/en\/hund\/aaya\/","title":{"rendered":"Aaya"},"content":{"rendered":"<p><img fetchpriority=\"high\" decoding=\"async\" class=\"alignnone size-medium wp-image-8294 aligncenter\" src=\"http:\/\/snehascare.de\/wp-content\/uploads\/2021\/08\/Foto-29.03.22-20-01-49-300x225.jpg\" alt=\"\" width=\"300\" height=\"225\" \/><\/p>\n<p>Unsere gesch\u00e4tzt Aaya zeigte im Juli 2024 Anzeichen einer Nervensch\u00e4digung. Trotz unserer besten Bem\u00fchungen und ihres Kampfgeists verstarb unsere Aaya am 28.07.2024. Wir haben alles getan, was wir konnten, aber sie hat uns an diesem Morgen verlassen. Ihre St\u00e4rke und Willenskraft waren f\u00fcr uns eine Inspiration. Aaya, du wirst uns sehr fehlen! Ruhe in Frieden, s\u00fc\u00dfes M\u00e4dchen.<\/p>\n<p>Danke an Tina, die unsere Aaya auf ihrem Weg begleitet hat !<\/p>\n<hr \/>\n<p>Aaya one ouf our most cherished rescues since 2019 had begun showing signs of weakness due to nerve damage in july 2024. Despite our best efforts and her fighting spirit, on July 28th, Aaya passed away. We did everything we could, but she left us that morning. Her strength and will power were an inspiration to all of us. Aaya you will be deeply missed and forever cherished. Rest in peace, sweet girl.<\/p>\n<p>&nbsp;<\/p>\n<p>&nbsp;<\/p>\n<p><strong>In Gedenken an Aaya:\u00a0<\/strong><\/p>\n<p class=\"p1\"><span class=\"s1\">Hallo mein Name ist Aaya, <\/span><\/p>\n<p class=\"p1\"><span class=\"s1\">benannt nach einer Heldin aus einem Spiel. Ich war gerade sechs Monate alt, als ich von einem Fahrzeug angefahren wurde. Meine Hinterbeine konnte ich nicht mehr bewegen oder stehen. Das Pflegeteam von Sneha\u2019s Care brachte mich zur Pflege in das Tierheim. Die Tier\u00e4rzte behandelten mich zwar sofort, allerdings blieb ich gel\u00e4hmt. <\/span><\/p>\n<p>&nbsp;<\/p>\n<p class=\"p1\"><span class=\"s1\">Ich geh\u00f6re zu den derzeit 9 Rollstuhlhunden des Tierheims und bin auf einen Rollstuhl angewiesen. Nur damit kann ich wieder herumlaufen.<\/span><\/p>\n<p>&nbsp;<\/p>\n<p class=\"p1\"><span class=\"s1\">Trotz dieser schlimmen Erfahrung genie\u00dfe ich ausgiebige Schmuseeinheiten und Aufmerksamkeiten von Besuchern sehr. Nicht umsonst wurde ich nach einer Heldin benannt, denn ich gebe niemals auf. Mit meiner Behinderung werde ich allerdings kein Heim mehr finden k\u00f6nnen. Das Tierheim ist nun mein Zuhause.<\/span><\/p>\n<p>&nbsp;<\/p>\n<p class=\"p1\"><span class=\"s1\">Bei Sneha&#8217;s Care sind wir ungef\u00e4hr 170 Hunde mit verschiedenen Problemen und unsere Pflege kostet viel. Weil hier viele Hunde auf sich gestellt auf der Stra\u00dfe leben m\u00fcssen, k\u00f6nnen die Menschen sich einfach einen passenden Stra\u00dfenhund aussuchen \u2013 und das sind meist gesunde, h\u00fcbsche Welpen. In ein Tierheim muss daf\u00fcr niemand fahren.<\/span><\/p>\n<p>&nbsp;<\/p>\n<p>Ich danke Tina von Herzen, dass sie mich als Patin begleitet &#8211; DANKE!<\/p>\n<p class=\"p1\"><span class=\"s1\">\u2014\u2014\u2014\u2014-<\/span><\/p>\n<p class=\"p1\"><span class=\"s1\">Hello my name is Aaya,<\/span><\/p>\n<p class=\"p1\"><span class=\"s1\">named after a hero from a game. I was just six months old when I was hit by a vehicle. I could no longer move my back legs or stand. The Snehascare team brought me to the shelter. The vets treated me immediately, but I remained paralyzed. I am one of the shelter&#8217;s 9 wheelchair dogs and I have to use a wheelchair. That&#8217;s the only way I can walk around again.<\/span><\/p>\n<p>&nbsp;<\/p>\n<p class=\"p1\"><span class=\"s1\">Despite this bad experience, I enjoy extensive cuddles and attentions from visitors very much. I was named after a hero, because I never give up. With my disability, however, I will no longer be able to find a home. The shelter is now my home.<\/span><\/p>\n<p>&nbsp;<\/p>\n<p class=\"p1\"><span class=\"s1\">At Sneha&#8217;s Care we are around 170 dogs with various problems and our care costs a lot. That&#8217;s why I&#8217;m looking for a sponsor, because I am one of those dogs that have grown up and can no longer find a family in Nepal. Because many dogs here have to live on their own on the street, people can simply choose a suitable street dog &#8211; and these are mostly healthy, beautiful puppies. Nobody has to go to an animal shelter for this.<\/span><\/p>\n<p>&nbsp;<\/p>\n<p>I would like to thank Tina from the bottom of my heart for accompanying me as a sponsor &#8211; THANK YOU!<\/p>\n<p>&nbsp;<\/p>\n<p class=\"p1\"><span class=\"s2\">Bank Account Sneha's Care Deutschland e.V.<\/span><\/p>\n<p class=\"p1\"><span class=\"s2\">Germany - Bank f\u00fcr Sozialwirtschaft<\/span><\/p>\n<p class=\"p1\"><span class=\"s2\">IBAN: DE34 5502 0500 0001 6055 00 | BIC: BFSWDE33MNZ<\/span><\/p>","protected":false},"excerpt":{"rendered":"<p class=\"p1\"><span class=\"s1\">Gender: Female <\/span><\/p>\n<p class=\"p1\"><span class=\"s1\">Born:<span class=\"Apple-converted-space\">\u00a0 <\/span>2019<\/span><\/p>\n<p>Verstorben: 28.07.2024<\/p>\n<p class=\"p1\"><span class=\"s1\">Colour: Black, brown<\/span><\/p>","protected":false},"featured_media":8294,"template":"","meta":[],"product_brand":[],"product_cat":[64],"product_tag":[],"class_list":{"0":"post-7985","1":"product","2":"type-product","3":"status-publish","4":"has-post-thumbnail","6":"product_cat-verstorben","8":"first","9":"instock","10":"shipping-taxable","11":"product-type-simple"},"_links":{"self":[{"href":"https:\/\/snehascare.de\/en\/wp-json\/wp\/v2\/product\/7985","targetHints":{"allow":["GET"]}}],"collection":[{"href":"https:\/\/snehascare.de\/en\/wp-json\/wp\/v2\/product"}],"about":[{"href":"https:\/\/snehascare.de\/en\/wp-json\/wp\/v2\/types\/product"}],"wp:featuredmedia":[{"embeddable":true,"href":"https:\/\/snehascare.de\/en\/wp-json\/wp\/v2\/media\/8294"}],"wp:attachment":[{"href":"https:\/\/snehascare.de\/en\/wp-json\/wp\/v2\/media?parent=7985"}],"wp:term":[{"taxonomy":"product_brand","embeddable":true,"href":"https:\/\/snehascare.de\/en\/wp-json\/wp\/v2\/product_brand?post=7985"},{"taxonomy":"product_cat","embeddable":true,"href":"https:\/\/snehascare.de\/en\/wp-json\/wp\/v2\/product_cat?post=7985"},{"taxonomy":"product_tag","embeddable":true,"href":"https:\/\/snehascare.de\/en\/wp-json\/wp\/v2\/product_tag?post=7985"}],"curies":[{"name":"wp","href":"https:\/\/api.w.org\/{rel}","templated":true}]}}