{"id":7975,"date":"2021-08-01T17:07:41","date_gmt":"2021-08-01T15:07:41","guid":{"rendered":"https:\/\/snehacare.de\/?post_type=product&#038;p=7975"},"modified":"2022-10-23T14:49:50","modified_gmt":"2022-10-23T14:49:50","slug":"alisha","status":"publish","type":"product","link":"https:\/\/snehascare.de\/en\/hund\/alisha\/","title":{"rendered":"Alisha"},"content":{"rendered":"<p><img fetchpriority=\"high\" decoding=\"async\" class=\"alignnone size-medium wp-image-8309 aligncenter\" src=\"http:\/\/snehascare.de\/wp-content\/uploads\/2021\/08\/Foto-29.03.22-19-52-27-300x225.jpg\" alt=\"\" width=\"300\" height=\"225\" \/><\/p>\n<p class=\"p1\"><span class=\"s1\">Hallo mein Name ist Alisha,<\/span><\/p>\n<p>&nbsp;<\/p>\n<p class=\"p1\"><span class=\"s1\">ich habe zwar nur drei Beine, aber du musst rennen, um mich einzuholen! Ich hatte einen schweren Unfall auf der Stra\u00dfe von Bhaktapur. Ein Einheimischer, der mich jeden Tag dort f\u00fctterte, brachte mich schwer verletzt in das Tierheim Sneha&#8217;s Care. Leider konnte mein vorderes Bein nicht mehr gerettet werden und musste amputiert werden.<\/span><\/p>\n<p>&nbsp;<\/p>\n<p class=\"p1\"><span class=\"s1\">Dank Menschen wie dir erhielt ich die Behandlung, die ich dringend brauchte, um zu \u00fcberleben und \u00fcberraschte alle mit einer vollst\u00e4ndigen Genesung.<\/span><\/p>\n<p>&nbsp;<\/p>\n<p class=\"p1\"><span class=\"s1\">Trotz allem, was ich durchgemacht habe, bin ich immer noch ein freundlicher und gl\u00fccklicher Hund. Es macht mich gl\u00fccklich, Zeit mit lieben Menschen zu verbringen. Also besuche mich gerne im Tierheim zu einem Wettrennen. <\/span><\/p>\n<p>&nbsp;<\/p>\n<p class=\"p1\"><span class=\"s1\">Bei Sneha&#8217;s Care sind wir ungef\u00e4hr 170 Hunde mit verschiedenen Problemen und unsere Pflege kostet viel. Deshalb suche ich eine Patin\/einen Paten, denn ich geh\u00f6re zu den Hunden, die schon ausgewachsen sind und keine Familie in Nepal mehr finden. Weil hier viele Hunde auf sich gestellt auf der Stra\u00dfe leben m\u00fcssen, k\u00f6nnen die Menschen sich einfach einen passenden Stra\u00dfenhund aussuchen \u2013 und das sind meist gesunde, h\u00fcbsche Welpen. In ein Tierheim muss daf\u00fcr niemand fahren. Ich werde dauerhaft im Tierheim leben m\u00fcssen.<\/span><\/p>\n<p>&nbsp;<\/p>\n<p class=\"p1\">Mit Lisa habe ich eine liebe Patin gefunden und sage ganz herzlich DANKE!<\/p>\n<p>&nbsp;<\/p>\n<div class=\"default-style\">Update 05\/2022<\/div>\n<div class=\"default-style\">Es ist \u00fcberaus schwierig und passiert so gut wie nie : Aber Alisha wurde adoptiert ! Eine Familie in Montreal, Canada hat sich in sie verliebt.\u00a0Wir freuen uns sehr dar\u00fcber ! Im Mai konnte Alisha bei ihrer neuen Familie einziehen.<\/div>\n<div class=\"default-style\"><\/div>\n<div class=\"default-style\"><\/div>\n<p class=\"p1\"><span class=\"s1\">\u2014\u2014\u2014\u2014-<\/span><\/p>\n<p class=\"p1\"><span class=\"s1\">Hello my name is Alisha,<\/span><\/p>\n<p>&nbsp;<\/p>\n<p class=\"p1\"><span class=\"s1\">I only have three legs, but you have to run to catch up with me! I had a serious accident on the Bhaktapur road. A local who fed me there every day brought me seriously injured to the Sneha&#8217;s Care shelter. Unfortunately, my front leg could not be saved and had to be amputated.<\/span><\/p>\n<p>&nbsp;<\/p>\n<p class=\"p1\"><span class=\"s1\">Thanks to people like you, I received the treatment I badly needed to survive and surprised everyone with a full recovery.<\/span><\/p>\n<p>&nbsp;<\/p>\n<p class=\"p1\"><span class=\"s1\">Despite everything I&#8217;ve been through, I am still a kind and happy dog. It makes me happy to spend time with lovely people. So visit me at the shelter for a race.<\/span><\/p>\n<p>&nbsp;<\/p>\n<p class=\"p1\"><span class=\"s1\">At Sneha&#8217;s Care we are around 170 dogs with various problems and our care costs a lot. That&#8217;s why I&#8217;m looking for a sponsor, because I am one of those dogs that have grown up and can no longer find a family in Nepal. Because many dogs here have to live on their own on the street, people can simply choose a suitable street dog &#8211; and these are mostly healthy, beautiful puppies. Nobody has to go to an animal shelter for this. I will have to live in the shelter permanently.<\/span><\/p>\n<p>&nbsp;<\/p>\n<p class=\"p1\">With Lisa I have found a dear sponsor and I say THANK YOU very much!<\/p>\n<p>&nbsp;<\/p>\n<p>Updated 05\/2022<br \/>\nIt&#8217;s extremely difficult and hardly ever happens: But Alisha was adopted! A family in Montreal, Canada fell in love with her.<br \/>\nWe are very happy about it ! Alisha was able to move in with her new family in May.<\/p>\n<p>&nbsp;<\/p>\n<p class=\"p1\">Bank Account Sneha's Care Deutschland e.V.<\/p>\n<p class=\"p1\"><span class=\"s2\">Germany - Bank f\u00fcr Sozialwirtschaft<\/span><\/p>\n<p class=\"p1\"><span class=\"s2\">IBAN: DE34 5502 0500 0001 6055 00 | BIC: BFSWDE33MNZ<\/span><\/p>","protected":false},"excerpt":{"rendered":"<p class=\"p1\"><span class=\"s1\">Gender: Female <\/span><\/p>\n<p class=\"p1\"><span class=\"s1\">Born:<span class=\"Apple-converted-space\">\u00a0 <\/span>2019<\/span><\/p>\n<p class=\"p1\"><span class=\"s1\">Farbe: schwarz wei\u00df<\/span><\/p>\n<p>Adoptiert: 05\/2022, Kanada<\/p>","protected":false},"featured_media":8309,"template":"","meta":[],"product_brand":[],"product_cat":[62],"product_tag":[],"class_list":{"0":"post-7975","1":"product","2":"type-product","3":"status-publish","4":"has-post-thumbnail","6":"product_cat-unkategorisiert","8":"first","9":"instock","10":"shipping-taxable","11":"product-type-simple"},"_links":{"self":[{"href":"https:\/\/snehascare.de\/en\/wp-json\/wp\/v2\/product\/7975","targetHints":{"allow":["GET"]}}],"collection":[{"href":"https:\/\/snehascare.de\/en\/wp-json\/wp\/v2\/product"}],"about":[{"href":"https:\/\/snehascare.de\/en\/wp-json\/wp\/v2\/types\/product"}],"wp:featuredmedia":[{"embeddable":true,"href":"https:\/\/snehascare.de\/en\/wp-json\/wp\/v2\/media\/8309"}],"wp:attachment":[{"href":"https:\/\/snehascare.de\/en\/wp-json\/wp\/v2\/media?parent=7975"}],"wp:term":[{"taxonomy":"product_brand","embeddable":true,"href":"https:\/\/snehascare.de\/en\/wp-json\/wp\/v2\/product_brand?post=7975"},{"taxonomy":"product_cat","embeddable":true,"href":"https:\/\/snehascare.de\/en\/wp-json\/wp\/v2\/product_cat?post=7975"},{"taxonomy":"product_tag","embeddable":true,"href":"https:\/\/snehascare.de\/en\/wp-json\/wp\/v2\/product_tag?post=7975"}],"curies":[{"name":"wp","href":"https:\/\/api.w.org\/{rel}","templated":true}]}}