{"id":7967,"date":"2021-07-04T14:50:27","date_gmt":"2021-07-04T12:50:27","guid":{"rendered":"https:\/\/snehacare.de\/?post_type=product&#038;p=7967"},"modified":"2025-12-12T18:35:17","modified_gmt":"2025-12-12T18:35:17","slug":"kalu","status":"publish","type":"product","link":"https:\/\/snehascare.de\/en\/hund\/kalu\/","title":{"rendered":"Kalu"},"content":{"rendered":"<p><img fetchpriority=\"high\" decoding=\"async\" class=\"size-medium wp-image-8299 aligncenter\" src=\"http:\/\/snehascare.de\/wp-content\/uploads\/2021\/07\/Foto-31.03.22-18-05-50-300x225.jpg\" alt=\"\" width=\"300\" height=\"225\" \/><\/p>\n<p><b><br \/>\nNachruf f\u00fcr Kalu<\/b><\/p>\n<p><b>Kalu \u2013 f\u00fcr immer in unseren Herzen<\/b><\/p>\n<p>Kalu war ein sanfter, tapferer Hund, der trotz eines schweren Schicksalsschlags nie seine Freundlichkeit verlor. Nach der grausamen Attacke, die ihm seine Beine verletzte, fand er bei Sneha\u2019s Care Sicherheit, F\u00fcrsorge und ein Zuhause. Mit viel Geduld und medizinischer Unterst\u00fctzung lernte er sogar wieder ohne Rollstuhl zu laufen \u2013 ein kleines Wunder, das seinen starken Lebenswillen zeigte.<\/p>\n<p>Er liebte die N\u00e4he der Menschen, genoss Streicheleinheiten und schenkte jedem ein leises, dankbares Strahlen. Ein eigenes Zuhause fand er nicht mehr, doch im Tierheim wurde er geliebt und bis zuletzt gut versorgt.<\/p>\n<p>Unser besonderer Dank gilt seiner Patin <b>Stephanie<\/b>, deren Unterst\u00fctzung ihm ein w\u00fcrdevolles und gesch\u00fctztes Leben erm\u00f6glicht hat.<\/p>\n<p>Kalu ist nun frei \u2013 jenseits der Regenbogenbr\u00fccke \u2013 aber in unseren Herzen bleibt er f\u00fcr immer. \ud83d\udd4a\ufe0f\ud83d\udc9b<\/p>\n<p>\u2e3b<\/p>\n<p><b>Obituary for Kalu<\/b><\/p>\n<p><b>Kalu \u2013 forever in our hearts<\/b><\/p>\n<p>Kalu was a gentle and brave dog who never lost his kindness, even after suffering a terrible attack that left his back legs injured. At Sneha\u2019s Care, he finally found safety, medical help, and a place to call home. With dedicated care and patience, he even learned to walk again without his wheelchair \u2014 a beautiful reflection of his strong will to live.<\/p>\n<p>He loved human affection, enjoyed every cuddle, and had a quiet way of showing his gratitude. Although he never found a family outside the shelter, he was deeply loved and cared for until the very end.<\/p>\n<p>Our heartfelt thanks go to his sponsor <b>Stephanie<\/b>, whose support gave Kalu dignity, protection, and comfort throughout his life.<\/p>\n<p>Kalu is now free \u2014 beyond the Rainbow Bridge \u2014 and will remain in our hearts forever. \ud83d\udd4a\ufe0f\ud83d\udc9b<\/p>\n<p>&nbsp;<\/p>\n<p class=\"p1\"><span class=\"s1\">Hallo mein Name ist Kalu, <\/span><\/p>\n<p>&nbsp;<\/p>\n<p class=\"p1\"><span class=\"s1\">ich bin ein lieber Hund, dennoch schlugen mich b\u00f6se Menschen mehrfach mit einem Stock bewusstlos und lie\u00dfen mich hilflos und \u00e4ngstlich auf den Stra\u00dfen von Vyanjyang in Nepal zur\u00fcck. Ich hatte schreckliche Schmerzen, Angst und konnte meine hinteren Beine nicht mehr bewegen.<\/span><\/p>\n<p>&nbsp;<\/p>\n<p class=\"p1\"><span class=\"s1\">Ein Tierfreund informierte zu meinem Gl\u00fcck das Tierheim. Sie holten mich zu sich. Dank F\u00fcrsorge und guter Pflege werde ich mich hier zwar erholen, aber meine Beine sind leider nicht mehr wie fr\u00fcher. Ohne einen Rollstuhl konnte ich anfangs mehr laufen.<span class=\"Apple-converted-space\">\u00a0 <\/span>Inzwischen &#8211; nach Behandlungen und Training &#8211; brauche ich den Rollstuhl aber nicht mehr.\u00a0<\/span><\/p>\n<p>&nbsp;<\/p>\n<p class=\"p1\"><span class=\"s1\">Trotz dieser schlimmen Erfahrung wei\u00df ich, dass nicht alle Menschen so sind. Ich genie\u00dfe Schmuseeinheiten und Aufmerksamkeit von Besuchern sehr. Mit meiner Behinderung werde ich allerdings kein Heim mehr finden k\u00f6nnen. Das Tierheim ist nun mein Zuhause.<\/span><\/p>\n<p>&nbsp;<\/p>\n<p class=\"p1\"><span class=\"s1\">Bei Sneha&#8217;s Care sind wir ungef\u00e4hr 170 Hunde mit verschiedenen Problemen und unsere Pflege kostet viel. Weil hier viele Hunde auf sich gestellt auf der Stra\u00dfe leben m\u00fcssen, k\u00f6nnen die Menschen sich einfach einen passenden Stra\u00dfenhund aussuchen \u2013 und das sind meist gesunde, h\u00fcbsche Welpen. In ein Tierheim muss daf\u00fcr niemand fahren.<\/span><\/p>\n<p>&nbsp;<\/p>\n<p class=\"p1\">Ich freue mich, dass ich mit Stephanie eine liebe Patin gefunden habe.<\/p>\n<p class=\"p1\"><span class=\"s1\">\u2014\u2014\u2014\u2014-<\/span><\/p>\n<p class=\"p1\"><span class=\"s1\">Hello my name is Kalu,<\/span><\/p>\n<p class=\"p1\"><span class=\"s1\">I am a friendly dog, but bad people hit me several times with a stick and left me helpless and afraid on the streets of Vyanjyang in Nepal. I was in terrible pain, was scared, and could no longer move my back legs.<\/span><\/p>\n<p class=\"p1\"><span class=\"s1\">Fortunately for me, an animalfriend informed the shelter. They took brought me there. Thanks to good care I will recover here, but unfortunately my legs are no longer like they used to be. At first I could not walk anymore without a wheelchair. But now &#8211; after treatment and training &#8211; i no longer need the wheelchair.<\/span><\/p>\n<p class=\"p1\"><span class=\"s1\">Despite this terrible experience, I know that not all people are like that. I really enjoy being cuddled by visitors. With my disability, however, I will no longer be able to find a home. The shelter is now my home.<\/span><\/p>\n<p class=\"p1\"><span class=\"s1\">At Sneha&#8217;s Care we are around 170 dogs with various problems and our care costs a lot. That&#8217;s why I&#8217;m looking for a sponsor, because I am one of those dogs that have grown up and can no longer find a family in Nepal. Because many dogs here have to live on their own on the street, people can simply choose a suitable street dog &#8211; and these are mostly healthy, beautiful puppies. Nobody has to go to an animal shelter for this.<\/span><\/p>\n<p class=\"p1\">I am happy that I have found a lovely sponsor in Stephanie.<\/p>\n<p>&nbsp;<\/p>\n<p class=\"p1\">","protected":false},"excerpt":{"rendered":"<p class=\"p1\"><span class=\"s1\">Gender: Male <\/span><\/p>\n<p class=\"p1\"><span class=\"s1\">Born:<span class=\"Apple-converted-space\">\u00a0 <\/span>2017<\/span><\/p>\n<p>Verstorben: Nov\/2025<\/p>\n<p class=\"p1\"><span class=\"s1\">Farbe: Schwarz<\/span><\/p>","protected":false},"featured_media":8299,"template":"","meta":[],"product_brand":[],"product_cat":[64],"product_tag":[],"class_list":{"0":"post-7967","1":"product","2":"type-product","3":"status-publish","4":"has-post-thumbnail","6":"product_cat-verstorben","8":"first","9":"instock","10":"shipping-taxable","11":"product-type-simple"},"_links":{"self":[{"href":"https:\/\/snehascare.de\/en\/wp-json\/wp\/v2\/product\/7967","targetHints":{"allow":["GET"]}}],"collection":[{"href":"https:\/\/snehascare.de\/en\/wp-json\/wp\/v2\/product"}],"about":[{"href":"https:\/\/snehascare.de\/en\/wp-json\/wp\/v2\/types\/product"}],"wp:featuredmedia":[{"embeddable":true,"href":"https:\/\/snehascare.de\/en\/wp-json\/wp\/v2\/media\/8299"}],"wp:attachment":[{"href":"https:\/\/snehascare.de\/en\/wp-json\/wp\/v2\/media?parent=7967"}],"wp:term":[{"taxonomy":"product_brand","embeddable":true,"href":"https:\/\/snehascare.de\/en\/wp-json\/wp\/v2\/product_brand?post=7967"},{"taxonomy":"product_cat","embeddable":true,"href":"https:\/\/snehascare.de\/en\/wp-json\/wp\/v2\/product_cat?post=7967"},{"taxonomy":"product_tag","embeddable":true,"href":"https:\/\/snehascare.de\/en\/wp-json\/wp\/v2\/product_tag?post=7967"}],"curies":[{"name":"wp","href":"https:\/\/api.w.org\/{rel}","templated":true}]}}