{"id":7958,"date":"2021-05-08T19:40:21","date_gmt":"2021-05-08T17:40:21","guid":{"rendered":"https:\/\/snehacare.de\/?post_type=product&#038;p=7958"},"modified":"2023-10-29T18:17:05","modified_gmt":"2023-10-29T18:17:05","slug":"john-twake","status":"publish","type":"product","link":"https:\/\/snehascare.de\/en\/hund\/john-twake\/","title":{"rendered":"John Twake"},"content":{"rendered":"<p><img fetchpriority=\"high\" decoding=\"async\" class=\"size-medium wp-image-8301 aligncenter\" src=\"http:\/\/snehascare.de\/wp-content\/uploads\/2021\/05\/Foto-08.05.21-19-02-43-300x225.jpg\" alt=\"\" width=\"300\" height=\"225\" \/><\/p>\n<p>&nbsp;<\/p>\n<p><b>Abschied von John Twake<\/b><\/p>\n<p>Wir verabschieden uns mit gebrochenem Herzen von unserem gutm\u00fctigen Riesen John Twake. \ud83d\udc94<span class=\"Apple-converted-space\">\u00a0<\/span><\/p>\n<p>John litt an einer neurologischen St\u00f6rung aufgrund derer er seinen Kopf sch\u00fcttelte und oft nach links ging, obwohl er nach rechts wollte. Damit kam er gut zurecht und machte das beste aus seiner Situation. Er hat sich immer sehr \u00fcber Besucher, Streicheleinheiten und Sonne gefreut. Wir werden es vermissen sein flauschiges Fell zu streicheln, dass er grummelnd das Weite sucht, wenn wir versuchten ihn zu b\u00fcrsten. Wir werden seinen g\u00fctigen Gesichtsausdruck vermissen, wenn er die Sonnenstrahlen genoss. Danke, dass du so viele unserer Tage zu etwas besonderem gemacht hast !<span class=\"Apple-converted-space\">\u00a0<\/span><\/p>\n<p>Komm gut \u00fcber die Regenbogenbr\u00fccke. Wir hoffen auf der anderen Seite warten viele Leckerlies, Sonne und gr\u00fcne Wiesen auf dich.<span class=\"Apple-converted-space\">\u00a0<\/span><\/p>\n<p>Wir danken Petra, die ihn als Patin begleitet hat \u2764\ufe0f<\/p>\n<p>&nbsp;<\/p>\n<hr \/>\n<p>&nbsp;<\/p>\n<p>Farewell to John Twake<\/p>\n<p>With broken hearts that we say goodbye to our gentle giant, John Twake. \ud83d\udc94<br \/>\nJohn suffered from a neurological disorder that caused him to shake his head and often walk to the left when he wanted to go right. He coped well with this and made the best of his situation. He was always very happy about visitors, cuddles and sunshine. We will miss his fluffy fur, which made him run away grumbling when we tried to brush him. We will miss the kind expression on his face as he enjoyed the sunshine. Thank you for making so many of our days special!<\/p>\n<p>Get over the Rainbow Bridge safely. We hope there are lots of treats, sun and green meadows waiting for you on the other side.<\/p>\n<p>We thank Petra, who accompanied him as a sponsor \u2764\ufe0f<\/p>\n<p>&nbsp;<\/p>\n<p>&nbsp;<\/p>\n<p class=\"p1\"><span class=\"s1\">Hallo mein Name ist John Twake, <\/span><\/p>\n<p class=\"p1\"><span class=\"s1\">ich wurde auf den Stra\u00dfen von Kathmandu von einem schnellen Fahrzeug getroffen. Mein Bein wurde schwer verletzt und ich hatte viele weitere Wunden. Ich litt unter schrecklichen Schmerzen. Zu meinem Gl\u00fcck wurde ich in das Tierheim gebracht. Mein K\u00f6rper war au\u00dferdem mit Zecken und Fl\u00f6hen bedeckt. Dank F\u00fcrsorge und guter Pflege konnte ich mich wieder erholen. Meine Beine sind leider nicht mehr wie fr\u00fcher. Au\u00dferdem habe ich eine neurologische St\u00f6rung. Oft m\u00f6chte ich nach links gehen, mein K\u00f6rper geht aber nach rechts. So torkel ich oft ungewollt oder wackle mit dem Kopf. Das sieht f\u00fcr andere merkw\u00fcrdig aus, aber ich komme damit gut zurecht. Ich bin ein sehr lieber Hund und genie\u00dfe Aufmerksamkeiten und den Sonnenschein. <\/span><\/p>\n<p class=\"p1\"><span class=\"s1\">Mit meiner Behinderung werde ich allerdings kein Heim mehr finden k\u00f6nnen.<\/span><\/p>\n<p>Ich danke Petra, dass sie das Besondere in mir sieht und meine Patin ist &#8211; Dankesch\u00f6n!<\/p>\n<p class=\"p1\"><span class=\"s1\">\u2014\u2014\u2014\u2014-<\/span><\/p>\n<p class=\"p1\"><span class=\"s1\">Hello my name is John Twake,<\/span><\/p>\n<p class=\"p1\"><span class=\"s1\">I was hit on the streets of Kathmandu by a fast vehicle. My leg was seriously injured and I had many more wounds. I suffered from terrible pain. I was brought to the shelter. My body was also covered with ticks and fleas. Thanks to good care, I was able to recover. Unfortunately, my legs are no longer like before. Besides, I have a neurological disorder. Often I want to go left, but my body goes to the right. So I often stagger or wackle with my head. That looks strange for others, but I can get along well. I am a very friendly dog and enjoy attentions and the sunshine.<\/span><\/p>\n<p class=\"p1\"><span class=\"s1\">With my disability, however, I will not find a home.<\/span><\/p>\n<p class=\"p1\">Thank you Petra for seeing what is special in me and for being my sponsor &#8211; thank you!<\/p>\n<p class=\"p1\"><span class=\"s1\">\u00a0<\/span><\/p>\n<p class=\"p1\"><span class=\"s2\">Bank Account Sneha's Care Deutschland e.V.<\/span><\/p>\n<p class=\"p1\"><span class=\"s2\">Germany - Bank f\u00fcr Sozialwirtschaft<\/span><\/p>\n<p class=\"p1\"><span class=\"s2\">IBAN: DE34 5502 0500 0001 6055 00 | BIC: BFSWDE33MNZ<\/span><\/p>","protected":false},"excerpt":{"rendered":"<p class=\"p1\"><span class=\"s1\">Gender: Male <\/span><\/p>\n<p class=\"p1\"><span class=\"s1\">Born:<span class=\"Apple-converted-space\">\u00a0 <\/span>2016<\/span><\/p>\n<p>Verstorben: Oktober 2023<\/p>\n<p class=\"p1\"><span class=\"s1\">Farbe: Brown Schwarz<\/span><\/p>","protected":false},"featured_media":8301,"template":"","meta":[],"product_brand":[],"product_cat":[64],"product_tag":[],"class_list":{"0":"post-7958","1":"product","2":"type-product","3":"status-publish","4":"has-post-thumbnail","6":"product_cat-verstorben","8":"first","9":"instock","10":"shipping-taxable","11":"product-type-simple"},"_links":{"self":[{"href":"https:\/\/snehascare.de\/en\/wp-json\/wp\/v2\/product\/7958","targetHints":{"allow":["GET"]}}],"collection":[{"href":"https:\/\/snehascare.de\/en\/wp-json\/wp\/v2\/product"}],"about":[{"href":"https:\/\/snehascare.de\/en\/wp-json\/wp\/v2\/types\/product"}],"wp:featuredmedia":[{"embeddable":true,"href":"https:\/\/snehascare.de\/en\/wp-json\/wp\/v2\/media\/8301"}],"wp:attachment":[{"href":"https:\/\/snehascare.de\/en\/wp-json\/wp\/v2\/media?parent=7958"}],"wp:term":[{"taxonomy":"product_brand","embeddable":true,"href":"https:\/\/snehascare.de\/en\/wp-json\/wp\/v2\/product_brand?post=7958"},{"taxonomy":"product_cat","embeddable":true,"href":"https:\/\/snehascare.de\/en\/wp-json\/wp\/v2\/product_cat?post=7958"},{"taxonomy":"product_tag","embeddable":true,"href":"https:\/\/snehascare.de\/en\/wp-json\/wp\/v2\/product_tag?post=7958"}],"curies":[{"name":"wp","href":"https:\/\/api.w.org\/{rel}","templated":true}]}}