{"id":7954,"date":"2021-05-08T18:58:40","date_gmt":"2021-05-08T16:58:40","guid":{"rendered":"https:\/\/snehacare.de\/?post_type=product&#038;p=7954"},"modified":"2024-05-27T19:15:24","modified_gmt":"2024-05-27T19:15:24","slug":"fuchhi","status":"publish","type":"product","link":"https:\/\/snehascare.de\/en\/hund\/fuchhi\/","title":{"rendered":"Fuchhi"},"content":{"rendered":"<p><img fetchpriority=\"high\" decoding=\"async\" class=\"alignnone size-medium wp-image-8303 aligncenter\" src=\"http:\/\/snehascare.de\/wp-content\/uploads\/2021\/05\/Foto-08.05.21-18-32-22-300x225.jpg\" alt=\"\" width=\"300\" height=\"225\" \/><\/p>\n<p>Abschied von Fuchhi,<\/p>\n<p>wir verabschieden uns schweren Herzens von unserer s\u00fc\u00dfen Fuchhi nach kurzer Krankheit. Wir hoffen, du bist nun an einem besseren Ort, voller Freunde und Leckerlies. Du wirst uns fehlen!<\/p>\n<p>&nbsp;<\/p>\n<hr \/>\n<p>&nbsp;<\/p>\n<p>Farewell to Fuchhi,<\/p>\n<p>It is with a heavy heart that we say goodbye to our sweet Fuchhi after a short illness. We hope you are in a better place now, full of friends and treats. We will miss you!<\/p>\n<p>&nbsp;<\/p>\n<hr \/>\n<p>&nbsp;<\/p>\n<p>&nbsp;<\/p>\n<p class=\"p1\"><span class=\"s1\">Hallo mein Name ist Fuchhi, <\/span><\/p>\n<p class=\"p1\"><span class=\"s1\">ich versuchte allein auf den Stra\u00dfen zu \u00fcberleben. Jeden Tag auf der Suche nach Nahrung. Eines Tages entdeckte ich in eine Plastikt\u00fcte mit Essen. Ich war so hungrig, dass ich die T\u00fcte samt Inhalt verschlang. Die Plastikt\u00fcte blieb in mir stecken. Ich litt tagelang unter Schmerzen. Zum Gl\u00fcck rettete mich das Team von Sneha\u2018s Care und brachte mich in das Tierheim. Ich stand unter Beobachtung, dann erbrach ich jede Menge Plastik, dass ich auf der Stra\u00dfe gefunden und vor lauter Hunger immer wieder gegessen hatte. <\/span><\/p>\n<p class=\"p1\"><span class=\"s1\">Zu meinem Gl\u00fcck bin ich jetzt im Tierheim und erhalte jeden Tag Futter und muss nicht mehr hungern. Hier erhalte ich Zuneigung und werde versorgt. In meinem Alter werde ich kein neues Heim mehr finden. <\/span><\/p>\n<p class=\"p1\">Ich freue mich sehr, dass ich mit Claudia eine so liebe Patin gefunden habe &#8211; Dankesch\u00f6n!<\/p>\n<p class=\"p1\"><span class=\"s1\">\u2014\u2014\u2014\u2014-<\/span><\/p>\n<p class=\"p1\"><span class=\"s1\">Hello my name is Fuchhi,<\/span><\/p>\n<p class=\"p1\"><span class=\"s1\">I tried to survive on the streets alone. Every day looking for food. One day I discovered a plastic bag with food. I was so hungry that I just ate the whole bag. The plastic bag remained in me. I suffered for days under pain. Fortunately, the team of Sneha&#8217;s Care saved me and brought me to the shelter. I stood under observation, then I threw up a lot of plastic that I<span class=\"Apple-converted-space\">\u00a0 <\/span>had been eating on the streets.<\/span><\/p>\n<p class=\"p1\"><span class=\"s1\">I am lucky to be in the shelter and get food every day and does not have to starve anymore. Here I get affection and will be taken care of. At my age I will not find a new home anymore.<\/span><\/p>\n<p class=\"p1\">I am very happy that I have found such a lovely sponsor in Claudia &#8211; thank you!<\/p>\n<p class=\"p1\"><span class=\"s1\">\u00a0<\/span><\/p>\n<p class=\"p1\"><span class=\"s2\">Bank Account Sneha's Care Deutschland e.V.<\/span><\/p>\n<p class=\"p1\"><span class=\"s2\">Germany - Bank f\u00fcr Sozialwirtschaft<\/span><\/p>\n<p class=\"p1\"><span class=\"s2\">IBAN: DE34 5502 0500 0001 6055 00 | BIC: BFSWDE33MNZ<\/span><\/p>\n<p class=\"p1\">","protected":false},"excerpt":{"rendered":"<p class=\"p1\"><span class=\"s1\">Gender: Female <\/span><\/p>\n<p class=\"p1\"><span class=\"s1\">Born:<span class=\"Apple-converted-space\">\u00a0 <\/span>2017<\/span><\/p>\n<p>Gestorben: Mai 2024<\/p>\n<p class=\"p1\"><span class=\"s1\">Colour: White<\/span><\/p>","protected":false},"featured_media":8303,"template":"","meta":[],"product_brand":[],"product_cat":[64],"product_tag":[],"class_list":{"0":"post-7954","1":"product","2":"type-product","3":"status-publish","4":"has-post-thumbnail","6":"product_cat-verstorben","8":"first","9":"instock","10":"shipping-taxable","11":"product-type-simple"},"_links":{"self":[{"href":"https:\/\/snehascare.de\/en\/wp-json\/wp\/v2\/product\/7954","targetHints":{"allow":["GET"]}}],"collection":[{"href":"https:\/\/snehascare.de\/en\/wp-json\/wp\/v2\/product"}],"about":[{"href":"https:\/\/snehascare.de\/en\/wp-json\/wp\/v2\/types\/product"}],"wp:featuredmedia":[{"embeddable":true,"href":"https:\/\/snehascare.de\/en\/wp-json\/wp\/v2\/media\/8303"}],"wp:attachment":[{"href":"https:\/\/snehascare.de\/en\/wp-json\/wp\/v2\/media?parent=7954"}],"wp:term":[{"taxonomy":"product_brand","embeddable":true,"href":"https:\/\/snehascare.de\/en\/wp-json\/wp\/v2\/product_brand?post=7954"},{"taxonomy":"product_cat","embeddable":true,"href":"https:\/\/snehascare.de\/en\/wp-json\/wp\/v2\/product_cat?post=7954"},{"taxonomy":"product_tag","embeddable":true,"href":"https:\/\/snehascare.de\/en\/wp-json\/wp\/v2\/product_tag?post=7954"}],"curies":[{"name":"wp","href":"https:\/\/api.w.org\/{rel}","templated":true}]}}