{"id":7946,"date":"2021-05-08T18:28:32","date_gmt":"2021-05-08T16:28:32","guid":{"rendered":"https:\/\/snehacare.de\/?post_type=product&#038;p=7946"},"modified":"2022-05-29T16:37:08","modified_gmt":"2022-05-29T16:37:08","slug":"fox","status":"publish","type":"product","link":"https:\/\/snehascare.de\/en\/hund\/fox\/","title":{"rendered":"Fox"},"content":{"rendered":"<p><img fetchpriority=\"high\" decoding=\"async\" class=\"alignnone size-medium wp-image-8305 aligncenter\" src=\"http:\/\/snehascare.de\/wp-content\/uploads\/2021\/05\/Foto-31.03.22-17-55-24-300x225.jpg\" alt=\"\" width=\"300\" height=\"225\" \/><\/p>\n<p class=\"p1\">Hallo mein Name ist Fox,<\/p>\n<p class=\"p3\"><span class=\"s2\">bereits als Welpe kam ich in das Tierheim. Ich geh\u00f6re zu den ersten Tieren hier im Heim. Ich litt damals<span class=\"Apple-converted-space\">\u00a0 <\/span>an einer schweren Hautkrankheit, noch zu klein, um auf den Stra\u00dfen allein zu \u00fcberleben.<\/span><\/p>\n<p class=\"p3\"><span class=\"s2\"> Dank Menschen wie dir, erhielt ich die Behandlung, die ich brauchte, und \u00fcberraschte alle, indem ich mich schnell wieder erholte. Ich bin ein freundlicher und verschmuster Hund aber mit meinem Alter nicht mehr zu vermitteln.<\/span><\/p>\n<p class=\"p3\"><span class=\"s2\">Bei Sneha&#8217;s Care sind wir ungef\u00e4hr 170 Hunde mit verschiedenen Problemen und unsere Pflege kostet viel. Deshalb suche ich eine Patin\/einen Paten, denn ich geh\u00f6re zu den Hunden, die schon ausgewachsen sind und keine Familie in Nepal mehr finden. Weil hier viele Hunde auf sich gestellt auf der Stra\u00dfe leben m\u00fcssen, k\u00f6nnen die Menschen sich einfach einen passenden Stra\u00dfenhund aussuchen \u2013 und das sind meist gesunde, h\u00fcbsche Welpen. In ein Tierheim muss daf\u00fcr niemand fahren. Ich werde dauerhaft im Tierheim leben m\u00fcssen. <\/span><\/p>\n<p class=\"p3\">Mit Petra habe ich eine wundervolle Patin gefunden, die ein gro\u00dfes Herz f\u00fcr Tiere hat! Dankesch\u00f6n, dass du mich siehst!<\/p>\n<p class=\"p3\"><span class=\"s2\">\u2014\u2014\u2014\u2014-<\/span><\/p>\n<p class=\"p3\"><span class=\"s2\">Hello my name is Fox,<\/span><\/p>\n<p class=\"p3\"><span class=\"s2\">Already as a puppy I came to the shelter. I belong to the first animals here. At that time, I suffered from a heavy skin disease, too small to survive on the streets alone.<\/span><\/p>\n<p class=\"p3\"><span class=\"s2\"> Thanks to people like you, I received the treatment I needed, and surprised all by recovering quickly. I am a friendly dog but no longer to convey with my age.<\/span><\/p>\n<p class=\"p3\"><span class=\"s2\">At Sneha&#8217;s Care we are around 170 dogs with various problems and our care costs a lot. That&#8217;s why I&#8217;m looking for a sponsor, because I am one of those dogs that have grown up and can no longer find a family in Nepal. Because many dogs here have to live on their own on the street, people can simply choose a suitable street dog &#8211; and these are mostly healthy, beautiful puppies. Nobody has to go to an animal shelter for this. I will have to live in the shelter permanently.<\/span><\/p>\n<p>In Petra I have found a wonderful sponsor who has a big heart for animals! Thank you for seeing me!<\/p>\n<p>&nbsp;<\/p>\n<p class=\"p3\"><span class=\"s3\">Bank Account Sneha's Care Deutschland e.V.<\/span><\/p>\n<p class=\"p3\"><span class=\"s3\">Germany - Bank f\u00fcr Sozialwirtschaft<\/span><\/p>\n<p class=\"p3\"><span class=\"s3\">IBAN: DE34 5502 0500 0001 6055 00 | BIC: BFSWDE33MNZ<\/span><\/p>","protected":false},"excerpt":{"rendered":"<p class=\"p1\"><span class=\"s1\">Gender: Male <\/span><\/p>\n<p class=\"p1\"><span class=\"s1\">Born:<span class=\"Apple-converted-space\">\u00a0 <\/span>2017<\/span><\/p>\n<p class=\"p1\"><span class=\"s1\">Colour: Black, brown <\/span><\/p>","protected":false},"featured_media":8305,"template":"","meta":[],"product_brand":[],"product_cat":[63],"product_tag":[],"class_list":{"0":"post-7946","1":"product","2":"type-product","3":"status-publish","4":"has-post-thumbnail","6":"product_cat-paten-gefunden","8":"first","9":"instock","10":"shipping-taxable","11":"product-type-simple"},"_links":{"self":[{"href":"https:\/\/snehascare.de\/en\/wp-json\/wp\/v2\/product\/7946","targetHints":{"allow":["GET"]}}],"collection":[{"href":"https:\/\/snehascare.de\/en\/wp-json\/wp\/v2\/product"}],"about":[{"href":"https:\/\/snehascare.de\/en\/wp-json\/wp\/v2\/types\/product"}],"wp:featuredmedia":[{"embeddable":true,"href":"https:\/\/snehascare.de\/en\/wp-json\/wp\/v2\/media\/8305"}],"wp:attachment":[{"href":"https:\/\/snehascare.de\/en\/wp-json\/wp\/v2\/media?parent=7946"}],"wp:term":[{"taxonomy":"product_brand","embeddable":true,"href":"https:\/\/snehascare.de\/en\/wp-json\/wp\/v2\/product_brand?post=7946"},{"taxonomy":"product_cat","embeddable":true,"href":"https:\/\/snehascare.de\/en\/wp-json\/wp\/v2\/product_cat?post=7946"},{"taxonomy":"product_tag","embeddable":true,"href":"https:\/\/snehascare.de\/en\/wp-json\/wp\/v2\/product_tag?post=7946"}],"curies":[{"name":"wp","href":"https:\/\/api.w.org\/{rel}","templated":true}]}}