{"id":7941,"date":"2021-05-08T16:59:10","date_gmt":"2021-05-08T14:59:10","guid":{"rendered":"https:\/\/snehacare.de\/?post_type=product&#038;p=7941"},"modified":"2022-05-29T16:39:33","modified_gmt":"2022-05-29T16:39:33","slug":"aruna","status":"publish","type":"product","link":"https:\/\/snehascare.de\/en\/hund\/aruna\/","title":{"rendered":"Aruna"},"content":{"rendered":"<p><img fetchpriority=\"high\" decoding=\"async\" class=\"alignnone size-medium wp-image-8307 aligncenter\" src=\"http:\/\/snehascare.de\/wp-content\/uploads\/2021\/05\/Foto-04.04.22-19-05-20-300x225.jpg\" alt=\"\" width=\"300\" height=\"225\" \/><\/p>\n<p class=\"p1\"><span class=\"s1\">Hallo mein Name ist Aruna, <\/span><\/p>\n<p class=\"p1\"><span class=\"s1\">Meine Familie zog weg und lie\u00df mich zur\u00fcck. Ich war alleine, irrte umher und niemand war da, um sich um mich zu k\u00fcmmern und mit mir zu spielen. Bis sie mich verlie\u00dfen, wuchs ich beh\u00fctet auf und wusste so nicht, wie ich auf der Stra\u00dfe Essen oder Wasser finden sollte. Ich war schwach und dehydriert. Zum Gl\u00fcck riefen mitf\u00fchlende Menschen Sneha\u2018s Care. So kam ich in das Tierheim und endlich Nahrung, Wasser und Medikamente. Schnell ging es mir wieder besser. <\/span><\/p>\n<p class=\"p1\"><span class=\"s1\">Bei Sneha&#8217;s Care sind wir ungef\u00e4hr 170 Hunde mit verschiedenen Problemen und unsere Pflege kostet viel. Deshalb suche ich eine Patin\/einen Paten, denn ich geh\u00f6re zu den Hunden, die schon ausgewachsen sind und keine Familie in Nepal mehr finden. Weil hier viele Hunde auf sich gestellt auf der Stra\u00dfe leben m\u00fcssen, k\u00f6nnen die Menschen sich einfach einen passenden Stra\u00dfenhund aussuchen \u2013 und das sind meist gesunde, h\u00fcbsche Welpen. In ein Tierheim muss daf\u00fcr niemand fahren. Ich werde dauerhaft im Tierheim leben m\u00fcssen. <\/span><\/p>\n<p class=\"p1\">Mit Selina habe ich eine liebe Patin gefunden und sage von Herzen DANKE!<\/p>\n<p class=\"p1\"><span class=\"s1\">\u2014\u2014\u2014\u2014-<\/span><\/p>\n<p class=\"p1\"><span class=\"s1\">Hi my name is Aruna, <\/span><\/p>\n<p class=\"p1\"><span class=\"s1\">My family moved away and left me behind. I was alone and nobody was there to take care of me and play with me. Until they left me behind, I grew up taken care of and so i did not know how to eat or find water on the street. I was weak and dehydrated. Fortunately, compassional people called Sneha&#8217;s Care. So I came to the shelter and had finally food, water and medicine. It quickly felt better again.<\/span><\/p>\n<p class=\"p1\"><span class=\"s1\">At Sneha&#8217;s Care we are around 170 dogs with various problems and our care costs a lot. That&#8217;s why I&#8217;m looking for a sponsor, because I am one of those dogs that have grown up and can no longer find a family in Nepal. Because many dogs here have to live on their own on the street, people can simply choose a suitable street dog &#8211; and these are mostly healthy, beautiful puppies. Nobody has to go to an animal shelter for this. I will have to live in the shelter permanently.<\/span><\/p>\n<p class=\"p1\">With Selina I have found a lovely sponsor and I say THANK YOU from the bottom of my heart!<\/p>\n<p class=\"p1\"><span class=\"s1\">\u00a0<\/span><\/p>\n<p class=\"p1\"><span class=\"s2\">Bank Account Sneha's Care Deutschland e.V.<\/span><\/p>\n<p class=\"p1\"><span class=\"s2\">Germany - Bank f\u00fcr Sozialwirtschaft<\/span><\/p>\n<p class=\"p1\"><span class=\"s2\">IBAN: DE34 5502 0500 0001 6055 00 | BIC: BFSWDE33MNZ<\/span><\/p>","protected":false},"excerpt":{"rendered":"<p class=\"p1\"><span class=\"s1\">Gender: Female <\/span><\/p>\n<p class=\"p1\"><span class=\"s1\">Born:<span class=\"Apple-converted-space\">\u00a0 <\/span>2019<\/span><\/p>\n<p class=\"p1\"><span class=\"s1\">Farbe: wei\u00df braun<\/span><\/p>","protected":false},"featured_media":8307,"template":"","meta":[],"product_brand":[],"product_cat":[63],"product_tag":[],"class_list":{"0":"post-7941","1":"product","2":"type-product","3":"status-publish","4":"has-post-thumbnail","6":"product_cat-paten-gefunden","8":"first","9":"instock","10":"shipping-taxable","11":"product-type-simple"},"_links":{"self":[{"href":"https:\/\/snehascare.de\/en\/wp-json\/wp\/v2\/product\/7941","targetHints":{"allow":["GET"]}}],"collection":[{"href":"https:\/\/snehascare.de\/en\/wp-json\/wp\/v2\/product"}],"about":[{"href":"https:\/\/snehascare.de\/en\/wp-json\/wp\/v2\/types\/product"}],"wp:featuredmedia":[{"embeddable":true,"href":"https:\/\/snehascare.de\/en\/wp-json\/wp\/v2\/media\/8307"}],"wp:attachment":[{"href":"https:\/\/snehascare.de\/en\/wp-json\/wp\/v2\/media?parent=7941"}],"wp:term":[{"taxonomy":"product_brand","embeddable":true,"href":"https:\/\/snehascare.de\/en\/wp-json\/wp\/v2\/product_brand?post=7941"},{"taxonomy":"product_cat","embeddable":true,"href":"https:\/\/snehascare.de\/en\/wp-json\/wp\/v2\/product_cat?post=7941"},{"taxonomy":"product_tag","embeddable":true,"href":"https:\/\/snehascare.de\/en\/wp-json\/wp\/v2\/product_tag?post=7941"}],"curies":[{"name":"wp","href":"https:\/\/api.w.org\/{rel}","templated":true}]}}