{"id":7924,"date":"2021-01-24T15:15:13","date_gmt":"2021-01-24T13:15:13","guid":{"rendered":"https:\/\/snehacare.de\/?post_type=product&#038;p=7924"},"modified":"2022-05-29T16:39:05","modified_gmt":"2022-05-29T16:39:05","slug":"jenny","status":"publish","type":"product","link":"https:\/\/snehascare.de\/en\/hund\/jenny\/","title":{"rendered":"Jenny"},"content":{"rendered":"<p><img fetchpriority=\"high\" decoding=\"async\" class=\"size-medium wp-image-8310 aligncenter\" src=\"http:\/\/snehascare.de\/wp-content\/uploads\/2021\/01\/Foto-05.04.22-18-23-56-225x300.jpg\" alt=\"\" width=\"225\" height=\"300\" \/><\/p>\n<p><span data-tt=\"{}\">Hallo mein Name ist Jenny, <\/span><\/p>\n<p>&nbsp;<\/p>\n<p><span data-tt=\"{&quot;paragraphStyle&quot;:{&quot;alignment&quot;:4,&quot;style&quot;:3}}\">ich lebte auf der Stra\u00dfe bis mich eine b\u00f6se Person ergriff und mir brutal meine Kehle durchschnitt. Ich verstand die Welt nicht mehr, denn ich hatte nichts b\u00f6ses getan. Ich bin und war immer eine freundliche H\u00fcndin. Ich brach in schrecklichen Scherz zusammen, lag in meinem eigenen Blut, schrie um Hilfe und verlor mein Bewusstsein. Ich dachte dies sei mein Ende. <\/span><\/p>\n<p><span data-tt=\"{&quot;paragraphStyle&quot;:{&quot;alignment&quot;:4,&quot;style&quot;:3}}\">Sneha&#8217;s Care kam zu meiner Rettung, sie k\u00e4mpften um mein Leben. F\u00fcr 72 Stunden war ich ohne Bewusstsein. Nach einer erfolgreichen Operation kam ich langsam wieder zu Bewusstsein. Im Tierheim pflegte man mich gesund. Heute geht es mir wieder gut. Im Tierheim f\u00fchle ich mich sicher. Trotz meiner schlimmer Erfahrung bin ich eine liebe und verschmuste H\u00fcndin, freue mich \u00fcber Besuch und nette Menschen. <\/span><\/p>\n<p>&nbsp;<\/p>\n<p><span data-tt=\"{&quot;paragraphStyle&quot;:{&quot;alignment&quot;:4,&quot;writingDirection&quot;:1}}\">Bei Sneha&#8217;s Care sind wir ungef\u00e4hr 170 Hunde mit verschiedenen Problemen und unsere Pflege kostet viel. Deshalb suche ich eine Patin\/einen Paten, denn ich geh\u00f6re zu den Hunden, die schon ausgewachsen sind und keine Familie in Nepal mehr finden. Weil hier viele Hunde auf sich gestellt auf der Stra\u00dfe leben m\u00fcssen, k\u00f6nnen die Menschen sich einfach einen passenden Stra\u00dfenhund aussuchen \u2013 und das sind meist gesunde, h\u00fcbsche Welpen. In ein Tierheim muss daf\u00fcr niemand fahren. Ich werde dauerhaft im Tierheim leben m\u00fcssen. <\/span><\/p>\n<p>&nbsp;<\/p>\n<p>Ich freue mich sehr, mit Svea eine liebe Patin gefunden zu haben. Danke!<\/p>\n<p><span data-tt=\"{&quot;paragraphStyle&quot;:{&quot;alignment&quot;:4,&quot;writingDirection&quot;:1}}\">\u2014\u2014\u2014\u2014- <\/span><\/p>\n<p>&nbsp;<\/p>\n<p><span data-tt=\"{}\">Hello my Name Is Jenny, <\/span><\/p>\n<p>&nbsp;<\/p>\n<p><span data-tt=\"{}\">I lived on the streets til an evil person grabbed me and brutally cut my throat. I no longer understood the world because I had done nothing wrong. I am and always have been a friendly dog. I broke down in terrible pain, lay in my own blood, screamed for help and passed out. I thought this was my end. <\/span><\/p>\n<p><span data-tt=\"{}\">Sneha&#8217;s Care came to my rescue, they fought for my life. I was unconscious for 72 hours. After a successful operation, I slowly regained consciousness. I was nursed back to health in the animal shelter. Today I&#8217;m fine again. I feel safe in the shelter. Despite my bad experience, I am a loving and cuddly dog, I look forward to visitors and nice people.<\/span><\/p>\n<p>&nbsp;<\/p>\n<p><span data-tt=\"{}\">At Sneha&#8217;s Care we are around 170 dogs with various problems and our care costs a lot. That&#8217;s why I&#8217;m looking for a sponsor, because I am one of those dogs that have grown up and can no longer find a family in Nepal. Because many dogs here have to live on their own on the street, people can simply choose a suitable street dog &#8211; and these are mostly healthy, beautiful puppies. Nobody has to go to an animal shelter for this. I will have to live in the shelter permanently. <\/span><\/p>\n<p>&nbsp;<\/p>\n<p><span data-tt=\"{}\"> I&#8217;m very happy to have found a dear sponsor with Svea. Thank you!<\/span><\/p>\n<p>&nbsp;<\/p>\n<p>&nbsp;<\/p>\n<p><span data-tt=\"{&quot;fontHints&quot;:1}\">Bank Account Sneha's Care Deutschland e.V. <\/span><\/p>\n<p><span data-tt=\"{&quot;fontHints&quot;:1}\">Germany - Bank f\u00fcr Sozialwirtschaft <\/span><\/p>\n<p><span data-tt=\"{&quot;fontHints&quot;:1}\">IBAN: DE34 5502 0500 0001 6055 00 | BIC: BFSWDE33MNZ<\/span><\/p>","protected":false},"excerpt":{"rendered":"<p><span data-tt=\"{&quot;paragraphStyle&quot;:{&quot;alignment&quot;:4,&quot;writingDirection&quot;:1}}\">Gender: Female <\/span><\/p>\n<p><span data-tt=\"{&quot;paragraphStyle&quot;:{&quot;alignment&quot;:4,&quot;writingDirection&quot;:1}}\">Geboren: unbekannt <\/span><\/p>\n<p><span data-tt=\"{&quot;paragraphStyle&quot;:{&quot;alignment&quot;:4,&quot;writingDirection&quot;:1}}\">Farbe: wei\u00df schwarz <\/span><\/p>\n<p>&nbsp;<\/p>","protected":false},"featured_media":8310,"template":"","meta":[],"product_brand":[],"product_cat":[63],"product_tag":[],"class_list":{"0":"post-7924","1":"product","2":"type-product","3":"status-publish","4":"has-post-thumbnail","6":"product_cat-paten-gefunden","8":"first","9":"instock","10":"shipping-taxable","11":"product-type-simple"},"_links":{"self":[{"href":"https:\/\/snehascare.de\/en\/wp-json\/wp\/v2\/product\/7924","targetHints":{"allow":["GET"]}}],"collection":[{"href":"https:\/\/snehascare.de\/en\/wp-json\/wp\/v2\/product"}],"about":[{"href":"https:\/\/snehascare.de\/en\/wp-json\/wp\/v2\/types\/product"}],"wp:featuredmedia":[{"embeddable":true,"href":"https:\/\/snehascare.de\/en\/wp-json\/wp\/v2\/media\/8310"}],"wp:attachment":[{"href":"https:\/\/snehascare.de\/en\/wp-json\/wp\/v2\/media?parent=7924"}],"wp:term":[{"taxonomy":"product_brand","embeddable":true,"href":"https:\/\/snehascare.de\/en\/wp-json\/wp\/v2\/product_brand?post=7924"},{"taxonomy":"product_cat","embeddable":true,"href":"https:\/\/snehascare.de\/en\/wp-json\/wp\/v2\/product_cat?post=7924"},{"taxonomy":"product_tag","embeddable":true,"href":"https:\/\/snehascare.de\/en\/wp-json\/wp\/v2\/product_tag?post=7924"}],"curies":[{"name":"wp","href":"https:\/\/api.w.org\/{rel}","templated":true}]}}