{"id":7898,"date":"2021-01-23T15:03:50","date_gmt":"2021-01-23T13:03:50","guid":{"rendered":"https:\/\/snehacare.de\/?post_type=product&#038;p=7898"},"modified":"2022-05-29T16:38:54","modified_gmt":"2022-05-29T16:38:54","slug":"ruks","status":"publish","type":"product","link":"https:\/\/snehascare.de\/en\/hund\/ruks\/","title":{"rendered":"Ruks"},"content":{"rendered":"<p><img fetchpriority=\"high\" decoding=\"async\" class=\"size-medium wp-image-8314 aligncenter\" src=\"http:\/\/snehascare.de\/wp-content\/uploads\/2021\/01\/Foto-07.04.22-17-54-39-300x225.jpg\" alt=\"\" width=\"300\" height=\"225\" \/><\/p>\n<p><span data-tt=\"{}\">Hallo mein Name ist Ruks, <\/span><\/p>\n<p>&nbsp;<\/p>\n<p><span data-tt=\"{}\">Ich war erst 5 Monate alt, als ich zu Sneha&#8217;s Care gebracht wurde mit einer so schweren Verletzung, dass mein Bein entfernt werden musste. Ich hatte gro\u00dfe Schmerzen. Aber jetzt geht es mir wieder gut. Diese schlimme Erfahrung hat mich emotional gezeichnet. <\/span><\/p>\n<p><span data-tt=\"{}\">Im Moment f\u00fchle ich mich nur bei Menschen, die ich kenne, sicher. Ich habe gelernt auch mit nur drei Beinen gut zu laufen. Ich bin stolz auf mich. Ich bin auch dankbar f\u00fcr unsere Unterst\u00fctzer, die mir eine Chance geben zu lernen, in meinem eigenen Tempo wieder zu vertrauen. Ich baue langsam mein Selbstvertrauen und mein Vertrauen zu anderen auf. <\/span><\/p>\n<p>&nbsp;<\/p>\n<p><span data-tt=\"{&quot;paragraphStyle&quot;:{&quot;alignment&quot;:4,&quot;writingDirection&quot;:1}}\">Bei Sneha&#8217;s Care sind wir ungef\u00e4hr 170 Hunde mit verschiedenen Problemen und unsere Pflege kostet viel. Deshalb suche ich eine Patin\/einen Paten, denn ich geh\u00f6re zu den Hunden, die schon ausgewachsen sind und keine Familie in Nepal mehr finden. Weil hier viele Hunde auf sich gestellt auf der Stra\u00dfe leben m\u00fcssen, k\u00f6nnen die Menschen sich einfach einen passenden Stra\u00dfenhund aussuchen \u2013 und das sind meist gesunde, h\u00fcbsche Welpen. In ein Tierheim muss daf\u00fcr niemand fahren. Ich werde dauerhaft im Tierheim leben m\u00fcssen. <\/span><\/p>\n<p>&nbsp;<\/p>\n<p>Ich freue mich, dass ich mit Arlette eine liebe Patin gefunden habe.<\/p>\n<p>&nbsp;<\/p>\n<p>\u2014\u2014\u2014\u2014-<\/p>\n<p>&nbsp;<\/p>\n<p><span data-tt=\"{}\">Hello my name is Ruks, <\/span><\/p>\n<p>&nbsp;<\/p>\n<p><span data-tt=\"{}\">I was only 5 months old when I was brought to Sneha&#8217;s Care with an injury so severe that my leg had to be removed. I was in great pain. But now I&#8217;m fine again. This terrible experience left scars on my soul. <\/span><\/p>\n<p><span data-tt=\"{}\">At the moment, I only feel safe with people I know. I&#8217;ve learned to walk well with only three legs. I am proud of myself. I am also grateful for our supporters who give me a chance to learn to trust again at my own pace. I am slowly building my self-confidence and my trust in others. <\/span><\/p>\n<p>&nbsp;<\/p>\n<p><span data-tt=\"{}\">At Sneha&#8217;s Care we are around 170 dogs with various problems and our care costs a lot. That&#8217;s why I&#8217;m looking for a sponsor, because I am one of those dogs that have grown up and can no longer find a family in Nepal. Because many dogs here have to live on their own on the street, people can simply choose a suitable street dog &#8211; and these are mostly healthy, beautiful puppies. Nobody has to go to an animal shelter for this. I will have to live in the shelter permanently. <\/span><\/p>\n<p>&nbsp;<\/p>\n<p>I am happy that I have found a dear sponsor in Arlette.<\/p>\n<p>&nbsp;<\/p>\n<p><span data-tt=\"{&quot;fontHints&quot;:1}\">Bank Account Sneha's Care Deutschland e.V. <\/span><\/p>\n<p><span data-tt=\"{&quot;fontHints&quot;:1}\">Germany - Bank f\u00fcr Sozialwirtschaft <\/span><\/p>\n<p><span data-tt=\"{&quot;fontHints&quot;:1}\">IBAN: DE34 5502 0500 0001 6055 00 | BIC: BFSWDE33MNZ<\/span><\/p>","protected":false},"excerpt":{"rendered":"<p><span data-tt=\"{&quot;paragraphStyle&quot;:{&quot;alignment&quot;:4,&quot;writingDirection&quot;:1}}\">Gender: Female <\/span><\/p>\n<p><span data-tt=\"{&quot;paragraphStyle&quot;:{&quot;alignment&quot;:4,&quot;writingDirection&quot;:1}}\">Born: 2017 <\/span><\/p>\n<p><span data-tt=\"{&quot;paragraphStyle&quot;:{&quot;alignment&quot;:4,&quot;writingDirection&quot;:1}}\">Farbe: hellbraun wei\u00df <\/span><\/p>","protected":false},"featured_media":8314,"template":"","meta":[],"product_brand":[],"product_cat":[63],"product_tag":[],"class_list":{"0":"post-7898","1":"product","2":"type-product","3":"status-publish","4":"has-post-thumbnail","6":"product_cat-paten-gefunden","8":"first","9":"instock","10":"shipping-taxable","11":"product-type-simple"},"_links":{"self":[{"href":"https:\/\/snehascare.de\/en\/wp-json\/wp\/v2\/product\/7898","targetHints":{"allow":["GET"]}}],"collection":[{"href":"https:\/\/snehascare.de\/en\/wp-json\/wp\/v2\/product"}],"about":[{"href":"https:\/\/snehascare.de\/en\/wp-json\/wp\/v2\/types\/product"}],"wp:featuredmedia":[{"embeddable":true,"href":"https:\/\/snehascare.de\/en\/wp-json\/wp\/v2\/media\/8314"}],"wp:attachment":[{"href":"https:\/\/snehascare.de\/en\/wp-json\/wp\/v2\/media?parent=7898"}],"wp:term":[{"taxonomy":"product_brand","embeddable":true,"href":"https:\/\/snehascare.de\/en\/wp-json\/wp\/v2\/product_brand?post=7898"},{"taxonomy":"product_cat","embeddable":true,"href":"https:\/\/snehascare.de\/en\/wp-json\/wp\/v2\/product_cat?post=7898"},{"taxonomy":"product_tag","embeddable":true,"href":"https:\/\/snehascare.de\/en\/wp-json\/wp\/v2\/product_tag?post=7898"}],"curies":[{"name":"wp","href":"https:\/\/api.w.org\/{rel}","templated":true}]}}