{"id":7892,"date":"2021-01-23T14:02:15","date_gmt":"2021-01-23T12:02:15","guid":{"rendered":"https:\/\/snehacare.de\/?post_type=product&#038;p=7892"},"modified":"2024-05-19T14:02:47","modified_gmt":"2024-05-19T14:02:47","slug":"rekha","status":"publish","type":"product","link":"https:\/\/snehascare.de\/en\/hund\/rekha\/","title":{"rendered":"Rekha"},"content":{"rendered":"<p><img fetchpriority=\"high\" decoding=\"async\" class=\"size-medium wp-image-8316 aligncenter\" src=\"http:\/\/snehascare.de\/wp-content\/uploads\/2021\/01\/Foto-06.04.21-07-34-52-200x300.jpg\" alt=\"\" width=\"200\" height=\"300\" \/><\/p>\n<p>&nbsp;<\/p>\n<p class=\"p1\"><span class=\"s1\">Abschied von Rekha<\/span><\/p>\n<p>&nbsp;<\/p>\n<p class=\"p3\"><span class=\"s2\">Wir verabschieden uns mit gebrochenem Herzen von unserer lieben Rekha \ud83d\udc94<\/span><\/p>\n<p>&nbsp;<\/p>\n<p class=\"p3\"><span class=\"s2\">Rekha kam nach einem Unfall in das Tierheim. Hier musste sie zun\u00e4chst lernen wieder zu Laufen. Mit viel F\u00fcrsorge und Liebe konnte sie bald, wenn auch etwas wackelig, wieder selbstst\u00e4ndig laufen.<\/span><\/p>\n<p>&nbsp;<\/p>\n<p class=\"p3\"><span class=\"s2\">Sie liebte es, sich in der N\u00e4he der Kochstelle aufzuhalten. Von hier konnte sie alles genau beobachten, vor allem die Zubereitung des Essens. Jetzt ist dieser Platz leer.<\/span><\/p>\n<p>&nbsp;<\/p>\n<p class=\"p3\"><span class=\"s2\">Wir sind dankbar f\u00fcr die gemeinsamen Tage.<\/span><\/p>\n<p>&nbsp;<\/p>\n<p class=\"p3\"><span class=\"s2\">Komm gut \u00fcber die Regenbogenbr\u00fccke kleine Rekha. Wir hoffen auf der anderen Seite warten viele viele Leckerlies auf dich.<\/span><\/p>\n<p>&nbsp;<\/p>\n<p class=\"p3\"><span class=\"s2\">Wir danken Marion, die dich als Patin begleitet hat \u2764\ufe0f<\/span><\/p>\n<p>&nbsp;<\/p>\n<p class=\"p3\"><span class=\"s2\">\u2014\u2014\u2014<\/span><\/p>\n<p class=\"p3\"><span class=\"s2\">Farewell to Rekha <\/span><\/p>\n<p class=\"p3\"><span class=\"s2\">We say goodbye to our dear Rekha with broken hearts \ud83d\udc94 Rekha came to the animal shelter after an accident. Here she had to learn to walk again. With a lot of care and love, she was soon able to walk independently again, still a little wobbly. She loved being near the cooking area. From here she could watch everything closely, especially the preparation of the food. Now this place is empty. We are grateful for the days we spent together. Get over the rainbow bridge safely, little Rekha. We hope there are lots of treats waiting for you on the other side. We thank Marion, who accompanied you as a sponsor \u2764\ufe0f<\/span><\/p>\n<p>&nbsp;<\/p>\n<p>&nbsp;<\/p>\n<p>In Erinnerung an Rekha:<\/p>\n<p><span data-tt=\"{}\">Hallo mein Name ist Rekha , <\/span><\/p>\n<p>&nbsp;<\/p>\n<p><span data-tt=\"{}\">ich hatte einen schweren Unfall auf den Stra\u00dfen von Kathmandu. Einheimische riefen Hilfe, als sie mich sahen. Ab der H\u00fcfte war ich durch den Unfall gel\u00e4hmt. Ich verlor meine Hoffnung dennoch nicht. Der Tierarzt \u00fcbte immer wieder mit mir das Laufen. Es war erstaunlich, es klappte immer besser. Auch wenn ich mich eigenartig bewege und oft wackelig bin, kann ich wieder laufen. Dank unseren Unterst\u00fctzern bekam ich die Behandlung, die ich brauchte und \u00fcberraschte alle, indem ich wieder lernte zu Laufen. <\/span><\/p>\n<p>&nbsp;<\/p>\n<p><span data-tt=\"{}\">Die Versorgung von Hunden wie mir ist teuer. Bei Sneha&#8217;s Care sind wir ungef\u00e4hr 170 Hunde mit verschiedenen Problemen und unsere Pflege kostet viel. Deshalb suche ich eine Patin\/einen Paten, denn ich geh\u00f6re zu den Hunden, die schon ausgewachsen sind und keine Familie in Nepal mehr finden. Weil hier viele Hunde auf sich gestellt auf der Stra\u00dfe leben m\u00fcssen, k\u00f6nnen die Menschen sich einfach einen passenden Stra\u00dfenhund aussuchen \u2013 und das sind meist gesunde, h\u00fcbsche Welpen. In ein Tierheim muss daf\u00fcr niemand fahren. Ich werde dauerhaft im Tierheim leben m\u00fcssen. <\/span><\/p>\n<p>&nbsp;<\/p>\n<p>Mit Marion hab ich eine liebe Patin gefunden und sage von Herzen DANKE!<\/p>\n<p><span data-tt=\"{&quot;paragraphStyle&quot;:{&quot;alignment&quot;:4,&quot;writingDirection&quot;:1}}\">\u2014\u2014\u2014\u2014- <\/span><\/p>\n<p>&nbsp;<\/p>\n<p><span data-tt=\"{}\">Hello my name is Rekha, <\/span><\/p>\n<p>&nbsp;<\/p>\n<p><span data-tt=\"{}\">I had an accident on the streets of Kathmandu. Locals called for help when they saw me. From the hip I was paralyzed by the accident. I did not lose my hope. The vet kept practicing walking with me. It worked better and better every day. Still i move strangely and often unsteady, but I can walk again. Thanks to our supporters I got the treatment that I needed and suprised everyone walking again. <\/span><\/p>\n<p>&nbsp;<\/p>\n<p><span data-tt=\"{}\">Taking care of dogs like me is expensive. At Snehas care we are around 170 dogs with different problems and our care costs a lot. I am looking for a sponsor, because I am one of those dogs that cannot find a family in Nepal. Because many dogs here have to live on their own on the street, people can simply choose a suitable street dog &#8211; and these are mostly beautiful, healthy puppies. Nobody has to drive to a shelter. I will have to live in the shelter forever. <\/span><\/p>\n<p>&nbsp;<\/p>\n<p>With Marion I have found a dear sponsor and I say THANK YOU from the bottom of my heart!<\/p>\n<p>&nbsp;<\/p>\n<p><span data-tt=\"{}\">\u00a0 <\/span><\/p>\n<p><span data-tt=\"{&quot;fontHints&quot;:1}\">Bank Account Sneha's Care Deutschland e.V. <\/span><\/p>\n<p><span data-tt=\"{&quot;fontHints&quot;:1}\">Germany - Bank f\u00fcr Sozialwirtschaft <\/span><\/p>\n<p><span data-tt=\"{&quot;fontHints&quot;:1}\">IBAN: DE34 5502 0500 0001 6055 00 | BIC: BFSWDE33MNZ<\/span><\/p>","protected":false},"excerpt":{"rendered":"<p><span data-tt=\"{&quot;paragraphStyle&quot;:{&quot;alignment&quot;:4,&quot;writingDirection&quot;:1}}\">Gender: Female <\/span><\/p>\n<p><span data-tt=\"{&quot;paragraphStyle&quot;:{&quot;alignment&quot;:4,&quot;writingDirection&quot;:1}}\">Born: 2017<\/span><\/p>\n<p>Verstorben: 19.05.2024<\/p>\n<p><span data-tt=\"{&quot;paragraphStyle&quot;:{&quot;alignment&quot;:4,&quot;writingDirection&quot;:1}}\">Farbe: schwarz wei\u00df <\/span><\/p>","protected":false},"featured_media":8316,"template":"","meta":[],"product_brand":[],"product_cat":[64],"product_tag":[],"class_list":{"0":"post-7892","1":"product","2":"type-product","3":"status-publish","4":"has-post-thumbnail","6":"product_cat-verstorben","8":"first","9":"instock","10":"shipping-taxable","11":"product-type-simple"},"_links":{"self":[{"href":"https:\/\/snehascare.de\/en\/wp-json\/wp\/v2\/product\/7892","targetHints":{"allow":["GET"]}}],"collection":[{"href":"https:\/\/snehascare.de\/en\/wp-json\/wp\/v2\/product"}],"about":[{"href":"https:\/\/snehascare.de\/en\/wp-json\/wp\/v2\/types\/product"}],"wp:featuredmedia":[{"embeddable":true,"href":"https:\/\/snehascare.de\/en\/wp-json\/wp\/v2\/media\/8316"}],"wp:attachment":[{"href":"https:\/\/snehascare.de\/en\/wp-json\/wp\/v2\/media?parent=7892"}],"wp:term":[{"taxonomy":"product_brand","embeddable":true,"href":"https:\/\/snehascare.de\/en\/wp-json\/wp\/v2\/product_brand?post=7892"},{"taxonomy":"product_cat","embeddable":true,"href":"https:\/\/snehascare.de\/en\/wp-json\/wp\/v2\/product_cat?post=7892"},{"taxonomy":"product_tag","embeddable":true,"href":"https:\/\/snehascare.de\/en\/wp-json\/wp\/v2\/product_tag?post=7892"}],"curies":[{"name":"wp","href":"https:\/\/api.w.org\/{rel}","templated":true}]}}