{"id":7883,"date":"2021-01-17T18:28:33","date_gmt":"2021-01-17T16:28:33","guid":{"rendered":"https:\/\/snehacare.de\/?post_type=product&#038;p=7883"},"modified":"2022-05-29T16:40:05","modified_gmt":"2022-05-29T16:40:05","slug":"destiny","status":"publish","type":"product","link":"https:\/\/snehascare.de\/en\/hund\/destiny\/","title":{"rendered":"Destiny"},"content":{"rendered":"<p>&nbsp;<\/p>\n<p><img fetchpriority=\"high\" decoding=\"async\" class=\"aligncenter wp-image-8318 size-medium\" src=\"http:\/\/snehascare.de\/wp-content\/uploads\/2021\/01\/Foto-21.03.21-18-39-03-225x300.jpg\" alt=\"\" width=\"225\" height=\"300\" \/><\/p>\n<p>Wir verabschieden uns in tiefer Trauer von unserem Destiny. Er verstarb ganz unerwartet am 20.03.2021. Wie Untersuchungen ergaben, leidete er an einem Tumor in den Knochen.<\/p>\n<p>Am Vortag noch hast du dich als unsere geliebte \u201equirlige Krawallb\u00fcrste\u201c mit den anderen Hunden angelegt. Dann pl\u00f6tzlich warst du nicht mehr unter uns. Wir vermissen unseren lieben Dickkopf, der trotz seiner Behinderung lieber ganz ohne Rollstuhl durch das Heim lief. Er hatte sich eine Technik angeeignet, mit der er auf nur zwei Vorderbeinen laufen konnte.<\/p>\n<p>&nbsp;<\/p>\n<p>Auf Wiedersehen h\u00fcbscher Destiny, wo immer du bist, wir hoffen du kannst wieder laufen und spielen und frei sein. Wir werden dich vermissen.<\/p>\n<p>&nbsp;<\/p>\n<p>\u2014\u2014\u2014\u2014\u2014\u2014\u2014\u2014\u2014\u2014\u2014\u2014\u2014\u2014\u2014\u2014\u2014\u2014\u2014<\/p>\n<p>&nbsp;<\/p>\n<p>We say goodbye to our dear Destiny in deep sadness. He died unexpectedly on March 20th, 2021. Research showed that he suffered from a tumor in his bones. Just the day before \u00a0you messed playful with the other dogs. Then suddenly you were no longer with us. We miss our dear proud Destiny, who, despite his disability, preferred to walk around without a wheelchair. He had acquired a technique to run quickly on only two front legs.<\/p>\n<p>&nbsp;<\/p>\n<p>Goodbye pretty Destiny wherever you are, we hope you can run and play and be free again. We will miss you.<\/p>\n<p>&nbsp;<\/p>\n<p>\u2014\u2014\u2014\u2014\u2014\u2014\u2014\u2014\u2014\u2014\u2014\u2014\u2014\u2014\u2014\u2014\u2014\u2014\u2014<\/p>\n<p>&nbsp;<\/p>\n<p><span data-tt=\"{}\">Hallo mein Name ist Destiny , <\/span><\/p>\n<p>&nbsp;<\/p>\n<p><span data-tt=\"{}\">ich war gerade ein Jahr alt, als ich von einem Auto getroffen und schwer verletzt wurde. Ich wurde zu Sneha&#8217;s Care gebracht, wo man mich medizinisch versorgte. Leider war meine Verletzung so schlimm, dass ich ab der H\u00fcfte dauerhaft gel\u00e4hmt bin. Ich lasse mich dadurch nicht verunsichern. Ich bin ein stolzer R\u00fcde und mische auch ganz gern mal meine Kumpels hier auf. Ich habe einen Weg gefunden, auf meinen Vorderbeinen zu laufen. Wenn ich im Rollstuhl unterwegs bin, bin ich sogar schneller als meine gesunden Hundefreunde. Ich spiele gerne und genie\u00dfe aktiv zu sein, zu toben. Auch wenn es viele anders sehen. Mein Leben ist wertvoll f\u00fcr mich. Hier im Tierheim darf ich leben. <\/span><\/p>\n<p>&nbsp;<\/p>\n<p><span data-tt=\"{&quot;paragraphStyle&quot;:{&quot;alignment&quot;:4,&quot;writingDirection&quot;:1}}\">Bei Sneha&#8217;s Care sind wir ungef\u00e4hr 170 Hunde mit verschiedenen Problemen und unsere Pflege kostet viel. Deshalb suche ich einen Paten, denn mit meiner Behinderung werde ich keine Familie in Nepal mehr finden. Weil hier viele Hunde auf sich gestellt auf der Stra\u00dfe leben m\u00fcssen, k\u00f6nnen die Menschen sich einfach einen passenden Stra\u00dfenhund aussuchen \u2013 und das sind meist gesunde, h\u00fcbsche Welpen. In ein Tierheim muss daf\u00fcr niemand fahren. Ich werde dauerhaft im Tierheim leben. <\/span><\/p>\n<p>&nbsp;<\/p>\n<p>&nbsp;<\/p>\n<p>&nbsp;<\/p>\n<p><span data-tt=\"{&quot;paragraphStyle&quot;:{&quot;alignment&quot;:4,&quot;writingDirection&quot;:1}}\">\u2014\u2014\u2014\u2014- <\/span><\/p>\n<p><span data-tt=\"{}\">Hello my name is Destiny, <\/span><\/p>\n<p>&nbsp;<\/p>\n<p><span data-tt=\"{}\">I was just one year old when I was hit by a car and seriously injured. I was taken to Sneha&#8217;s Care for medical care. Unfortunately, my injury was so bad that I am permanently paralyzed from the hip. I won&#8217;t let that unsettle me. I&#8217;m a proud male and I like to stir up my buddies here. I found a way to walk on my front legs. When I&#8217;m in a wheelchair, I&#8217;m even faster than my healthy dog \u200b\u200bfriends. I like to play and enjoy being active, romping around. Even if many see it differently. My life is precious to me. I&#8217;m allowed to live here in the shelter. <\/span><\/p>\n<p>&nbsp;<\/p>\n<p><span data-tt=\"{}\">At Sneha&#8217;s Care we are around 170 dogs with various problems and our care costs a lot. That&#8217;s why I&#8217;m looking for a sponsor, because with my handicap I will no longer find a family in Nepal. Because many dogs here have to live on their own on the street, people can simply choose a suitable street dog &#8211; and these are mostly healthy, beautiful puppies. Nobody has to go to an animal shelter for this. I will live in the shelter permanently. <\/span><\/p>\n<p>&nbsp;<\/p>\n<p>&nbsp;<\/p>\n<p><span data-tt=\"{}\">\u00a0 <\/span><\/p>\n<p><span data-tt=\"{&quot;fontHints&quot;:1}\">Bank Account Sneha's Care Deutschland e.V. <\/span><\/p>\n<p><span data-tt=\"{&quot;fontHints&quot;:1}\">Germany - Bank f\u00fcr Sozialwirtschaft <\/span><\/p>\n<p><span data-tt=\"{&quot;fontHints&quot;:1}\">IBAN: DE34 5502 0500 0001 6055 00 | BIC: BFSWDE33MNZ<\/span><\/p>","protected":false},"excerpt":{"rendered":"<p><span data-tt=\"{&quot;paragraphStyle&quot;:{&quot;alignment&quot;:4,&quot;writingDirection&quot;:1}}\">Gender: Male <\/span><\/p>\n<p><span data-tt=\"{&quot;paragraphStyle&quot;:{&quot;alignment&quot;:4,&quot;writingDirection&quot;:1}}\">Born: 2018<\/span><\/p>\n<p>Verstorben: 20.03.2021<\/p>\n<p><span data-tt=\"{&quot;paragraphStyle&quot;:{&quot;alignment&quot;:4,&quot;writingDirection&quot;:1}}\">Farbe: schwarz wei\u00df <\/span><\/p>\n<p>&nbsp;<\/p>\n<p>&nbsp;<\/p>","protected":false},"featured_media":8318,"template":"","meta":[],"product_brand":[],"product_cat":[64],"product_tag":[],"class_list":{"0":"post-7883","1":"product","2":"type-product","3":"status-publish","4":"has-post-thumbnail","6":"product_cat-verstorben","8":"first","9":"instock","10":"shipping-taxable","11":"product-type-simple"},"_links":{"self":[{"href":"https:\/\/snehascare.de\/en\/wp-json\/wp\/v2\/product\/7883","targetHints":{"allow":["GET"]}}],"collection":[{"href":"https:\/\/snehascare.de\/en\/wp-json\/wp\/v2\/product"}],"about":[{"href":"https:\/\/snehascare.de\/en\/wp-json\/wp\/v2\/types\/product"}],"wp:featuredmedia":[{"embeddable":true,"href":"https:\/\/snehascare.de\/en\/wp-json\/wp\/v2\/media\/8318"}],"wp:attachment":[{"href":"https:\/\/snehascare.de\/en\/wp-json\/wp\/v2\/media?parent=7883"}],"wp:term":[{"taxonomy":"product_brand","embeddable":true,"href":"https:\/\/snehascare.de\/en\/wp-json\/wp\/v2\/product_brand?post=7883"},{"taxonomy":"product_cat","embeddable":true,"href":"https:\/\/snehascare.de\/en\/wp-json\/wp\/v2\/product_cat?post=7883"},{"taxonomy":"product_tag","embeddable":true,"href":"https:\/\/snehascare.de\/en\/wp-json\/wp\/v2\/product_tag?post=7883"}],"curies":[{"name":"wp","href":"https:\/\/api.w.org\/{rel}","templated":true}]}}