{"id":7876,"date":"2021-01-17T18:02:09","date_gmt":"2021-01-17T16:02:09","guid":{"rendered":"https:\/\/snehacare.de\/?post_type=product&#038;p=7876"},"modified":"2025-05-18T16:45:38","modified_gmt":"2025-05-18T16:45:38","slug":"mango","status":"publish","type":"product","link":"https:\/\/snehascare.de\/en\/hund\/mango\/","title":{"rendered":"Mango"},"content":{"rendered":"<p><img fetchpriority=\"high\" decoding=\"async\" class=\"size-medium wp-image-8320 aligncenter\" src=\"http:\/\/snehascare.de\/wp-content\/uploads\/2021\/01\/Foto-17.11.21-11-35-09-300x225.jpg\" alt=\"\" width=\"300\" height=\"225\" \/><\/p>\n<p><span data-tt=\"{}\">Hallo mein Name ist Mango , <\/span><\/p>\n<p>&nbsp;<\/p>\n<p><span data-tt=\"{}\">ich lebte als Stra\u00dfenh\u00fcndin auf den Stra\u00dfen von Kathmandu, Nepal. Meine Haut war trocken, ich hatte Hautausschl\u00e4ge am ganzen K\u00f6rper. Mein K\u00f6rper war mit Zecken und Fl\u00f6hen \u00fcbers\u00e4ht. Ich f\u00fchlte mich nicht nur schrecklich, ich sah auch so aus. Deswegen wollte mich niemand in seiner N\u00e4he haben. Leute stie\u00dfen und traten mich weg, wenn ich ihnen zu nahe kam. Zu meinem Gl\u00fcck sah mich Sneha&#8217;s Care und brachte mich in das Tierheim. Ich war gerade 1 1\/2 Jahre alt, als ich in das Tierheim kam. Inz<\/span><span data-tt=\"{}\">wischen geht es mir wieder gut, denn hier werde ich umsorgt. <\/span><span data-tt=\"{}\">Das Leben auf der Stra\u00dfe war sehr hart f\u00fcr mich. Aber wenn du mir hilfst, kann ich weiterhin im Heim bleiben, einen Platz den ich Zuhause nenne.<\/span><\/p>\n<p>&nbsp;<\/p>\n<p>Hier nennt man mich den kleinen Sonnenschein, denn ich mag Tiere und Menschen und bin immer auf der Suche nach Streicheleinheiten. Daf\u00fcr gebe ich dann auch gerne Pf\u00f6tchen. Ich bin voller Lebensfreude und spiele f\u00fcr mein Leben gern! Am liebsten kuschle ich mit jedem Menschen, der mir \u00fcber den Weg l\u00e4uft \u2013 und wenn jemand abgelenkt ist, dann nutze ich auch schon mal die Gelegenheit und schn\u00fcffle in Hosentaschen herum. \u00a0Vielleicht finde ich ja was Leckeres? Und wenn nicht, kann man bestimmt damit spielen. F\u00fcr mich ist das in jedem Fall eine Win-Win-Situation!<\/p>\n<p>&nbsp;<\/p>\n<p><span data-tt=\"{&quot;paragraphStyle&quot;:{&quot;alignment&quot;:4,&quot;writingDirection&quot;:1}}\">Bei Sneha&#8217;s Care sind wir ungef\u00e4hr 170 Hunde mit verschiedenen Problemen und unsere Pflege kostet viel. Deshalb suche ich einen Paten, denn ich geh\u00f6re zu den Hunden, die schon ausgewachsen sind und keine Familie in Nepal mehr finden. Weil hier viele Hunde auf sich gestellt auf der Stra\u00dfe leben m\u00fcssen, k\u00f6nnen die Menschen sich einfach einen passenden Stra\u00dfenhund aussuchen \u2013 und das sind meist gesunde, h\u00fcbsche Welpen. In ein Tierheim muss daf\u00fcr niemand fahren. Ich werde dauerhaft im Tierheim leben m\u00fcssen.<\/span><\/p>\n<p>&nbsp;<\/p>\n<p>Ich danke meiner Patin Alexandra von Herzen \u2013 jetzt wei\u00df ich, dass ich nicht allein bin!<\/p>\n<p>&nbsp;<\/p>\n<p>Mit einem fr\u00f6hlichen Schwanzwedeln,<br \/>\nDeine Mango \ud83d\udc3e<\/p>\n<p>&nbsp;<\/p>\n<p><span data-tt=\"{&quot;paragraphStyle&quot;:{&quot;alignment&quot;:4,&quot;writingDirection&quot;:1}}\">\u2014\u2014\u2014\u2014- <\/span><\/p>\n<p>&nbsp;<\/p>\n<p><span data-tt=\"{}\">Hello my name is Mango, <\/span><\/p>\n<p>&nbsp;<\/p>\n<p><span data-tt=\"{}\">I lived as a street dog on the streets of Kathmandu, Nepal. My skin was dry, I had rashes all over my body. My body was covered in ticks and fleas. Not only did I feel awful, I looked that way too. That&#8217;s why nobody wanted me around. People pushed and kicked me away when I got too close. Fortunately for me, Sneha&#8217;s Care saw me and took me to the shelter. I was just 1 1\/2 years old when I came to the shelter. In the meantime I&#8217;m fine again, because here they take care of me. Life on the street was very hard for me. But if you help me, I can stay at the shelter, a place that I call home. <\/span><\/p>\n<p>Here they call me the little ray of sunshine because I love animals and people and am always looking for cuddles. In return, I am happy to give paws.<\/p>\n<p class=\"\" data-start=\"616\" data-end=\"841\">I\u2019m full of joy and love to play all day long! Cuddling is my favorite thing, and I happily invite every human I meet to join me. And if someone isn\u2019t paying attention\u2026 well, I might just sneak a look into their pockets.\u00a0Who knows, maybe there\u2019s a tasty surprise? And if not \u2013 I\u2019ll just turn it into a toy. Either way, it\u2019s a win-win for me!<\/p>\n<p>At Sneha&#8217;s Care we are around 170 dogs with different problems and our care costs a lot. That&#8217;s why I&#8217;m looking for a sponsor, because I&#8217;m one of the dogs that can no longer find a family in Nepal. Because many dogs have to live on the streets here on their own, people can simply choose a suitable street dog &#8211; and these are usually healthy, pretty puppies. Nobody has to go to an animal shelter for this. I will therefore have to live permanently in the shelter.<\/p>\n<p>I thank my sponsor Alexandra from the bottom of my heart \u2013 now I know that I am not alone!<\/p>\n<p>With a happy tail wag,<br \/>\nYour Mango \ud83d\udc3e<\/p>\n<p>&nbsp;<\/p>\n<p>&nbsp;<\/p>","protected":false},"excerpt":{"rendered":"<p><span data-tt=\"{&quot;paragraphStyle&quot;:{&quot;alignment&quot;:4,&quot;writingDirection&quot;:1}}\">Gender: Female <\/span><\/p>\n<p><span data-tt=\"{&quot;paragraphStyle&quot;:{&quot;alignment&quot;:4,&quot;writingDirection&quot;:1}}\">Geboren: 2016 <\/span><\/p>\n<p><span data-tt=\"{&quot;paragraphStyle&quot;:{&quot;alignment&quot;:4,&quot;writingDirection&quot;:1}}\">Farbe: brown <\/span><\/p>\n<p>&nbsp;<\/p>","protected":false},"featured_media":8320,"template":"","meta":[],"product_brand":[],"product_cat":[63],"product_tag":[],"class_list":{"0":"post-7876","1":"product","2":"type-product","3":"status-publish","4":"has-post-thumbnail","6":"product_cat-paten-gefunden","8":"first","9":"instock","10":"shipping-taxable","11":"product-type-simple"},"_links":{"self":[{"href":"https:\/\/snehascare.de\/en\/wp-json\/wp\/v2\/product\/7876","targetHints":{"allow":["GET"]}}],"collection":[{"href":"https:\/\/snehascare.de\/en\/wp-json\/wp\/v2\/product"}],"about":[{"href":"https:\/\/snehascare.de\/en\/wp-json\/wp\/v2\/types\/product"}],"wp:featuredmedia":[{"embeddable":true,"href":"https:\/\/snehascare.de\/en\/wp-json\/wp\/v2\/media\/8320"}],"wp:attachment":[{"href":"https:\/\/snehascare.de\/en\/wp-json\/wp\/v2\/media?parent=7876"}],"wp:term":[{"taxonomy":"product_brand","embeddable":true,"href":"https:\/\/snehascare.de\/en\/wp-json\/wp\/v2\/product_brand?post=7876"},{"taxonomy":"product_cat","embeddable":true,"href":"https:\/\/snehascare.de\/en\/wp-json\/wp\/v2\/product_cat?post=7876"},{"taxonomy":"product_tag","embeddable":true,"href":"https:\/\/snehascare.de\/en\/wp-json\/wp\/v2\/product_tag?post=7876"}],"curies":[{"name":"wp","href":"https:\/\/api.w.org\/{rel}","templated":true}]}}