{"id":7846,"date":"2020-11-29T16:14:44","date_gmt":"2020-11-29T14:14:44","guid":{"rendered":"https:\/\/snehacare.de\/?post_type=product&#038;p=7846"},"modified":"2023-07-29T16:21:22","modified_gmt":"2023-07-29T16:21:22","slug":"cloudy","status":"publish","type":"product","link":"https:\/\/snehascare.de\/en\/hund\/cloudy\/","title":{"rendered":"Cloudy"},"content":{"rendered":"<p>Cloudy wurde adoptiert ! Dezember 2021 nach Kanada<\/p>\n<p>&nbsp;<\/p>\n<p><img fetchpriority=\"high\" decoding=\"async\" class=\"size-medium wp-image-8324 aligncenter\" src=\"http:\/\/snehascare.de\/wp-content\/uploads\/2020\/11\/Foto-05.04.21-15-26-39-300x221.jpg\" alt=\"\" width=\"300\" height=\"221\" \/><\/p>\n<p><span data-tt=\"{}\">Hallo mein Name ist Cloudy, <\/span><\/p>\n<p><span data-tt=\"{&quot;paragraphStyle&quot;:{&quot;alignment&quot;:4,&quot;style&quot;:3}}\">ich wurde schon als Welpe aufgenommen. Ich litt an einer schweren Hautkrankheit. Es war leidvoll ohne Hilfe auf der Stra\u00dfe sein zu m\u00fcssen mit diesen Schmerzen. Ich war noch ein Baby, zu klein, um alleine auf der Stra\u00dfen zu \u00fcberleben. Vermutlich wurde ich versto\u00dfen, weil meine Haut absto\u00dfend wirkte. <\/span><\/p>\n<p><span data-tt=\"{&quot;paragraphStyle&quot;:{&quot;alignment&quot;:4,&quot;style&quot;:3}}\">Bei Sneha&#8217;s Care bekam ich Hilfe, Nahrung, Zuneigung und ein Zuhause. Hier konnte ich mich dank Behandlung zur \u00dcberraschung aller schnell erholen. Heute habe ich ein ganz besonderes wei\u00dfes Fell. Deshalb nennt man mich Cloudy (Wolkig). <\/span><\/p>\n<p><span data-tt=\"{&quot;paragraphStyle&quot;:{&quot;alignment&quot;:4,&quot;writingDirection&quot;:1}}\">Bei Sneha&#8217;s Care sind wir ungef\u00e4hr 170 Hunde mit verschiedenen Problemen und unsere Pflege kostet viel. Deshalb suche ich einen Paten, denn ich geh\u00f6re zu den Hunden, die schon ausgewachsen sind und keine Familie in Nepal mehr finden. Weil hier viele Hunde auf sich gestellt auf der Stra\u00dfe leben m\u00fcssen, k\u00f6nnen die Menschen sich einfach einen passenden Stra\u00dfenhund aussuchen \u2013 und das sind meist gesunde, h\u00fcbsche Welpen. In ein Tierheim muss daf\u00fcr niemand fahren. Ich werde dauerhaft im Tierheim leben m\u00fcssen. <\/span><\/p>\n<p><span data-tt=\"{}\">Mit Petra habe ich eine wundervolle Patin mit Herz gefunden &#8211; Danke! <\/span><\/p>\n<p><span data-tt=\"{&quot;paragraphStyle&quot;:{&quot;alignment&quot;:4,&quot;writingDirection&quot;:1}}\">\u2014\u2014\u2014\u2014- <\/span><\/p>\n<p><span data-tt=\"{}\">Hello my name is Cloudy, <\/span><\/p>\n<p><span data-tt=\"{}\">I was accepted as a puppy. I suffered from a serious skin disease. It was painful to have to live on the street without help with this pain. I was just a baby, too young to survive on the streets alone. I was probably expelled because my skin looked weird. <\/span><\/p>\n<p><span data-tt=\"{}\">At Sneha&#8217;s Care I got help, food, affection and a home. Thanks to the treatment, I was able to recover quickly to everyone&#8217;s surprise. Today I have a very special white fur. That&#8217;s why I&#8217;m called Cloudy. <\/span><\/p>\n<p><span data-tt=\"{}\">At Sneha&#8217;s Care we are around 170 dogs with various problems and our care costs a lot. That&#8217;s why I&#8217;m looking for a sponsor, because I am one of those dogs that have grown up and can no longer find a family in Nepal. Because many dogs here have to live on their own on the street, people can simply choose a suitable street dog &#8211; and these are mostly healthy, beautiful puppies. Nobody has to go to an animal shelter for this. I will have to live in the shelter permanently. <\/span><\/p>\n<p>In Petra I have found a wonderful sponsor\u00a0 &#8211; thank you!<\/p>\n<p>&nbsp;<\/p>\n<p><span data-tt=\"{}\">\u00a0 <\/span><\/p>\n<p><span data-tt=\"{&quot;fontHints&quot;:1}\">Bank Account Sneha's Care Deutschland e.V. <\/span><\/p>\n<p><span data-tt=\"{&quot;fontHints&quot;:1}\">Germany - Bank f\u00fcr Sozialwirtschaft <\/span><\/p>\n<p><span data-tt=\"{&quot;fontHints&quot;:1}\">IBAN: DE34 5502 0500 0001 6055 00 | BIC: BFSWDE33MNZ<\/span><\/p>","protected":false},"excerpt":{"rendered":"<p><span data-tt=\"{&quot;paragraphStyle&quot;:{&quot;alignment&quot;:4,&quot;writingDirection&quot;:1}}\">Gender: Male <\/span><\/p>\n<p><span data-tt=\"{&quot;paragraphStyle&quot;:{&quot;alignment&quot;:4,&quot;writingDirection&quot;:1}}\">Born: 2018 <\/span><\/p>\n<p><span data-tt=\"{&quot;paragraphStyle&quot;:{&quot;alignment&quot;:4,&quot;writingDirection&quot;:1}}\">Colour: White <\/span><\/p>","protected":false},"featured_media":8324,"template":"","meta":[],"product_brand":[],"product_cat":[62],"product_tag":[],"class_list":{"0":"post-7846","1":"product","2":"type-product","3":"status-publish","4":"has-post-thumbnail","6":"product_cat-unkategorisiert","8":"first","9":"instock","10":"shipping-taxable","11":"product-type-simple"},"_links":{"self":[{"href":"https:\/\/snehascare.de\/en\/wp-json\/wp\/v2\/product\/7846","targetHints":{"allow":["GET"]}}],"collection":[{"href":"https:\/\/snehascare.de\/en\/wp-json\/wp\/v2\/product"}],"about":[{"href":"https:\/\/snehascare.de\/en\/wp-json\/wp\/v2\/types\/product"}],"wp:featuredmedia":[{"embeddable":true,"href":"https:\/\/snehascare.de\/en\/wp-json\/wp\/v2\/media\/8324"}],"wp:attachment":[{"href":"https:\/\/snehascare.de\/en\/wp-json\/wp\/v2\/media?parent=7846"}],"wp:term":[{"taxonomy":"product_brand","embeddable":true,"href":"https:\/\/snehascare.de\/en\/wp-json\/wp\/v2\/product_brand?post=7846"},{"taxonomy":"product_cat","embeddable":true,"href":"https:\/\/snehascare.de\/en\/wp-json\/wp\/v2\/product_cat?post=7846"},{"taxonomy":"product_tag","embeddable":true,"href":"https:\/\/snehascare.de\/en\/wp-json\/wp\/v2\/product_tag?post=7846"}],"curies":[{"name":"wp","href":"https:\/\/api.w.org\/{rel}","templated":true}]}}