{"id":7827,"date":"2020-08-25T18:11:32","date_gmt":"2020-08-25T16:11:32","guid":{"rendered":"https:\/\/snehacare.de\/?post_type=product&#038;p=7827"},"modified":"2025-12-05T13:35:54","modified_gmt":"2025-12-05T13:35:54","slug":"husky","status":"publish","type":"product","link":"https:\/\/snehascare.de\/en\/hund\/husky\/","title":{"rendered":"Husky"},"content":{"rendered":"<p><img fetchpriority=\"high\" decoding=\"async\" class=\"size-medium wp-image-8326 aligncenter\" src=\"http:\/\/snehascare.de\/wp-content\/uploads\/2020\/08\/Foto-05.04.21-15-15-35-300x224.jpg\" alt=\"\" width=\"300\" height=\"224\" \/><\/p>\n<p><span data-tt=\"{}\">Hallo mein Name ist Husky,<\/span><\/p>\n<p>&nbsp;<\/p>\n<p><span data-tt=\"{&quot;paragraphStyle&quot;:{&quot;alignment&quot;:4,&quot;writingDirection&quot;:1}}\">ich k\u00e4mpfte als kleiner Welpe auf den Stra\u00dfen von Koteshwor, Kathmandu, in Nepal um mein \u00dcberleben. Mein Kopf sah ganz furchtbar aus, mit schrecklichen Wunden. Es war schmerzhaft.<\/span><\/p>\n<p>&nbsp;<\/p>\n<p><span data-tt=\"{&quot;paragraphStyle&quot;:{&quot;alignment&quot;:4,&quot;writingDirection&quot;:1}}\">Zu meinem Gl\u00fcck informierte ein Einheimischer Sneha&#8217;s Care. Der Arzt stellte einen Tumor fest. Zum Gl\u00fcck war ich nun im Tierheim, denn hier bekam ich die n\u00f6tige Medizin, Nahrung, Wasser und wurde versorgt. So etwas nenne ich Gl\u00fcck im Ungl\u00fcck.<\/span><\/p>\n<p>&nbsp;<\/p>\n<p><span data-tt=\"{&quot;paragraphStyle&quot;:{&quot;alignment&quot;:4,&quot;writingDirection&quot;:1}}\">Dank den Menschen hier konnte ich die Behandlung erhalten, die ich brauchte, und habe mich inzwischen erholt.<\/span><\/p>\n<p>&nbsp;<\/p>\n<p><span data-tt=\"{&quot;paragraphStyle&quot;:{&quot;alignment&quot;:4,&quot;writingDirection&quot;:1}}\">Bei Sneha&#8217;s Care sind wir ungef\u00e4hr 170 Hunde mit verschiedenen Probleme und unsere Pflege kostet viel. Deshalb suche ich einen Paten, denn ich<\/span><span data-tt=\"{&quot;paragraphStyle&quot;:{&quot;alignment&quot;:4,&quot;writingDirection&quot;:1}}\"> geh\u00f6re zu den Hunden, die schon ausgewachsen sind und keine Familie in Nepal mehr finden. Weil hier viele Hunde auf sich gestellt auf der Stra\u00dfe leben m\u00fcssen, k\u00f6nnen die Menschen sich einfach einen passenden Stra\u00dfenhund aussuchen \u2013 und das sind meist gesunde, h\u00fcbsche Welpen. In ein Tierheim muss daf\u00fcr niemand fahren. Ich werde dauerhaft im Tierheim leben m\u00fcssen. <\/span><\/p>\n<p>&nbsp;<\/p>\n<p class=\"p1\">Ich bin noch auf der Suche nach einem Paten oder eine Patin und freue mich, wenn du das bist ! ?<\/p>\n<p class=\"p1\">\u2014\u2014\u2014\u2014-<\/p>\n<p><span data-tt=\"{}\">Hello my name is Husky, <\/span><\/p>\n<p><span data-tt=\"{}\">I was fighting for my survival as a little puppy on the streets of Koteshwor, Kathmandu, in Nepal. My head looked terrible, with terrible wounds. It was painful. <\/span><\/p>\n<p><span data-tt=\"{}\">Fortunately for me, a local informed Sneha&#8217;s Care. The doctor found a tumor. I was now in the shelter, because here I got the necessary medicine, food, water and was looked after. That&#8217;s what I call luck! <\/span><\/p>\n<p><span data-tt=\"{}\">Thanks to the people here, I was able to get the treatment I needed and have since recovered. <\/span><\/p>\n<p><span data-tt=\"{}\">At Sneha&#8217;s Care we are around 170 dogs with various problems and our care costs a lot. That&#8217;s why I&#8217;m looking for a sponsor, because I am one of those dogs that have grown up and can no longer find a family in Nepal. Because many dogs here have to live on their own on the street, people can simply choose a suitable street dog &#8211; and these are mostly healthy, beautiful puppies. Nobody has to go to an animal shelter for this. I will have to live in the shelter permanently.<\/span><\/p>\n<p class=\"p1\">I&#8217;m still looking for a godparent and I&#8217;d be delighted if it were you!<\/p>\n<p>&nbsp;<\/p>\n\n<div class=\"wpcf7 no-js\" id=\"wpcf7-f8093-o1\" lang=\"de-DE\" dir=\"ltr\" data-wpcf7-id=\"8093\">\n<div class=\"screen-reader-response\"><p role=\"status\" aria-live=\"polite\" aria-atomic=\"true\"><\/p> <ul><\/ul><\/div>\n<form action=\"\/en\/wp-json\/wp\/v2\/product\/7827#wpcf7-f8093-o1\" method=\"post\" class=\"wpcf7-form init\" aria-label=\"Kontaktformular\" novalidate=\"novalidate\" data-status=\"init\" data-trp-original-action=\"\/en\/wp-json\/wp\/v2\/product\/7827#wpcf7-f8093-o1\">\n<fieldset class=\"hidden-fields-container\"><input type=\"hidden\" name=\"_wpcf7\" value=\"8093\" \/><input type=\"hidden\" name=\"_wpcf7_version\" value=\"6.1\" \/><input type=\"hidden\" name=\"_wpcf7_locale\" value=\"de_DE\" \/><input type=\"hidden\" name=\"_wpcf7_unit_tag\" value=\"wpcf7-f8093-o1\" \/><input type=\"hidden\" name=\"_wpcf7_container_post\" value=\"0\" \/><input type=\"hidden\" name=\"_wpcf7_posted_data_hash\" value=\"\" \/>\n<\/fieldset>\n<h2>Yes, I want do be a sponsor!<\/h2>\n\n<span class=\"wpcf7-form-control-wrap\" data-name=\"radio-185\"><span class=\"wpcf7-form-control wpcf7-radio\"><span class=\"wpcf7-list-item first\"><input type=\"radio\" name=\"radio-185\" value=\"Dazu zahle ich 20 Euro im Monat f\u00fcr\" checked=\"checked\" \/><span class=\"wpcf7-list-item-label\">I pay 20 Euros per Month for:<\/span><\/span><span class=\"wpcf7-list-item last\"><input type=\"radio\" name=\"radio-185\" value=\"Ich werde Jahrespate und zahle 150 Euro einmalig f\u00fcr\" \/><span class=\"wpcf7-list-item-label\">I will become an annual sponsor and pay 150 Euros one-time for:<\/span><\/span><\/span><\/span>\n<\/br>\n\n<label>Name of the Animal (Required)\n    <span class=\"wpcf7-form-control-wrap\" data-name=\"tiername\"><input size=\"40\" maxlength=\"400\" class=\"wpcf7-form-control wpcf7-text\" aria-invalid=\"false\" value=\"\" type=\"text\" name=\"tiername\" \/><\/span> <\/label>\n\n<label>Surename (Required)\n    <span class=\"wpcf7-form-control-wrap\" data-name=\"lastname\"><input size=\"40\" maxlength=\"400\" class=\"wpcf7-form-control wpcf7-text wpcf7-validates-as-required\" aria-required=\"true\" aria-invalid=\"false\" value=\"\" type=\"text\" name=\"lastname\" \/><\/span> <\/label>\n\n<label>First Name (Required)\n    <span class=\"wpcf7-form-control-wrap\" data-name=\"firstname\"><input size=\"40\" maxlength=\"400\" class=\"wpcf7-form-control wpcf7-text wpcf7-validates-as-required\" aria-required=\"true\" aria-invalid=\"false\" value=\"\" type=\"text\" name=\"firstname\" \/><\/span> <\/label>\n\n<label> Street, Number (Required)\n    <span class=\"wpcf7-form-control-wrap\" data-name=\"address1\"><input size=\"40\" maxlength=\"400\" class=\"wpcf7-form-control wpcf7-text wpcf7-validates-as-required\" aria-required=\"true\" aria-invalid=\"false\" value=\"\" type=\"text\" name=\"address1\" \/><\/span> <\/label>\n\n<label> Postcode (Required)\n    <span class=\"wpcf7-form-control-wrap\" data-name=\"address2\"><input size=\"40\" maxlength=\"400\" class=\"wpcf7-form-control wpcf7-text wpcf7-validates-as-required\" aria-required=\"true\" aria-invalid=\"false\" value=\"\" type=\"text\" name=\"address2\" \/><\/span> <\/label>\n\n<label> City (Required)\n    <span class=\"wpcf7-form-control-wrap\" data-name=\"address3\"><input size=\"40\" maxlength=\"400\" class=\"wpcf7-form-control wpcf7-text wpcf7-validates-as-required\" aria-required=\"true\" aria-invalid=\"false\" value=\"\" type=\"text\" name=\"address3\" \/><\/span> <\/label>\n\n<label> Country (Required)\n    <span class=\"wpcf7-form-control-wrap\" data-name=\"address4\"><input size=\"40\" maxlength=\"400\" class=\"wpcf7-form-control wpcf7-text wpcf7-validates-as-required\" aria-required=\"true\" aria-invalid=\"false\" value=\"\" type=\"text\" name=\"address4\" \/><\/span> <\/label>\n\n<label> Mailadress (Required)\n    <span class=\"wpcf7-form-control-wrap\" data-name=\"email\"><input size=\"40\" maxlength=\"400\" class=\"wpcf7-form-control wpcf7-email wpcf7-validates-as-required wpcf7-text wpcf7-validates-as-email\" aria-required=\"true\" aria-invalid=\"false\" value=\"\" type=\"email\" name=\"email\" \/><\/span> <\/label>\n\n<label> I am giving a sponsorship as a gift. Please enter the name of the recipient here. \n    <span class=\"wpcf7-form-control-wrap\" data-name=\"pate\"><input size=\"40\" maxlength=\"400\" class=\"wpcf7-form-control wpcf7-text\" aria-invalid=\"false\" value=\"\" type=\"text\" name=\"pate\" \/><\/span> <\/label>\n<\/br>\n<h2> Direct debit mandate <\/h2>\n\n<span class=\"wpcf7-form-control-wrap\" data-name=\"einzugsermaechtigung-checkbox\"><span class=\"wpcf7-form-control wpcf7-acceptance\"><span class=\"wpcf7-list-item\"><label><input type=\"checkbox\" name=\"einzugsermaechtigung-checkbox\" value=\"1\" aria-invalid=\"false\" \/><span class=\"wpcf7-list-item-label\">I authorise Sneha's Care e.V. to debit my bank account with the amount due until further notice.<\/span><\/label><\/span><\/span><\/span>\n<label> Name Account holder (Required) \n    <span class=\"wpcf7-form-control-wrap\" data-name=\"kontoinhaber\"><input size=\"40\" maxlength=\"400\" class=\"wpcf7-form-control wpcf7-text wpcf7-validates-as-required\" aria-required=\"true\" aria-invalid=\"false\" value=\"\" type=\"text\" name=\"kontoinhaber\" \/><\/span> <\/label>\n<label> IBAN Number (Required) \n    <span class=\"wpcf7-form-control-wrap\" data-name=\"iban\"><input size=\"40\" maxlength=\"400\" class=\"wpcf7-form-control wpcf7-text wpcf7-validates-as-required\" aria-required=\"true\" aria-invalid=\"false\" value=\"\" type=\"text\" name=\"iban\" \/><\/span> <\/label>\n<label> BIC Number (Required) \n    <span class=\"wpcf7-form-control-wrap\" data-name=\"bic\"><input size=\"40\" maxlength=\"400\" class=\"wpcf7-form-control wpcf7-text wpcf7-validates-as-required\" aria-required=\"true\" aria-invalid=\"false\" value=\"\" type=\"text\" name=\"bic\" \/><\/span> <\/label>\n<label> Name of the Bank (Required)\n    <span class=\"wpcf7-form-control-wrap\" data-name=\"kreditinstitut\"><input size=\"40\" maxlength=\"400\" class=\"wpcf7-form-control wpcf7-text wpcf7-validates-as-required\" aria-required=\"true\" aria-invalid=\"false\" value=\"\" type=\"text\" name=\"kreditinstitut\" \/><\/span> <\/label>\n<\/br>\n\n<p>We use a secure SSL certificate to encrypt the information you send to us.<\/p>\n<p>By using this form, you consent to the storage and processing of your data by this website.<\/p>\n<button class=\"wpcf7-form-control wpcf7-submit qodef-button qodef-size--normal qodef-type--filled qodef-m\" type=\"submit\"><span class=\"qodef-m-text\">Send<\/span><\/button><div class=\"wpcf7-response-output\" aria-hidden=\"true\"><\/div>\n<input type=\"hidden\" name=\"trp-form-language\" value=\"en\"\/><\/form>\n<\/div>\n\n<p>&nbsp;<\/p>\n<p><span data-tt=\"{&quot;fontHints&quot;:1}\">Bank Account Sneha's Care Deutschland e.V. <\/span><\/p>\n<p><span data-tt=\"{&quot;fontHints&quot;:1}\">Germany - Bank f\u00fcr Sozialwirtschaft <\/span><\/p>\n<p><span data-tt=\"{&quot;fontHints&quot;:1}\">IBAN: DE34 5502 0500 0001 6055 00 | BIC: BFSWDE33MNZ<\/span><\/p>","protected":false},"excerpt":{"rendered":"<p><span data-tt=\"{&quot;paragraphStyle&quot;:{&quot;alignment&quot;:4,&quot;writingDirection&quot;:1}}\">Gender: Male <\/span><\/p>\n<p><span data-tt=\"{&quot;paragraphStyle&quot;:{&quot;alignment&quot;:4,&quot;writingDirection&quot;:1}}\">Geboren: 2016 <\/span><\/p>\n<p><span data-tt=\"{&quot;paragraphStyle&quot;:{&quot;alignment&quot;:4,&quot;writingDirection&quot;:1}}\">Farbe: wei\u00df grau <\/span><\/p>","protected":false},"featured_media":8326,"template":"","meta":[],"product_brand":[],"product_cat":[68],"product_tag":[],"class_list":{"0":"post-7827","1":"product","2":"type-product","3":"status-publish","4":"has-post-thumbnail","6":"product_cat-patenschaft","8":"first","9":"instock","10":"shipping-taxable","11":"purchasable","12":"product-type-simple"},"_links":{"self":[{"href":"https:\/\/snehascare.de\/en\/wp-json\/wp\/v2\/product\/7827","targetHints":{"allow":["GET"]}}],"collection":[{"href":"https:\/\/snehascare.de\/en\/wp-json\/wp\/v2\/product"}],"about":[{"href":"https:\/\/snehascare.de\/en\/wp-json\/wp\/v2\/types\/product"}],"wp:featuredmedia":[{"embeddable":true,"href":"https:\/\/snehascare.de\/en\/wp-json\/wp\/v2\/media\/8326"}],"wp:attachment":[{"href":"https:\/\/snehascare.de\/en\/wp-json\/wp\/v2\/media?parent=7827"}],"wp:term":[{"taxonomy":"product_brand","embeddable":true,"href":"https:\/\/snehascare.de\/en\/wp-json\/wp\/v2\/product_brand?post=7827"},{"taxonomy":"product_cat","embeddable":true,"href":"https:\/\/snehascare.de\/en\/wp-json\/wp\/v2\/product_cat?post=7827"},{"taxonomy":"product_tag","embeddable":true,"href":"https:\/\/snehascare.de\/en\/wp-json\/wp\/v2\/product_tag?post=7827"}],"curies":[{"name":"wp","href":"https:\/\/api.w.org\/{rel}","templated":true}]}}