{"id":7819,"date":"2020-08-23T17:11:18","date_gmt":"2020-08-23T15:11:18","guid":{"rendered":"https:\/\/snehacare.de\/?post_type=product&#038;p=7819"},"modified":"2022-05-29T16:44:13","modified_gmt":"2022-05-29T16:44:13","slug":"mira","status":"publish","type":"product","link":"https:\/\/snehascare.de\/en\/hund\/mira\/","title":{"rendered":"Mira"},"content":{"rendered":"<p><img fetchpriority=\"high\" decoding=\"async\" class=\"size-medium wp-image-8328 aligncenter\" src=\"http:\/\/snehascare.de\/wp-content\/uploads\/2020\/08\/Foto-21.01.22-08-24-13-219x300.jpg\" alt=\"\" width=\"219\" height=\"300\" \/><\/p>\n<p><span data-tt=\"{}\">Hallo mein Name ist Mira, <\/span><\/p>\n<p><span data-tt=\"{&quot;paragraphStyle&quot;:{&quot;alignment&quot;:4,&quot;writingDirection&quot;:1}}\">ich war erst ein paar Monate alt, als ich mit einer schweren Verletzung zu Sneha&#8217;s Care gebracht wurde. Ein Auto hatte mich angefahren und mein Bein verletzt. Ich war v\u00f6llig ver\u00e4ngstigt und hatte starke Schmerzen. Mir geht es inzwischen wieder gut, aber ich bin immer noch sehr ruhig und oft \u00e4ngstlich gegen\u00fcber Neuem. Im Tierheim f\u00fchle ich mich sicher. Hier erhalte ich Zuwendung und Sicherheit. Ich bin dankbar , dass sie mir die Chance geben, in meinem eigenen Tempo zu vertrauen. <\/span><\/p>\n<p><span data-tt=\"{&quot;paragraphStyle&quot;:{&quot;alignment&quot;:4,&quot;writingDirection&quot;:1}}\">Ein ausgewachsener und \u00e4ngstlicher Hund, so wie ich, findet keine Familie in Nepal. Weil hier viele Hunde auf sich gestellt auf der Stra\u00dfe leben m\u00fcssen, k\u00f6nnen die Menschen sich einfach einen passenden Stra\u00dfenhund aussuchen \u2013 und das sind meist gesunde Welpen. In ein Tierheim muss daf\u00fcr niemand fahren. Ich werde also dauerhaft im Tierheim wohnen m\u00fcssen.<br \/>\n<\/span><\/p>\n<p>Mit Andrea habe ich eine liebe Patin gefunden. Dar\u00fcber bin ich sehr froh und sage herzlich DANKE!<\/p>\n<p><span data-tt=\"{&quot;paragraphStyle&quot;:{&quot;alignment&quot;:4,&quot;writingDirection&quot;:1}}\">\u2014\u2014\u2014\u2014- <\/span><\/p>\n<p><span data-tt=\"{}\">Hello my name is Mira, <\/span><\/p>\n<p><span data-tt=\"{}\">I was only a few months old when I was brought to Sneha&#8217;s Care with a serious injury. A car hit me and injured my leg. I was terrified and in pain. I&#8217;m fine now, but I&#8217;m still very calm and often fearful of new things. I feel safe at the shelter. Here I receive care and security. I am grateful that they are giving me the chance to trust at my own pace. <\/span><\/p>\n<p><span data-tt=\"{}\">A fully grown and anxious dog like me won&#8217;t find a family in Nepal. Because many dogs here have to live on their own on the street, people can simply choose a suitable street dog &#8211; and these are mostly healthy puppies. Nobody has to go to an animal shelter for this. So I will have to live in the shelter permanently. <\/span><\/p>\n<p>In Andrea I have found a dear sponsor. I am very happy about that and say THANK YOU!<\/p>\n<p>&nbsp;<\/p>\n<p><span data-tt=\"{}\">\u00a0 <\/span><\/p>\n<p><span data-tt=\"{&quot;fontHints&quot;:1}\">Bank Account Sneha's Care Deutschland e.V. <\/span><\/p>\n<p><span data-tt=\"{&quot;fontHints&quot;:1}\">Germany - Bank f\u00fcr Sozialwirtschaft <\/span><\/p>\n<p><span data-tt=\"{&quot;fontHints&quot;:1}\">IBAN: DE34 5502 0500 0001 6055 00 | BIC: BFSWDE33MNZ<\/span><\/p>","protected":false},"excerpt":{"rendered":"<p><span data-tt=\"{&quot;paragraphStyle&quot;:{&quot;alignment&quot;:4,&quot;writingDirection&quot;:1}}\">Gender: Female <\/span><\/p>\n<p><span data-tt=\"{&quot;paragraphStyle&quot;:{&quot;alignment&quot;:4,&quot;writingDirection&quot;:1}}\">Born: 2017 <\/span><\/p>\n<p><span data-tt=\"{&quot;paragraphStyle&quot;:{&quot;alignment&quot;:4,&quot;writingDirection&quot;:1}}\">Farbe: braun &#8211; schwarz<\/span><\/p>","protected":false},"featured_media":8328,"template":"","meta":[],"product_brand":[],"product_cat":[63],"product_tag":[],"class_list":{"0":"post-7819","1":"product","2":"type-product","3":"status-publish","4":"has-post-thumbnail","6":"product_cat-paten-gefunden","8":"first","9":"instock","10":"shipping-taxable","11":"product-type-simple"},"_links":{"self":[{"href":"https:\/\/snehascare.de\/en\/wp-json\/wp\/v2\/product\/7819","targetHints":{"allow":["GET"]}}],"collection":[{"href":"https:\/\/snehascare.de\/en\/wp-json\/wp\/v2\/product"}],"about":[{"href":"https:\/\/snehascare.de\/en\/wp-json\/wp\/v2\/types\/product"}],"wp:featuredmedia":[{"embeddable":true,"href":"https:\/\/snehascare.de\/en\/wp-json\/wp\/v2\/media\/8328"}],"wp:attachment":[{"href":"https:\/\/snehascare.de\/en\/wp-json\/wp\/v2\/media?parent=7819"}],"wp:term":[{"taxonomy":"product_brand","embeddable":true,"href":"https:\/\/snehascare.de\/en\/wp-json\/wp\/v2\/product_brand?post=7819"},{"taxonomy":"product_cat","embeddable":true,"href":"https:\/\/snehascare.de\/en\/wp-json\/wp\/v2\/product_cat?post=7819"},{"taxonomy":"product_tag","embeddable":true,"href":"https:\/\/snehascare.de\/en\/wp-json\/wp\/v2\/product_tag?post=7819"}],"curies":[{"name":"wp","href":"https:\/\/api.w.org\/{rel}","templated":true}]}}