{"id":7806,"date":"2020-08-22T18:53:17","date_gmt":"2020-08-22T16:53:17","guid":{"rendered":"https:\/\/snehacare.de\/?post_type=product&#038;p=7806"},"modified":"2022-05-29T16:44:10","modified_gmt":"2022-05-29T16:44:10","slug":"lucy","status":"publish","type":"product","link":"https:\/\/snehascare.de\/en\/hund\/lucy\/","title":{"rendered":"Lucy"},"content":{"rendered":"<p><img fetchpriority=\"high\" decoding=\"async\" class=\"size-medium wp-image-8343 aligncenter\" src=\"http:\/\/snehascare.de\/wp-content\/uploads\/2020\/08\/Foto-17.11.21-11-57-58-300x225.jpg\" alt=\"\" width=\"300\" height=\"225\" \/><\/p>\n<p><span data-tt=\"{}\">Hallo mein Name ist Lucy, <\/span><\/p>\n<p><span data-tt=\"{&quot;paragraphStyle&quot;:{&quot;alignment&quot;:4,&quot;writingDirection&quot;:1}}\">Ich wurde ausgesetzt, als ich mit schrecklichen Hautproblemen zu k\u00e4mpfen hatte. Meine Hautprobleme hatten dazu gef\u00fchrt, dass ich den gr\u00f6\u00dften Teil meines Fell verlor und am ganzen K\u00f6rper kahle Stellen und schmerzhafte offene Wunden hatte. Es juckte f\u00fcrchterlich, so dass ich mich st\u00e4ndig kratzte. <\/span><\/p>\n<p><span data-tt=\"{&quot;paragraphStyle&quot;:{&quot;alignment&quot;:4,&quot;writingDirection&quot;:1}}\">Ich war es gewohnt in der W\u00e4rme eines Hauses zu leben, mit warmen, weichen Decken. Ich wusste nicht wohin, als ich auf der Stra\u00dfe ausgesetzt wurde. Ich bem\u00fchte mich, eine sichere Unterkunft zu finden. Aber ich musste unter einem Holzbrett auf hartem, kalten und schmutzigen Boden schlafen. Ich musste Nahrung und Wasser finden. Ich war allein. <\/span><\/p>\n<p><span data-tt=\"{&quot;paragraphStyle&quot;:{&quot;alignment&quot;:4,&quot;writingDirection&quot;:1}}\">Zum Gl\u00fcck kam ich zu Sneha&#8217;s Care. <\/span><span data-tt=\"{&quot;paragraphStyle&quot;:{&quot;alignment&quot;:4,&quot;writingDirection&quot;:1}}\">Ich bekomme hier alles, was ich brauche &#8211; Essen, medizinische Behandlung und vor allem viel Liebe. Mir geht es inzwischen auch schon besser. Meine Wunden heilen, die Haare wachsen wieder nach. Leider gibt es hier viele Hunde, so wie mich.<br \/>\n<\/span><\/p>\n<p><span data-tt=\"{&quot;paragraphStyle&quot;:{&quot;alignment&quot;:4,&quot;writingDirection&quot;:1}}\">Ein erwachsener Hund, so wie ich, findet keine Familie in Nepal. Weil hier viele Hunde auf sich gestellt auf der Stra\u00dfe leben m\u00fcssen, k\u00f6nnen die Menschen sich einfach einen passenden Stra\u00dfenhund aussuchen \u2013 und das sind meist gesunde, zutrauliche Welpen. In ein Tierheim muss daf\u00fcr niemand fahren. Ich werde also dauerhaft im Tierheim wohnen m\u00fcssen. <\/span><\/p>\n<p>Mit Susanne habe ich eine liebe Patin gefunden. Dar\u00fcber bin ich froh und sage DANKE!<\/p>\n<p><span data-tt=\"{}\">\u00a0<\/span><span data-tt=\"{&quot;paragraphStyle&quot;:{&quot;alignment&quot;:4,&quot;writingDirection&quot;:1}}\">\u2014\u2014\u2014\u2014- <\/span><\/p>\n<p><span data-tt=\"{}\">Hello my name is Lucy <\/span><\/p>\n<p><span data-tt=\"{}\">I was abandoned while struggling with terrible skin problems. Because of my skin problems i lost most of my fur, bald spots and painful open wounds all over my body. It itched so badly that I kept scratching myself. <\/span><\/p>\n<p><span data-tt=\"{}\">I was used to live in the warmth of a house with warm, soft blankets. I didn&#8217;t know where to go when I was abandoned on the street. I tried to find a safe place to stay. But I had to sleep under a wooden board on a hard, cold and dirty floor. I had to find food and water. I was alone. <\/span><\/p>\n<p><span data-tt=\"{}\">Fortunately, I came to Sneha&#8217;s Care. I get everything I need here &#8211; food, medical treatment and, above all, lots of love. I&#8217;m feeling better now. My wounds heal, my hair grows back. Unfortunately there are a lot of dogs here, like me. I hope for a sponsor. Would you like to be my sponsor? <\/span><\/p>\n<p><span data-tt=\"{}\">An adult dog like me cannot find a family in Nepal. Because many dogs here have to live on their own on the street, people can simply choose a suitable street dog &#8211; and these are mostly healthy, trusting puppies. Nobody has to go to an animal shelter for this. So I will have to live in the shelter permanently. <\/span><\/p>\n<p>In Susanne I found a lovely sponsor. I&#8217;m happy about that and say THANK YOU!<\/p>\n<p>&nbsp;<\/p>\n<p>&nbsp;<\/p>\n<p><span data-tt=\"{}\">Bank Account Sneha's Care Deutschland e.V. <\/span><\/p>\n<p><span data-tt=\"{}\">Deutschland\u00a0&#8211; Bank f\u00fcr Sozialwirtschaft <\/span><\/p>\n<p><span data-tt=\"{}\">IBAN: DE34 5502 0500 0001 6055 00 | BIC: BFSWDE33MNZ <\/span><\/p>","protected":false},"excerpt":{"rendered":"<p><span data-tt=\"{&quot;paragraphStyle&quot;:{&quot;alignment&quot;:4,&quot;writingDirection&quot;:1}}\">Gender: Female <\/span><\/p>\n<p><span data-tt=\"{&quot;paragraphStyle&quot;:{&quot;alignment&quot;:4,&quot;writingDirection&quot;:1}}\">Geboren: ca 2014 <\/span><\/p>\n<p><span data-tt=\"{&quot;paragraphStyle&quot;:{&quot;alignment&quot;:4,&quot;writingDirection&quot;:1}}\">Colour: black <\/span><\/p>","protected":false},"featured_media":8343,"template":"","meta":[],"product_brand":[],"product_cat":[63],"product_tag":[],"class_list":{"0":"post-7806","1":"product","2":"type-product","3":"status-publish","4":"has-post-thumbnail","6":"product_cat-paten-gefunden","8":"first","9":"instock","10":"shipping-taxable","11":"product-type-simple"},"_links":{"self":[{"href":"https:\/\/snehascare.de\/en\/wp-json\/wp\/v2\/product\/7806","targetHints":{"allow":["GET"]}}],"collection":[{"href":"https:\/\/snehascare.de\/en\/wp-json\/wp\/v2\/product"}],"about":[{"href":"https:\/\/snehascare.de\/en\/wp-json\/wp\/v2\/types\/product"}],"wp:featuredmedia":[{"embeddable":true,"href":"https:\/\/snehascare.de\/en\/wp-json\/wp\/v2\/media\/8343"}],"wp:attachment":[{"href":"https:\/\/snehascare.de\/en\/wp-json\/wp\/v2\/media?parent=7806"}],"wp:term":[{"taxonomy":"product_brand","embeddable":true,"href":"https:\/\/snehascare.de\/en\/wp-json\/wp\/v2\/product_brand?post=7806"},{"taxonomy":"product_cat","embeddable":true,"href":"https:\/\/snehascare.de\/en\/wp-json\/wp\/v2\/product_cat?post=7806"},{"taxonomy":"product_tag","embeddable":true,"href":"https:\/\/snehascare.de\/en\/wp-json\/wp\/v2\/product_tag?post=7806"}],"curies":[{"name":"wp","href":"https:\/\/api.w.org\/{rel}","templated":true}]}}