{"id":7801,"date":"2020-08-22T18:01:28","date_gmt":"2020-08-22T16:01:28","guid":{"rendered":"https:\/\/snehacare.de\/?post_type=product&#038;p=7801"},"modified":"2023-03-19T18:08:18","modified_gmt":"2023-03-19T18:08:18","slug":"aama","status":"publish","type":"product","link":"https:\/\/snehascare.de\/en\/hund\/aama\/","title":{"rendered":"Aama"},"content":{"rendered":"<p><img fetchpriority=\"high\" decoding=\"async\" class=\"size-medium wp-image-8344 aligncenter\" src=\"http:\/\/snehascare.de\/wp-content\/uploads\/2020\/08\/IMG_20190901_152802_Original-300x225.jpg\" alt=\"\" width=\"300\" height=\"225\" \/><\/p>\n<p>&nbsp;<\/p>\n<p><b>Auf Wiedersehen liebe Aama<span class=\"Apple-converted-space\">\u00a0<\/span><\/b><\/p>\n<p>Mit schwerem Herzen verabschieden wir uns von dir nach kurzer Krankheit. Wir nannten dich hier auch Chintu. Du warst so eine liebevolle H\u00fcndin. Wir werden dich sehr vermissen. Wo immer du bist, wir hoffen, du bist mit deinen Babys nun wieder vereint und gemeinsam tollt ihr \u00fcber gr\u00fcne Wiesen.<span class=\"Apple-converted-space\">\u00a0<\/span><\/p>\n<p>Du fehlst uns Aama! Komm gut \u00fcber die Regenbogenbr\u00fccke, wir sehen uns wieder &#8211; auf der anderen Seite.<span class=\"Apple-converted-space\">\u00a0<\/span><\/p>\n<p>Wir danken Alice, die unsere Aama als Patin begleitet hat.<span class=\"Apple-converted-space\">\u00a0<\/span><\/p>\n<p>&#8212;&#8212;&#8212;&#8212;&#8212;&#8212;&#8212;&#8211;<\/p>\n<p>Goodbye dear Aama<\/p>\n<p>It is with a heavy heart that we say goodbye to you after a short illness. We also called you Chintu here. You were such a loving bitch. We will miss you very much. Wherever you are, we hope you are reunited with your babies and romping across green meadows together.<\/p>\n<p>We miss you Aama! Get well over the rainbow bridge, we&#8217;ll see each other again &#8211; on the other side.<\/p>\n<p>We thank Alice who accompanied our Aama as godmother.<\/p>\n<p>&nbsp;<\/p>\n<p>&#8212;&#8212;&#8212;&#8212;&#8212;&#8212;&#8212;&#8212;&#8212;&#8212;&#8212;<\/p>\n<p>&nbsp;<\/p>\n<p><span data-tt=\"{}\">Hallo mein Name ist Aama, <\/span><\/p>\n<p><span data-tt=\"{&quot;paragraphStyle&quot;:{&quot;alignment&quot;:4,&quot;writingDirection&quot;:1}}\">Ich habe verloren, was ich geliebt habe. Es war ein regnerischer Tag. Ich suchte nach einem Ort, an dem ich mit meinen zwei kleinen Babys Unterschlupf finden konnte. Da es regnete, war die Stra\u00dfe sehr schlammig und leider blieb ich mit meinen beiden Babys im Schlamm stecken. Ich versuchte mein Bestes, um mich und meine Babys zu befreien. Ich weinte um Hilfe, aber niemand war da. Mehr als eine Stunde lang sa\u00dfen wir fest und drohten zu ersticken. Meine Babys steckten so fest, dass sie es nicht schaffen konnten. Sie starben qualvoll vor meinen Augen. Es regnete stark. Nach einiger Zeit kam Sneha&#8217;s Care zu Hilfe. Sie zogen mich und meine Babys heraus. Aber leider waren meine Babys nicht mehr bei mir. Der Schmerz ist immer noch in mir. Sneha&#8217;s Care hilft mir, meine Kraft zur\u00fcckzugewinnen. Sie k\u00fcmmern sich gut um mich. Es gibt noch so viele andere Hunde hier bei Sneha&#8217;s Care, mit eigenen Geschichten. Es kostet viel Geld, sich um uns alle zu k\u00fcmmern. Deswegen suche ich einen lieben Paten. <\/span><\/p>\n<p><span data-tt=\"{&quot;paragraphStyle&quot;:{&quot;alignment&quot;:4,&quot;writingDirection&quot;:1}}\">Ein erwachsener Hund, so wie ich, findet keine Familie in Nepal. Weil hier viele Hunde auf sich gestellt auf der Stra\u00dfe leben m\u00fcssen, k\u00f6nnen die Menschen sich einfach einen passenden Stra\u00dfenhund aussuchen \u2013 und das sind meist gesunde, zutrauliche Welpen. In ein Tierheim muss daf\u00fcr niemand fahren. Ich werde also dauerhaft im Tierheim wohnen m\u00fcssen.\u00a0 <\/span><\/p>\n<p>&nbsp;<\/p>\n<p>Mit Alice-Catherine habe ich eine wunderbare Patin gefunden und sage herzlichst DANKE !<\/p>\n<p>&nbsp;<\/p>\n<p><span data-tt=\"{&quot;paragraphStyle&quot;:{&quot;alignment&quot;:4,&quot;writingDirection&quot;:1}}\">\u2014\u2014\u2014\u2014- <\/span><\/p>\n<p>&nbsp;<\/p>\n<p><span data-tt=\"{}\">Hello my name is Aama, <\/span><\/p>\n<p><span data-tt=\"{}\">I lost what I loved. It was a rainy day. I was looking for a place where I could find shelter with my two small babies. As it was raining, the road was very muddy and unfortunately I got stuck in the mud with my two babies. I tried my best to free myself and my babies. I cried for help, but no one was there. We were stuck for more than an hour and threatened to suffocate. My babies were so stuck, they couldn&#8217;t make it. They died infront of me. It was raining heavily. After a while, Sneha&#8217;s Care came to rescue us. They pulled me and my babies out. But unfortunately my babies were no longer with me. The pain is still inside of me. Sneha&#8217;s Care helps me regain my strength. They take good care of me. There are so many other dogs here at Sneha&#8217;s Care with their own stories. It costs a lot of money to take care of us all. That&#8217;s why I&#8217;m looking for a dear sponsor. <\/span><\/p>\n<p><span data-tt=\"{}\">An adult dog like me cannot find a family in Nepal. Because many dogs here have to live on their own on the street, people can simply choose a suitable street dog &#8211; and these are healthy, trusting puppies. Nobody has to go to an animal shelter for this. So I will have to live at the shelter permanently.\u00a0<\/span><\/p>\n<p>&nbsp;<\/p>\n<p>In Alice-Catherine I have found a wonderful sponsor and I say THANK YOU very much!<\/p>\n<p>&nbsp;<\/p>\n<p>&nbsp;<\/p>\n<p><span data-tt=\"{}\">Bank Account Sneha's Care Deutschland e.V. <\/span><\/p>\n<p><span data-tt=\"{}\">Deutschland\u00a0&#8211; Bank f\u00fcr Sozialwirtschaft <\/span><\/p>\n<p><span data-tt=\"{}\">IBAN: DE34 5502 0500 0001 6055 00 | BIC: BFSWDE33MNZ <\/span><\/p>","protected":false},"excerpt":{"rendered":"<p><span data-tt=\"{&quot;paragraphStyle&quot;:{&quot;alignment&quot;:4,&quot;writingDirection&quot;:1}}\">Gender: Female <\/span><\/p>\n<p><span data-tt=\"{&quot;paragraphStyle&quot;:{&quot;alignment&quot;:4,&quot;writingDirection&quot;:1}}\">Geboren: ca 2014<\/span><\/p>\n<p>Verstorben: M\u00e4rz 2023<\/p>\n<p><span data-tt=\"{&quot;paragraphStyle&quot;:{&quot;alignment&quot;:4,&quot;writingDirection&quot;:1}}\">Colour: Black, brown <\/span><\/p>","protected":false},"featured_media":8344,"template":"","meta":[],"product_brand":[],"product_cat":[64],"product_tag":[],"class_list":{"0":"post-7801","1":"product","2":"type-product","3":"status-publish","4":"has-post-thumbnail","6":"product_cat-verstorben","8":"first","9":"instock","10":"shipping-taxable","11":"product-type-simple"},"_links":{"self":[{"href":"https:\/\/snehascare.de\/en\/wp-json\/wp\/v2\/product\/7801","targetHints":{"allow":["GET"]}}],"collection":[{"href":"https:\/\/snehascare.de\/en\/wp-json\/wp\/v2\/product"}],"about":[{"href":"https:\/\/snehascare.de\/en\/wp-json\/wp\/v2\/types\/product"}],"wp:featuredmedia":[{"embeddable":true,"href":"https:\/\/snehascare.de\/en\/wp-json\/wp\/v2\/media\/8344"}],"wp:attachment":[{"href":"https:\/\/snehascare.de\/en\/wp-json\/wp\/v2\/media?parent=7801"}],"wp:term":[{"taxonomy":"product_brand","embeddable":true,"href":"https:\/\/snehascare.de\/en\/wp-json\/wp\/v2\/product_brand?post=7801"},{"taxonomy":"product_cat","embeddable":true,"href":"https:\/\/snehascare.de\/en\/wp-json\/wp\/v2\/product_cat?post=7801"},{"taxonomy":"product_tag","embeddable":true,"href":"https:\/\/snehascare.de\/en\/wp-json\/wp\/v2\/product_tag?post=7801"}],"curies":[{"name":"wp","href":"https:\/\/api.w.org\/{rel}","templated":true}]}}