{"id":7794,"date":"2020-08-21T17:46:58","date_gmt":"2020-08-21T15:46:58","guid":{"rendered":"https:\/\/snehacare.de\/?post_type=product&#038;p=7794"},"modified":"2024-11-08T18:37:11","modified_gmt":"2024-11-08T18:37:11","slug":"aamakanchi","status":"publish","type":"product","link":"https:\/\/snehascare.de\/en\/hund\/aamakanchi\/","title":{"rendered":"Aamakanchi"},"content":{"rendered":"<p><img fetchpriority=\"high\" decoding=\"async\" class=\"size-medium wp-image-8346 aligncenter\" src=\"http:\/\/snehascare.de\/wp-content\/uploads\/2020\/08\/Foto-29.03.22-19-33-41-300x225.jpg\" alt=\"\" width=\"300\" height=\"225\" \/><\/p>\n<p>&nbsp;<\/p>\n<p>**In liebevoller Erinnerung an Aamakanchi**<\/p>\n<p>Wir verabschieden uns mit schweren Herzen von unserer lieben Aamakanchi. Trotz aller F\u00fcrsorge in unserem Tierheim verlor sie den Kampf gegen das Nierenversagen und eine Leberzirrhose. Diese Erkrankungen sind unter Stra\u00dfenhunden in Nepal leider weit verbreitet, da sie oft gezwungen sind, verunreinigtes Wasser zu trinken.<\/p>\n<p>Aamakanchi war ein besonderes Mitglied unseres Tierheims. Ihre Vergangenheit war gepr\u00e4gt von Leid und Misshandlungen, aber bei uns fand sie ein sicheres Zuhause. Mit viel Geduld und Hingabe betreuten wir sie, und ihre Patin Eileen begleitete sie einf\u00fchlsam auf diesem Weg.<\/p>\n<p>Liebe Eileen, wir danken dir von Herzen f\u00fcr deine Unterst\u00fctzung und Liebe, die du Aamakanchi geschenkt hast.<\/p>\n<p>&nbsp;<\/p>\n<hr \/>\n<p>&nbsp;<\/p>\n<p>**In Loving Memory of Aamakanchi**<\/p>\n<p>We say goodbye to our beloved Aamakanchi with heavy hearts. Despite all the care she received in our shelter, she lost her battle with kidney failure and liver cirrhosis. Sadly, these conditions are common among street dogs in Nepal, who often have no choice but to drink heavily contaminated water.<\/p>\n<p>Aamakanchi was a special part of our shelter. Her past was filled with hardship and mistreatment, but with us, she found a safe and caring home. With patience and dedication, we cared for her, and her sponsor, Eileen, lovingly accompanied her on this journey.<\/p>\n<p>Dear Eileen, we are deeply grateful for the love and support you gave to Aamakanchi.<\/p>\n<p>&nbsp;<\/p>\n<hr \/>\n<p>&nbsp;<\/p>\n<p><span data-tt=\"{}\">Hallo mein Name ist Aamakanchi, <\/span><\/p>\n<p><span data-tt=\"{&quot;paragraphStyle&quot;:{&quot;alignment&quot;:4,&quot;writingDirection&quot;:1}}\">eine besorgte und liebevolle Frau brachte mich zu Sneha&#8217;s Care. Sie sorgte sich um mich, da sie beobachtet hatte, dass man mich auf der Stra\u00dfe immer wieder verjagte, schlug und trat. Um meine Gesundheit stand es auch nicht besonders gut. Niemand schien sich um mich zu k\u00fcmmern. Ich bin dankbar, dass sie mich ins Tierheim brachte. Hier misshandelt mich niemand, hier habe ich ein sicherers Zuhause, hier werde ich gepflegt, kann mich zur\u00fcckziehen. Trotzdem bin ich Menschen gegen\u00fcber sehr \u00e4ngstlich. Meine Vergangenheit kann ich nicht so einfach vergessen. Immer wenn ich Angst habe, belle ich laut und wenn ich Menschen nicht kenne, dann schnappe ich auch. Ich bin immer noch sehr \u00e4ngstlich. Aber das ist auch kein Wunder bei meiner Erfahrung mit Menschen. <\/span><\/p>\n<p><span data-tt=\"{&quot;paragraphStyle&quot;:{&quot;alignment&quot;:4,&quot;writingDirection&quot;:1}}\">Ein \u00e4lterer, \u00e4ngstlicher und sch\u00fcchterener Hund, so wie ich, findet keine Familie in Nepal. Weil hier viele Hunde auf sich gestellt auf der Stra\u00dfe leben m\u00fcssen, k\u00f6nnen die Menschen sich einfach einen passenden Stra\u00dfenhund aussuchen \u2013 und das sind meist gesunde, zutrauliche Welpen. In ein Tierheim muss daf\u00fcr niemand fahren. Ich werde also dauerhaft im Tierheim wohnen m\u00fcssen.<br \/>\n<\/span><\/p>\n<p><span data-tt=\"{}\">Mit Eileen habe ich aber eine liebe Patin gefunden. Dar\u00fcber bin ich sehr froh &#8211; Danke!<br \/>\n<\/span><\/p>\n<p><span data-tt=\"{&quot;paragraphStyle&quot;:{&quot;alignment&quot;:4,&quot;writingDirection&quot;:1}}\">\u00a0\u2014\u2014\u2014\u2014- <\/span><\/p>\n<p><span data-tt=\"{}\">Hello my name is Aamakanchi, <\/span><\/p>\n<p><span data-tt=\"{}\">a concerned and loving woman took me to Sneha&#8217;s Care. She worried about me because she had seen me on the streets being chased away, beaten and kicked over and over again. My health was not particularly good either. Nobody seemed to care about me. I am grateful that she took me to the shelter. Nobody mistreats me here, I have a safe home here, I am cared for, and I can withdraw. Still, I am very afraid of people. I cannot easily forget my past. Whenever I&#8217;m scared, I bark loudly and when I don&#8217;t know people, I snap too. I am still very scared. But that&#8217;s no wonder, given my experience with people. <\/span><\/p>\n<p><span data-tt=\"{}\">An older, scared and shy dog \u200b\u200blike me will not find a family in Nepal.<\/span><span data-tt=\"{}\"> Because many dogs here have to live on their own on the street, people can simply choose a suitable street dog &#8211; and these are mostly healthy, <\/span><span data-tt=\"{}\">trusting<\/span><span data-tt=\"{}\"> puppies. Nobody has to go to an animal shelter for this. So I will have to live in the shelter permanently.<br \/>\n<\/span><\/p>\n<p>In Eileen I have found a lovely sponsor. I&#8217;m very happy about that &#8211; thank you!<\/p>\n<p>&nbsp;<\/p>\n<p>&nbsp;<\/p>\n<p><span data-tt=\"{}\">Bank Account Sneha's Care Deutschland e.V. <\/span><\/p>\n<p><span data-tt=\"{}\">Deutschland\u00a0&#8211; Bank f\u00fcr Sozialwirtschaft <\/span><\/p>\n<p><span data-tt=\"{}\">IBAN: DE34 5502 0500 0001 6055 00 | BIC: BFSWDE33MNZ <\/span><\/p>","protected":false},"excerpt":{"rendered":"<p><span data-tt=\"{&quot;paragraphStyle&quot;:{&quot;alignment&quot;:4,&quot;writingDirection&quot;:1}}\">Gender: Female <\/span><\/p>\n<p><span data-tt=\"{&quot;paragraphStyle&quot;:{&quot;alignment&quot;:4,&quot;writingDirection&quot;:1}}\">Geboren: ca 2013<\/span><\/p>\n<p>Verstorben: November 2024<\/p>\n<p><span data-tt=\"{&quot;paragraphStyle&quot;:{&quot;alignment&quot;:4,&quot;writingDirection&quot;:1}}\">Colour: Brown<\/span><\/p>","protected":false},"featured_media":8346,"template":"","meta":[],"product_brand":[],"product_cat":[64],"product_tag":[],"class_list":{"0":"post-7794","1":"product","2":"type-product","3":"status-publish","4":"has-post-thumbnail","6":"product_cat-verstorben","8":"first","9":"instock","10":"shipping-taxable","11":"product-type-simple"},"_links":{"self":[{"href":"https:\/\/snehascare.de\/en\/wp-json\/wp\/v2\/product\/7794","targetHints":{"allow":["GET"]}}],"collection":[{"href":"https:\/\/snehascare.de\/en\/wp-json\/wp\/v2\/product"}],"about":[{"href":"https:\/\/snehascare.de\/en\/wp-json\/wp\/v2\/types\/product"}],"wp:featuredmedia":[{"embeddable":true,"href":"https:\/\/snehascare.de\/en\/wp-json\/wp\/v2\/media\/8346"}],"wp:attachment":[{"href":"https:\/\/snehascare.de\/en\/wp-json\/wp\/v2\/media?parent=7794"}],"wp:term":[{"taxonomy":"product_brand","embeddable":true,"href":"https:\/\/snehascare.de\/en\/wp-json\/wp\/v2\/product_brand?post=7794"},{"taxonomy":"product_cat","embeddable":true,"href":"https:\/\/snehascare.de\/en\/wp-json\/wp\/v2\/product_cat?post=7794"},{"taxonomy":"product_tag","embeddable":true,"href":"https:\/\/snehascare.de\/en\/wp-json\/wp\/v2\/product_tag?post=7794"}],"curies":[{"name":"wp","href":"https:\/\/api.w.org\/{rel}","templated":true}]}}