{"id":7788,"date":"2020-08-21T17:10:18","date_gmt":"2020-08-21T15:10:18","guid":{"rendered":"https:\/\/snehacare.de\/?post_type=product&#038;p=7788"},"modified":"2026-02-15T14:19:49","modified_gmt":"2026-02-15T14:19:49","slug":"sophie-2","status":"publish","type":"product","link":"https:\/\/snehascare.de\/en\/hund\/sophie-2\/","title":{"rendered":"Sophie"},"content":{"rendered":"<p><span data-tt=\"{}\"><img fetchpriority=\"high\" decoding=\"async\" class=\"size-medium wp-image-8348 aligncenter\" src=\"http:\/\/snehascare.de\/wp-content\/uploads\/2020\/08\/Foto-08.04.22-16-25-22-300x225.jpg\" alt=\"\" width=\"300\" height=\"225\" \/><\/span><\/p>\n<p>&nbsp;<\/p>\n<p>\ud83d\udd4a\ufe0f <b>Nachruf Sophie<\/b><\/p>\n<p>Sophie wurde Opfer eines Verkehrsunfalls, bei dem ihr linkes Hinterbein schwer verletzt wurde. Dank der liebevollen Pflege bei Sneha\u2019s Care konnte sie wieder aufstehen und ihr Leben genie\u00dfen, auch wenn ihr Bein seitdem beeintr\u00e4chtigt blieb.<\/p>\n<p>Sophie war eine ruhige, sanfte Seele, die ihre Tage gern mit ihrem Hundefreund Harper verbrachte. Durch die liebevolle Patenschaft von Tina durfte sie erfahren, dass sie gesehen, gesch\u00e4tzt und geliebt wird \u2013 daf\u00fcr sind wir von Herzen dankbar.<\/p>\n<p>Nun ist Sophie frei, jenseits der Regenbogenbr\u00fccke wieder vereint mit Harper. \ud83c\udf08\ud83d\udda4<\/p>\n<p>Sie wird f\u00fcr immer Teil unserer Familie bleiben.<\/p>\n<p>\u2e3b<\/p>\n<p>\ud83d\udd4a\ufe0f <b>Obituary Sophie\u00a0<\/b><\/p>\n<p>Sophie was the victim of a traffic accident that severely injured her left back leg. Thanks to the loving care at Sneha\u2019s Care, she was able to stand again and enjoy life, even though her leg remained impaired.<\/p>\n<p>Sophie was a quiet, gentle soul who loved spending her days with her dog friend Harper. Through the loving sponsorship of Tina, she experienced being seen, valued, and loved \u2013 for that we are deeply grateful.<\/p>\n<p>Now Sophie is free, beyond the Rainbow Bridge together with Harper again. \ud83c\udf08\ud83d\udda4<\/p>\n<p>She will always remain part of our family.<\/p>\n<p>&nbsp;<\/p>\n<p>&nbsp;<\/p>\n<p><span data-tt=\"{}\">Hallo mein Name ist Sophie, <\/span><\/p>\n<p><span data-tt=\"{&quot;paragraphStyle&quot;:{&quot;alignment&quot;:4,&quot;writingDirection&quot;:1}}\">ich wurde aus Thech, Lalitpur, gerettet. Dort wurde ich Opfer eines Verkehrsunfalls. Dabei wurde mein hinteres linkes Bein schwer verletzt. Ich konnte nicht mehr stehen oder gehen, hatte schreckliche Schmerzen. Tierfreunde informierten Sneha&#8217;s Care und ich wurde in das Tierheim gebracht. Dort erhielt ich Schmerzmittel, Medikamente und wurde behandelt. Es geht mir wieder gut. Nur leider ist es seit dem Unfall mein linkes hinteres Bein steif und ich kann es nicht mehr bewegen. Ich komme inzwischen dennoch gut damit klar.<\/span><\/p>\n<p>Menschen gegen\u00fcber bin ich sehr sch\u00fcchtern und zur\u00fcckhaltend, deswegen werde ich oft \u00fcbersehen. Am liebsten bin ich sowieso bei meinen Hundefreunden. Inzwischen habe ich auch schon etwas abgenommen. Trotz meiner Behinderung geht es mir hier gut.<\/p>\n<p><span data-tt=\"{&quot;paragraphStyle&quot;:{&quot;alignment&quot;:4,&quot;writingDirection&quot;:1}}\">Allerdings findet ein behinderter Hund, so wie ich, keine Familie in Nepal. Weil hier viele Hunde auf sich gestellt auf der Stra\u00dfe leben m\u00fcssen, k\u00f6nnen die Menschen sich einfach einen passenden Stra\u00dfenhund aussuchen \u2013 und das sind meist gesunde Welpen. In ein Tierheim muss daf\u00fcr niemand fahren. Ich werde also dauerhaft im Tierheim wohnen m\u00fcssen.<\/span><\/p>\n<p>&nbsp;<\/p>\n<p>Mit Tina habe ich eine tierliebe Patin mit gro\u00dfem Herz gefunden, die mich nicht \u00fcbersieht. Daf\u00fcr bin ich dankbar!<\/p>\n<p>&nbsp;<\/p>\n<p>&nbsp;<\/p>\n<p><span data-tt=\"{&quot;paragraphStyle&quot;:{&quot;alignment&quot;:4,&quot;writingDirection&quot;:1}}\">\u2014\u2014\u2014\u2014- <\/span><\/p>\n<p><span data-tt=\"{}\">Hello my name is Sophie, <\/span><\/p>\n<p><span data-tt=\"{}\">I was rescued from Thech, Lalitpur. I was the victim of a traffic accident there. My left back leg was badly injured. I could no longer stand or walk, and I was in terrible pain. Animal lovers notified Sneha&#8217;s Care and I was taken to the shelter. There I was given painkillers, medication and treatment. I&#8217;m feeling good again. Unfortunately, my left rear leg has been stiff since the accident and I can no longer move it. I am getting along well with it though.<\/span><\/p>\n<p>I am very shy and reserved around people, which is why I am often overlooked. I prefer to be with my dog friends anyway. In the meantime I have already lost some weight. So despite my disability, I&#8217;m fine here.<\/p>\n<p><span data-tt=\"{}\">However, a disabled dog like me cannot find a family in Nepal. Because many dogs here have to live on their own on the street, people can simply choose a suitable street dog &#8211; and these are mostly healthy puppies. Nobody has to go to an animal shelter for this. So I will have to live in the shelter permanently. <\/span><span data-tt=\"{}\">\u00a0<\/span><\/p>\n<p>In Tina I have found a sponsor who loves animals and has a big heart who does not overlook me. I am grateful for that!<\/p>\n<p>&nbsp;<\/p>","protected":false},"excerpt":{"rendered":"<p><span data-tt=\"{&quot;paragraphStyle&quot;:{&quot;alignment&quot;:4,&quot;writingDirection&quot;:1}}\">Gender: Female <\/span><\/p>\n<p><span data-tt=\"{&quot;paragraphStyle&quot;:{&quot;alignment&quot;:4,&quot;writingDirection&quot;:1}}\">Born: 2018<\/span><\/p>\n<p>Verstorben: 09.02.2026<\/p>\n<p><span data-tt=\"{&quot;paragraphStyle&quot;:{&quot;alignment&quot;:4,&quot;writingDirection&quot;:1}}\">Farbe: wei\u00df\/braun<\/span><\/p>","protected":false},"featured_media":8348,"template":"","meta":[],"product_brand":[],"product_cat":[64],"product_tag":[],"class_list":{"0":"post-7788","1":"product","2":"type-product","3":"status-publish","4":"has-post-thumbnail","6":"product_cat-verstorben","8":"first","9":"instock","10":"shipping-taxable","11":"product-type-simple"},"_links":{"self":[{"href":"https:\/\/snehascare.de\/en\/wp-json\/wp\/v2\/product\/7788","targetHints":{"allow":["GET"]}}],"collection":[{"href":"https:\/\/snehascare.de\/en\/wp-json\/wp\/v2\/product"}],"about":[{"href":"https:\/\/snehascare.de\/en\/wp-json\/wp\/v2\/types\/product"}],"wp:featuredmedia":[{"embeddable":true,"href":"https:\/\/snehascare.de\/en\/wp-json\/wp\/v2\/media\/8348"}],"wp:attachment":[{"href":"https:\/\/snehascare.de\/en\/wp-json\/wp\/v2\/media?parent=7788"}],"wp:term":[{"taxonomy":"product_brand","embeddable":true,"href":"https:\/\/snehascare.de\/en\/wp-json\/wp\/v2\/product_brand?post=7788"},{"taxonomy":"product_cat","embeddable":true,"href":"https:\/\/snehascare.de\/en\/wp-json\/wp\/v2\/product_cat?post=7788"},{"taxonomy":"product_tag","embeddable":true,"href":"https:\/\/snehascare.de\/en\/wp-json\/wp\/v2\/product_tag?post=7788"}],"curies":[{"name":"wp","href":"https:\/\/api.w.org\/{rel}","templated":true}]}}