{"id":7783,"date":"2020-08-21T16:51:41","date_gmt":"2020-08-21T14:51:41","guid":{"rendered":"https:\/\/snehacare.de\/?post_type=product&#038;p=7783"},"modified":"2022-05-29T16:44:54","modified_gmt":"2022-05-29T16:44:54","slug":"need","status":"publish","type":"product","link":"https:\/\/snehascare.de\/en\/hund\/need\/","title":{"rendered":"Need"},"content":{"rendered":"<p><img fetchpriority=\"high\" decoding=\"async\" class=\"size-medium wp-image-8350 aligncenter\" src=\"http:\/\/snehascare.de\/wp-content\/uploads\/2020\/08\/IMG_9954-300x225.jpg\" alt=\"\" width=\"300\" height=\"225\" \/><\/p>\n<p><span data-tt=\"{}\">Hallo mein Name ist Need, <\/span><\/p>\n<p><span data-tt=\"{&quot;paragraphStyle&quot;:{&quot;alignment&quot;:4,&quot;writingDirection&quot;:1}}\">ich wurde aus Nakhu Chowk, Lalitpur gerettet. Ich wurde dort angefahren und schwer verletzt. Es ist traurig, dass es immer wieder Menschen gibt, die Tiere r\u00fccksichtslos anfahren und einfach liegen lassen. So wie mich. Ein Tierfreund fand mich zu meinem Gl\u00fcck und informierte Sneha&#8217;s Care. Im Tierheim wurde ich mit Schmerzmitteln und Medikamenten versorgt. Mein Vorderbein musste amputiert werden. Es war so schlimm gebrochen\/zerquetscht, dass es nicht mehr gerettet werden konnte. <\/span><\/p>\n<p><span data-tt=\"{&quot;paragraphStyle&quot;:{&quot;alignment&quot;:4,&quot;writingDirection&quot;:1}}\">Ich komme mit nur drei Beinen aber gut zurecht. Allerdings findet ein behinderter Hund, so wie ich, keine Familie in Nepal. Weil hier viele Hunde auf sich gestellt auf der Stra\u00dfe leben m\u00fcssen, k\u00f6nnen die Menschen sich einfach einen passenden Stra\u00dfenhund aussuchen \u2013 und das sind meist gesunde Welpen. In ein Tierheim muss daf\u00fcr niemand fahren. Ich werde also dauerhaft im Tierheim wohnen m\u00fcssen. Deswegen suche ich einen lieben Paten. <\/span><\/p>\n<p>Mit der lieben Nicole habe ich eine herzliche Patin gefunden und sage DANKE!<\/p>\n<p><span data-tt=\"{&quot;paragraphStyle&quot;:{&quot;alignment&quot;:4,&quot;writingDirection&quot;:1}}\">\u2014\u2014\u2014\u2014- <\/span><\/p>\n<p><span data-tt=\"{}\">Hello my name is Need <\/span><\/p>\n<p><span data-tt=\"{}\">I was rescued from Nakhu Chowk, Lalitpur. I was run over and seriously injured. It is sad that there are always people who ruthlessly hit animals and just leave them on the streets to die. Like me. Fortunately for me, an animal lover found me and informed Sneha&#8217;s Care. At the animal shelter I was given painkillers and medication. My front leg had to be amputated. It was broken \/ crushed so badly that it could no longer be saved. <\/span><\/p>\n<p><span data-tt=\"{}\">But I can get by with only three legs. However, a disabled dog like me cannot find a family in Nepal. Because many dogs here have to live on their own on the street, people can simply choose a suitable street dog &#8211; and these are mostly healthy puppies. Nobody has to go to an animal shelter for this. So I will have to live in the shelter permanently. That&#8217;s why I&#8217;m looking for a dear sponsor. <\/span><\/p>\n<p>With dear Nicole, I have found a lovely sponsor\u00a0 and I say THANK YOU!<\/p>\n<p>&nbsp;<\/p>\n<p><span data-tt=\"{}\">\u00a0 <\/span><\/p>\n<p><span data-tt=\"{&quot;fontHints&quot;:1}\">Bank Account Sneha's Care Deutschland e.V. <\/span><\/p>\n<p><span data-tt=\"{&quot;fontHints&quot;:1}\">Germany - Bank f\u00fcr Sozialwirtschaft <\/span><\/p>\n<p><span data-tt=\"{&quot;fontHints&quot;:1}\">IBAN: DE34 5502 0500 0001 6055 00 | BIC: BFSWDE33MNZ<\/span><\/p>","protected":false},"excerpt":{"rendered":"<p><span data-tt=\"{&quot;paragraphStyle&quot;:{&quot;alignment&quot;:4,&quot;writingDirection&quot;:1}}\">Gender: Female <\/span><\/p>\n<p><span data-tt=\"{&quot;paragraphStyle&quot;:{&quot;alignment&quot;:4,&quot;writingDirection&quot;:1}}\">Geboren: unbekannt <\/span><\/p>\n<p><span data-tt=\"{&quot;paragraphStyle&quot;:{&quot;alignment&quot;:4,&quot;writingDirection&quot;:1}}\">Farbe: hellbraun<\/span><\/p>","protected":false},"featured_media":8350,"template":"","meta":[],"product_brand":[],"product_cat":[63],"product_tag":[],"class_list":{"0":"post-7783","1":"product","2":"type-product","3":"status-publish","4":"has-post-thumbnail","6":"product_cat-paten-gefunden","8":"first","9":"instock","10":"shipping-taxable","11":"product-type-simple"},"_links":{"self":[{"href":"https:\/\/snehascare.de\/en\/wp-json\/wp\/v2\/product\/7783","targetHints":{"allow":["GET"]}}],"collection":[{"href":"https:\/\/snehascare.de\/en\/wp-json\/wp\/v2\/product"}],"about":[{"href":"https:\/\/snehascare.de\/en\/wp-json\/wp\/v2\/types\/product"}],"wp:featuredmedia":[{"embeddable":true,"href":"https:\/\/snehascare.de\/en\/wp-json\/wp\/v2\/media\/8350"}],"wp:attachment":[{"href":"https:\/\/snehascare.de\/en\/wp-json\/wp\/v2\/media?parent=7783"}],"wp:term":[{"taxonomy":"product_brand","embeddable":true,"href":"https:\/\/snehascare.de\/en\/wp-json\/wp\/v2\/product_brand?post=7783"},{"taxonomy":"product_cat","embeddable":true,"href":"https:\/\/snehascare.de\/en\/wp-json\/wp\/v2\/product_cat?post=7783"},{"taxonomy":"product_tag","embeddable":true,"href":"https:\/\/snehascare.de\/en\/wp-json\/wp\/v2\/product_tag?post=7783"}],"curies":[{"name":"wp","href":"https:\/\/api.w.org\/{rel}","templated":true}]}}