{"id":7778,"date":"2020-08-19T19:36:11","date_gmt":"2020-08-19T17:36:11","guid":{"rendered":"https:\/\/snehacare.de\/?post_type=product&#038;p=7778"},"modified":"2022-05-29T16:44:51","modified_gmt":"2022-05-29T16:44:51","slug":"happy","status":"publish","type":"product","link":"https:\/\/snehascare.de\/en\/hund\/happy\/","title":{"rendered":"Happy"},"content":{"rendered":"<p><img fetchpriority=\"high\" decoding=\"async\" class=\"size-medium wp-image-8352 aligncenter\" src=\"http:\/\/snehascare.de\/wp-content\/uploads\/2020\/08\/Foto-05.04.22-18-40-11-300x225.jpg\" alt=\"\" width=\"300\" height=\"225\" \/><\/p>\n<p><span data-tt=\"{}\">Hallo mein Name ist Happy, <\/span><\/p>\n<p><span data-tt=\"{&quot;paragraphStyle&quot;:{&quot;alignment&quot;:4,&quot;writingDirection&quot;:1}}\">es ist traurig, dass es immer wieder Menschen gibt, die Tiere r\u00fccksichtslos anfahren und einfach liegen lassen. So wie mich. Ich wurde so schlimm getroffen, dass mein hinterer K\u00f6rper gel\u00e4hmt ist. Zu meinem Gl\u00fcck wurde ich von Sneha&#8217;s Care gerettet und in das Tierheim gebracht. Hier kann ich nun wieder leben. Auf den Stra\u00dfen w\u00e4re ich unter schlimmen Schmerzen gestorben. Hier bin ich nun sicher und nicht nur das, hier werde ich umsorgt. Hier kann ich einen der vorhanderen Rollst\u00fchle nutzen und damit wieder laufen. Das f\u00fchlt sich gro\u00dfartig an. Damit bin ich schneller als meine vierbeinigen Freunde. Hier bin ich wieder happy. <\/span><\/p>\n<p><span data-tt=\"{&quot;paragraphStyle&quot;:{&quot;alignment&quot;:4,&quot;writingDirection&quot;:1}}\">Bis ich zu einem Menschen Vertrauen fasse, brauche ich sehr lange. Deswegen halte ich mich von den Besuchern lieber fern. <\/span><\/p>\n<p><span data-tt=\"{&quot;paragraphStyle&quot;:{&quot;alignment&quot;:4,&quot;writingDirection&quot;:1}}\">Nicht nur meine Sch\u00fcchternheit, sondern auch meine Behinderung l\u00e4sst mich in Nepal keine Familie mehr finden. Weil hier viele Hunde auf sich gestellt auf der Stra\u00dfe leben m\u00fcssen, k\u00f6nnen die Menschen sich einfach einen passenden Stra\u00dfenhund aussuchen \u2013 und das sind meist gesunde Welpen. In ein Tierheim muss daf\u00fcr niemand fahren. Ich werde also dauerhaft im Tierheim wohnen m\u00fcssen.\u00a0<\/span><\/p>\n<p>&nbsp;<\/p>\n<p>Ich freue mich sehr dar\u00fcber als erster &#8222;B\u00fcropatenhund&#8220; mit Tanja, Ena, Carmen, Kim und\u00a0 Alice so liebe Paten gefunden zu haben! DANKE!<\/p>\n<p>&nbsp;<\/p>\n<p><span data-tt=\"{&quot;paragraphStyle&quot;:{&quot;alignment&quot;:4,&quot;writingDirection&quot;:1}}\">\u2014\u2014\u2014\u2014- <\/span><\/p>\n<p><span data-tt=\"{}\">Hello my name is Happy, <\/span><\/p>\n<p><span data-tt=\"{}\">it is sad that there are always people who ruthlessly hit animals and leave them lying there. Hit and Run. Thats what happened to me. I was hit so badly that my back body is paralyzed. Fortunately for me, I was rescued by Sneha&#8217;s Care and taken to the shelter. I can live here again now. I would have died in great pain on the streets. Here I am safe and not only that, here I am looked after. Here I can use one of the existing wheelchairs and walk with it again. That feels great. That makes me faster than my four-legged friends. Here I am happy. <\/span><\/p>\n<p><span data-tt=\"{}\">It takes a long time for me to trust someone. That&#8217;s why I prefer to stay away from the visitors. <\/span><\/p>\n<p><span data-tt=\"{}\">Not only my shyness, but also my disability means that I can no longer find a family in Nepal. Because many dogs here have to live on their own on the street, people can simply choose a suitable street dog &#8211; and these are mostly healthy puppies. Nobody has to go to an animal shelter for this. So I will have to live in the shelter permanently.\u00a0<\/span><\/p>\n<p>&nbsp;<\/p>\n<p>I am very happy to be the first &#8222;office sponsor dog&#8220; to have found such dear sponsors with Tanja, Ena, Carmen, Kim and Alice! THANKS!<\/p>\n<p><span data-tt=\"{}\">\u00a0 <\/span><\/p>\n<p><span data-tt=\"{}\">\u00a0 <\/span><\/p>\n<p><span data-tt=\"{&quot;fontHints&quot;:1}\">Bank Account Sneha's Care Deutschland e.V. <\/span><\/p>\n<p><span data-tt=\"{}\">\u00a0 <\/span><\/p>\n<p><span data-tt=\"{&quot;fontHints&quot;:1}\">Germany<\/span><span data-tt=\"{}\">\u00a0&#8211; Bank f\u00fcr Sozialwirtschaft <\/span><\/p>\n<p><span data-tt=\"{}\">IBAN: DE34 5502 0500 0001 6055 00 | BIC: BFSWDE33MNZ<\/span><\/p>","protected":false},"excerpt":{"rendered":"<p><span data-tt=\"{&quot;paragraphStyle&quot;:{&quot;alignment&quot;:4,&quot;writingDirection&quot;:1}}\">Gender: Male <\/span><\/p>\n<p><span data-tt=\"{&quot;paragraphStyle&quot;:{&quot;alignment&quot;:4,&quot;writingDirection&quot;:1}}\">Born: 2016 <\/span><\/p>\n<p><span data-tt=\"{&quot;paragraphStyle&quot;:{&quot;alignment&quot;:4,&quot;writingDirection&quot;:1}}\">Farbe: wei\u00df mit hellbraun<\/span><\/p>","protected":false},"featured_media":8352,"template":"","meta":[],"product_brand":[],"product_cat":[63],"product_tag":[],"class_list":{"0":"post-7778","1":"product","2":"type-product","3":"status-publish","4":"has-post-thumbnail","6":"product_cat-paten-gefunden","8":"first","9":"instock","10":"shipping-taxable","11":"product-type-simple"},"_links":{"self":[{"href":"https:\/\/snehascare.de\/en\/wp-json\/wp\/v2\/product\/7778","targetHints":{"allow":["GET"]}}],"collection":[{"href":"https:\/\/snehascare.de\/en\/wp-json\/wp\/v2\/product"}],"about":[{"href":"https:\/\/snehascare.de\/en\/wp-json\/wp\/v2\/types\/product"}],"wp:featuredmedia":[{"embeddable":true,"href":"https:\/\/snehascare.de\/en\/wp-json\/wp\/v2\/media\/8352"}],"wp:attachment":[{"href":"https:\/\/snehascare.de\/en\/wp-json\/wp\/v2\/media?parent=7778"}],"wp:term":[{"taxonomy":"product_brand","embeddable":true,"href":"https:\/\/snehascare.de\/en\/wp-json\/wp\/v2\/product_brand?post=7778"},{"taxonomy":"product_cat","embeddable":true,"href":"https:\/\/snehascare.de\/en\/wp-json\/wp\/v2\/product_cat?post=7778"},{"taxonomy":"product_tag","embeddable":true,"href":"https:\/\/snehascare.de\/en\/wp-json\/wp\/v2\/product_tag?post=7778"}],"curies":[{"name":"wp","href":"https:\/\/api.w.org\/{rel}","templated":true}]}}