{"id":7768,"date":"2020-08-07T10:23:47","date_gmt":"2020-08-07T08:23:47","guid":{"rendered":"https:\/\/snehacare.de\/?post_type=product&#038;p=7768"},"modified":"2024-05-27T18:56:49","modified_gmt":"2024-05-27T18:56:49","slug":"kabi","status":"publish","type":"product","link":"https:\/\/snehascare.de\/en\/hund\/kabi\/","title":{"rendered":"Kabi (Cabin)"},"content":{"rendered":"<p><img fetchpriority=\"high\" decoding=\"async\" class=\"size-medium wp-image-8354 aligncenter\" src=\"http:\/\/snehascare.de\/wp-content\/uploads\/2020\/08\/IMG_20200702_124102-scaled-1-300x225.jpeg\" alt=\"\" width=\"300\" height=\"225\" \/><\/p>\n<p><span data-tt=\"{}\">Hallo mein Name ist Kabi, <\/span><\/p>\n<p>&nbsp;<\/p>\n<p><span data-tt=\"{&quot;paragraphStyle&quot;:{&quot;alignment&quot;:4,&quot;writingDirection&quot;:1}}\">w\u00e4hrend der Pandemie habe ich auf der Suche nach Nahrung und Wasser mein Territorium verlassen. Ich wurde von anderen Hunden schlimm angriffen, die selbst hungerten und mich aus ihrem Gebiet wieder vertreiben wollten. Sie litten, wie ich unter Hunger und Durst. Bei den K\u00e4mpfen wurde ich scheu\u00dflich zerbissen, eine riesige klaffende Wunde entbl\u00f6\u00dfte sogar meine Kehle. <\/span><\/p>\n<p>&nbsp;<\/p>\n<p><span data-tt=\"{&quot;paragraphStyle&quot;:{&quot;alignment&quot;:4,&quot;writingDirection&quot;:1}}\">Zu meinem gro\u00dfen Pech wurde ich in meiner Not und Orientierungslosigkeit auch noch von einem Fahrzeug erfasst. Mein Bein wurde zerquetscht. <\/span><\/p>\n<p>&nbsp;<\/p>\n<p><span data-tt=\"{&quot;paragraphStyle&quot;:{&quot;alignment&quot;:4,&quot;writingDirection&quot;:1}}\">Ich wurde mit schwersten Verletzungen zu Sneha\u2018s Care gebracht. Es sah nicht gut aus. <\/span><\/p>\n<p>&nbsp;<\/p>\n<p><span data-tt=\"{&quot;paragraphStyle&quot;:{&quot;alignment&quot;:4,&quot;writingDirection&quot;:1}}\">Ich wurde medizinisch versorgt und liebevoll gepflegt. Die Liebe hat mir Kraft gegeben und so konnten meine Wunden heilen. Inzwischen kann ich auch wieder umherlaufen. Das geht auch mit nur drei Beinen. <\/span><\/p>\n<p>&nbsp;<\/p>\n<p><span data-tt=\"{&quot;paragraphStyle&quot;:{&quot;alignment&quot;:4,&quot;writingDirection&quot;:1}}\">Hunde wie ich, die schon ausgewachsen und entstellt sind, finden keine Familie in Nepal. Weil hier viele Hunde auf sich gestellt auf der Stra\u00dfe leben m\u00fcssen, k\u00f6nnen die Menschen sich einfach einen passenden Stra\u00dfenhund aussuchen \u2013 und das sind meist gesunde Welpen. In ein Tierheim muss daf\u00fcr niemand fahren. Ich werde also dauerhaft im Tierheim wohnen m\u00fcssen.<\/span><\/p>\n<p>&nbsp;<\/p>\n<p>Mit Frida habe ich eine tolle Patin gefunden und sage DANKE !<\/p>\n<p><span data-tt=\"{&quot;paragraphStyle&quot;:{&quot;alignment&quot;:4,&quot;writingDirection&quot;:1}}\">\u2014\u2014\u2014\u2014- <\/span><\/p>\n<p><span data-tt=\"{}\">Hello my name is Kabi, <\/span><\/p>\n<p><span data-tt=\"{}\">During the pandemic, I left my territory in search of food and water. I was badly attacked by other dogs that were starving like me and wanted to chase me out of their area. Like me, they suffered from hunger and thirst. During the fighting I was horribly bitten, a huge gaping wound even exposed my throat. <\/span><\/p>\n<p><span data-tt=\"{}\">To my bad luck I was also hit by a vehicle in my distress and disorientation. My leg was crushed. <\/span><\/p>\n<p><span data-tt=\"{}\">I was brought to Sneha&#8217;s Care with the most serious injuries. It didn&#8217;t look good. <\/span><\/p>\n<p><span data-tt=\"{}\">I was given medical care and lovingly cared for. Love gave me strength and so my wounds healed. I can now walk around again. You can do that with just three legs as well. <\/span><\/p>\n<p><span data-tt=\"{}\">Dogs like me that are fully grown and disfigured cannot find a family in Nepal. Because many dogs have to live on the street on their own, people can simply choose a suitable street dog &#8211; and these are usually healthy puppies. Nobody has to go to an animal shelter. So I will have to live permanently in the shelter.<\/span><\/p>\n<p>I found a lovely sponsor with Frida &#8211; Thank you !<\/p>\n<p>&nbsp;<\/p>\n<p>Bank Account Sneha's Care Deutschland e.V.<\/p>\n<p>Deutschland\u00a0&#8211; Bank f\u00fcr Sozialwirtschaft<\/p>\n<p>IBAN: DE34 5502 0500 0001 6055 00 | BIC: BFSWDE33MNZ<\/p>","protected":false},"excerpt":{"rendered":"<p><span data-tt=\"{&quot;paragraphStyle&quot;:{&quot;alignment&quot;:4,&quot;writingDirection&quot;:1}}\">Gender: Female <\/span><\/p>\n<p><span data-tt=\"{&quot;paragraphStyle&quot;:{&quot;alignment&quot;:4,&quot;writingDirection&quot;:1}}\">Born: 2018 <\/span><\/p>\n<p><span data-tt=\"{&quot;paragraphStyle&quot;:{&quot;alignment&quot;:4,&quot;writingDirection&quot;:1}}\">Farbe: wei\u00df, braun<\/span><\/p>","protected":false},"featured_media":8354,"template":"","meta":[],"product_brand":[],"product_cat":[63],"product_tag":[],"class_list":{"0":"post-7768","1":"product","2":"type-product","3":"status-publish","4":"has-post-thumbnail","6":"product_cat-paten-gefunden","8":"first","9":"instock","10":"shipping-taxable","11":"product-type-simple"},"_links":{"self":[{"href":"https:\/\/snehascare.de\/en\/wp-json\/wp\/v2\/product\/7768","targetHints":{"allow":["GET"]}}],"collection":[{"href":"https:\/\/snehascare.de\/en\/wp-json\/wp\/v2\/product"}],"about":[{"href":"https:\/\/snehascare.de\/en\/wp-json\/wp\/v2\/types\/product"}],"wp:featuredmedia":[{"embeddable":true,"href":"https:\/\/snehascare.de\/en\/wp-json\/wp\/v2\/media\/8354"}],"wp:attachment":[{"href":"https:\/\/snehascare.de\/en\/wp-json\/wp\/v2\/media?parent=7768"}],"wp:term":[{"taxonomy":"product_brand","embeddable":true,"href":"https:\/\/snehascare.de\/en\/wp-json\/wp\/v2\/product_brand?post=7768"},{"taxonomy":"product_cat","embeddable":true,"href":"https:\/\/snehascare.de\/en\/wp-json\/wp\/v2\/product_cat?post=7768"},{"taxonomy":"product_tag","embeddable":true,"href":"https:\/\/snehascare.de\/en\/wp-json\/wp\/v2\/product_tag?post=7768"}],"curies":[{"name":"wp","href":"https:\/\/api.w.org\/{rel}","templated":true}]}}