{"id":7759,"date":"2020-08-06T09:34:24","date_gmt":"2020-08-06T07:34:24","guid":{"rendered":"https:\/\/snehacare.de\/?post_type=product&#038;p=7759"},"modified":"2022-08-26T05:30:18","modified_gmt":"2022-08-26T05:30:18","slug":"musuri-twinne","status":"publish","type":"product","link":"https:\/\/snehascare.de\/en\/hund\/musuri-twinne\/","title":{"rendered":"Musuri (Twinne)"},"content":{"rendered":"<p><img fetchpriority=\"high\" decoding=\"async\" class=\"size-medium wp-image-8356 aligncenter\" src=\"http:\/\/snehascare.de\/wp-content\/uploads\/2020\/08\/Foto-11.06.21-09-55-05-252x300.jpg\" alt=\"\" width=\"252\" height=\"300\" \/><\/p>\n<p><span data-tt=\"{}\">Hallo, ich bin Twinne. <\/span><\/p>\n<p><span data-tt=\"{}\">Sie nennen mich auch Musuri mit Liebe. <\/span><\/p>\n<p><span data-tt=\"{}\">Ich bin anders als meine Freunde. Ich wurde ohne Vorderbeine geboren. Das h\u00e4lt mich aber nicht davon ab ich zu sein. Zu spielen, zu springen, zu toben. Nur rennen kann ich nicht. Ich tr\u00e4ume davon, eines Tages wie meine Freunde zu laufen. Und hoffentlich bekomme ich eines Tages einen Rollstuhl, der mir das erm\u00f6glichen kann. <\/span><\/p>\n<p><span data-tt=\"{&quot;paragraphStyle&quot;:{&quot;alignment&quot;:4,&quot;writingDirection&quot;:1}}\">Als behinderter Hund finde ich keine Familie in Nepal mehr. Weil hier viele Hunde auf sich gestellt auf der Stra\u00dfe leben m\u00fcssen, k\u00f6nnen die Menschen sich einfach einen passenden Stra\u00dfenhund aussuchen \u2013 und das sind meist gesunde, h\u00fcbsche Welpen. In ein Tierheim muss daf\u00fcr niemand fahren. Ich werde dauerhaft im Tierheim leben m\u00fcssen. <\/span><\/p>\n<p><span data-tt=\"{&quot;paragraphStyle&quot;:{&quot;alignment&quot;:4,&quot;writingDirection&quot;:1}}\">Mit Petra habe ich aber eine wundervolle Patin gefunden, die sich nicht davor scheut, einem behinderten Hund ihr Herz zu schenken. Danke! <\/span><\/p>\n<p><span data-tt=\"{&quot;paragraphStyle&quot;:{&quot;alignment&quot;:4,&quot;writingDirection&quot;:1}}\">\u2014\u2014\u2014\u2014- <\/span><\/p>\n<p><span data-tt=\"{&quot;paragraphStyle&quot;:{&quot;alignment&quot;:4}}\">Hello, I&#8217;m Twinne. <\/span><\/p>\n<p><span data-tt=\"{&quot;paragraphStyle&quot;:{&quot;alignment&quot;:4}}\">They also call me Musuri with love. <\/span><\/p>\n<p><span data-tt=\"{&quot;paragraphStyle&quot;:{&quot;alignment&quot;:4}}\">I am different from my friends. I was born without front legs. But that doesn&#8217;t stop me from being me. To play, to jump, to romp. I just can&#8217;t run. I dream of running like my friends one day. And hopefully one day I will get a wheelchair that can make it possible for me. <\/span><\/p>\n<p><span data-tt=\"{&quot;paragraphStyle&quot;:{&quot;alignment&quot;:4,&quot;writingDirection&quot;:1}}\">As a disabled dog, I can no longer find a family in Nepal. Because many dogs have to live on the street on their own, people can simply choose a suitable street dog &#8211; and these are usually healthy, pretty puppies. Nobody has to go to an animal shelter. I will have to live permanently in the shelter. <\/span><\/p>\n<p><span data-tt=\"{&quot;paragraphStyle&quot;:{&quot;alignment&quot;:4,&quot;writingDirection&quot;:1}}\">With Petra, I have found a wonderful sponsor who is not afraid to give her heart to an disabled dog. Thank you!<\/span><\/p>","protected":false},"excerpt":{"rendered":"<p><span data-tt=\"{&quot;paragraphStyle&quot;:{&quot;alignment&quot;:4,&quot;writingDirection&quot;:1}}\">Gender: Male<\/span><\/p>\n<p><span data-tt=\"{&quot;paragraphStyle&quot;:{&quot;alignment&quot;:4,&quot;writingDirection&quot;:1}}\">Geboren: November 2019 <\/span><\/p>\n<p><span data-tt=\"{&quot;paragraphStyle&quot;:{&quot;alignment&quot;:4,&quot;writingDirection&quot;:1}}\">Colour: black <\/span><\/p>","protected":false},"featured_media":8356,"template":"","meta":[],"product_brand":[],"product_cat":[63],"product_tag":[],"class_list":{"0":"post-7759","1":"product","2":"type-product","3":"status-publish","4":"has-post-thumbnail","6":"product_cat-paten-gefunden","8":"first","9":"instock","10":"shipping-taxable","11":"product-type-simple"},"_links":{"self":[{"href":"https:\/\/snehascare.de\/en\/wp-json\/wp\/v2\/product\/7759","targetHints":{"allow":["GET"]}}],"collection":[{"href":"https:\/\/snehascare.de\/en\/wp-json\/wp\/v2\/product"}],"about":[{"href":"https:\/\/snehascare.de\/en\/wp-json\/wp\/v2\/types\/product"}],"wp:featuredmedia":[{"embeddable":true,"href":"https:\/\/snehascare.de\/en\/wp-json\/wp\/v2\/media\/8356"}],"wp:attachment":[{"href":"https:\/\/snehascare.de\/en\/wp-json\/wp\/v2\/media?parent=7759"}],"wp:term":[{"taxonomy":"product_brand","embeddable":true,"href":"https:\/\/snehascare.de\/en\/wp-json\/wp\/v2\/product_brand?post=7759"},{"taxonomy":"product_cat","embeddable":true,"href":"https:\/\/snehascare.de\/en\/wp-json\/wp\/v2\/product_cat?post=7759"},{"taxonomy":"product_tag","embeddable":true,"href":"https:\/\/snehascare.de\/en\/wp-json\/wp\/v2\/product_tag?post=7759"}],"curies":[{"name":"wp","href":"https:\/\/api.w.org\/{rel}","templated":true}]}}