{"id":7755,"date":"2020-08-06T09:14:57","date_gmt":"2020-08-06T07:14:57","guid":{"rendered":"https:\/\/snehacare.de\/?post_type=product&#038;p=7755"},"modified":"2022-05-29T16:25:01","modified_gmt":"2022-05-29T16:25:01","slug":"julie-hetaudya","status":"publish","type":"product","link":"https:\/\/snehascare.de\/en\/hund\/julie-hetaudya\/","title":{"rendered":"Julie (hetaudya)"},"content":{"rendered":"<p><img fetchpriority=\"high\" decoding=\"async\" class=\"size-medium wp-image-8358 aligncenter\" src=\"http:\/\/snehascare.de\/wp-content\/uploads\/2020\/08\/Foto-26.03.21-05-37-52-300x225.jpg\" alt=\"\" width=\"300\" height=\"225\" \/><\/p>\n<p><span data-tt=\"{}\">Hallo mein Name ist Julie, <\/span><\/p>\n<p>&nbsp;<\/p>\n<p><span data-tt=\"{&quot;paragraphStyle&quot;:{&quot;alignment&quot;:4,&quot;writingDirection&quot;:1}}\">ich lebte in Hetauda auf der Stra\u00dfe. Ich wurde in sehr schlechtem Zustand gefunden. Schwach, unterern\u00e4hrt und mein K\u00f6rper voller Zecken und Fl\u00f6he. Hier im Tierheim bekam ich eine zweite Chance. Ich wurde medizinisch versorgt und liebevoll aufgep\u00e4ppelt. Alle waren erstaunt, wie schnell ich mich so erholen konnte. Doch oft braucht es einfach nur Liebe und Zuwendung. <\/span><\/p>\n<p>&nbsp;<\/p>\n<p><span data-tt=\"{&quot;paragraphStyle&quot;:{&quot;alignment&quot;:4,&quot;writingDirection&quot;:1}}\">Hunde wie ich, die schon ausgewachsen sind, finder aber keine Familie in Nepal. Weil hier viele Hunde auf sich gestellt auf der Stra\u00dfe leben m\u00fcssen, k\u00f6nnen die Menschen sich einfach einen passenden Stra\u00dfenhund aussuchen \u2013 und das sind meist gesunde Welpen. In ein Tierheim muss daf\u00fcr niemand fahren. Ich werde also dauerhaft im Tierheim wohnen m\u00fcssen. <\/span><\/p>\n<p>&nbsp;<\/p>\n<p>Ich freue mich sehr, dass ich mit Sabine eine liebe Patin gefunden habe!<\/p>\n<p>&nbsp;<\/p>\n<p><span data-tt=\"{&quot;paragraphStyle&quot;:{&quot;alignment&quot;:4,&quot;writingDirection&quot;:1}}\">\u2014\u2014\u2014\u2014- <\/span><\/p>\n<p><span data-tt=\"{&quot;paragraphStyle&quot;:{&quot;alignment&quot;:4,&quot;writingDirection&quot;:1}}\">Hello, my name is Julie, <\/span><\/p>\n<p><span data-tt=\"{&quot;paragraphStyle&quot;:{&quot;alignment&quot;:4,&quot;writingDirection&quot;:1}}\">I lived on the streets of Hetauda. I was found in very poor condition. Weak, malnourished and my body full of ticks and fleas. Here at the shelter I got a second chance. I was medically cared for and lovingly nursed. Everyone was amazed how fast I could recover so well. Often it just needs love and attention. <\/span><\/p>\n<p><span data-tt=\"{&quot;paragraphStyle&quot;:{&quot;alignment&quot;:4,&quot;writingDirection&quot;:1}}\">Dogs like me, which are already fully grown, cannot find a family in Nepal. Because many dogs have to live on the street on their own, people can simply choose a suitable street dog &#8211; and these are usually healthy puppies. Nobody has to go to an animal shelter. So I will have to live permanently in the shelter.<br \/>\n<\/span><\/p>\n<p>&nbsp;<\/p>\n<p>I am very happy that I have found a lovely sponsor with Sabine!<\/p>\n<p><span data-tt=\"{}\">\u00a0 <\/span><\/p>\n<p><span data-tt=\"{&quot;fontHints&quot;:1}\">Bank Account Sneha's Care Deutschland e.V. <\/span><\/p>\n<p><span data-tt=\"{&quot;fontHints&quot;:1}\">Germany - Bank f\u00fcr Sozialwirtschaft <\/span><\/p>\n<p><span data-tt=\"{&quot;fontHints&quot;:1}\">IBAN: DE34 5502 0500 0001 6055 00 | BIC: BFSWDE33MNZ<\/span><\/p>","protected":false},"excerpt":{"rendered":"<p><span data-tt=\"{&quot;paragraphStyle&quot;:{&quot;alignment&quot;:4,&quot;writingDirection&quot;:1}}\">Gender: Female <\/span><\/p>\n<p><span data-tt=\"{&quot;paragraphStyle&quot;:{&quot;alignment&quot;:4,&quot;writingDirection&quot;:1}}\">Born: 2017 <\/span><\/p>\n<p><span data-tt=\"{&quot;paragraphStyle&quot;:{&quot;alignment&quot;:4,&quot;writingDirection&quot;:1}}\">Farbe: schwarz, wei\u00df<\/span><\/p>","protected":false},"featured_media":8358,"template":"","meta":[],"product_brand":[],"product_cat":[63],"product_tag":[],"class_list":{"0":"post-7755","1":"product","2":"type-product","3":"status-publish","4":"has-post-thumbnail","6":"product_cat-paten-gefunden","8":"first","9":"instock","10":"shipping-taxable","11":"product-type-simple"},"_links":{"self":[{"href":"https:\/\/snehascare.de\/en\/wp-json\/wp\/v2\/product\/7755","targetHints":{"allow":["GET"]}}],"collection":[{"href":"https:\/\/snehascare.de\/en\/wp-json\/wp\/v2\/product"}],"about":[{"href":"https:\/\/snehascare.de\/en\/wp-json\/wp\/v2\/types\/product"}],"wp:featuredmedia":[{"embeddable":true,"href":"https:\/\/snehascare.de\/en\/wp-json\/wp\/v2\/media\/8358"}],"wp:attachment":[{"href":"https:\/\/snehascare.de\/en\/wp-json\/wp\/v2\/media?parent=7755"}],"wp:term":[{"taxonomy":"product_brand","embeddable":true,"href":"https:\/\/snehascare.de\/en\/wp-json\/wp\/v2\/product_brand?post=7755"},{"taxonomy":"product_cat","embeddable":true,"href":"https:\/\/snehascare.de\/en\/wp-json\/wp\/v2\/product_cat?post=7755"},{"taxonomy":"product_tag","embeddable":true,"href":"https:\/\/snehascare.de\/en\/wp-json\/wp\/v2\/product_tag?post=7755"}],"curies":[{"name":"wp","href":"https:\/\/api.w.org\/{rel}","templated":true}]}}