{"id":7749,"date":"2020-08-05T08:30:03","date_gmt":"2020-08-05T06:30:03","guid":{"rendered":"https:\/\/snehacare.de\/?post_type=product&#038;p=7749"},"modified":"2026-04-12T16:33:00","modified_gmt":"2026-04-12T16:33:00","slug":"khaire","status":"publish","type":"product","link":"https:\/\/snehascare.de\/en\/hund\/khaire\/","title":{"rendered":"Khaire"},"content":{"rendered":"<p><img fetchpriority=\"high\" decoding=\"async\" class=\"size-medium wp-image-8360 aligncenter\" src=\"http:\/\/snehascare.de\/wp-content\/uploads\/2020\/08\/Foto-07.04.22-17-38-24-300x225.jpg\" alt=\"\" width=\"300\" height=\"225\" \/><\/p>\n<h5><strong>In Erinnerung an Khaire<\/strong><\/h5>\n<p>Khaire ist am 26.03. altersbedingt und infolge von Nierenproblemen verstorben.<\/p>\n<p>Er hatte in seinem Leben bereits viel durchstehen m\u00fcssen. Nach seiner Rettung aus Balkot litt er an einem schmerzhaften CTVT-Tumor, der dank Chemotherapie und Operation erfolgreich behandelt werden konnte. Im Shelter durfte er anschlie\u00dfend Sicherheit, F\u00fcrsorge und ein ruhiges Leben erleben \u2013 genau das, was er so sehr verdient hatte.<\/p>\n<p>Wir sind unendlich dankbar, dass Khaire seine Zeit bei uns nicht allein verbringen musste. Dank seiner Patin <b>Sezen<\/b> durfte er viele Jahre in Geborgenheit leben, versorgt und gesch\u00fctzt, fernab der Stra\u00dfe.<\/p>\n<p>Run free, lieber Khaire. \ud83c\udf08\ud83d\udc3e<\/p>\n<p>\u2e3b<\/p>\n<p><b>In Memory of Khaire<\/b><\/p>\n<p>Khaire passed away on March 26 due to old age and kidney problems.<\/p>\n<p>He had already endured a lot in his life. After being rescued from Balkot, he suffered from a painful CTVT tumor that was successfully treated with chemotherapy and surgery. At the shelter, he was finally able to experience safety, care, and the peaceful life he truly deserved.<\/p>\n<p>We are deeply grateful that Khaire did not spend his time alone. Thanks to his sponsor <b>Sezen<\/b>, he was able to live many years in safety, cared for and protected, far away from the streets.<\/p>\n<p>Run free, dear Khaire. \ud83c\udf08\ud83d\udc3e<\/p>\n<p>&nbsp;<\/p>\n<p>&nbsp;<\/p>\n<hr \/>\n<p>&nbsp;<\/p>\n<p><span data-tt=\"{}\">Hallo mein Name ist Khaire, <\/span><\/p>\n<p>&nbsp;<\/p>\n<p><span data-tt=\"{&quot;paragraphStyle&quot;:{&quot;alignment&quot;:4,&quot;writingDirection&quot;:1}}\">Ich wurde aus Balkot gerettet. Ich litt an einem CTVT-Tumor im Genitalbereich. Es war eine sehr schmerzliche Erfahrung. <\/span><\/p>\n<p><span data-tt=\"{&quot;paragraphStyle&quot;:{&quot;alignment&quot;:4,&quot;writingDirection&quot;:1}}\">Canine Transmissible Venereal Tumor (CTVT) ist eine h\u00e4ufige Erkrankung bei Stra\u00dfenhunden wie mir. <\/span><\/p>\n<p>&nbsp;<\/p>\n<p><span data-tt=\"{&quot;paragraphStyle&quot;:{&quot;alignment&quot;:4,&quot;writingDirection&quot;:1}}\">Zu meinem Gl\u00fcck konnte ich mit einer Chemotherapie erfolgreich behandelt und der Tumor operativ entfernt werden. Ich freue mich, dieses Leid \u00fcberstanden zu haben. Hier im Tierheim Zuneigung, sichere Unterkunft und Essen zu erhalten. Ich bin sehr sch\u00fcchtern und bleibe lieber im Hintergrund. <\/span><\/p>\n<p>&nbsp;<\/p>\n<p><span data-tt=\"{&quot;paragraphStyle&quot;:{&quot;alignment&quot;:4,&quot;writingDirection&quot;:1}}\">Ich geh\u00f6re zu den Hunden, die schon ausgewachsen sind und keine Familie in Nepal mehr finden. Weil hier viele Hunde auf sich gestellt auf der Stra\u00dfe leben m\u00fcssen, k\u00f6nnen die Menschen sich einfach einen passenden Stra\u00dfenhund aussuchen \u2013 und das sind meist gesunde, h\u00fcbsche Welpen. In ein Tierheim muss daf\u00fcr niemand fahren. Ich werde dauerhaft im Tierheim leben m\u00fcssen.\u00a0<\/span><\/p>\n<p>&nbsp;<\/p>\n<p>Ich bin dankbar mit Sezen eine liebe Patin gefunden zu haben!<\/p>\n<p>&nbsp;<\/p>\n<p><span data-tt=\"{&quot;paragraphStyle&quot;:{&quot;alignment&quot;:4,&quot;writingDirection&quot;:1}}\">\u2014\u2014\u2014\u2014- <\/span><\/p>\n<p><span data-tt=\"{}\">Hello my name is Khaire <\/span><\/p>\n<p><span data-tt=\"{}\">I was saved from Balkot. I suffered from a CTVT tumor in the genital area. It was a very painful experience. <\/span><\/p>\n<p><span data-tt=\"{}\">Canine Transmissible Venereal Tumor (CTVT) is a common condition among street dogs like me. <\/span><\/p>\n<p><span data-tt=\"{}\">Luckily, I was successfully treated with chemotherapy and the tumor was surgically removed. I am happy to have survived this suffering. Here at the shelter i get affection, safe accommodation and food.<\/span><span data-tt=\"{&quot;paragraphStyle&quot;:{&quot;alignment&quot;:4}}\"> I am very shy and prefer to stay in the background.<\/span><\/p>\n<p><span data-tt=\"{}\">I am one of the dogs that are fully grown and can no longer find a family in Nepal. Because many dogs have to live on the street on their own, people can simply choose a suitable street dog &#8211; and these are usually healthy, pretty puppies. Nobody has to go to an animal shelter. I will have to live permanently in the shelter. <\/span><\/p>\n<p>&nbsp;<\/p>\n<p>I am grateful to have found a lovely sponsor in Sezen!<\/p>\n<p><span data-tt=\"{}\">\u00a0 <\/span><\/p>\n<p>&nbsp;<\/p>","protected":false},"excerpt":{"rendered":"<p><span data-tt=\"{&quot;paragraphStyle&quot;:{&quot;alignment&quot;:4,&quot;writingDirection&quot;:1}}\">Gender: Male <\/span><\/p>\n<p><span data-tt=\"{&quot;paragraphStyle&quot;:{&quot;alignment&quot;:4,&quot;writingDirection&quot;:1}}\">Born: 2015<\/span><\/p>\n<p>Gestorben: 26.03.2026<\/p>\n<p><span data-tt=\"{&quot;paragraphStyle&quot;:{&quot;alignment&quot;:4,&quot;writingDirection&quot;:1}}\">Farbe: hellbraun <\/span><\/p>","protected":false},"featured_media":8360,"template":"","meta":[],"product_brand":[],"product_cat":[64],"product_tag":[],"class_list":{"0":"post-7749","1":"product","2":"type-product","3":"status-publish","4":"has-post-thumbnail","6":"product_cat-verstorben","8":"first","9":"instock","10":"shipping-taxable","11":"product-type-simple"},"_links":{"self":[{"href":"https:\/\/snehascare.de\/en\/wp-json\/wp\/v2\/product\/7749","targetHints":{"allow":["GET"]}}],"collection":[{"href":"https:\/\/snehascare.de\/en\/wp-json\/wp\/v2\/product"}],"about":[{"href":"https:\/\/snehascare.de\/en\/wp-json\/wp\/v2\/types\/product"}],"wp:featuredmedia":[{"embeddable":true,"href":"https:\/\/snehascare.de\/en\/wp-json\/wp\/v2\/media\/8360"}],"wp:attachment":[{"href":"https:\/\/snehascare.de\/en\/wp-json\/wp\/v2\/media?parent=7749"}],"wp:term":[{"taxonomy":"product_brand","embeddable":true,"href":"https:\/\/snehascare.de\/en\/wp-json\/wp\/v2\/product_brand?post=7749"},{"taxonomy":"product_cat","embeddable":true,"href":"https:\/\/snehascare.de\/en\/wp-json\/wp\/v2\/product_cat?post=7749"},{"taxonomy":"product_tag","embeddable":true,"href":"https:\/\/snehascare.de\/en\/wp-json\/wp\/v2\/product_tag?post=7749"}],"curies":[{"name":"wp","href":"https:\/\/api.w.org\/{rel}","templated":true}]}}