{"id":7744,"date":"2020-08-04T09:59:39","date_gmt":"2020-08-04T07:59:39","guid":{"rendered":"https:\/\/snehacare.de\/?post_type=product&#038;p=7744"},"modified":"2022-05-29T16:23:24","modified_gmt":"2022-05-29T16:23:24","slug":"jacks","status":"publish","type":"product","link":"https:\/\/snehascare.de\/en\/hund\/jacks\/","title":{"rendered":"Jacks"},"content":{"rendered":"<p><img fetchpriority=\"high\" decoding=\"async\" class=\"size-medium wp-image-8362 aligncenter\" src=\"http:\/\/snehascare.de\/wp-content\/uploads\/2020\/08\/Foto-03.08.20-15-59-17-227x300.jpg\" alt=\"\" width=\"227\" height=\"300\" \/><\/p>\n<p>&nbsp;<\/p>\n<p>Wir hatten sehr gehofft, Jacks k\u00f6nnte nach dem schrecklichen Unfall und seinem Leid zumindest einen ruhigen Lebensabend bei uns verbringen. Sich umsorgen lassen und eine sichere Unterkunft und Freunde genie\u00dfen. Du warst nur sehr kurz bei uns. Aber du hast direkt unsere Herzen gewonnen mit deinen vertrauensvollen, lieben Augen. Du schienst dich einzugew\u00f6hnen, Freundschaften zu schlie\u00dfen. Doch dann bist du nicht mehr aufgewacht. Wo auch immer du sein magst, s\u00fc\u00dfer Jacks, wir hoffen auf der anderen Seite der Regenbogenbr\u00fccke kannst du endlich wieder laufen und frei von Sorgen sein. Du fehlst.<\/p>\n<p>Wir danken Petra, die sich bereits dazu entschieden hatte, f\u00fcr Jacks die Patenschaft zu \u00fcbernehmen. Sch\u00f6n, dass es Menschen gibt, die einem alten gebrechlichen Hund eine Chance und Liebe geben.<\/p>\n<p>&nbsp;<\/p>\n<hr \/>\n<p>&nbsp;<\/p>\n<p>We had very much hoped that Jacks could at least spend a quiet retirement with us after the terrible accident and suffering. Let himself be taken care of and enjoy safe accommodation and friends. You were only with us for a very short time. But you won our hearts directly with your trusting, dear eyes. You seemed to get used to making friends. But then you didn&#8217;t wake up anymore. Wherever you may be, sweet Jacks, we hope on the other side of the rainbow bridge you can finally walk again and be free from worries. We will miss you.<\/p>\n<p>We thank Petra, who had already decided to take over the sponsorship for Jacks. It&#8217;s great that there are people who give an old, frail dog a chance and love.<\/p>\n<p>&nbsp;<\/p>\n<hr \/>\n<p>&nbsp;<\/p>\n<p>&nbsp;<\/p>\n<p>&nbsp;<\/p>\n<p><span data-tt=\"{}\">Hallo mein Name ist Jacks oder auch Jackie, <\/span><\/p>\n<p>&nbsp;<\/p>\n<p><span data-tt=\"{&quot;paragraphStyle&quot;:{&quot;alignment&quot;:4,&quot;writingDirection&quot;:1}}\">Ich lebte in Koteshwor auf der Stra\u00dfe. F\u00fcr meine Freunde und mich gab es in der Pandemiezeit kein Essen mehr zu finden. Also verlie\u00df ich mein gewohntes Gebiet, um Nahrung und Wasser zu suchen. <\/span><\/p>\n<p>&nbsp;<\/p>\n<p><span data-tt=\"{&quot;paragraphStyle&quot;:{&quot;alignment&quot;:4,&quot;writingDirection&quot;:1}}\">Pl\u00f6tzlich kam ein Fahrzeug und \u00fcberfuhr mich. Ich hatte schreckliche Schmerzen. Ich dachte ich w\u00fcrde sterben. Ich verlor das Bewusstsein. <\/span><\/p>\n<p>&nbsp;<\/p>\n<p><span data-tt=\"{&quot;paragraphStyle&quot;:{&quot;alignment&quot;:4,&quot;writingDirection&quot;:1}}\">Ich wurde zu Sneha\u2018s Care gebracht, wo ich nach ein paar Tagen aufwachte. Einige Tage lang konnte ich mich nicht einmal bewegen und sa\u00df einfach nur da in derselben Position. <\/span><\/p>\n<p>&nbsp;<\/p>\n<p><span data-tt=\"{&quot;paragraphStyle&quot;:{&quot;alignment&quot;:4,&quot;writingDirection&quot;:1}}\">Inzwischen kann ich mich hier und da bewegen und krauchen. Sie geben mir Medikamente und spielen mit mir. Ich habe wieder Hoffnung, aber mein Hinterteil bleibt gel\u00e4hmt. Mit einem Rollstuhl kann ich trotzdem laufen und spielen. <\/span><\/p>\n<p>&nbsp;<\/p>\n<p><span data-tt=\"{&quot;paragraphStyle&quot;:{&quot;alignment&quot;:4,&quot;writingDirection&quot;:1}}\">Als behinderter Hund finde ich keine Familie in Nepal mehr. Weil hier viele Hunde auf sich gestellt auf der Stra\u00dfe leben m\u00fcssen, k\u00f6nnen die Menschen sich einfach einen passenden Stra\u00dfenhund aussuchen \u2013 und das sind meist gesunde, h\u00fcbsche Welpen. In ein Tierheim muss daf\u00fcr niemand fahren. Ich werde dauerhaft im Tierheim leben m\u00fcssen. <\/span><\/p>\n<p>&nbsp;<\/p>\n<p><span data-tt=\"{&quot;paragraphStyle&quot;:{&quot;alignment&quot;:4,&quot;writingDirection&quot;:1}}\">Mit Petra habe ich aber eine wundervolle Patin gefunden, die sich nicht davor scheut, einem \u00e4lteren, behinderten Hund ihr Herz zu schenken. Danke! <\/span><\/p>\n<p><span data-tt=\"{&quot;paragraphStyle&quot;:{&quot;alignment&quot;:4,&quot;writingDirection&quot;:1}}\">\u2014\u2014\u2014\u2014- <\/span><\/p>\n<p><span data-tt=\"{&quot;paragraphStyle&quot;:{&quot;alignment&quot;:4,&quot;writingDirection&quot;:1}}\">Hello my name is Jacks or Jackie, <\/span><\/p>\n<p><span data-tt=\"{&quot;paragraphStyle&quot;:{&quot;alignment&quot;:4,&quot;writingDirection&quot;:1}}\">I lived on the street in Koteshwor. There was no food for my friends and me during the pandemic. So I left my usual area to look for food and water. <\/span><\/p>\n<p><span data-tt=\"{&quot;paragraphStyle&quot;:{&quot;alignment&quot;:4,&quot;writingDirection&quot;:1}}\">Suddenly a vehicle came and hit me. I was in terrible pain. I thought I was going to die. I lost consciousness. <\/span><\/p>\n<p><span data-tt=\"{&quot;paragraphStyle&quot;:{&quot;alignment&quot;:4,&quot;writingDirection&quot;:1}}\">I was taken to Sneha&#8217;s Care, where I woke up after a few days. I couldn&#8217;t even move for a few days and just sat there in the same position. <\/span><\/p>\n<p><span data-tt=\"{&quot;paragraphStyle&quot;:{&quot;alignment&quot;:4,&quot;writingDirection&quot;:1}}\">Meanwhile I can move and crawl here and there. They give me medication and play with me. I have hope again, but my rump remains paralyzed. I can still run and play with a wheelchair. <\/span><\/p>\n<p><span data-tt=\"{&quot;paragraphStyle&quot;:{&quot;alignment&quot;:4,&quot;writingDirection&quot;:1}}\">As a disabled dog, I can no longer find a family in Nepal. Because many dogs have to live on the street on their own, people can simply choose a suitable street dog &#8211; and these are usually healthy, pretty puppies. Nobody has to go to an animal shelter. I will have to live permanently in the shelter. <\/span><\/p>\n<p><span data-tt=\"{&quot;paragraphStyle&quot;:{&quot;alignment&quot;:4,&quot;writingDirection&quot;:1}}\">With Petra, I have found a wonderful sponsor who is not afraid to give her heart to an older, disabled dog. Thank you!<\/span><\/p>","protected":false},"excerpt":{"rendered":"<p><span data-tt=\"{&quot;paragraphStyle&quot;:{&quot;alignment&quot;:4,&quot;writingDirection&quot;:1}}\">Gender: Male <\/span><\/p>\n<p><span data-tt=\"{&quot;paragraphStyle&quot;:{&quot;alignment&quot;:4,&quot;writingDirection&quot;:1}}\">Geboren: 2011 <\/span><\/p>\n<p>Verstorben: August 2020<\/p>\n<p><span data-tt=\"{&quot;paragraphStyle&quot;:{&quot;alignment&quot;:4,&quot;writingDirection&quot;:1}}\">Farbe: schwarz, braun, wei\u00df <\/span><\/p>","protected":false},"featured_media":8362,"template":"","meta":[],"product_brand":[],"product_cat":[64],"product_tag":[],"class_list":{"0":"post-7744","1":"product","2":"type-product","3":"status-publish","4":"has-post-thumbnail","6":"product_cat-verstorben","8":"first","9":"instock","10":"shipping-taxable","11":"product-type-simple"},"_links":{"self":[{"href":"https:\/\/snehascare.de\/en\/wp-json\/wp\/v2\/product\/7744","targetHints":{"allow":["GET"]}}],"collection":[{"href":"https:\/\/snehascare.de\/en\/wp-json\/wp\/v2\/product"}],"about":[{"href":"https:\/\/snehascare.de\/en\/wp-json\/wp\/v2\/types\/product"}],"wp:featuredmedia":[{"embeddable":true,"href":"https:\/\/snehascare.de\/en\/wp-json\/wp\/v2\/media\/8362"}],"wp:attachment":[{"href":"https:\/\/snehascare.de\/en\/wp-json\/wp\/v2\/media?parent=7744"}],"wp:term":[{"taxonomy":"product_brand","embeddable":true,"href":"https:\/\/snehascare.de\/en\/wp-json\/wp\/v2\/product_brand?post=7744"},{"taxonomy":"product_cat","embeddable":true,"href":"https:\/\/snehascare.de\/en\/wp-json\/wp\/v2\/product_cat?post=7744"},{"taxonomy":"product_tag","embeddable":true,"href":"https:\/\/snehascare.de\/en\/wp-json\/wp\/v2\/product_tag?post=7744"}],"curies":[{"name":"wp","href":"https:\/\/api.w.org\/{rel}","templated":true}]}}