{"id":7737,"date":"2020-08-03T17:24:55","date_gmt":"2020-08-03T15:24:55","guid":{"rendered":"https:\/\/snehacare.de\/?post_type=product&#038;p=7737"},"modified":"2026-02-15T14:24:14","modified_gmt":"2026-02-15T14:24:14","slug":"harper","status":"publish","type":"product","link":"https:\/\/snehascare.de\/en\/hund\/harper\/","title":{"rendered":"Harper"},"content":{"rendered":"<p><img fetchpriority=\"high\" decoding=\"async\" class=\"size-medium wp-image-8364 aligncenter\" src=\"http:\/\/snehascare.de\/wp-content\/uploads\/2020\/08\/Foto-06.04.22-17-07-18-300x225.jpg\" alt=\"\" width=\"300\" height=\"225\" \/><\/p>\n<p>\ud83d\udd4a\ufe0f <b>Nachruf Harper\u00a0<\/b><\/p>\n<p>Harper kam schwer verletzt zu Sneha\u2019s Care, nachdem er von einem Auto angefahren und zur\u00fcckgelassen wurde. Hier durfte er Liebe, F\u00fcrsorge und Sicherheit erfahren.<\/p>\n<p>Trotz seiner Verletzungen und Einschr\u00e4nkungen verlor Harper nie seinen Lebenswillen. Seine stille St\u00e4rke und sanfte Art haben alle ber\u00fchrt, die ihn kannten.<\/p>\n<p>Dank der liebevollen Unterst\u00fctzung seiner Patin Sandra konnte Harper ein gesch\u00fctztes und erf\u00fclltes Leben genie\u00dfen.<\/p>\n<p>Nun ist Harper frei, jenseits der Regenbogenbr\u00fccke. \ud83c\udf08\ud83d\udda4<\/p>\n<p>Er wird f\u00fcr immer Teil unserer Familie bleiben.<\/p>\n<p>\u2e3b<\/p>\n<p><b>Harper \u2013 forever in our hearts<\/b><\/p>\n<p>Harper arrived at Sneha\u2019s Care severely injured, after being hit by a car and left behind. Here, he finally experienced love, care, and safety.<\/p>\n<p>Despite his injuries and limitations, Harper never lost his will to live. His quiet strength and gentle nature touched everyone who knew him.<\/p>\n<p>Thanks to the loving support of his sponsor Sandra, Harper was able to enjoy a protected and fulfilling life.<\/p>\n<p>Now Harper is free, beyond the Rainbow Bridge. \ud83c\udf08\ud83d\udda4<\/p>\n<p>He will always remain part of our family.<\/p>\n<p>&nbsp;<\/p>\n<p>&nbsp;<\/p>\n<p>Hallo mein Name ist Harper,<\/p>\n<p><span data-tt=\"{}\">im Mai 2019 wurde ich von einem r\u00fccksichtslosen Autofahrer angefahren und einfach mit meinen gebrochenen Beinen liegen gelassen. Ich stand unter Schock und konnte mich vor lauter Schmerzen nicht mehr bewegen. Ich wurde zu meinem Gl\u00fcck von einem Tierfreund bemerkt und zu Sneha&#8217;s Care gebracht. Hier wurde ich mit Schmerzmitteln und Antibiotika versorgt, mein Bein ger\u00f6ntgt. Es stand nicht gut um mich, aber ich bin ein K\u00e4mpfer und habe nicht aufgegeben. Heute kann ich wieder gehen und stehen, auch wenn ich immer noch humpel. Ich bin eher sch\u00fcchtern und halte mich deswegen im hinteren Teil des Tierheimes auf. Leider wird ein sch\u00fcchterner, eingeschr\u00e4nkter Hund wie ich nicht wahrgenommen. <\/span><\/p>\n<p>&nbsp;<\/p>\n<p><span data-tt=\"{&quot;paragraphStyle&quot;:{&quot;alignment&quot;:4,&quot;writingDirection&quot;:1}}\">Ich geh\u00f6re zu den Hunden, die schon ausgewachsen sind und keine Familie in Nepal mehr finden. Weil hier viele Hunde auf sich gestellt auf der Stra\u00dfe leben m\u00fcssen, k\u00f6nnen die Menschen sich einfach einen passenden Stra\u00dfenhund aussuchen \u2013 und das sind meist gesunde, h\u00fcbsche Welpen. In ein Tierheim muss daf\u00fcr niemand fahren. Ich werde dauerhaft im Tierheim leben m\u00fcssen. <\/span><\/p>\n<p>&nbsp;<\/p>\n<p>Mit Sandra habe ich eine tolle Patin gefunden, die mich trotz meiner Sch\u00fcchternheit nicht \u00fcbersieht. DANKESCH\u00d6N!<\/p>\n<p><span data-tt=\"{&quot;paragraphStyle&quot;:{&quot;alignment&quot;:4,&quot;writingDirection&quot;:1}}\">\u2014\u2014\u2014\u2014- <\/span><\/p>\n<p><span data-tt=\"{}\">Hello my name is Harper <\/span><\/p>\n<p><span data-tt=\"{}\">in May 2019 I was hit by a ruthless driver and simply left to die with my broken legs. I was in shock and couldn&#8217;t move because of the pain. Luckily I was noticed by an animal lover and brought to Sneha&#8217;s Care. Here I was given painkillers and antibiotics, my leg X-rayed. Things weren&#8217;t going well for me, but I&#8217;m a fighter and haven&#8217;t given up. Today I can walk and stand again, even if I&#8217;m still limping. I&#8217;m rather shy and that&#8217;s why I&#8217;m in the back of the shelter. Unfortunately, a shy, restricted dog like me is not noticed. <\/span><\/p>\n<p><span data-tt=\"{}\">I am one of the dogs that are fully grown and can no longer find a family in Nepal. Because many dogs have to live on the street on their own, people can simply choose a suitable street dog &#8211; and these are usually healthy, pretty puppies. Nobody has to go to an animal shelter. I will have to live permanently in the shelter. That&#8217;s why I&#8217;m looking for a lovely sponsor. <\/span><\/p>\n<p>In Sandra I have found a great sponsor who, despite my shyness, does not overlook me. THANK YOU!<\/p>\n<p>&nbsp;<\/p>","protected":false},"excerpt":{"rendered":"<p><span data-tt=\"{&quot;paragraphStyle&quot;:{&quot;alignment&quot;:4,&quot;writingDirection&quot;:1}}\">Gender: Male <\/span><\/p>\n<p><span data-tt=\"{&quot;paragraphStyle&quot;:{&quot;alignment&quot;:4,&quot;writingDirection&quot;:1}}\">Geboren: 2016<\/span><\/p>\n<p>Verstorben: 09.02.2026<\/p>\n<p><span data-tt=\"{&quot;paragraphStyle&quot;:{&quot;alignment&quot;:4,&quot;writingDirection&quot;:1}}\">Farbe: hellbraun <\/span><\/p>","protected":false},"featured_media":8364,"template":"","meta":[],"product_brand":[],"product_cat":[64],"product_tag":[],"class_list":{"0":"post-7737","1":"product","2":"type-product","3":"status-publish","4":"has-post-thumbnail","6":"product_cat-verstorben","8":"first","9":"instock","10":"shipping-taxable","11":"product-type-simple"},"_links":{"self":[{"href":"https:\/\/snehascare.de\/en\/wp-json\/wp\/v2\/product\/7737","targetHints":{"allow":["GET"]}}],"collection":[{"href":"https:\/\/snehascare.de\/en\/wp-json\/wp\/v2\/product"}],"about":[{"href":"https:\/\/snehascare.de\/en\/wp-json\/wp\/v2\/types\/product"}],"wp:featuredmedia":[{"embeddable":true,"href":"https:\/\/snehascare.de\/en\/wp-json\/wp\/v2\/media\/8364"}],"wp:attachment":[{"href":"https:\/\/snehascare.de\/en\/wp-json\/wp\/v2\/media?parent=7737"}],"wp:term":[{"taxonomy":"product_brand","embeddable":true,"href":"https:\/\/snehascare.de\/en\/wp-json\/wp\/v2\/product_brand?post=7737"},{"taxonomy":"product_cat","embeddable":true,"href":"https:\/\/snehascare.de\/en\/wp-json\/wp\/v2\/product_cat?post=7737"},{"taxonomy":"product_tag","embeddable":true,"href":"https:\/\/snehascare.de\/en\/wp-json\/wp\/v2\/product_tag?post=7737"}],"curies":[{"name":"wp","href":"https:\/\/api.w.org\/{rel}","templated":true}]}}