{"id":7719,"date":"2020-07-29T12:19:48","date_gmt":"2020-07-29T10:19:48","guid":{"rendered":"https:\/\/snehacare.de\/?post_type=product&#038;p=7719"},"modified":"2022-05-29T16:20:23","modified_gmt":"2022-05-29T16:20:23","slug":"evee","status":"publish","type":"product","link":"https:\/\/snehascare.de\/en\/hund\/evee\/","title":{"rendered":"Evee"},"content":{"rendered":"<p><img fetchpriority=\"high\" decoding=\"async\" class=\"size-medium wp-image-8366 aligncenter\" src=\"http:\/\/snehascare.de\/wp-content\/uploads\/2020\/07\/Foto-05.04.22-18-51-39-300x225.jpg\" alt=\"\" width=\"300\" height=\"225\" \/><\/p>\n<p><span data-tt=\"{}\">Hallo mein Name ist Evee, <\/span><\/p>\n<p><span data-tt=\"{&quot;paragraphStyle&quot;:{&quot;alignment&quot;:4,&quot;writingDirection&quot;:1}}\">ich hatte eine Familie. Das glaubte ich zumindest, denn als ich pl\u00f6tzlich mein ganzes Fell verlor und sich meine Haut verdickte, wurde ich einfach ausgesetzt. <\/span><\/p>\n<p><span data-tt=\"{&quot;paragraphStyle&quot;:{&quot;alignment&quot;:4,&quot;writingDirection&quot;:1}}\">Ich war die W\u00e4rme eines Hauses, nicht die K\u00e4lte der Stra\u00dfe, gewohnt. Ich f\u00fchlte mich allein und verloren. Mein Zustand verschlimmerte sich, denn auf der Stra\u00dfe musste ich auf harten, schmutzigen und kalten B\u00f6den schlafen. Immer auf der Suche nach Nahrung und Sicherheit. <\/span><\/p>\n<p><span data-tt=\"{&quot;paragraphStyle&quot;:{&quot;alignment&quot;:4,&quot;writingDirection&quot;:1}}\">Zum Gl\u00fcck kam ich zu Sneha\u2018s Care. Hier werde ich liebevoll versorgt. Innerhalb kurzer Zeit verschwanden meine Hautprobleme und so kann ich meinen Leben nun wieder genie\u00dfen. <\/span><\/p>\n<p><span data-tt=\"{&quot;paragraphStyle&quot;:{&quot;alignment&quot;:4,&quot;writingDirection&quot;:1}}\">Ich liebe es mit meinen Hundefreunden zu spielen, auch wenn sie dreimal so gross sind wie ich. Oder sonne mich und genie\u00dfe einfach die W\u00e4rme. <\/span><\/p>\n<p><span data-tt=\"{&quot;paragraphStyle&quot;:{&quot;alignment&quot;:4,&quot;writingDirection&quot;:1}}\">Hunde wie ich, die schon ausgewachsen sind, finden fast nie eine Familie in Nepal. Weil hier viele Hunde auf sich gestellt auf der Stra\u00dfe leben m\u00fcssen, k\u00f6nnen die Menschen sich einfach einen passenden Stra\u00dfenhund aussuchen \u2013 und das sind meist gesunde Welpen. In ein Tierheim muss daf\u00fcr niemand fahren. Eine Familie werde ich daher nicht mehr finden und im Tierheim dauerhaft betreut werden m\u00fcssen.<br \/>\n<\/span><\/p>\n<p>&nbsp;<\/p>\n<p>Mit India habe ich eine liebe Patin gefunden und freue mich dar\u00fcber sehr! Dankesch\u00f6n!<\/p>\n<p><span data-tt=\"{&quot;paragraphStyle&quot;:{&quot;alignment&quot;:4,&quot;writingDirection&quot;:1}}\">\u2014\u2014\u2014\u2014- <\/span><\/p>\n<p><span data-tt=\"{&quot;paragraphStyle&quot;:{&quot;alignment&quot;:4,&quot;writingDirection&quot;:1}}\">Hello my name is Evee <\/span><\/p>\n<p><span data-tt=\"{}\">i had a family. At least, that&#8217;s what I thought, because when I suddenly lost all of my fur and my skin thickened, I was simply exposed. <\/span><\/p>\n<p><span data-tt=\"{&quot;paragraphStyle&quot;:{&quot;alignment&quot;:4}}\">I was used to the warmth of a house, not the cold of the street. I felt alone and lost. My condition got worse because I had to sleep on hard, dirty and cold floors on the street. Always looking for food and security. <\/span><\/p>\n<p><span data-tt=\"{&quot;paragraphStyle&quot;:{&quot;alignment&quot;:4}}\">Luckily I came to Sneha&#8217;s Care. Here I am lovingly cared for. My skin problems disappeared within a short time and I can now enjoy my life again. <\/span><\/p>\n<p><span data-tt=\"{&quot;paragraphStyle&quot;:{&quot;alignment&quot;:4}}\">I love to play with my dog friends, even if they are three times my size. Or sunbathe and just enjoy the warmth. <\/span><\/p>\n<p><span data-tt=\"{&quot;paragraphStyle&quot;:{&quot;alignment&quot;:4,&quot;writingDirection&quot;:1}}\">Dogs like me that are fully grown almost never find a family in Nepal. Because many dogs have to live on the street on their own, people can simply choose a suitable street dog &#8211; and these are usually healthy puppies. Nobody has to go to an animal shelter. I will therefore no longer find a<\/span><span data-tt=\"{&quot;paragraphStyle&quot;:{&quot;alignment&quot;:4,&quot;writingDirection&quot;:1}}\"> family and will have to be looked after permanently in the shelter.<\/span><\/p>\n<p>&nbsp;<\/p>\n<p>In India I have found a dear sponsor and I am very happy about that! Thank you very much!<\/p>\n<p>&nbsp;<\/p>\n<p><span data-tt=\"{&quot;fontHints&quot;:1}\">Bank Account Sneha's Care Deutschland e.V. <\/span><\/p>\n<p><span data-tt=\"{&quot;fontHints&quot;:1}\">Germany - Bank f\u00fcr Sozialwirtschaft <\/span><\/p>\n<p><span data-tt=\"{&quot;fontHints&quot;:1}\">IBAN: DE34 5502 0500 0001 6055 00 | BIC: BFSWDE33MNZ<\/span><\/p>","protected":false},"excerpt":{"rendered":"<p><span data-tt=\"{&quot;paragraphStyle&quot;:{&quot;alignment&quot;:4,&quot;writingDirection&quot;:1}}\">Gender: Female <\/span><\/p>\n<p><span data-tt=\"{&quot;paragraphStyle&quot;:{&quot;alignment&quot;:4,&quot;writingDirection&quot;:1}}\">Born: 2017 <\/span><\/p>\n<p><span data-tt=\"{&quot;paragraphStyle&quot;:{&quot;alignment&quot;:4,&quot;writingDirection&quot;:1}}\">Colour: White <\/span><\/p>","protected":false},"featured_media":8366,"template":"","meta":[],"product_brand":[],"product_cat":[63],"product_tag":[],"class_list":{"0":"post-7719","1":"product","2":"type-product","3":"status-publish","4":"has-post-thumbnail","6":"product_cat-paten-gefunden","8":"first","9":"instock","10":"shipping-taxable","11":"product-type-simple"},"_links":{"self":[{"href":"https:\/\/snehascare.de\/en\/wp-json\/wp\/v2\/product\/7719","targetHints":{"allow":["GET"]}}],"collection":[{"href":"https:\/\/snehascare.de\/en\/wp-json\/wp\/v2\/product"}],"about":[{"href":"https:\/\/snehascare.de\/en\/wp-json\/wp\/v2\/types\/product"}],"wp:featuredmedia":[{"embeddable":true,"href":"https:\/\/snehascare.de\/en\/wp-json\/wp\/v2\/media\/8366"}],"wp:attachment":[{"href":"https:\/\/snehascare.de\/en\/wp-json\/wp\/v2\/media?parent=7719"}],"wp:term":[{"taxonomy":"product_brand","embeddable":true,"href":"https:\/\/snehascare.de\/en\/wp-json\/wp\/v2\/product_brand?post=7719"},{"taxonomy":"product_cat","embeddable":true,"href":"https:\/\/snehascare.de\/en\/wp-json\/wp\/v2\/product_cat?post=7719"},{"taxonomy":"product_tag","embeddable":true,"href":"https:\/\/snehascare.de\/en\/wp-json\/wp\/v2\/product_tag?post=7719"}],"curies":[{"name":"wp","href":"https:\/\/api.w.org\/{rel}","templated":true}]}}