{"id":7704,"date":"2020-07-29T09:23:22","date_gmt":"2020-07-29T07:23:22","guid":{"rendered":"https:\/\/snehacare.de\/?post_type=product&#038;p=7704"},"modified":"2025-04-13T17:30:17","modified_gmt":"2025-04-13T17:30:17","slug":"ammy","status":"publish","type":"product","link":"https:\/\/snehascare.de\/en\/hund\/ammy\/","title":{"rendered":"Ammy"},"content":{"rendered":"<p><img fetchpriority=\"high\" decoding=\"async\" class=\"size-medium wp-image-8367 aligncenter\" src=\"http:\/\/snehascare.de\/wp-content\/uploads\/2020\/07\/Foto-26.03.21-05-31-28-300x225.jpg\" alt=\"\" width=\"300\" height=\"225\" \/><\/p>\n<p><span data-tt=\"{}\">Hallo mein Name ist Ammy, <\/span><\/p>\n<p>&nbsp;<\/p>\n<p><span data-tt=\"{}\">ich war erst 6 Monate alt, nur ein Kind, das toben, spielen und das Leben genie\u00dfen wollte<\/span><span data-tt=\"{&quot;paragraphStyle&quot;:{&quot;alignment&quot;:4}}\">, <\/span><span data-tt=\"{}\">als<\/span> <span data-tt=\"{}\">sich<\/span> <span data-tt=\"{}\">mein<\/span> <span data-tt=\"{}\">Leben<\/span> <span data-tt=\"{}\">\u00e4nderte<\/span><span data-tt=\"{&quot;paragraphStyle&quot;:{&quot;alignment&quot;:4}}\">.<\/span><\/p>\n<p>&nbsp;<\/p>\n<p><span data-tt=\"{}\">Ich wurde \u00fcberfahren und mit schrecklichen Schmerzen einfach liegen gelassen. Ich konnte nicht mehr laufen. Meine Hinterl\u00e4ufe waren gel\u00e4hmt. Zum Gl\u00fcck fand mich eine Tierfreundin und informierte Sneha\u2019s Care. <\/span><\/p>\n<p>&nbsp;<\/p>\n<p><span data-tt=\"{&quot;paragraphStyle&quot;:{&quot;alignment&quot;:4,&quot;writingDirection&quot;:1}}\">Es sah so aus, als ob ich nie wieder w\u00fcrde laufen k\u00f6nnen. Aber hei\u00dft es nicht die Liebe heilt alle Wunden? <\/span><\/p>\n<p>&nbsp;<\/p>\n<p><span data-tt=\"{&quot;paragraphStyle&quot;:{&quot;alignment&quot;:4,&quot;writingDirection&quot;:1}}\">Bei Sneha\u2018s Care war ich sicher, wurde medizinisch versorgt und gepflegt. Jeden Tag wurde es besser. Im wahrsten Sinne &#8211; Schritt f\u00fcr Schritt. <\/span><\/p>\n<p>&nbsp;<\/p>\n<p><span data-tt=\"{&quot;paragraphStyle&quot;:{&quot;alignment&quot;:4,&quot;writingDirection&quot;:1}}\">Heute, zwei Jahre nach meinem Unfall kann ich wieder spielen und laufen. Auch wenn ich oft noch wackelig unterwegs bin, ist es ein Wunder. <\/span><\/p>\n<p>&nbsp;<\/p>\n<p><span data-tt=\"{&quot;paragraphStyle&quot;:{&quot;alignment&quot;:4,&quot;writingDirection&quot;:1}}\">Hunde wie ich, die schon ausgewachsen sind, finden fast nie eine Familie in Nepal. Weil hier viele Hunde auf sich gestellt auf der Stra\u00dfe leben m\u00fcssen, k\u00f6nnen die Menschen sich einfach einen passenden Stra\u00dfenhund aussuchen \u2013 und das sind meist gesunde Welpen. In ein Tierheim muss daf\u00fcr niemand fahren. Deshalb werde ich wohl mein Leben im Tierheim verbringen.\u00a0<\/span><\/p>\n<p>&nbsp;<\/p>\n<p>Ich danke Sabine und Eleonore, dass sie meine Patenmamas sind! Danke!<\/p>\n<p><span data-tt=\"{&quot;paragraphStyle&quot;:{&quot;alignment&quot;:4,&quot;writingDirection&quot;:1}}\">\u2014\u2014\u2014\u2014- <\/span><\/p>\n<p><span data-tt=\"{&quot;paragraphStyle&quot;:{&quot;alignment&quot;:4,&quot;writingDirection&quot;:1}}\">Hello my name is Ammy <\/span><\/p>\n<p><span data-tt=\"{&quot;paragraphStyle&quot;:{&quot;alignment&quot;:4,&quot;writingDirection&quot;:1}}\">I was only 6 months old, just a child who wanted to romp, play and enjoy life, when my life should change. <\/span><\/p>\n<p><span data-tt=\"{&quot;paragraphStyle&quot;:{&quot;alignment&quot;:4,&quot;writingDirection&quot;:1}}\">I was run over and just left lying there with terrible pain. Victim of a Hit and Run. I couldn&#8217;t walk anymore. My hind legs were paralyzed. Luckily an animal friend found me and informed Sneha\u2019s Care. <\/span><\/p>\n<p><span data-tt=\"{&quot;paragraphStyle&quot;:{&quot;alignment&quot;:4,&quot;writingDirection&quot;:1}}\">It looked like I would never be able to walk again. But doesn&#8217;t it say love heals all wounds? <\/span><\/p>\n<p><span data-tt=\"{&quot;paragraphStyle&quot;:{&quot;alignment&quot;:4,&quot;writingDirection&quot;:1}}\">At Sneha&#8217;s Care I was safe, I was given medical care and taken care of. It got better every day. Step by step &#8211; in the truest sense. <\/span><\/p>\n<p><span data-tt=\"{&quot;paragraphStyle&quot;:{&quot;alignment&quot;:4,&quot;writingDirection&quot;:1}}\">Today, two years after my accident, I can play and run again. Even if I am often still shaky, it is a miracle. <\/span><\/p>\n<p><span data-tt=\"{&quot;paragraphStyle&quot;:{&quot;alignment&quot;:4,&quot;writingDirection&quot;:1}}\">Dogs like me that are fully grown almost never find a family in Nepal. Because many dogs have to live on the street on their own, people can simply choose a suitable street dog &#8211; and these are usually healthy puppies. Nobody has to go to an animal shelter. Therefore I will probably spend my life in the shelter.\u00a0<\/span><\/p>\n<p>&nbsp;<\/p>\n<p>I thank Sabine and Eleonore for being my sponsors! Thank you!<\/p>\n<p><span data-tt=\"{}\">\u00a0 <\/span><\/p>\n<p><span data-tt=\"{&quot;fontHints&quot;:1}\">Bank Account Sneha's Care Deutschland e.V. <\/span><\/p>\n<p><span data-tt=\"{&quot;fontHints&quot;:1}\">Germany - Bank f\u00fcr Sozialwirtschaft <\/span><\/p>\n<p><span data-tt=\"{&quot;fontHints&quot;:1}\">IBAN: DE34 5502 0500 0001 6055 00 | BIC: BFSWDE33MNZ<\/span><\/p>","protected":false},"excerpt":{"rendered":"<p><span data-tt=\"{&quot;paragraphStyle&quot;:{&quot;alignment&quot;:4,&quot;writingDirection&quot;:1}}\">Gender: Male <\/span><\/p>\n<p><span data-tt=\"{&quot;paragraphStyle&quot;:{&quot;alignment&quot;:4,&quot;writingDirection&quot;:1}}\">Born: 2018 <\/span><\/p>\n<p><span data-tt=\"{&quot;paragraphStyle&quot;:{&quot;alignment&quot;:4,&quot;writingDirection&quot;:1}}\">Farbe: braun, schwarz<\/span><\/p>","protected":false},"featured_media":8367,"template":"","meta":[],"product_brand":[],"product_cat":[63],"product_tag":[],"class_list":{"0":"post-7704","1":"product","2":"type-product","3":"status-publish","4":"has-post-thumbnail","6":"product_cat-paten-gefunden","8":"first","9":"instock","10":"shipping-taxable","11":"product-type-simple"},"_links":{"self":[{"href":"https:\/\/snehascare.de\/en\/wp-json\/wp\/v2\/product\/7704","targetHints":{"allow":["GET"]}}],"collection":[{"href":"https:\/\/snehascare.de\/en\/wp-json\/wp\/v2\/product"}],"about":[{"href":"https:\/\/snehascare.de\/en\/wp-json\/wp\/v2\/types\/product"}],"wp:featuredmedia":[{"embeddable":true,"href":"https:\/\/snehascare.de\/en\/wp-json\/wp\/v2\/media\/8367"}],"wp:attachment":[{"href":"https:\/\/snehascare.de\/en\/wp-json\/wp\/v2\/media?parent=7704"}],"wp:term":[{"taxonomy":"product_brand","embeddable":true,"href":"https:\/\/snehascare.de\/en\/wp-json\/wp\/v2\/product_brand?post=7704"},{"taxonomy":"product_cat","embeddable":true,"href":"https:\/\/snehascare.de\/en\/wp-json\/wp\/v2\/product_cat?post=7704"},{"taxonomy":"product_tag","embeddable":true,"href":"https:\/\/snehascare.de\/en\/wp-json\/wp\/v2\/product_tag?post=7704"}],"curies":[{"name":"wp","href":"https:\/\/api.w.org\/{rel}","templated":true}]}}