{"id":7691,"date":"2020-05-12T18:51:27","date_gmt":"2020-05-12T16:51:27","guid":{"rendered":"https:\/\/snehacare.de\/?post_type=product&#038;p=7691"},"modified":"2024-01-14T16:47:55","modified_gmt":"2024-01-14T16:47:55","slug":"sete","status":"publish","type":"product","link":"https:\/\/snehascare.de\/en\/hund\/sete\/","title":{"rendered":"Sete"},"content":{"rendered":"<p><img fetchpriority=\"high\" decoding=\"async\" class=\"size-medium wp-image-8370 aligncenter\" src=\"http:\/\/snehascare.de\/wp-content\/uploads\/2020\/05\/Foto-08.04.22-15-59-54-300x225.jpg\" alt=\"\" width=\"300\" height=\"225\" \/><\/p>\n<p>Abschied von Sete<\/p>\n<p>Sete kam nach einem schrecklichen Unfall 2017 querschnittsgel\u00e4hmt ins Tierheim von Sneha\u2019s Care. Damals war er noch ein junger Hund, dessen unb\u00e4ndige Energie durch seine Behinderung nicht gebremst werden konnte \ud83d\udc94.<\/p>\n<p>Wie oft mussten wir ihm in den ersten Jahren die Beine verbinden, weil er sie sich wieder blutig gescheuert hatte, weil er mit einer Energie durch das Tierheim tobte, die keine R\u00fccksicht auf seine gel\u00e4hmten Beine nahm \ud83d\ude4f.<span class=\"Apple-converted-space\">\u00a0<\/span><\/p>\n<p>Er war verr\u00fcckt nach Menschen und das Gr\u00f6\u00dfte f\u00fcr ihn war, wenn sich jemand Zeit f\u00fcr ihn nahm \ud83c\udf1f.<\/p>\n<p>Umso trauriger ist es, dass er heute mit knapp 10 Jahren verstorben ist, ohne jemals die Liebe und F\u00fcrsorge eines eigenen Zuhauses gesp\u00fcrt zu haben \ud83d\udd6f\ufe0f.<span class=\"Apple-converted-space\">\u00a0<\/span><\/p>\n<p>Wir danken der Familie Burth, die Sete jahrelang als Patenhund zur Seite stand und ihm zumindest auf diese Weise Halt geben konnte \ud83c\udf3b.<\/p>\n<p>Run Free Sete \ud83d\udc3e\ud83c\udf08<\/p>\n<hr \/>\n<p>&nbsp;<\/p>\n<p><span style=\"font-family: arial, helvetica, sans-serif;\" data-tt=\"{}\">Hallo mein Name ist Sete, <\/span><\/p>\n<p>&nbsp;<\/p>\n<p><span style=\"font-family: arial, helvetica, sans-serif;\" data-tt=\"{}\">2017 hatte ich einen schlimmen Autounfall. Niemand rechnete damit, dass ich das \u00fcberleben oder mich davon je erholen k\u00f6nnte. Unterkriegen lasse ich mich aber nicht. Auch Sneha&#8217;s Care gab mich nicht auf. Meine Hinterl\u00e4ufe werden ich zwar nie wieder bewegen k\u00f6nnen, aber hier kann ich einen der Rollst\u00fchle nutzen. Damit kann ich endlich wieder spielen und toben. Ich liebe es mit den anderen Hund um die Wette zu Laufen oder besser gesagt zu Rollen. Ich bin sehr neugierig, quierlig, aufmerksam und verspielt. Ein richtiges Kraftb\u00fcndel. Ich genie\u00dfe es sehr, wenn mich Besucher kraulen und ich dabei in der Sonne entspannen kann. <\/span><\/p>\n<p>&nbsp;<\/p>\n<p><span style=\"font-family: arial, helvetica, sans-serif;\" data-tt=\"{}\">Gerne h\u00e4tte ich nat\u00fcrlich einen lieben Menschen, der mit mir durch das Leben geht. Aber ein Hund in meinem Zustand findet kein Zuhause mehr. <\/span><\/p>\n<p><span style=\"font-family: arial, helvetica, sans-serif;\" data-tt=\"{&quot;paragraphStyle&quot;:{&quot;alignment&quot;:4,&quot;writingDirection&quot;:1}}\">Andere sehen in mir nur ein wertloses behindertes Tier, das man einschl\u00e4fern sollte. Einen verkr\u00fcppelten Hund, der kein lebenswertes Leben hat. <\/span><\/p>\n<p><span style=\"font-family: arial, helvetica, sans-serif;\">Aber mein Leben ist wertvoll! F\u00fcr mich! <\/span><\/p>\n<p><span style=\"font-family: arial, helvetica, sans-serif;\">Ich sehe in mir einen \u00dcberlebensk\u00e4mpfer.\u00a0 Der trotz seines Unfalls leben m\u00f6chte. Der Spielen, Laufen, Toben will.<br \/>\n<\/span><\/p>\n<p><span style=\"font-family: arial, helvetica, sans-serif;\" data-tt=\"{&quot;paragraphStyle&quot;:{&quot;alignment&quot;:4,&quot;writingDirection&quot;:1}}\">Der Unfall nahm mir meine Beine. Nicht meine Freude am Leben! Ich liebe es zu spielen, zu laufen, \u00fcberall zu schn\u00fcffeln. Das alles kann ich wieder mit einem Rollstuhl. <\/span><\/p>\n<p>&nbsp;<\/p>\n<p><span style=\"font-family: arial, helvetica, sans-serif;\" data-tt=\"{}\">Hier im Heim genie\u00dfe ich jede Zuneigung und jede M\u00f6glichkeit mit meinem Rollstuhl durch den Au\u00dfenbereich zu toben. <\/span><\/p>\n<p>&nbsp;<\/p>\n<p><span style=\"font-family: arial, helvetica, sans-serif;\" data-tt=\"{}\">Ehrenamtlerin Nicole hat mich kennen und offensichtlich lieben gelernt, denn sie ist meine Patin geworden. Daf\u00fcr bin ich dankbar. <\/span><\/p>\n<p>&nbsp;<\/p>\n<p><span style=\"font-family: arial, helvetica, sans-serif;\" data-tt=\"{}\">&#8212;&#8212;&#8212;&#8212;&#8212;&#8212;&#8212;&#8212;&#8212;&#8212;&#8211; <\/span><\/p>\n<p><span style=\"font-family: arial, helvetica, sans-serif;\" data-tt=\"{}\">Hello my name is Sete <\/span><\/p>\n<p>&nbsp;<\/p>\n<p><span style=\"font-family: arial, helvetica, sans-serif;\" data-tt=\"{}\">I was the victim of a terrible car accident in 2017. Nobody thought i could survive or recover from it. But i am stronger. Sneha&#8217;s Care didn&#8217;t give up on me either. I will never be able to move my hind legs again, but here I can use one of the wheelchairs. With that I can finally play and romp again. I love to race with the other dogs. I am very curious, queasy, attentive and playful. A real bundle of strength. I really enjoy it when visitors scratch me and I can relax in the sun. <\/span><\/p>\n<p>&nbsp;<\/p>\n<pre id=\"tw-target-text\" class=\"tw-data-text tw-text-large tw-ta\" dir=\"ltr\" data-placeholder=\"\u00dcbersetzung\"><span lang=\"en\" style=\"font-family: arial, helvetica, sans-serif;\">Of course I would like to have a dear person who goes through life with me. But a dog in my condition can no longer find a home.\r\nOthers only see me as a worthless disabled animal that should be put to sleep. A crippled dog that has no life worth living.\r\n<span lang=\"en\">But my life is valuable! To me!<\/span>\r\nI see myself as a survivor. Who wants to live despite his accident. Who wants to play, run, run around.\r\nThe accident took my legs. Not my joy in life! I love to play, run, sniff everywhere. I can do all of this again with a wheelchair.<\/span><\/pre>\n<p>&nbsp;<\/p>\n<p><span style=\"font-family: arial, helvetica, sans-serif;\" data-tt=\"{}\">Here in the shelter, I enjoy every affection and every opportunity to romp around outside with my wheelchair. <\/span><\/p>\n<p>&nbsp;<\/p>\n<p><span style=\"font-family: arial, helvetica, sans-serif;\" data-tt=\"{}\">Volunteer Nicole got to know me and obviously learned to love me so she has become my sponsor. I am grateful for that.<\/span><\/p>","protected":false},"excerpt":{"rendered":"<p><span data-tt=\"{}\">Geschlecht:\u00a0 m\u00e4nnlich <\/span><\/p>\n<p><span data-tt=\"{}\">Geboren: ca. 2014<\/span><\/p>\n<p>Verstorben: 11.01.2024<\/p>\n<p><span data-tt=\"{}\">Colour: White<\/span><\/p>","protected":false},"featured_media":8370,"template":"","meta":[],"product_brand":[],"product_cat":[64],"product_tag":[],"class_list":{"0":"post-7691","1":"product","2":"type-product","3":"status-publish","4":"has-post-thumbnail","6":"product_cat-verstorben","8":"first","9":"instock","10":"shipping-taxable","11":"product-type-simple"},"_links":{"self":[{"href":"https:\/\/snehascare.de\/en\/wp-json\/wp\/v2\/product\/7691","targetHints":{"allow":["GET"]}}],"collection":[{"href":"https:\/\/snehascare.de\/en\/wp-json\/wp\/v2\/product"}],"about":[{"href":"https:\/\/snehascare.de\/en\/wp-json\/wp\/v2\/types\/product"}],"wp:featuredmedia":[{"embeddable":true,"href":"https:\/\/snehascare.de\/en\/wp-json\/wp\/v2\/media\/8370"}],"wp:attachment":[{"href":"https:\/\/snehascare.de\/en\/wp-json\/wp\/v2\/media?parent=7691"}],"wp:term":[{"taxonomy":"product_brand","embeddable":true,"href":"https:\/\/snehascare.de\/en\/wp-json\/wp\/v2\/product_brand?post=7691"},{"taxonomy":"product_cat","embeddable":true,"href":"https:\/\/snehascare.de\/en\/wp-json\/wp\/v2\/product_cat?post=7691"},{"taxonomy":"product_tag","embeddable":true,"href":"https:\/\/snehascare.de\/en\/wp-json\/wp\/v2\/product_tag?post=7691"}],"curies":[{"name":"wp","href":"https:\/\/api.w.org\/{rel}","templated":true}]}}