{"id":7687,"date":"2020-05-12T14:38:15","date_gmt":"2020-05-12T12:38:15","guid":{"rendered":"https:\/\/snehacare.de\/?post_type=product&#038;p=7687"},"modified":"2025-09-09T16:07:24","modified_gmt":"2025-09-09T16:07:24","slug":"jasmine","status":"publish","type":"product","link":"https:\/\/snehascare.de\/en\/hund\/jasmine\/","title":{"rendered":"Jasmine"},"content":{"rendered":"<p><img fetchpriority=\"high\" decoding=\"async\" class=\"size-medium wp-image-8371 aligncenter\" src=\"http:\/\/snehascare.de\/wp-content\/uploads\/2020\/05\/Foto-04.09.20-06-46-02-292x300.jpg\" alt=\"\" width=\"292\" height=\"300\" \/><\/p>\n<p>&nbsp;<\/p>\n<p><em><strong>\ud83c\udf08\u00a0 In liebevoller Erinnerung an unsere Freigeistin Jasmine<\/strong><\/em><\/p>\n<p>Jasmine war ein ganz besonderer Hund \u2013 eine echte Freigeistin. Sie lie\u00df sich nie einsperren, suchte stets ihre eigenen Wege und liebte ihre Freiheit \u00fcber alles. Mit ihrem stolzen, unabh\u00e4ngigen Wesen hat sie uns gezeigt, wie wichtig es ist, den eigenen Raum und die eigenen Bed\u00fcrfnisse zu wahren.<\/p>\n<p>Nun mussten wir uns von ihr verabschieden, da ihre Nieren versagten und ihr K\u00f6rper zu m\u00fcde wurde. Doch wir sind dankbar, dass sie in Frieden gehen durfte \u2013 nach einem Leben, das trotz aller Herausforderungen von F\u00fcrsorge, Liebe und Freiheit gepr\u00e4gt war.<\/p>\n<p>Wir hoffen von Herzen, dass Jasmine nun am Ende der Regenbogenbr\u00fccke ihre vollkommene Freiheit gefunden hat \u2013 frei von Schmerz, frei von Grenzen, so wie sie es immer geliebt hat.<\/p>\n<p>Unser Dank gilt besonders ihrer Patin Ute, die Jasmine viele Jahre lang unterst\u00fctzte und ihr damit ein Leben in Sicherheit, medizinischer Versorgung und Geborgenheit erm\u00f6glichte.<\/p>\n<p>Jasmine wird immer als Freigeist in unserer Erinnerung weiterleben.<\/p>\n<p>&nbsp;<\/p>\n<p>&nbsp;<\/p>\n<p>\ud83c\udf08<em><strong> In loving memory of our free spirit Jasmine<\/strong><\/em><\/p>\n<p>Jasmine was truly unique \u2013 a free spirit at heart. She never allowed herself to be confined, always chose her own path, and cherished her freedom above all. With her proud and independent nature, she reminded us of the importance of respecting space and individuality.<\/p>\n<p>Recently, we had to say goodbye, as her kidneys failed and her body grew too tired. Yet we are grateful that she could leave peacefully, after a life shaped by care, love, and above all, the freedom she so deeply valued.<\/p>\n<p>We like to believe that Jasmine has now found complete freedom at the end of the Rainbow Bridge \u2013 free from pain, free from limits, living as the free soul she always was.<\/p>\n<p>Our heartfelt thanks go to her sponsor Ute, whose years of support gave Jasmine safety, medical care, and nourishment throughout her journey.<\/p>\n<p>Jasmine will forever remain in our hearts as a true free spirit.<\/p>\n<p>&nbsp;<\/p>\n<p>&#8212;&#8212;&#8212;&#8212;&#8212;<\/p>\n<p><span data-tt=\"{}\">Hallo mein Name ist Jasmine. <\/span><\/p>\n<p>&nbsp;<\/p>\n<p><span data-tt=\"{}\">Vor langer Zeit lebte ich bei Boudhanath. Ich wurde dort st\u00e4ndig von R\u00fcden bedr\u00e4ngt und in Revierk\u00e4mpfe verwickelt. Ich wurde deshalb sterilisiert. Nach der OP k\u00fcmmerte sich eine liebe Volunteer, Laura, um mich. Sie brachte mich auch zu Sneha&#8217;s Care. <\/span><\/p>\n<p>&nbsp;<\/p>\n<p><span data-tt=\"{}\">Ich bin eine wilde, mutige und clevere H\u00fcndin und lebe unter Aufsicht von Sneha&#8217;s Care au\u00dferhalb des Tierheims. Ich muss mich bewegen, die Gegend erkunden, frei sein, Laufen. Ich kann einfach nicht im Tierheim leben. Ich springe wenn es sein muss, sogar \u00fcber den 7Meter hohen (Tierheim-)Zaun. Ich bin froh, dass Sneha&#8217;s Care Team das respektiert. Denn ich bleibe immer in der Umgebung des Tierheims. Das ist nun mein Zuhause. Die Menschen von Sneha&#8217;s Care besuche ich hin und wieder im B\u00fcro, das sich au\u00dferhalb des Tierheims befindet. Hier werde ich auch 2x t\u00e4glich gef\u00fcttert und versorgt.\u00a0<\/span><\/p>\n<p>&nbsp;<\/p>\n<p><span data-tt=\"{}\">Mit den anderen Hunden bin ich nicht so gerne zusammen. Am liebsten bin ich n\u00e4mlich bei den K\u00fchen. So hatte ich eine ganz besondere Verbindung zu einem jungen Kalb. Als es krank war, blieb ich Tag und Nacht bei ihm. Ich mag die K\u00fche hier sehr, bin gerne bei ihnen. <\/span><\/p>\n<p>Ich habe mit Ute eine tolle Patin gefunden. DANKE!<\/p>\n<p>&nbsp;<\/p>\n<p>&nbsp;<\/p>\n<p><span data-tt=\"{}\">&#8212;&#8212;&#8212;&#8212;&#8212;&#8212;&#8212;&#8211; <\/span><\/p>\n<p><span data-tt=\"{}\">Hello my name is Jasmine. <\/span><\/p>\n<p>&nbsp;<\/p>\n<p><span data-tt=\"{}\">I lived at Boudhanath a long time ago. I was constantly beset by male dogs there and engaged in territorial fights. I was therefore sterilized. After the operation, a lovely volunteer, Laura, took care of me. She also brought me to Sneha&#8217;s Care. <\/span><\/p>\n<p>&nbsp;<\/p>\n<p><span data-tt=\"{}\">I am a wild, brave and clever dog and live outside the shelter under the care of Sneha&#8217;s Care. I have to move, explore the area, be free, run. I just cannot live in the shelter. I jump even over the 7m high (shelter) fence. I&#8217;m glad Sneha&#8217;s Care Team respects my personality. Outside they feed me twice a day and look after me. Because I always stay in the area of the shelter. This is my home. I occasionally visit Sneha&#8217;s Care people in the office, which is outside the shelter.\u00a0<\/span><\/p>\n<p>&nbsp;<\/p>\n<p><span data-tt=\"{}\">I don&#8217;t like being with the other dogs. I prefer to be with the cows. I had a very special connection to a young calf. When it was sick, I stayed with him day and night. I really like the cows here, I like being with them.<\/span><\/p>\n<p>&nbsp;<\/p>\n<p><span data-tt=\"{&quot;fontHints&quot;:1}\">Bank Account Sneha's Care Deutschland e.V. <\/span><\/p>\n<p><span data-tt=\"{&quot;fontHints&quot;:1}\">Germany - Bank f\u00fcr Sozialwirtschaft <\/span><\/p>\n<p><span data-tt=\"{&quot;fontHints&quot;:1}\">IBAN: DE34 5502 0500 0001 6055 00 | BIC: BFSWDE33MNZ<\/span><\/p>","protected":false},"excerpt":{"rendered":"<p><span data-tt=\"{}\">Geschlecht:\u00a0 weiblich <\/span><\/p>\n<p><span data-tt=\"{}\">Geboren: unbekannt (gefunden 13.10.2017)<\/span><\/p>\n<p>Verstorben: 09.09.2025<\/p>\n<p><span data-tt=\"{}\">Colour: Brown <\/span><\/p>","protected":false},"featured_media":8371,"template":"","meta":[],"product_brand":[],"product_cat":[64],"product_tag":[],"class_list":{"0":"post-7687","1":"product","2":"type-product","3":"status-publish","4":"has-post-thumbnail","6":"product_cat-verstorben","8":"first","9":"instock","10":"shipping-taxable","11":"product-type-simple"},"_links":{"self":[{"href":"https:\/\/snehascare.de\/en\/wp-json\/wp\/v2\/product\/7687","targetHints":{"allow":["GET"]}}],"collection":[{"href":"https:\/\/snehascare.de\/en\/wp-json\/wp\/v2\/product"}],"about":[{"href":"https:\/\/snehascare.de\/en\/wp-json\/wp\/v2\/types\/product"}],"wp:featuredmedia":[{"embeddable":true,"href":"https:\/\/snehascare.de\/en\/wp-json\/wp\/v2\/media\/8371"}],"wp:attachment":[{"href":"https:\/\/snehascare.de\/en\/wp-json\/wp\/v2\/media?parent=7687"}],"wp:term":[{"taxonomy":"product_brand","embeddable":true,"href":"https:\/\/snehascare.de\/en\/wp-json\/wp\/v2\/product_brand?post=7687"},{"taxonomy":"product_cat","embeddable":true,"href":"https:\/\/snehascare.de\/en\/wp-json\/wp\/v2\/product_cat?post=7687"},{"taxonomy":"product_tag","embeddable":true,"href":"https:\/\/snehascare.de\/en\/wp-json\/wp\/v2\/product_tag?post=7687"}],"curies":[{"name":"wp","href":"https:\/\/api.w.org\/{rel}","templated":true}]}}