{"id":7675,"date":"2020-05-02T15:51:21","date_gmt":"2020-05-02T13:51:21","guid":{"rendered":"https:\/\/snehacare.de\/?post_type=product&#038;p=7675"},"modified":"2022-05-29T16:14:22","modified_gmt":"2022-05-29T16:14:22","slug":"nunca","status":"publish","type":"product","link":"https:\/\/snehascare.de\/en\/hund\/nunca\/","title":{"rendered":"Nunca"},"content":{"rendered":"<p><img fetchpriority=\"high\" decoding=\"async\" class=\"size-medium wp-image-8373 aligncenter\" src=\"http:\/\/snehascare.de\/wp-content\/uploads\/2020\/05\/2019-10-08-10.54.34-300x225.jpg\" alt=\"\" width=\"300\" height=\"225\" \/><\/p>\n<p><span data-tt=\"{&quot;paragraphStyle&quot;:{&quot;alignment&quot;:4,&quot;writingDirection&quot;:1}}\">Vom Tag meiner Geburt an musste ich k\u00e4mpfen. Darum, einen sicheren Platz zu finden, wo ich schlafen konnte. Darum, wenigstens ein wenig Futter zu finden, das mich durch die Woche brachte. Darum, zu \u00fcberleben. <\/span><\/p>\n<p>&nbsp;<\/p>\n<p><span data-tt=\"{&quot;paragraphStyle&quot;:{&quot;alignment&quot;:4,&quot;writingDirection&quot;:1}}\">Als ich \u00e4lter wurde, wurde der Kampf nur noch schwerer. Die ganze Region suchte ich nach Futter ab. Aber die Menschen jagten mich weg, schlugen mich, \u00fcbergossen mich mit Wasser, um mich zu verscheuchen. Mitten im k\u00e4ltesten Winter wurde ich von einem durch das Dorf rasende Auto so heftig erfasst, dass eines meiner Vorderbeine nur noch an einer Sehne hing. Ich humpelte mit letzter Kraft und voller Schmerzen unter einen Busch, erf\u00fcllt von Angst, erneut von Menschen verletzt und geschlagen zu werden. <\/span><\/p>\n<p>&nbsp;<\/p>\n<p><span data-tt=\"{&quot;paragraphStyle&quot;:{&quot;alignment&quot;:4,&quot;writingDirection&quot;:1}}\">Dort fand mich im Mai 2018 Sneha\u2018s Team. Sie nahmen mich mit und mein Bein musste amputiert werden. Es war lebensgef\u00e4hrlich infiziert und von Maden durchl\u00f6chert. Der Tierarzt sch\u00e4tzte, dass ich wohl ungef\u00e4hr seit 1,5 Monaten so herumgelaufen war. Ein Wunder, dass ich dies \u00fcberlebt hatte! <\/span><\/p>\n<p>&nbsp;<\/p>\n<p><span data-tt=\"{&quot;paragraphStyle&quot;:{&quot;alignment&quot;:4,&quot;writingDirection&quot;:1}}\">Bei Sneha&#8217;s Care wurde ich behandelt und es ging mir wieder besser. Aber ich will noch sehr viel allein sein. Halte mich lieber im hinteren Teil des Tierheims auf, brauche viel Ruhe und Abstand zu den anderen Hunden und auch Menschen. <\/span><\/p>\n<p>&nbsp;<\/p>\n<p><span data-tt=\"{&quot;paragraphStyle&quot;:{&quot;alignment&quot;:4,&quot;writingDirection&quot;:1}}\">Sneha\u2019s Care Deutschland durfte meinen Namen aussuchen. Sie tauften mich Nunca. Nunca hei\u00dft niemals. Der, der niemals aufgibt. <\/span><\/p>\n<p>&nbsp;<\/p>\n<p>Mit Sandra habe ich eine liebe Patin gefunden und sage DANKE!<\/p>\n<p>&nbsp;<\/p>\n<p><span data-tt=\"{}\">&#8212;&#8212;&#8212;- <\/span><\/p>\n<p><span data-tt=\"{}\">I had to fight from the day I was born. About finding a safe place to sleep. About finding at least some food that got me through the week. To survive. <\/span><\/p>\n<p>&nbsp;<\/p>\n<p><span data-tt=\"{}\">As I got older, the fight only got more difficult. I searched the whole region for food. But people chased me away, hit me, poured water on me to scare me away. In the middle of the coldest winter I was hit so violently by a car racing through the village that one of my front legs was only attached to a tendon. I hobbled under a bush with my last strength and in pain, terrified of being hurt and beaten again by people. <\/span><\/p>\n<p>&nbsp;<\/p>\n<p><span data-tt=\"{}\">There Sneha&#8217;s team found me in May 2018. They took me and my leg had to be amputated. It was critically infected and perforated by maggots. The vet estimated that I had been walking around like this for about 1.5 months. It&#8217;s a miracle that I survived! <\/span><\/p>\n<p>&nbsp;<\/p>\n<p><span data-tt=\"{}\">I was treated at Sneha&#8217;s Care and I felt better. But I still want to be alone a lot. Like to stay in the back of the shelter, need a lot of rest and distance from the other dogs and people. <\/span><\/p>\n<p>&nbsp;<\/p>\n<p><span data-tt=\"{}\">Sneha\u2019s Care Germany was allowed to choose my name. They named me Nunca. Nunca means never. The one that never gives up. <\/span><\/p>\n<p>&nbsp;<\/p>\n<p>With Sandra I found a lovely sponsor and say THANK YOU!<\/p>","protected":false},"excerpt":{"rendered":"<p><span data-tt=\"{}\">Geschlecht:\u00a0 m\u00e4nnlich <\/span><\/p>\n<p><span data-tt=\"{}\">Geboren: unbekannt (gefunden Mai 2018) <\/span><\/p>\n<p><span data-tt=\"{}\">Farbe: hellbraun<\/span><\/p>","protected":false},"featured_media":8373,"template":"","meta":[],"product_brand":[],"product_cat":[63],"product_tag":[],"class_list":{"0":"post-7675","1":"product","2":"type-product","3":"status-publish","4":"has-post-thumbnail","6":"product_cat-paten-gefunden","8":"first","9":"instock","10":"shipping-taxable","11":"product-type-simple"},"_links":{"self":[{"href":"https:\/\/snehascare.de\/en\/wp-json\/wp\/v2\/product\/7675","targetHints":{"allow":["GET"]}}],"collection":[{"href":"https:\/\/snehascare.de\/en\/wp-json\/wp\/v2\/product"}],"about":[{"href":"https:\/\/snehascare.de\/en\/wp-json\/wp\/v2\/types\/product"}],"wp:featuredmedia":[{"embeddable":true,"href":"https:\/\/snehascare.de\/en\/wp-json\/wp\/v2\/media\/8373"}],"wp:attachment":[{"href":"https:\/\/snehascare.de\/en\/wp-json\/wp\/v2\/media?parent=7675"}],"wp:term":[{"taxonomy":"product_brand","embeddable":true,"href":"https:\/\/snehascare.de\/en\/wp-json\/wp\/v2\/product_brand?post=7675"},{"taxonomy":"product_cat","embeddable":true,"href":"https:\/\/snehascare.de\/en\/wp-json\/wp\/v2\/product_cat?post=7675"},{"taxonomy":"product_tag","embeddable":true,"href":"https:\/\/snehascare.de\/en\/wp-json\/wp\/v2\/product_tag?post=7675"}],"curies":[{"name":"wp","href":"https:\/\/api.w.org\/{rel}","templated":true}]}}