{"id":6139,"date":"2020-02-04T18:00:39","date_gmt":"2020-02-04T16:00:39","guid":{"rendered":"https:\/\/snehacare.de\/?post_type=product&#038;p=6139"},"modified":"2022-05-18T15:57:26","modified_gmt":"2022-05-18T15:57:26","slug":"elie","status":"publish","type":"product","link":"https:\/\/snehascare.de\/en\/hund\/elie\/","title":{"rendered":"Elie"},"content":{"rendered":"<p><img fetchpriority=\"high\" decoding=\"async\" class=\"size-medium wp-image-8376 aligncenter\" src=\"http:\/\/snehascare.de\/wp-content\/uploads\/2020\/02\/Foto-17.07.21-15-31-00-300x300.jpg\" alt=\"\" width=\"300\" height=\"300\" srcset=\"https:\/\/snehascare.de\/wp-content\/uploads\/2020\/02\/Foto-17.07.21-15-31-00-300x300.jpg 300w, https:\/\/snehascare.de\/wp-content\/uploads\/2020\/02\/Foto-17.07.21-15-31-00-150x150.jpg 150w, https:\/\/snehascare.de\/wp-content\/uploads\/2020\/02\/Foto-17.07.21-15-31-00-768x767.jpg 768w, https:\/\/snehascare.de\/wp-content\/uploads\/2020\/02\/Foto-17.07.21-15-31-00-650x650.jpg 650w, https:\/\/snehascare.de\/wp-content\/uploads\/2020\/02\/Foto-17.07.21-15-31-00-600x599.jpg 600w, https:\/\/snehascare.de\/wp-content\/uploads\/2020\/02\/Foto-17.07.21-15-31-00-100x100.jpg 100w, https:\/\/snehascare.de\/wp-content\/uploads\/2020\/02\/Foto-17.07.21-15-31-00.jpg 828w\" sizes=\"(max-width: 300px) 100vw, 300px\" \/><\/p>\n<p class=\"p1\"><span class=\"s1\">In Gedenken an unsere Elie: <\/span><\/p>\n<p>Wir verabschieden uns mit schwerem Herzen von unserem Sonnenschein, unserer Elie. Sie war gerade einmal drei Jahr alt. Sie litt unter Nierenversagen.<\/p>\n<p>Elie hat ihr Leben gelebt, wie jeder es tun sollte. Es war nicht immer leicht, aber jeden sch\u00f6nen Moment hat sie ausgiebig genossen. Unsere Elie war frech, unbek\u00fcmmert, fr\u00f6hlich und aufgeweckt. Es war unm\u00f6glich den fr\u00f6hlich Frechdachs anzusehen und dabei nicht zu l\u00e4cheln. Sie hat uns immer wieder zum Spielen und Lachen animiert.<\/p>\n<p>&nbsp;<\/p>\n<p>Ihr Verlust schmerzt sehr, wir werden Elie und ihre gute Laune sehr vermissen!<\/p>\n<p>Gute Reise kleiner Sonnenschein \u00fcber die Regenbogenbr\u00fccke, du fehlst !<\/p>\n<p>Wir danken der lieben Arlette, die Elie als Patin auf ihrem Weg begleitet hat!<\/p>\n<p>\u2014\u2014\u2014\u2014\u2014\u2014\u2014\u2014\u2014\u2014\u2014\u2014\u2014\u2014\u2014\u2014\u2014\u2014\u2014\u2014\u2014\u2014\u2014\u2014\u2014\u2014<\/p>\n<p>In memory of our Elie:<\/p>\n<p>We say goodbye to our sunshine, our Elie, with a heavy heart. She was just three years old. She suffered from kidney failure.<\/p>\n<p>Elie lived her life like everyone should. It wasn&#8217;t always easy, but she thoroughly enjoyed every beautiful moment. Our Elie was cheeky, carefree, happy and bright. It was impossible to look at the cheerful happy Elie and not smile at the same time. She encouraged us to play and laugh.<\/p>\n<p>&nbsp;<\/p>\n<p>Her loss hurts a lot, we will miss her and her good mood very much!<\/p>\n<p>Have a good trip little sunshine over the rainbow brigde, we miss you!<\/p>\n<p>We thank the dear Arlette, who accompanied her as a sponsor on her way!<\/p>\n<p>\u2014\u2014\u2014\u2014\u2014\u2014\u2014\u2014\u2014\u2014\u2014\u2014\u2014\u2014\u2014\u2014\u2014\u2014\u2014\u2014\u2014\u2014\u2014\u2014\u2014\u2014\u2014\u2014\u2014\u2014\u2014\u2014\u2014\u2014-\u2014\u2014<\/p>\n<p>\u2014\u2014\u2014\u2014\u2014\u2014\u2014\u2014\u2014\u2014\u2014\u2014\u2014\u2014\u2014\u2014\u2014\u2014\u2014\u2014\u2014\u2014\u2014\u2014\u2014\u2014\u2014\u2014\u2014\u2014\u2014\u2014\u2014\u2014\u2014\u2014<\/p>\n<p class=\"p1\"><span class=\"s1\">Hallo mein Name ist Elie,<\/span><\/p>\n<p>&nbsp;<\/p>\n<p class=\"p1\"><span class=\"s1\">ca. 35 km von Kathmandu enfernt verlor ich bei einem Autounfall einen Teil meines Vorderfu\u00dfes. Die Wunde war infiziert. Ich wurde zu meinem Gl\u00fcck von Sneha\u2019s Care gerettet. Aufgrund einer Infektion musste auch der verbleibende Stumpf amputiert werden.<\/span><\/p>\n<p>&nbsp;<\/p>\n<p class=\"p1\"><span class=\"s1\">Inzwischen geht es mir wieder gut.<\/span><\/p>\n<p>&nbsp;<\/p>\n<p class=\"p1\"><span class=\"s1\">Jetzt h\u00fcpfe ich eben als Dreibein durch die Gegend. Denn dass ich nur drei Beine habe st\u00f6rt mich nicht.<\/span><\/p>\n<p>&nbsp;<\/p>\n<p class=\"p1\"><span class=\"s1\">Wer mich kennt w\u00fcrde mich als quirligen, frechen Sonnenschein gut beschreiben. Ich liebe es zu spielen und zu toben und genie\u00dfe jede Aufmerksamkeit ausgiebig. <\/span><\/p>\n<p>&nbsp;<\/p>\n<p class=\"p1\"><span class=\"s1\">Aufgrund meiner Behinderung habe ich keine Chance auf eine Vermittlung.<\/span><\/p>\n<p>&nbsp;<\/p>\n<p class=\"p1\"><span class=\"s1\">Grund Tr\u00fcbsal zu blasen?! Nicht f\u00fcr mich, ich genie\u00dfe jede gute Sekunde meines Lebens!<\/span><\/p>\n<p>&nbsp;<\/p>\n<p>In Arlette habe ich eine ganz liebe Patin gefunden. Dar\u00fcber freue ich mich sehr und sage DANKE !<\/p>\n<p>&nbsp;<\/p>\n<p class=\"p1\"><span class=\"s1\">\u2014\u2014\u2014\u2014\u2014\u2014\u2014\u2014-<\/span><\/p>\n<p class=\"p1\"><span class=\"s1\">Hello my name is Elie,<\/span><\/p>\n<p class=\"p1\"><span class=\"s1\">about 35 km far from Kathmandu I lost part of my forefoot in a car accident. The wound was infected. Luckily, I was saved by Sneha\u2019s Care. The remaining stump had to be amputated due to an infection.<\/span><\/p>\n<p class=\"p1\"><span class=\"s1\">I&#8217;m fine now.<\/span><\/p>\n<p class=\"p1\"><span class=\"s1\">With three legs i still jump around the area. That I only have three legs doesn&#8217;t bother me. <\/span><\/p>\n<p class=\"p1\"><span class=\"s1\">Anyone who knows me would describe me as lively, cheeky sunshine. I love to play and romp and enjoy every attention extensively.<\/span><\/p>\n<p class=\"p1\"><span class=\"s1\">Because of my disability, I have no chance of finding a home.<\/span><\/p>\n<p class=\"p1\"><span class=\"s1\">A reason to be sad about ?! Not for me, I enjoy every good second of my life!<\/span><\/p>\n<p>I found a lovely sponsor in Arlette. I am very happy about that and say THANK YOU!<\/p>\n<p>&nbsp;<\/p>","protected":false},"excerpt":{"rendered":"<p class=\"p1\"><span class=\"s1\">Geschlecht:<span class=\"Apple-converted-space\">\u00a0 <\/span>weiblich<\/span><\/p>\n<p class=\"p1\"><span class=\"s1\">Born: 2018<\/span><\/p>\n<p>Verstorben: Juli 2021<\/p>\n<p class=\"p1\"><span class=\"s1\">Farbe: hellbraun<\/span><\/p>","protected":false},"featured_media":8376,"template":"","meta":[],"product_brand":[],"product_cat":[64],"product_tag":[],"class_list":{"0":"post-6139","1":"product","2":"type-product","3":"status-publish","4":"has-post-thumbnail","6":"product_cat-verstorben","8":"first","9":"instock","10":"shipping-taxable","11":"product-type-simple"},"_links":{"self":[{"href":"https:\/\/snehascare.de\/en\/wp-json\/wp\/v2\/product\/6139","targetHints":{"allow":["GET"]}}],"collection":[{"href":"https:\/\/snehascare.de\/en\/wp-json\/wp\/v2\/product"}],"about":[{"href":"https:\/\/snehascare.de\/en\/wp-json\/wp\/v2\/types\/product"}],"wp:featuredmedia":[{"embeddable":true,"href":"https:\/\/snehascare.de\/en\/wp-json\/wp\/v2\/media\/8376"}],"wp:attachment":[{"href":"https:\/\/snehascare.de\/en\/wp-json\/wp\/v2\/media?parent=6139"}],"wp:term":[{"taxonomy":"product_brand","embeddable":true,"href":"https:\/\/snehascare.de\/en\/wp-json\/wp\/v2\/product_brand?post=6139"},{"taxonomy":"product_cat","embeddable":true,"href":"https:\/\/snehascare.de\/en\/wp-json\/wp\/v2\/product_cat?post=6139"},{"taxonomy":"product_tag","embeddable":true,"href":"https:\/\/snehascare.de\/en\/wp-json\/wp\/v2\/product_tag?post=6139"}],"curies":[{"name":"wp","href":"https:\/\/api.w.org\/{rel}","templated":true}]}}