{"id":5880,"date":"2020-01-23T19:42:25","date_gmt":"2020-01-23T17:42:25","guid":{"rendered":"https:\/\/snehacare.de\/?post_type=product&#038;p=5880"},"modified":"2022-05-29T16:48:48","modified_gmt":"2022-05-29T16:48:48","slug":"billy","status":"publish","type":"product","link":"https:\/\/snehascare.de\/en\/hund\/billy\/","title":{"rendered":"Billy"},"content":{"rendered":"<div class=\"buofh1pr\">\n<div class=\"j83agx80 cbu4d94t ew0dbk1b irj2b8pg\">\n<div class=\"qzhwtbm6 knvmm38d\"><img fetchpriority=\"high\" decoding=\"async\" class=\"size-medium wp-image-8378 aligncenter\" src=\"http:\/\/snehascare.de\/wp-content\/uploads\/2020\/01\/Foto-29.07.20-08-22-00-225x300.jpg\" alt=\"\" width=\"225\" height=\"300\" \/><\/div>\n<\/div>\n<\/div>\n<div class=\"nqmvxvec j83agx80 jnigpg78 cxgpxx05 dflh9lhu sj5x9vvc scb9dxdr odw8uiq3\"><\/div>\n<div class=\"\" dir=\"auto\">\n<div id=\"jsc_c_9v\" class=\"ecm0bbzt hv4rvrfc ihqw7lf3 dati1w0a\" data-ad-comet-preview=\"message\" data-ad-preview=\"message\">\n<div class=\"j83agx80 cbu4d94t ew0dbk1b irj2b8pg\">\n<div class=\"qzhwtbm6 knvmm38d\">\n<div class=\"kvgmc6g5 cxmmr5t8 oygrvhab hcukyx3x c1et5uql ii04i59q\">\n<div dir=\"auto\"><span class=\"q9uorilb tbxw36s4 knj5qynh kvgmc6g5 ditlmg2l oygrvhab nvdbi5me fgm26odu gl3lb2sf hhz5lgdu\"><img decoding=\"async\" src=\"https:\/\/static.xx.fbcdn.net\/images\/emoji.php\/v9\/te7\/1\/16\/1f494.png\" alt=\"\" width=\"16\" height=\"16\" \/><\/span> Auf Wiedersehen, lieber Billy.<\/div>\n<\/div>\n<div class=\"o9v6fnle cxmmr5t8 oygrvhab hcukyx3x c1et5uql ii04i59q\">\n<div dir=\"auto\">Nach Krankheit mussten wir von dir mit schwerem Herzen Abschied nehmen. Wir werden dich vermissen, unseren ruhigen und lieben Billy, der jeden Sonnenstrahl ausgiebig geno\u00df. Unseren sanften Billy, der sich nie aus der Ruhe bringen lie\u00df. Deine sch\u00f6nen Augen und dein lieber Blick wird uns sehr fehlen.<\/div>\n<\/div>\n<div class=\"o9v6fnle cxmmr5t8 oygrvhab hcukyx3x c1et5uql ii04i59q\">\n<div dir=\"auto\">Ruhe in Frieden sanfter Billy! Wir hoffe auf der anderen Seite des Regenbogens warten viele Sonnenstrahlen, gr\u00fcne Wiesen und Leckerlies auf dich.<\/div>\n<\/div>\n<div class=\"o9v6fnle cxmmr5t8 oygrvhab hcukyx3x c1et5uql ii04i59q\">\n<div dir=\"auto\">Wir danken der lieben Petra, die ihn als Patin begleitet hat!<\/div>\n<\/div>\n<div class=\"o9v6fnle cxmmr5t8 oygrvhab hcukyx3x c1et5uql ii04i59q\">\n<div dir=\"auto\">\u2014\u2014\u2014\u2014\u2014\u2014\u2014\u2014-<\/div>\n<\/div>\n<div class=\"o9v6fnle cxmmr5t8 oygrvhab hcukyx3x c1et5uql ii04i59q\">\n<div dir=\"auto\"><span class=\"q9uorilb tbxw36s4 knj5qynh kvgmc6g5 ditlmg2l oygrvhab nvdbi5me fgm26odu gl3lb2sf hhz5lgdu\"><img decoding=\"async\" src=\"https:\/\/static.xx.fbcdn.net\/images\/emoji.php\/v9\/te7\/1\/16\/1f494.png\" alt=\"\" width=\"16\" height=\"16\" \/><\/span> Goodbye, dear Billy.<\/div>\n<\/div>\n<div class=\"o9v6fnle cxmmr5t8 oygrvhab hcukyx3x c1et5uql ii04i59q\">\n<div dir=\"auto\">After illness we had to say goodbye to you with a heavy heart. We will miss you, our calm and dear Billy, who thoroughly enjoyed every ray of sunshine. Our gentle Billy, who never let himself be disturbed. We will miss your beautiful eyes and your lovely soul so much.<\/div>\n<\/div>\n<div class=\"o9v6fnle cxmmr5t8 oygrvhab hcukyx3x c1et5uql ii04i59q\">\n<div dir=\"auto\">Rest in peace gentle Billy! We hope on the other side of the rainbow many sun rays, green meadows and treats are waiting for you.<\/div>\n<\/div>\n<div class=\"o9v6fnle cxmmr5t8 oygrvhab hcukyx3x c1et5uql ii04i59q\">\n<div dir=\"auto\">We thank the dear Petra, who accompanied him as a sponsor!<\/div>\n<\/div>\n<\/div>\n<\/div>\n<\/div>\n<\/div>\n<p>&nbsp;<\/p>\n<p>&nbsp;<\/p>\n<p>&nbsp;<\/p>\n<p><span class=\"s1\">Hallo mein Name ist Billy,<\/span><\/p>\n<p>&nbsp;<\/p>\n<p class=\"p1\"><span class=\"s1\">ich litt als junger Hund unter einem Kalziumdefizit, <\/span><span class=\"s1\">deswegen habe ich deformierte Beine. Das st\u00f6rt mich aber nicht. Ich kann dennoch ohne Probleme durch das Tierheim trotten. Sneha\u2019s Care nahm mich zu meinem Gl\u00fcck auf, denn ich habe immer wieder Hautprobleme. Mein Fell w\u00e4chst nur stellenweise, deswegen sehe ich so besonders aus. <\/span><\/p>\n<p>&nbsp;<\/p>\n<p class=\"p1\"><span class=\"s1\">Ich bin ein freundlicher und ruhiger Hund und halte mich lieber zur\u00fcck. Ich kann mich aber auch wehren, wenn es sein muss. Am liebsten lasse ich es aber entspannt angehen und genie\u00dfe jeden Sonnenstrahl ausgiebig. Von Besuchern, die behutsam mit mir umgehen, lasse ich mich gerne mit Streicheleinheiten verw\u00f6hnen.<\/span><\/p>\n<p>&nbsp;<\/p>\n<p class=\"p1\"><span class=\"s1\">Hunde wie ich, die schon ausgewachsen und ungew\u00f6hnlich sind, finden keine Familie in Nepal. Weil hier viele Hunde auf sich gestellt auf der Stra\u00dfe leben m\u00fcssen, k\u00f6nnen die Menschen sich einfach einen passenden Stra\u00dfenhund aussuchen \u2013 und das sind meist gesunde Welpen. In ein Tierheim muss daf\u00fcr niemand fahren.<\/span><\/p>\n<p>&nbsp;<\/p>\n<p class=\"p1\"><span class=\"s1\">Petra hat meine Besonderheit erkannt und ist zu meiner Freude meine Patin geworden. Dankesch\u00f6n!<\/span><\/p>\n<p class=\"p1\"><span class=\"s1\">\u2014\u2014\u2014\u2014\u2014\u2014<\/span><\/p>\n<p class=\"p1\"><span class=\"s1\">Hello my name is Billy<\/span><\/p>\n<p class=\"p1\"><span class=\"s1\">I had a calcium deficiency as a young dog,\u00a0<\/span><span class=\"s1\">that&#8217;s why I have deformed legs. But that doesn&#8217;t bother me. I can still trot through the shelter without any problems. Fortunately, Sneha\u2019s Care take care of me cause I keep having skin problems. My fur only grows in few places, that&#8217;s why I look so special.<\/span><\/p>\n<p class=\"p1\"><span class=\"s1\">I am a friendly and calm dog and prefer to hold back. But I can also defend myself if I have to. But I prefer to take it easy and enjoy every ray of sunshine extensively. I like to be pampered by visitors who treat me gently.<\/span><\/p>\n<p class=\"p1\"><span class=\"s1\">Dogs like me, which are already mature and unusual, cannot find a family in Nepal. Because many dogs have to live on the street on their own, people can simply choose a suitable street dog &#8211; and these are usually healthy puppies. Nobody has to go to an animal shelter.<\/span><\/p>\n<p class=\"p1\"><span class=\"s1\">Petra has recognized my specialty and, to my delight, has become my sponsor. Thank you very much!<\/span><\/p>","protected":false},"excerpt":{"rendered":"<p class=\"p1\"><span class=\"s1\">Gender: Male<\/span><\/p>\n<p class=\"p1\"><span class=\"s1\">Geboren: ca. 2014<\/span><\/p>\n<p>Verstorben: Juli 2020<\/p>\n<p class=\"p1\"><span class=\"s1\">Farbe: schwarz, teilweise kahl <\/span><\/p>","protected":false},"featured_media":8378,"template":"","meta":[],"product_brand":[],"product_cat":[64],"product_tag":[],"class_list":{"0":"post-5880","1":"product","2":"type-product","3":"status-publish","4":"has-post-thumbnail","6":"product_cat-verstorben","8":"first","9":"instock","10":"shipping-taxable","11":"product-type-simple"},"_links":{"self":[{"href":"https:\/\/snehascare.de\/en\/wp-json\/wp\/v2\/product\/5880","targetHints":{"allow":["GET"]}}],"collection":[{"href":"https:\/\/snehascare.de\/en\/wp-json\/wp\/v2\/product"}],"about":[{"href":"https:\/\/snehascare.de\/en\/wp-json\/wp\/v2\/types\/product"}],"wp:featuredmedia":[{"embeddable":true,"href":"https:\/\/snehascare.de\/en\/wp-json\/wp\/v2\/media\/8378"}],"wp:attachment":[{"href":"https:\/\/snehascare.de\/en\/wp-json\/wp\/v2\/media?parent=5880"}],"wp:term":[{"taxonomy":"product_brand","embeddable":true,"href":"https:\/\/snehascare.de\/en\/wp-json\/wp\/v2\/product_brand?post=5880"},{"taxonomy":"product_cat","embeddable":true,"href":"https:\/\/snehascare.de\/en\/wp-json\/wp\/v2\/product_cat?post=5880"},{"taxonomy":"product_tag","embeddable":true,"href":"https:\/\/snehascare.de\/en\/wp-json\/wp\/v2\/product_tag?post=5880"}],"curies":[{"name":"wp","href":"https:\/\/api.w.org\/{rel}","templated":true}]}}