{"id":5117,"date":"2019-12-17T21:46:21","date_gmt":"2019-12-17T19:46:21","guid":{"rendered":"https:\/\/snehacare.de\/?post_type=product&#038;p=5117"},"modified":"2022-05-29T16:50:20","modified_gmt":"2022-05-29T16:50:20","slug":"germany","status":"publish","type":"product","link":"https:\/\/snehascare.de\/en\/hund\/germany\/","title":{"rendered":"Germany"},"content":{"rendered":"<p><img fetchpriority=\"high\" decoding=\"async\" class=\"size-medium wp-image-8379 aligncenter\" src=\"http:\/\/snehascare.de\/wp-content\/uploads\/2019\/12\/Foto-07.05.20-07-09-37-300x225.jpg\" alt=\"\" width=\"300\" height=\"225\" \/><\/p>\n<p>In liebevoller Erinnerung an Germany:<\/p>\n<p>Auf Wiedersehen, lieber Germany!<\/p>\n<p>Unter Tr\u00e4nen und mit schwerem Herzen mussten wir von dir Abschied nehmen. Du hast uns mit deiner lieben Art immer wieder gl\u00fccklich gemacht. Du hast hier gespielt und in unserem Scho\u00df gesessen. Wir erinnern uns gerne an unseren lieben Germany, deinen lieben und neugierigen Blick, dein wuscheliges Fell. M\u00f6gest du an einem besseren Ort sein, wieder richtig Springen und Laufen k\u00f6nnen. Wir hatten f\u00fcnf Jahre mit dir und werden sie in liebevo<span class=\"text_exposed_show\">ller Erinnerung halten. <\/span><\/p>\n<div class=\"text_exposed_show\">\n<p>Wir danken Laura, die das Besondere in Germany sah und ihn als Patin ein St\u00fcck begleitet hat!<\/p>\n<p>\u2014\u2014\u2014\u2014-<\/p>\n<p>Goodbye, dear Germany!<\/p>\n<p>With tears and a heavy heart we had to say goodbye to you. You have always made us happy with your lovely nature. You played here and sat in our lap. We like to remember our lovely Germany, your lovely and curious look, your fluffy fur. May you be in a better place, be able to jump and run properly again. We had five years with you.<\/p>\n<p>We thank Laura, who saw something special in Germany and accompanied him as a Sponsor!<\/p>\n<p>&nbsp;<\/p>\n<\/div>\n<p class=\"p1\"><span class=\"s1\">&#8222;Hallo mein Name ist Germany,<\/span><\/p>\n<p>&nbsp;<\/p>\n<p class=\"p1\"><span class=\"s1\">diesen Namen habe ich meiner Rasse als deutscher Sch\u00e4ferhund zu verdanken.<\/span><\/p>\n<p>&nbsp;<\/p>\n<p class=\"p1\"><span class=\"s1\">Ca. 90 Kilometer von dem Tierheim entfernt wurde ich in einer Schlucht gefunden, aus der ich mich selbst nicht befreien konnte. Ich hatte gro\u00dfes Gl\u00fcck, dass Sneha\u2019s Care mich nicht aufgeben wollte und sogar professionelle Bergsteiger anheuerte, um mich zu befreien. Durch diesen Vorfall verlor ich mein linkes hinteres Bein. Ich leide gerade noch an neurologischen Problemen. Zum Gl\u00fcck erhalte ich hier Hilfe in Form von Therapie und \u00dcbungen. Ich muss laufen, laufen, laufen, nur oft relaxe ich doch lieber in der Sonne.<\/span><\/p>\n<p>&nbsp;<\/p>\n<p class=\"p1\"><span class=\"s1\">Ich bin ein gem\u00fctlicher und ruhiger Hund. Schaue mir das wilde Treiben im\u00a0<\/span><span class=\"s1\">Tierheim lieber aus der Ferne an. Ich lasse mich gerne behutsam streicheln. Wenn ihr mich besucht, solltet ihr euch daf\u00fcr viel Zeit nehmen, denn ich habe ganz dichtes und flauschiges Fell.<\/span><\/p>\n<p>&nbsp;<\/p>\n<p class=\"p1\"><span class=\"s1\">\u2014\u2014\u2014\u2014\u2014\u2014-<\/span><\/p>\n<p class=\"p1\"><span class=\"s1\">Hello my name is Germany,<\/span><\/p>\n<p class=\"p1\"><span class=\"s1\">I owe this name to my breed as a german shepherd.<\/span><\/p>\n<p class=\"p1\"><span class=\"s1\">I was found 90 kilometers from the shelter in a gorge\/canyon from which I could not free myself. I was very lucky that Sneha\u2019s Care didn\u2019t want to give up on me and even hired professional climbers to free me. As a result of this incident, i lost my left rear leg. I&#8217;m just suffering from neurological problems. Fortunately, I get help here in the form of therapy and exercises. I have to walk, walk, walk, but often I prefer to relax in the sun.<\/span><\/p>\n<p class=\"p1\"><span class=\"s1\">I am a cozy and calm dog. I prefer to watch the other dogs go wild from a distance. I like to be gently caressed. If you visit me, you should take a lot of time for it, because I have very thick and fluffy fur.&#8220;<\/span><\/p>\n<p class=\"p1\">","protected":false},"excerpt":{"rendered":"<p class=\"p1\"><span class=\"s1\">Gender: Male<\/span><\/p>\n<p class=\"p1\"><span class=\"s1\">Geboren: ca. 2013<\/span><\/p>\n<p>Verstorben: Mai 2020<\/p>\n<p class=\"p1\"><span class=\"s1\">Rasse: Sch\u00e4ferhund<\/span><\/p>","protected":false},"featured_media":8379,"template":"","meta":[],"product_brand":[],"product_cat":[64],"product_tag":[],"class_list":{"0":"post-5117","1":"product","2":"type-product","3":"status-publish","4":"has-post-thumbnail","6":"product_cat-verstorben","8":"first","9":"instock","10":"shipping-taxable","11":"product-type-simple"},"_links":{"self":[{"href":"https:\/\/snehascare.de\/en\/wp-json\/wp\/v2\/product\/5117","targetHints":{"allow":["GET"]}}],"collection":[{"href":"https:\/\/snehascare.de\/en\/wp-json\/wp\/v2\/product"}],"about":[{"href":"https:\/\/snehascare.de\/en\/wp-json\/wp\/v2\/types\/product"}],"wp:featuredmedia":[{"embeddable":true,"href":"https:\/\/snehascare.de\/en\/wp-json\/wp\/v2\/media\/8379"}],"wp:attachment":[{"href":"https:\/\/snehascare.de\/en\/wp-json\/wp\/v2\/media?parent=5117"}],"wp:term":[{"taxonomy":"product_brand","embeddable":true,"href":"https:\/\/snehascare.de\/en\/wp-json\/wp\/v2\/product_brand?post=5117"},{"taxonomy":"product_cat","embeddable":true,"href":"https:\/\/snehascare.de\/en\/wp-json\/wp\/v2\/product_cat?post=5117"},{"taxonomy":"product_tag","embeddable":true,"href":"https:\/\/snehascare.de\/en\/wp-json\/wp\/v2\/product_tag?post=5117"}],"curies":[{"name":"wp","href":"https:\/\/api.w.org\/{rel}","templated":true}]}}