{"id":5089,"date":"2019-12-16T20:58:23","date_gmt":"2019-12-16T18:58:23","guid":{"rendered":"https:\/\/snehacare.de\/?post_type=product&#038;p=5089"},"modified":"2022-05-29T16:50:25","modified_gmt":"2022-05-29T16:50:25","slug":"azzuria","status":"publish","type":"product","link":"https:\/\/snehascare.de\/en\/hund\/azzuria\/","title":{"rendered":"Azzuria"},"content":{"rendered":"<p><a href=\"http:\/\/snehascare.de\/wp-content\/uploads\/2019\/12\/IMG_5140-scaled.jpg\"><img fetchpriority=\"high\" decoding=\"async\" class=\"size-medium wp-image-8380 aligncenter\" src=\"http:\/\/snehascare.de\/wp-content\/uploads\/2019\/12\/IMG_5140-300x225.jpg\" alt=\"\" width=\"300\" height=\"225\" \/><\/a><\/p>\n<p>Mit gebrochenem Herzen verabschieden wir uns von Azzuria.<\/p>\n<p>Im Tierheim wurdest du auch Aishwarya (sch\u00f6n) genannt, wegen deiner au\u00dfergew\u00f6hnlichen Augen. Wir k\u00f6nnen es immer noch nicht fassen, dass du uns nie wieder mit diesem geheimnisvollen Augen ansehen wirst. Du bist Montag unerwartet gestorben, wir haben unser Bestes getan, aber wir konnten dich nicht retten. Es bricht uns das Herz zu sehen, dass dein bester Hundefreund Lucky immer wieder versucht hat dich &#8222;aufzuwecken&#8220;, dass er nicht verstehen wollte, warum du &#8222;schl\u00e4fst&#8220;. Er blieb an deinem Grab und wir mussten ihn davon abhalten dich wieder auszugraben. Lucky und Du, ihr wart unzertrennlich und hattet jede Menge Unfug im Sinn. Es ist aber auch f\u00fcr Tiere wichtig Abschied nehmen zu d\u00fcrfen. Anderenfalls suchen sie verzweifelt nach ihren Freunden und verstehen nicht, wo sie sind.<\/p>\n<p>Du warst eine mutige H\u00fcndin. Immer voller Neugierde auf das Leben, freundlich zu all unseren Besuchern und immer f\u00fcr Streichel- und Spieleinheiten zu haben.<\/p>\n<p>Wir danken Petra f\u00fcr Ihre liebevolle Unterst\u00fctzung als deine Patin !<\/p>\n<p>Wir werden dich sehr vermissen, aber immer an dich und deine Augen denken, wenn wir in den blauen Himmel schauen. Gute Reise \u00fcber die Regenbogenbr\u00fccke. M\u00f6gen gr\u00fcne Wiesen auf der anderen Seite auf dich warten.<\/p>\n<p>&nbsp;<\/p>\n<hr \/>\n<p class=\"p1\"><span class=\"s1\">In Gedenken an Azzuria<\/span><\/p>\n<p>&nbsp;<\/p>\n<p class=\"p1\"><span class=\"s1\">Hallo mein Name ist Azzuria,<\/span><\/p>\n<p>&nbsp;<\/p>\n<p class=\"p1\"><span class=\"s1\">hier werde ich auch Aishwarya genannt. Als ich gefunden wurde, bestand kaum noch Hoffnung. Ich hatte einen Lungeninfekt, ein ganz schwaches Immunsystem. Daran w\u00e4re ich fast gestorben.<span class=\"Apple-converted-space\">\u00a0 <\/span>Zu meinem Gl\u00fcck kam ich zu Sneha\u2019s Care, konnte mich erholen und mir geht es inzwischen gut. <\/span><\/p>\n<p>&nbsp;<\/p>\n<p class=\"p1\"><span class=\"s1\">Ich bin neugierig, freundlich, liebe es zu Spielen und zu Schmusen. Freue mich \u00fcber Besucher und bin immer vorne mit dabei. Ich lege mich auch gern spielerisch mit den wilderen Hunden hier an. Dann melde ich mich auch schon mal lautstark zu Wort. <\/span><\/p>\n<p>&nbsp;<\/p>\n<p class=\"p1\"><span class=\"s1\">Hunde wie ich, die schon ausgewachsen sind, finden fast nie eine Familie in Nepal. Weil hier viele Hunde auf sich gestellt auf der Stra\u00dfe leben m\u00fcssen, k\u00f6nnen die Menschen sich einfach einen passenden Stra\u00dfenhund aussuchen \u2013 und das sind meist gesunde Welpen. In ein Tierheim muss daf\u00fcr niemand fahren.<\/span><\/p>\n<p>&nbsp;<\/p>\n<p class=\"p1\"><span class=\"s1\">Ich freue mich sehr, dass Petra sich dazu entschieden hat meine Patin zu sein. Danke!<\/span><\/p>\n<p class=\"p1\"><span class=\"s1\">\u2014\u2014\u2014\u2014-<\/span><\/p>\n<p class=\"p1\"><span class=\"s1\">Hello my name is Azzuria,<\/span><\/p>\n<p class=\"p1\"><span class=\"s1\">here I am also called Aishwarya. When I was found there was nearly no hope left. I had a lung infection, a very weak immune system. I almost died from it. Luckily I came to Sneha\u2019s Care, was able to recover and I am fine now.<\/span><\/p>\n<p class=\"p1\"><span class=\"s1\">I am curious, friendly, love to play and cuddle. I&#8217;m happy about visitors and I&#8217;m always at the forefront. I also like to play with the wilder dogs here. Then I can speak up loudly if i have to. <\/span><\/p>\n<p class=\"p1\"><span class=\"s1\">Dogs like me that are fully grown almost never find a family in Nepal. Because many dogs have to live on the street on their own, people can simply choose a suitable street dog &#8211; and these are usually healthy puppies. Nobody has to go to an animal shelter.<\/span><\/p>\n<p class=\"p1\"><span class=\"s1\">I am very happy that Petra decided to be my sponsor. Thank you!<\/span><\/p>","protected":false},"excerpt":{"rendered":"<p class=\"p1\"><span class=\"s1\">Gender: Female<\/span><\/p>\n<p class=\"p1\"><span class=\"s1\">Born: 2018<\/span><\/p>\n<p>Gestorben: 21.03.2022<\/p>\n<p class=\"p1\"><span class=\"s1\">Farbe: wei\u00df, etwas schwarz <\/span><\/p>","protected":false},"featured_media":8380,"template":"","meta":[],"product_brand":[],"product_cat":[64],"product_tag":[],"class_list":{"0":"post-5089","1":"product","2":"type-product","3":"status-publish","4":"has-post-thumbnail","6":"product_cat-verstorben","8":"first","9":"instock","10":"shipping-taxable","11":"product-type-simple"},"_links":{"self":[{"href":"https:\/\/snehascare.de\/en\/wp-json\/wp\/v2\/product\/5089","targetHints":{"allow":["GET"]}}],"collection":[{"href":"https:\/\/snehascare.de\/en\/wp-json\/wp\/v2\/product"}],"about":[{"href":"https:\/\/snehascare.de\/en\/wp-json\/wp\/v2\/types\/product"}],"wp:featuredmedia":[{"embeddable":true,"href":"https:\/\/snehascare.de\/en\/wp-json\/wp\/v2\/media\/8380"}],"wp:attachment":[{"href":"https:\/\/snehascare.de\/en\/wp-json\/wp\/v2\/media?parent=5089"}],"wp:term":[{"taxonomy":"product_brand","embeddable":true,"href":"https:\/\/snehascare.de\/en\/wp-json\/wp\/v2\/product_brand?post=5089"},{"taxonomy":"product_cat","embeddable":true,"href":"https:\/\/snehascare.de\/en\/wp-json\/wp\/v2\/product_cat?post=5089"},{"taxonomy":"product_tag","embeddable":true,"href":"https:\/\/snehascare.de\/en\/wp-json\/wp\/v2\/product_tag?post=5089"}],"curies":[{"name":"wp","href":"https:\/\/api.w.org\/{rel}","templated":true}]}}