{"id":5036,"date":"2018-09-14T16:26:25","date_gmt":"2018-09-14T16:26:25","guid":{"rendered":"https:\/\/snehacare.de\/?post_type=product&#038;p=2194"},"modified":"2022-05-18T16:15:21","modified_gmt":"2022-05-18T16:15:21","slug":"khaire-persey","status":"publish","type":"product","link":"https:\/\/snehascare.de\/en\/hund\/khaire-persey\/","title":{"rendered":"Persey (Khaire)"},"content":{"rendered":"<p>Meine Name ist Khaire. So hei\u00dfen hier auch zwei weitere meiner Freunde, deshalb nennt man mich Persey.<\/p>\n<p>&nbsp;<\/p>\n<p>Ich wurde von einigen \u00fcblen Trunkenbolden in einer Bretterh\u00fctte brutal zusammengeschlagen. Als Sneha\u2018s Care mich fand, lag ich in meiner eigenen Blutlache, halbtot. Mein ganzer K\u00f6rper war stark angeschwollen. Es stand sehr schlecht um mich. Sneha\u2018s Care behandelte mich sofort. Ohne das Team w\u00e4re ich dort allein gestorben.<\/p>\n<p>&nbsp;<\/p>\n<p>Wie ihr sehen k\u00f6nnt, geht es mir heute wieder gut. Ich habe diesen schrecklichen Teil meines Lebens hinter mir gelassen. Ich bin sehr froh, dass ich jetzt hier im Tierheim sicher leben kann.<\/p>\n<p>&nbsp;<\/p>\n<p>Hunde wie ich, die schon ausgewachsen sind, finden fast nie eine Familie hier in Nepal. Weil hier viele Hunde auf sich gestellt auf der Stra\u00dfe leben m\u00fcssen, k\u00f6nnen die Menschen sich hier einfach einen Stra\u00dfenhund aussuchen &#8211; und das sind meist Welpen. In ein Tierheim muss daf\u00fcr niemand fahren. Deshalb habe ich keine Chance mehr, ein eigenes Zuhause zu finden.<\/p>\n<p>&nbsp;<\/p>\n<p>Mit Sezen aus K\u00f6ln habe ich eine liebe Patin mit Herz gefunden! Danke!<\/p>\n<p>Update Dezember 2018: Ich habe nun ein neues Zuhause in den USA gefunden. Ich danke meiner bisherigen Patin Sezen aus K\u00f6ln f\u00fcr Ihre Unterst\u00fctzung!<\/p>","protected":false},"excerpt":{"rendered":"<p>Gender: Male<br \/>\nGeboren: ca. 2014<br \/>\nFarbe: schwarz, braun, wei\u00df<\/p>","protected":false},"featured_media":2196,"template":"","meta":[],"product_brand":[],"product_cat":[66],"product_tag":[],"class_list":{"0":"post-5036","1":"product","2":"type-product","3":"status-publish","4":"has-post-thumbnail","6":"product_cat-uncategorized","8":"first","9":"outofstock","10":"shipping-taxable","11":"product-type-simple"},"_links":{"self":[{"href":"https:\/\/snehascare.de\/en\/wp-json\/wp\/v2\/product\/5036","targetHints":{"allow":["GET"]}}],"collection":[{"href":"https:\/\/snehascare.de\/en\/wp-json\/wp\/v2\/product"}],"about":[{"href":"https:\/\/snehascare.de\/en\/wp-json\/wp\/v2\/types\/product"}],"wp:featuredmedia":[{"embeddable":true,"href":"https:\/\/snehascare.de\/en\/wp-json\/"}],"wp:attachment":[{"href":"https:\/\/snehascare.de\/en\/wp-json\/wp\/v2\/media?parent=5036"}],"wp:term":[{"taxonomy":"product_brand","embeddable":true,"href":"https:\/\/snehascare.de\/en\/wp-json\/wp\/v2\/product_brand?post=5036"},{"taxonomy":"product_cat","embeddable":true,"href":"https:\/\/snehascare.de\/en\/wp-json\/wp\/v2\/product_cat?post=5036"},{"taxonomy":"product_tag","embeddable":true,"href":"https:\/\/snehascare.de\/en\/wp-json\/wp\/v2\/product_tag?post=5036"}],"curies":[{"name":"wp","href":"https:\/\/api.w.org\/{rel}","templated":true}]}}