{"id":5035,"date":"2018-07-28T14:17:58","date_gmt":"2018-07-28T14:17:58","guid":{"rendered":"https:\/\/snehacare.de\/?post_type=product&#038;p=1677"},"modified":"2022-05-29T16:56:05","modified_gmt":"2022-05-29T16:56:05","slug":"candy","status":"publish","type":"product","link":"https:\/\/snehascare.de\/en\/hund\/candy\/","title":{"rendered":"Candy"},"content":{"rendered":"<div class=\"\" dir=\"auto\">\n<div id=\"jsc_c_ek\" class=\"ecm0bbzt hv4rvrfc ihqw7lf3 dati1w0a\" data-ad-comet-preview=\"message\" data-ad-preview=\"message\">\n<div dir=\"auto\"><a href=\"http:\/\/snehascare.de\/wp-content\/uploads\/2018\/07\/IMG_2368-scaled.jpg\"><img fetchpriority=\"high\" decoding=\"async\" class=\"size-medium wp-image-8407 aligncenter\" src=\"http:\/\/snehascare.de\/wp-content\/uploads\/2018\/07\/IMG_2368-300x225.jpg\" alt=\"\" width=\"300\" height=\"225\" \/><\/a><\/div>\n<div class=\"j83agx80 cbu4d94t ew0dbk1b irj2b8pg\">\n<div class=\"qzhwtbm6 knvmm38d\">\n<div class=\"kvgmc6g5 cxmmr5t8 oygrvhab hcukyx3x c1et5uql ii04i59q\">\n<div dir=\"auto\"><\/div>\n<div dir=\"auto\">Abschied von Candy <span class=\"pq6dq46d tbxw36s4 knj5qynh kvgmc6g5 ditlmg2l oygrvhab nvdbi5me sf5mxxl7 gl3lb2sf hhz5lgdu\"><img decoding=\"async\" src=\"https:\/\/static.xx.fbcdn.net\/images\/emoji.php\/v9\/te7\/1\/16\/1f494.png\" alt=\"\" width=\"16\" height=\"16\" \/><\/span><\/div>\n<\/div>\n<div class=\"o9v6fnle cxmmr5t8 oygrvhab hcukyx3x c1et5uql ii04i59q\">\n<div dir=\"auto\">&#8222;Das Schwierigste daran, einen Hund zu verlieren, den du liebst, ist nicht, dich zu verabschieden. Es ist die Art und Weise, wie sich deine ganze Welt ohne sie ver\u00e4ndert und die Leere, die in deinem Herzen bleibt, wenn sie gehen.&#8220;<\/div>\n<\/div>\n<div class=\"o9v6fnle cxmmr5t8 oygrvhab hcukyx3x c1et5uql ii04i59q\">\n<div dir=\"auto\">Lieber Candy, die Zeit, die du mit uns verbracht hast, wird immer in Erinnerung bleiben. Deine lebenslustige und kesse Art fehlt uns. Wir werden dich sehr vermissen.<\/div>\n<\/div>\n<div class=\"o9v6fnle cxmmr5t8 oygrvhab hcukyx3x c1et5uql ii04i59q\">\n<div dir=\"auto\">Hab eine gute Reise \u00fcber die Regenbogenbr\u00fccke, m\u00f6gen dich auf der anderen Seite viele Streicheleinheiten und Leckerlies erwarten. Du fehlst!<\/div>\n<\/div>\n<\/div>\n<\/div>\n<div dir=\"auto\">Wir danken Tanja, dass sie ihn begleitet hat!<\/div>\n<div class=\"j83agx80 cbu4d94t ew0dbk1b irj2b8pg\">\n<div class=\"qzhwtbm6 knvmm38d\">\n<div class=\"o9v6fnle cxmmr5t8 oygrvhab hcukyx3x c1et5uql ii04i59q\">\n<div dir=\"auto\">\u2014\u2014\u2014\u2014\u2014<\/div>\n<\/div>\n<div class=\"o9v6fnle cxmmr5t8 oygrvhab hcukyx3x c1et5uql ii04i59q\">\n<div dir=\"auto\">Farewell to Candy <span class=\"pq6dq46d tbxw36s4 knj5qynh kvgmc6g5 ditlmg2l oygrvhab nvdbi5me sf5mxxl7 gl3lb2sf hhz5lgdu\"><img decoding=\"async\" src=\"https:\/\/static.xx.fbcdn.net\/images\/emoji.php\/v9\/te7\/1\/16\/1f494.png\" alt=\"\" width=\"16\" height=\"16\" \/><\/span><\/div>\n<\/div>\n<div class=\"o9v6fnle cxmmr5t8 oygrvhab hcukyx3x c1et5uql ii04i59q\">\n<div dir=\"auto\">\u201cThe hardest part about losing a dog you love isn&#8217;t saying goodbye. It&#8217;s the way your whole world changes without them and the emptiness that remains in your heart when they leave. &#8222;<\/div>\n<\/div>\n<div class=\"o9v6fnle cxmmr5t8 oygrvhab hcukyx3x c1et5uql ii04i59q\">\n<div dir=\"auto\">Dear Candy, the time you spent with us will always be remembered. We miss your fun-loving and perky manner. We will miss you very much.<\/div>\n<\/div>\n<div class=\"o9v6fnle cxmmr5t8 oygrvhab hcukyx3x c1et5uql ii04i59q\">\n<div dir=\"auto\">Have a good trip over the rainbow bridge, on the other side you can expect lots of cuddles and treats. We miss you!<\/div>\n<\/div>\n<div dir=\"auto\"><\/div>\n<\/div>\n<\/div>\n<\/div>\n<\/div>\n<hr \/>\n<p>&nbsp;<\/p>\n<p>Hallo! Die Menschen hier nennen mich Candy. Vermutlich weil ich so zuckers\u00fc\u00df bin.<\/p>\n<p>&nbsp;<\/p>\n<p>Man hat mich im M\u00fcll mit meinem toten Freund zur\u00fcckgelassen. Wir wurden zu Sneha\u2018s Care gebracht, wo mein vierbeiniger Freund respektvoll beerdigt wurde.<br \/>\nNach einigen Monaten adoptierte mich eine Familie, ich dachte, ich h\u00e4tte endlich ein neues Heim gefunden. Leider durfte ich nur zwei Monate bei ihnen bleiben, bis sie entschieden, nun doch keinen Hund haben zu wollen.<\/p>\n<p>&nbsp;<\/p>\n<p>Und so bin ich wieder bei Sneha\u2018s Care gelandet.<\/p>\n<p>Ich stehe hier gern im Mittelpunkt und mag es nicht so gern, wenn die Menschen sich hier um die anderen k\u00fcmmern. Ich bin halt ein kleiner Draufg\u00e4nger.<\/p>\n<p>&nbsp;<\/p>\n<p>Danke an Tanja aus K\u00f6ln, in der ich eine liebe Patin gefunden habe.<\/p>","protected":false},"excerpt":{"rendered":"<p>Gender: Male<br \/>\nGeboren: ca. 2012<br \/>\nColour: White<\/p>","protected":false},"featured_media":8407,"template":"","meta":[],"product_brand":[],"product_cat":[64],"product_tag":[],"class_list":{"0":"post-5035","1":"product","2":"type-product","3":"status-publish","4":"has-post-thumbnail","6":"product_cat-verstorben","8":"first","9":"instock","10":"shipping-taxable","11":"product-type-simple"},"_links":{"self":[{"href":"https:\/\/snehascare.de\/en\/wp-json\/wp\/v2\/product\/5035","targetHints":{"allow":["GET"]}}],"collection":[{"href":"https:\/\/snehascare.de\/en\/wp-json\/wp\/v2\/product"}],"about":[{"href":"https:\/\/snehascare.de\/en\/wp-json\/wp\/v2\/types\/product"}],"wp:featuredmedia":[{"embeddable":true,"href":"https:\/\/snehascare.de\/en\/wp-json\/wp\/v2\/media\/8407"}],"wp:attachment":[{"href":"https:\/\/snehascare.de\/en\/wp-json\/wp\/v2\/media?parent=5035"}],"wp:term":[{"taxonomy":"product_brand","embeddable":true,"href":"https:\/\/snehascare.de\/en\/wp-json\/wp\/v2\/product_brand?post=5035"},{"taxonomy":"product_cat","embeddable":true,"href":"https:\/\/snehascare.de\/en\/wp-json\/wp\/v2\/product_cat?post=5035"},{"taxonomy":"product_tag","embeddable":true,"href":"https:\/\/snehascare.de\/en\/wp-json\/wp\/v2\/product_tag?post=5035"}],"curies":[{"name":"wp","href":"https:\/\/api.w.org\/{rel}","templated":true}]}}