{"id":5034,"date":"2018-07-28T14:12:04","date_gmt":"2018-07-28T14:12:04","guid":{"rendered":"https:\/\/snehacare.de\/?post_type=product&#038;p=1671"},"modified":"2022-05-29T16:58:23","modified_gmt":"2022-05-29T16:58:23","slug":"lucky","status":"publish","type":"product","link":"https:\/\/snehascare.de\/en\/hund\/lucky\/","title":{"rendered":"Lucky"},"content":{"rendered":"<p><img fetchpriority=\"high\" decoding=\"async\" class=\"size-medium wp-image-8431 aligncenter\" src=\"http:\/\/snehascare.de\/wp-content\/uploads\/2018\/07\/Foto-21.11.21-11-57-15-300x225.jpg\" alt=\"\" width=\"300\" height=\"225\" \/><\/p>\n<p>Lucky ist der Name auf den ich h\u00f6re. Wenn ihr mich fragt, bin ich hier der h\u00fcbscheste Kerl. Wenn ihr Sneha fragt, bin ich der frechste und liebenswerteste.<\/p>\n<p>&nbsp;<\/p>\n<p>Ich wurde in einem winzigen K\u00e4fig an einer schweren Kette gehalten. Meine vorigen Besitzer waren kaum daheim, w\u00e4hrend ich weggesperrt war ohne Wasser und Futter. Zum Gl\u00fcck wurde ich gerettet und habe ein neues Zuhause bei Sneha&#8217;s Care gefunden, wo ich herumlaufen kann mit meinen Freunden.<\/p>\n<p>&nbsp;<\/p>\n<p>Und ich bin ein Lebensretter, denn ich geh\u00f6re zu den Hunden im Heim, die Blut spenden k\u00f6nnen. Viele Leben habe ich so schon retten k\u00f6nnen.<\/p>\n<p>&nbsp;<\/p>\n<p>Trotz meiner Geschichte liebe ich Menschen und freue mich immer \u00fcber Besucher.<\/p>\n<p>&nbsp;<\/p>\n<p>Zu meinem Gl\u00fcck hat Vorstandsfrau Isabella meine Patenschaft \u00fcbernommen.<\/p>","protected":false},"excerpt":{"rendered":"<p>Gender: Male<br \/>\nAlter: 2014<br \/>\nFarbe: braun und wei\u00df<\/p>","protected":false},"featured_media":8431,"template":"","meta":[],"product_brand":[],"product_cat":[63],"product_tag":[],"class_list":{"0":"post-5034","1":"product","2":"type-product","3":"status-publish","4":"has-post-thumbnail","6":"product_cat-paten-gefunden","8":"first","9":"instock","10":"shipping-taxable","11":"product-type-simple"},"_links":{"self":[{"href":"https:\/\/snehascare.de\/en\/wp-json\/wp\/v2\/product\/5034","targetHints":{"allow":["GET"]}}],"collection":[{"href":"https:\/\/snehascare.de\/en\/wp-json\/wp\/v2\/product"}],"about":[{"href":"https:\/\/snehascare.de\/en\/wp-json\/wp\/v2\/types\/product"}],"wp:featuredmedia":[{"embeddable":true,"href":"https:\/\/snehascare.de\/en\/wp-json\/wp\/v2\/media\/8431"}],"wp:attachment":[{"href":"https:\/\/snehascare.de\/en\/wp-json\/wp\/v2\/media?parent=5034"}],"wp:term":[{"taxonomy":"product_brand","embeddable":true,"href":"https:\/\/snehascare.de\/en\/wp-json\/wp\/v2\/product_brand?post=5034"},{"taxonomy":"product_cat","embeddable":true,"href":"https:\/\/snehascare.de\/en\/wp-json\/wp\/v2\/product_cat?post=5034"},{"taxonomy":"product_tag","embeddable":true,"href":"https:\/\/snehascare.de\/en\/wp-json\/wp\/v2\/product_tag?post=5034"}],"curies":[{"name":"wp","href":"https:\/\/api.w.org\/{rel}","templated":true}]}}