{"id":5033,"date":"2018-07-28T14:07:00","date_gmt":"2018-07-28T14:07:00","guid":{"rendered":"https:\/\/snehacare.de\/?post_type=product&#038;p=1668"},"modified":"2024-01-14T18:25:47","modified_gmt":"2024-01-14T18:25:47","slug":"lucas","status":"publish","type":"product","link":"https:\/\/snehascare.de\/en\/hund\/lucas\/","title":{"rendered":"Lucas"},"content":{"rendered":"<p><a href=\"http:\/\/snehascare.de\/wp-content\/uploads\/2018\/07\/IMG_43351-scaled.jpg\"><img fetchpriority=\"high\" decoding=\"async\" class=\"size-medium wp-image-8428 aligncenter\" src=\"http:\/\/snehascare.de\/wp-content\/uploads\/2018\/07\/IMG_43351-300x225.jpg\" alt=\"\" width=\"300\" height=\"225\" \/><\/a><\/p>\n<p>Hallo mein Name ist Lucas. Ich bin Sneha\u2018s Care Herzensjunge. Leider kann ich nicht richtig laufen aufgrund einer Fehlbildung, die ich seit meine Geburt habe. Eine s\u00fc\u00dfe Frohnatur bin ich dennoch, weil ich hier geliebt werde und mit meinen Freunden spielen kann.<\/p>\n<p>&nbsp;<\/p>\n<p>Ich wurde am 30.05.18 in Sinamangal, Kathmandu gerettet. Meine Gelenke sind noch nicht vollst\u00e4ndig ausgebildet.<\/p>\n<p>Ein besonderer Hund, so wie ich es bin, braucht besondere F\u00fcrsorge. Meine Pflege und die meiner Kameraden ist mit Kosten verbunden, die die wenigsten aufbringen k\u00f6nnen. Mit meiner Behinderung habe ich keine Chance auf Vermittlung.<\/p>\n<p>Bei Sneha\u2019s Care sind wir ungef\u00e4hr 170 Hunde mit verschiedenen Problemen und unsere Pflege kostet viel. Deshalb suche ich eine Patin\/einen Paten, denn ich geh\u00f6re zu den Hunden, die keine Familie in Nepal mehr finden. Weil hier viele Hunde auf sich gestellt auf der Stra\u00dfe leben m\u00fcssen, k\u00f6nnen die Menschen sich einfach einen passenden Stra\u00dfenhund aussuchen \u2013 und das sind meist gesunde, h\u00fcbsche Welpen. In ein Tierheim muss daf\u00fcr niemand fahren. Ich werde daher dauerhaft im Tierheim leben m\u00fcssen.<span class=\"Apple-converted-space\">\u00a0<\/span><\/p>\n<p>Mit Petra habe ich eine tolle Patin gefunden und freue mich dar\u00fcber sehr ! Danke &lt;3<\/p>\n<p>&nbsp;<\/p>\n<hr \/>\n<p>&nbsp;<\/p>\n<p>Hello my name is Lucas. I am Sneha\u2019s Care sunny boy. Unfortunately, I cannot walk properly due to a deformity that I have had since birth. I&#8217;m still a sweet, cheerful dog because I&#8217;m loved here and can play with my friends.<\/p>\n<p>&nbsp;<\/p>\n<p>I was rescued on May 30, 2018 in Sinamangal, Kathmandu. My joints are not fully developed yet.<\/p>\n<p>&nbsp;<\/p>\n<p>A special dog like me needs special care. My care and that of my comrades involves costs that very few people can afford. With my disability I have no chance finding a home.<\/p>\n<p>&nbsp;<\/p>\n<p>At Sneha&#8217;s Care we are around 170 dogs with different problems and our care costs a lot. That&#8217;s why I&#8217;m looking for a sponsor, because I&#8217;m one of the dogs that can no longer find a family in Nepal. Because many dogs have to live on the streets here on their own, people can simply choose a suitable street dog &#8211; and these are usually healthy, pretty puppies. Nobody has to go to an animal shelter for this. I will therefore have to live permanently in the shelter.<\/p>\n<p>I have found a great sponsor in Petra and I am very happy about it! thanks &lt;3<\/p>\n<p>&nbsp;<\/p>\n<p>&nbsp;<\/p>\n<p>&nbsp;<\/p>\n<p>Bank Account Sneha's Care Deutschland e.V.<\/p>\n<p>Germany - Bank f\u00fcr Sozialwirtschaft<\/p>\n<p>IBAN: DE34 5502 0500 0001 6055 00 | BIC: BFSWDE33MNZ<\/p>\n<p>&nbsp;<\/p>","protected":false},"excerpt":{"rendered":"<p>Gender: Male<br \/>\nBorn: 2018<br \/>\nFarbe: braun und wei\u00df<\/p>","protected":false},"featured_media":8428,"template":"","meta":[],"product_brand":[],"product_cat":[63],"product_tag":[],"class_list":{"0":"post-5033","1":"product","2":"type-product","3":"status-publish","4":"has-post-thumbnail","6":"product_cat-paten-gefunden","8":"first","9":"instock","10":"shipping-taxable","11":"product-type-simple"},"_links":{"self":[{"href":"https:\/\/snehascare.de\/en\/wp-json\/wp\/v2\/product\/5033","targetHints":{"allow":["GET"]}}],"collection":[{"href":"https:\/\/snehascare.de\/en\/wp-json\/wp\/v2\/product"}],"about":[{"href":"https:\/\/snehascare.de\/en\/wp-json\/wp\/v2\/types\/product"}],"wp:featuredmedia":[{"embeddable":true,"href":"https:\/\/snehascare.de\/en\/wp-json\/wp\/v2\/media\/8428"}],"wp:attachment":[{"href":"https:\/\/snehascare.de\/en\/wp-json\/wp\/v2\/media?parent=5033"}],"wp:term":[{"taxonomy":"product_brand","embeddable":true,"href":"https:\/\/snehascare.de\/en\/wp-json\/wp\/v2\/product_brand?post=5033"},{"taxonomy":"product_cat","embeddable":true,"href":"https:\/\/snehascare.de\/en\/wp-json\/wp\/v2\/product_cat?post=5033"},{"taxonomy":"product_tag","embeddable":true,"href":"https:\/\/snehascare.de\/en\/wp-json\/wp\/v2\/product_tag?post=5033"}],"curies":[{"name":"wp","href":"https:\/\/api.w.org\/{rel}","templated":true}]}}