{"id":5032,"date":"2018-07-28T14:03:12","date_gmt":"2018-07-28T14:03:12","guid":{"rendered":"https:\/\/snehacare.de\/?post_type=product&#038;p=1662"},"modified":"2022-05-29T16:58:41","modified_gmt":"2022-05-29T16:58:41","slug":"lobo","status":"publish","type":"product","link":"https:\/\/snehascare.de\/en\/hund\/lobo\/","title":{"rendered":"Lobo"},"content":{"rendered":"<p><img fetchpriority=\"high\" decoding=\"async\" class=\"size-medium wp-image-8433 aligncenter\" src=\"http:\/\/snehascare.de\/wp-content\/uploads\/2018\/07\/2018-08-28-20.57.27-300x225.jpg\" alt=\"\" width=\"300\" height=\"225\" \/><\/p>\n<p><span data-tt=\"{}\">In liebevoller Erinnerung an unseren sanften Lobo: <\/span><\/p>\n<p><span data-tt=\"{}\">Du hattest ein ganz ruhiges und liebes Wesen. Rangeleien der anderen Hund bist du immer aus dem Weg gegangen. Du brauchtes Zeit, um Vertrauen zu fassen. Mochtest es dann aber sehr, wenn du gestreichelt wurdest. <\/span><\/p>\n<p>&nbsp;<\/p>\n<p><span data-tt=\"{}\">Du hattest die letzten Monate immer wieder mit deiner Gesundheit zu k\u00e4mpfen. Immer wieder konntest du dich mit unserer Pflege aber erholen. Nur diesmal war dein Herz zu schwach und wir machtlos, als es einfach aufh\u00f6rte zu schlagen. <\/span><\/p>\n<p>&nbsp;<\/p>\n<p><span data-tt=\"{}\">Du hast einen Pfotenabdruck in unseren Herzen hinterlassen. <\/span><\/p>\n<p>&nbsp;<\/p>\n<p><span data-tt=\"{}\">Mit schwerem Herzen w\u00fcnschen wir dir eine gute Reise \u00fcber die Regenbogenbr\u00fccke! <\/span><\/p>\n<p>&nbsp;<\/p>\n<p><span data-tt=\"{}\">Auf Wiedersehen lieber Lobo, wir hoffen du findest deinen Frieden. <\/span><\/p>\n<p><span data-tt=\"{}\">Wir werden dich und deine friedliche Art sehr vermissen! <\/span><\/p>\n<p>&nbsp;<\/p>\n<p><span data-tt=\"{}\">&#8222;<\/span><span data-tt=\"{}\">Hallo mein Name ist Lobo. <\/span><\/p>\n<p><span data-tt=\"{}\">\u00dcber drei Jahre schon bin ich nun bei Sneha\u2018s Care. Ich komme von <\/span><\/p>\n<p><span data-tt=\"{}\">einem Ort nahe der indischen Grenze und verstehe daher auch indisch. Als <\/span><\/p>\n<p><span data-tt=\"{}\"> ich von meinem Besitzer mit dem Flieger ins Tierheim geschickt wurde, <\/span><\/p>\n<p><span data-tt=\"{}\">litt ich unter CTVT (Sticker-Sarkom). Das ist ein infekti\u00f6ser Tumor der <\/span><\/p>\n<p><span data-tt=\"{}\">\u00e4u\u00dferen Geschlechtsorgane der Hunde. Durch eine Chemobehandlung konnte <\/span><\/p>\n<p><span data-tt=\"{}\">ich davon zum Gl\u00fcck geheilt werden. <\/span><\/p>\n<p><span data-tt=\"{}\">Meine Besitzer wollten mich zur\u00fcckholen, das ist aber nun schon drei <\/span><\/p>\n<p><span data-tt=\"{}\">Jahre her. Sie haben mich wohl vergessen, trotzdem gehe ich immer wieder <\/span><\/p>\n<p><span data-tt=\"{}\"> zum Tor und warte und hoffe auf sie. <\/span><\/p>\n<p><span data-tt=\"{}\">Trotz allem bin ich ein ganz Lieber und versuche mein Leben zu genie\u00dfen.&#8220;<\/span><\/p>\n<p><span data-tt=\"{}\">&#8212;&#8212;&#8212;- <\/span><\/p>\n<p><span data-tt=\"{}\">In loving memory of our gentle Lobo: <\/span><\/p>\n<p><span data-tt=\"{}\">You had a very calm and lovely personality. You did not care about the others dogs little fights. You took your time to built trust. You enjoyed to be cuddled gently very much. <\/span><\/p>\n<p>&nbsp;<\/p>\n<p><span data-tt=\"{}\">You&#8217;ve been struggling with your health over the past few months. Again and again you could recover with our care. But this time your heart was too weak and we were powerless when it just stopped beating. <\/span><\/p>\n<p>&nbsp;<\/p>\n<p><span data-tt=\"{}\">You left a paw print in our hearts. <\/span><\/p>\n<p><span data-tt=\"{}\">With a heavy heart we wish you a good journey over the rainbow bridge! <\/span><\/p>\n<p>&nbsp;<\/p>\n<p><span data-tt=\"{}\">Goodbye dear Lobo, we hope you find your peace. <\/span><\/p>\n<p><span data-tt=\"{}\">We will miss you and your peaceful nature very much!<\/span><\/p>\n<p>&nbsp;<\/p>\n<p>&nbsp;<\/p>\n<p><span data-tt=\"{}\">&#8222;Hello my name is Lobo. <\/span><\/p>\n<p><span data-tt=\"{}\">I&#8217;ve been with Sneha&#8217;s Care for over three years now. <\/span><\/p>\n<p><span data-tt=\"{}\">My home was a place near the Indian border and therefore i understand Indian. As <\/span><\/p>\n<p><span data-tt=\"{}\"> my owner sent me to the animal shelter by plane, <\/span><\/p>\n<p><span data-tt=\"{}\">I suffered from CTVT (sticker sarcoma). This is an infectious tumor of the <\/span><\/p>\n<p><span data-tt=\"{}\">external genital organs. With a chemical treatment I could <\/span><\/p>\n<p><span data-tt=\"{}\"> luckily be healed of it. <\/span><\/p>\n<p><span data-tt=\"{}\">My owner wanted to bring me back, but that&#8217;s three <\/span><\/p>\n<p><span data-tt=\"{}\">Years ago now. He must have forgotten me, still I always go <\/span><\/p>\n<p><span data-tt=\"{}\"> to the gate and wait and hope. <\/span><\/p>\n<p><span data-tt=\"{}\">Despite everything, I am a friendly dog and try to enjoy my life. &#8222;<\/span><\/p>","protected":false},"excerpt":{"rendered":"<p>Gender: Male<br \/>\nGeboren: 2014<\/p>\n<p>Verstorben: Februar 2020<br \/>\nFarbe: schwarz und wei\u00df<\/p>","protected":false},"featured_media":8433,"template":"","meta":[],"product_brand":[],"product_cat":[64],"product_tag":[],"class_list":{"0":"post-5032","1":"product","2":"type-product","3":"status-publish","4":"has-post-thumbnail","6":"product_cat-verstorben","8":"first","9":"instock","10":"shipping-taxable","11":"product-type-simple"},"_links":{"self":[{"href":"https:\/\/snehascare.de\/en\/wp-json\/wp\/v2\/product\/5032","targetHints":{"allow":["GET"]}}],"collection":[{"href":"https:\/\/snehascare.de\/en\/wp-json\/wp\/v2\/product"}],"about":[{"href":"https:\/\/snehascare.de\/en\/wp-json\/wp\/v2\/types\/product"}],"wp:featuredmedia":[{"embeddable":true,"href":"https:\/\/snehascare.de\/en\/wp-json\/wp\/v2\/media\/8433"}],"wp:attachment":[{"href":"https:\/\/snehascare.de\/en\/wp-json\/wp\/v2\/media?parent=5032"}],"wp:term":[{"taxonomy":"product_brand","embeddable":true,"href":"https:\/\/snehascare.de\/en\/wp-json\/wp\/v2\/product_brand?post=5032"},{"taxonomy":"product_cat","embeddable":true,"href":"https:\/\/snehascare.de\/en\/wp-json\/wp\/v2\/product_cat?post=5032"},{"taxonomy":"product_tag","embeddable":true,"href":"https:\/\/snehascare.de\/en\/wp-json\/wp\/v2\/product_tag?post=5032"}],"curies":[{"name":"wp","href":"https:\/\/api.w.org\/{rel}","templated":true}]}}