{"id":5031,"date":"2018-07-28T14:01:19","date_gmt":"2018-07-28T14:01:19","guid":{"rendered":"https:\/\/snehacare.de\/?post_type=product&#038;p=1659"},"modified":"2022-05-29T16:58:47","modified_gmt":"2022-05-29T16:58:47","slug":"kopila","status":"publish","type":"product","link":"https:\/\/snehascare.de\/en\/hund\/kopila\/","title":{"rendered":"Kopila"},"content":{"rendered":"<p><a href=\"http:\/\/snehascare.de\/wp-content\/uploads\/2018\/07\/IMG_8070-scaled.jpg\"><img fetchpriority=\"high\" decoding=\"async\" class=\"size-medium wp-image-8434 aligncenter\" src=\"http:\/\/snehascare.de\/wp-content\/uploads\/2018\/07\/IMG_8070-300x225.jpg\" alt=\"\" width=\"300\" height=\"225\" \/><\/a><\/p>\n<p><b>Abschied von Kopila<\/b><\/p>\n<p>Wir verabschieden uns mit gebrochenem Herzen von unserer stolzen Kopila. Kopila war eine von drei Blutspendern im Tierheim. Sie hat vielen anderen Hunden dadurch das Leben gerettet. Aber nicht nur deswegen war sie ganz besonders.<span class=\"Apple-converted-space\">\u00a0<\/span><\/p>\n<p>Kopila, unsere sch\u00f6ne deutsche Sch\u00e4ferh\u00fcndin, war nie zu \u00fcbersehen, gro\u00df und mutig immer vorne mit dabei. Angst? So etwas kannte sie nicht. Auch gegen\u00fcber st\u00e4rkeren oder gr\u00f6\u00dferen Hunden konnte sie sich immer furchtlos durchsetzen.<span class=\"Apple-converted-space\">\u00a0<\/span><\/p>\n<p>Mit Besuchern oder Mitarbeitern hat sie gerne geschmust und wild gespielt. Bei jedem Spaziergang gerne dabei.<span class=\"Apple-converted-space\">\u00a0<\/span><\/p>\n<p>Bereits im M\u00e4rz 2021 wurden bei Kopila Nierenprobleme festgestellt. Dank Behandlung und viel Zuwendung erholte sie sich schnell wieder und geno\u00df den Sommer. Nierenversagen l\u00e4sst sich aber nur verlangsamen, nicht aufhalten und so erlag sie leider heute morgen ihrer Krankheit. Kopila wurde 7 Jahre alt. Wir k\u00f6nnen immer noch nicht fassen, dass sie fort ist.<span class=\"Apple-converted-space\">\u00a0<\/span><\/p>\n<p>Wir w\u00fcnschen ihr eine gute Reise \u00fcber die Regenbogenbr\u00fccke. M\u00f6ge sie auf der anderen Seite frei und gl\u00fccklich sein. Sie wird uns sehr fehlen.<span class=\"Apple-converted-space\">\u00a0<\/span><\/p>\n<p>Wir danken Selina, die Kopila als Patin begleitet hat auf ihrem Weg.<span class=\"Apple-converted-space\">\u00a0<\/span><\/p>\n<p>\u2014\u2014\u2014\u2014\u2014\u2014\u2014\u2014\u2014\u2014\u2014\u2014\u2014\u2014\u2014\u2014<\/p>\n<p>Farewell to Kopila<\/p>\n<p>We say goodbye to our proud Kopila with a broken heart. Kopila was one of three blood donors at the shelter. She saved the lives of many other dogs. But that wasn&#8217;t the only reason why she was so special.<\/p>\n<p>Kopila, our beautiful German shepherd, was never to be overlooked, tall and brave, always at the front. Anxiety? She didn&#8217;t know anything like that. Even against stronger or larger dogs, she could always fearlessly prevail.<\/p>\n<p>She liked to cuddle and play wildly with visitors or employees. Happy to be with you on every walk.<\/p>\n<p>Kidney problems were diagnosed in March 2021. Thanks to treatment and a lot of care, she recovered quickly and enjoyed the summer. Kidney failure can only be slowed down, not stopped, and so she unfortunately succumbed to her illness this morning. Kopila was 7 years old. We still can&#8217;t believe she&#8217;s gone.<\/p>\n<p>We wish her a good trip over the rainbow bridge. May she be free and happy. We will miss her very much.<\/p>\n<p>We thank Selina, who accompanied Kopila as sponsor on her way.<\/p>\n<p>&nbsp;<\/p>\n<p>&nbsp;<\/p>\n<hr \/>\n<hr \/>\n<p>&nbsp;<\/p>\n<p>Hallo ich bin Kopila und Snehas liebstes Kind. Wie ihr seht bin ich eine Deutsche Sch\u00e4ferh\u00fcndin.<\/p>\n<p>&nbsp;<\/p>\n<p>Leider wurde ich mit etwa sechs Monaten von meinen Besitzern wegen einer schwerwiegenden Hautkrankheit versto\u00dfen. Dabei bin ich so ein freundlicher Hund.<br \/>\nUnd mehr als das: Eine Lebensretterin. Als eine der drei Blutspender des Tierheims, konnte ich schon mehr als 100 Leben retten.<\/p>\n<p>&nbsp;<\/p>\n<p>Mein ganzes bisheriges Leben schon habe ich bei Sneha\u2018s Care verbracht und k\u00f6nnte nicht dankbarer sein f\u00fcr die F\u00fcrsorge hier. Ich liebe es spazieren zu gehen.<\/p>\n<p>&nbsp;<\/p>\n<p>Mit drei Jahren habe ich leider keine Chance mehr auf Vermittlung.<\/p>\n<p>&nbsp;<\/p>\n<p>In Selina habe ich eine liebe Patin gefunden! Dankesch\u00f6n!<\/p>\n<h1><\/h1>","protected":false},"excerpt":{"rendered":"<p>Gender: Female<br \/>\nGeboren: 2014<\/p>\n<p>Verstorben: November 2021<br \/>\nFarbe: braun und schwarz<\/p>","protected":false},"featured_media":8434,"template":"","meta":[],"product_brand":[],"product_cat":[64],"product_tag":[],"class_list":{"0":"post-5031","1":"product","2":"type-product","3":"status-publish","4":"has-post-thumbnail","6":"product_cat-verstorben","8":"first","9":"instock","10":"shipping-taxable","11":"product-type-simple"},"_links":{"self":[{"href":"https:\/\/snehascare.de\/en\/wp-json\/wp\/v2\/product\/5031","targetHints":{"allow":["GET"]}}],"collection":[{"href":"https:\/\/snehascare.de\/en\/wp-json\/wp\/v2\/product"}],"about":[{"href":"https:\/\/snehascare.de\/en\/wp-json\/wp\/v2\/types\/product"}],"wp:featuredmedia":[{"embeddable":true,"href":"https:\/\/snehascare.de\/en\/wp-json\/wp\/v2\/media\/8434"}],"wp:attachment":[{"href":"https:\/\/snehascare.de\/en\/wp-json\/wp\/v2\/media?parent=5031"}],"wp:term":[{"taxonomy":"product_brand","embeddable":true,"href":"https:\/\/snehascare.de\/en\/wp-json\/wp\/v2\/product_brand?post=5031"},{"taxonomy":"product_cat","embeddable":true,"href":"https:\/\/snehascare.de\/en\/wp-json\/wp\/v2\/product_cat?post=5031"},{"taxonomy":"product_tag","embeddable":true,"href":"https:\/\/snehascare.de\/en\/wp-json\/wp\/v2\/product_tag?post=5031"}],"curies":[{"name":"wp","href":"https:\/\/api.w.org\/{rel}","templated":true}]}}