{"id":5030,"date":"2018-07-28T13:54:17","date_gmt":"2018-07-28T13:54:17","guid":{"rendered":"https:\/\/snehacare.de\/?post_type=product&#038;p=1653"},"modified":"2022-05-29T16:58:58","modified_gmt":"2022-05-29T16:58:58","slug":"famous","status":"publish","type":"product","link":"https:\/\/snehascare.de\/en\/hund\/famous\/","title":{"rendered":"Famous"},"content":{"rendered":"<p><img fetchpriority=\"high\" decoding=\"async\" class=\"size-medium wp-image-8413 aligncenter\" src=\"http:\/\/snehascare.de\/wp-content\/uploads\/2018\/07\/2018-08-28-07.33.46-300x225.jpg\" alt=\"\" width=\"300\" height=\"225\" \/><\/p>\n<p style=\"text-align: left;\">In liebevoller Erinnerung an Famous:<\/p>\n<p class=\"p1\"><span class=\"s1\">Auf Wiedersehen unser lieber Famous <\/span><\/p>\n<p class=\"p1\"><span class=\"s1\">Vor f\u00fcnf Jahren fand Sneha dich mit einer schrecklichen Kopfwunde. Es sah schlecht um dich aus, aber Sneha konnte dich retten. Du geh\u00f6rst zu den ersten Hunden des Tierheims. <\/span><\/p>\n<p class=\"p1\"><span class=\"s1\">Deine Sanftmut und dein ruhiges Wesen werden unvergessen bleiben. Deshalb bist du ber\u00fchmt geworden. Deshalb bleibst du in unseren Herzen.<\/span><\/p>\n<p class=\"p1\"><span class=\"s1\">Lieber Famous, nun bist du fort, wo auch immer du bist,<span class=\"Apple-converted-space\">\u00a0 <\/span>sei gl\u00fccklich! <\/span><\/p>\n<p class=\"p1\"><span class=\"s1\">Mit gebrochenem Herzen <\/span><span class=\"s1\"> w\u00fcnschen wir dir eine gute Reise \u00fcber die Regenbogenbr\u00fccke! <\/span><\/p>\n<p class=\"p1\"><span class=\"s1\">Auf Wiedersehen!<\/span><\/p>\n<p>&nbsp;<\/p>\n<p>&nbsp;<\/p>\n<p>Wir sind sehr froh, dass Laura und ihre Nichte Ada dich als Patenhund ausgesucht und Ada dich als Jahrespatin begleitet hat. Danke!<\/p>\n<p>&nbsp;<\/p>\n<p>&nbsp;<\/p>\n<p>\u201eMein Name ist Programm, denn hier im Heim bin ich ber\u00fchmt. Ich geh\u00f6re zu den ersten Hunden des Tierheimes. F\u00fcr Sneha bin ich etwas besonderes. Zu meinen Lieblingsbesch\u00e4ftigungen z\u00e4hlt das spielerische K\u00e4mpfen mit meinen Freunden.<\/p>\n<p>&nbsp;<\/p>\n<p>Wie ich hierher kam? Jemand hatte mich mit kochendem Wasser \u00fcbergossen. Ich hatte schwerste Verbrennungen. Das Tierheim gab es zu dem Zeitpunkt noch nicht. Nach einer Facebookbenachrichtigung holte mich Sneha, die Gr\u00fcnderin des Tierheims, ab. Es sah aus, als w\u00fcrde ich meinen letzten Atemzug tun. Meine Kopfwunde war mit Maden \u00fcbers\u00e4ht. Sie brachte mich in eine Klinik, wo der Arzt mir keine Hoffnung machte. Sneha weigerte sich aufzugeben und man transferierte mir Blut. Erst nach Tagen konnte ich wieder essen, so schlecht f\u00fchlte ich mich. Ich wollte nur Sneha in meiner N\u00e4he, alle anderen wehrte ich ab. Erst musste ich in einer Hundepension gepflegt werden. Als das Tierheim gebaute wurde, konnte ich endlich umziehen. Sneha musste sich lange um mich k\u00fcmmern. Heute bin ich ein Senior im Tierheim, dank Sneha habe ich wieder Vertrauen gefasst und bin weder aggressiv zu Tieren noch Menschen. Hier erfahre ich Liebe. Ich bin w\u00e4hlerisch, denn ich wei\u00df was ich will. So schnell kann mich nichts mehr stressen.<\/p>\n<p>&nbsp;<\/p>\n<p>Hunde wie ich, die schon ausgewachsen sind, finden fast nie eine Familie hier in Nepal. Weil hier viele Hunde auf sich gestellt auf der Stra\u00dfe leben m\u00fcssen, k\u00f6nnen die Menschen sich hier einfach einen Stra\u00dfenhund aussuchen &#8211; und das sind meist Welpen. In ein Tierheim muss daf\u00fcr niemand fahren. Deshalb habe ich in meinem Alter keine Chance mehr, ein eigenes Zuhause zu finden.<\/p>\n<p>&nbsp;<\/p>\n<p>Wer eine Ber\u00fchmtheit m\u00f6chte, ist genau richtig bei mir.\u201c<\/p>\n<p>&nbsp;<\/p>\n<p>&#8212;&#8212;&#8212;&#8212;&#8212;&#8212;&#8212;&#8212;&#8212;&#8212;&#8212;&#8212;&#8212;&#8212;&#8212;&#8212;&#8212;&#8212;&#8212;&#8212;&#8212;&#8212;&#8212;&#8212;&#8212;&#8212;&#8212;&#8212;&#8212;&#8212;&#8212;&#8212;&#8212;&#8212;&#8212;&#8212;&#8212;-<\/p>\n<p>In lovely Memory of Famous:<\/p>\n<p>&nbsp;<\/p>\n<p class=\"p1\"><span class=\"s1\">Goodbye to our dear Famous <\/span><\/p>\n<p class=\"p1\"><span class=\"s1\">Five years ago, Sneha found you with a terrible head wound. It looked bad, we thought we would loose you, but Sneha could save you. You are one of the first dogs at the shelter.<\/span><\/p>\n<p class=\"p1\"><span class=\"s1\">Your gentleness and calm nature will remain unforgettable. That&#8217;s why you became famous. That&#8217;s why you stay in our hearts.<\/span><\/p>\n<p class=\"p1\"><span class=\"s1\">Dear Famous, now you&#8217;re gone, wherever you are, be happy!<\/span><\/p>\n<p class=\"p1\"><span class=\"s1\">With a broken heart <\/span><span class=\"s1\"> we wish you a good journey over the rainbow bridge!<\/span><\/p>\n<p class=\"p1\"><span class=\"s1\">Goodbye!<\/span><\/p>\n<p>&nbsp;<\/p>\n<p>We are very happy that Laura and her niece Ada chose you and Ada accompanied you as a sponosr\u00a0for the year. Thank you!<\/p>\n<p>&nbsp;<\/p>\n<div class=\"io-ox-signature\">\n<p class=\"default-style\">\u201eMy name suits me, because here I am famous. I am one of the first dogs of this animal home so I am special for Sneha. One of my favorite things to do is playfully fighting with my friends.<\/p>\n<p>&nbsp;<\/p>\n<p class=\"default-style\">How did I come here? Someone had doused me with boiling water. I had severe burns. The shelter did not exist at that time. After a Facebook notification Sneha, the founder of the shelter, picked me up. It looked like I was taking my last breath. My head wound was covered with maggots. They took me to a clinic where the doctor gave me no hope. Sneha refused to give up and they transferred blood to me. I felt so bad. I just wanted Sneha near me, all the others I fended off. First I had to be cared for in a dog pension. When the shelter was built, I was finally able to move there. Sneha had to take care of me for a long time. Today I am a senior at the shelter, thanks to Sneha I have regained confidence and am neither aggressive to animals nor humans. Here I experience love. I&#8217;m picky because I know what I want. Nothing can stress me so fast anymore.<\/p>\n<p>&nbsp;<\/p>\n<p class=\"default-style\">Dogs like me, who are already grown up, will never find a family here in Nepal. Because many dogs have to live on the street here, people can simply pick a street dog here &#8211; and these are mostly puppies. Nobody need to drive to an animal shelter. That&#8217;s why I have no chance to find my own home.<\/p>\n<p>&nbsp;<\/p>\n<p class=\"default-style\">Who wants a celebrity is just right with me.\u201c<\/p>\n<\/div>\n<p>&nbsp;<\/p>\n<p>&nbsp;<\/p>","protected":false},"excerpt":{"rendered":"<p>Gender: Male<br \/>\nGeboren: 2014<\/p>\n<p>Verstorben: Dezember 2019<br \/>\nFarbe: braun, schwarz und wei\u00df<\/p>","protected":false},"featured_media":8413,"template":"","meta":[],"product_brand":[],"product_cat":[64],"product_tag":[],"class_list":{"0":"post-5030","1":"product","2":"type-product","3":"status-publish","4":"has-post-thumbnail","6":"product_cat-verstorben","8":"first","9":"instock","10":"shipping-taxable","11":"product-type-simple"},"_links":{"self":[{"href":"https:\/\/snehascare.de\/en\/wp-json\/wp\/v2\/product\/5030","targetHints":{"allow":["GET"]}}],"collection":[{"href":"https:\/\/snehascare.de\/en\/wp-json\/wp\/v2\/product"}],"about":[{"href":"https:\/\/snehascare.de\/en\/wp-json\/wp\/v2\/types\/product"}],"wp:featuredmedia":[{"embeddable":true,"href":"https:\/\/snehascare.de\/en\/wp-json\/wp\/v2\/media\/8413"}],"wp:attachment":[{"href":"https:\/\/snehascare.de\/en\/wp-json\/wp\/v2\/media?parent=5030"}],"wp:term":[{"taxonomy":"product_brand","embeddable":true,"href":"https:\/\/snehascare.de\/en\/wp-json\/wp\/v2\/product_brand?post=5030"},{"taxonomy":"product_cat","embeddable":true,"href":"https:\/\/snehascare.de\/en\/wp-json\/wp\/v2\/product_cat?post=5030"},{"taxonomy":"product_tag","embeddable":true,"href":"https:\/\/snehascare.de\/en\/wp-json\/wp\/v2\/product_tag?post=5030"}],"curies":[{"name":"wp","href":"https:\/\/api.w.org\/{rel}","templated":true}]}}