{"id":2976,"date":"2019-06-21T20:20:15","date_gmt":"2019-06-21T18:20:15","guid":{"rendered":"https:\/\/snehacare.de\/?post_type=product&#038;p=2976"},"modified":"2022-05-29T16:50:30","modified_gmt":"2022-05-29T16:50:30","slug":"charlie","status":"publish","type":"product","link":"https:\/\/snehascare.de\/en\/hund\/charlie\/","title":{"rendered":"Charlie"},"content":{"rendered":"<p><img fetchpriority=\"high\" decoding=\"async\" class=\"size-medium wp-image-8385 aligncenter\" src=\"http:\/\/snehascare.de\/wp-content\/uploads\/2019\/06\/Foto-30.03.22-20-57-48-300x225.jpg\" alt=\"\" width=\"300\" height=\"225\" \/><\/p>\n<p>Hallo mein Name ist Charlie.<span class=\"Apple-converted-space\">\u00a0<\/span><\/p>\n<p>&nbsp;<\/p>\n<p>Im Februar 2019 wurde ich nach einem Autounfall zu Sneha\u2019s Care gebracht. Es stand nicht gut um mich. Diese schwere Zeit habe ich<span class=\"Apple-converted-space\">\u00a0 <\/span>\u00fcberstanden. Durch den Unfall war ich ab der H\u00fcfte zun\u00e4chst v\u00f6llig gel\u00e4hmt. Nur mit Hilfe eines Rollstuhls konnte ich wieder freudig herumtollen.<span class=\"Apple-converted-space\">\u00a0<\/span><\/p>\n<p><span class=\"Apple-converted-space\">\u00a0<\/span><\/p>\n<p>Ich bin ein K\u00e4mpfer, gab nich auf und dank guter Pflege kann ich wieder ohne Hilfsmittel tapsig laufen und spielen. Wenn ich irritiert bin, dann erhebe ich auch schon mal meine Stimme und belle. Aber ich bin ein ganz Lieber mit einem ungew\u00f6hnlichen Lieblingsschlafplatz: Der Medizinkiste. Dort kuschle ich mich gerne ein und schlafe ein R\u00fcndchen.<span class=\"Apple-converted-space\">\u00a0<\/span><\/p>\n<p>&nbsp;<\/p>\n<p>Mit Julia habe ich eine liebe Patin gefunden bzw. hat sie mich gefunden. Danke!<\/p>\n<p>&nbsp;<\/p>","protected":false},"excerpt":{"rendered":"<p>Gender: Male<\/p>\n<p>Geboren: ca. Januar 2019<\/p>\n<p>Colour: Brown<\/p>","protected":false},"featured_media":8385,"template":"","meta":[],"product_brand":[],"product_cat":[63],"product_tag":[],"class_list":{"0":"post-2976","1":"product","2":"type-product","3":"status-publish","4":"has-post-thumbnail","6":"product_cat-paten-gefunden","8":"first","9":"instock","10":"shipping-taxable","11":"product-type-simple"},"_links":{"self":[{"href":"https:\/\/snehascare.de\/en\/wp-json\/wp\/v2\/product\/2976","targetHints":{"allow":["GET"]}}],"collection":[{"href":"https:\/\/snehascare.de\/en\/wp-json\/wp\/v2\/product"}],"about":[{"href":"https:\/\/snehascare.de\/en\/wp-json\/wp\/v2\/types\/product"}],"wp:featuredmedia":[{"embeddable":true,"href":"https:\/\/snehascare.de\/en\/wp-json\/wp\/v2\/media\/8385"}],"wp:attachment":[{"href":"https:\/\/snehascare.de\/en\/wp-json\/wp\/v2\/media?parent=2976"}],"wp:term":[{"taxonomy":"product_brand","embeddable":true,"href":"https:\/\/snehascare.de\/en\/wp-json\/wp\/v2\/product_brand?post=2976"},{"taxonomy":"product_cat","embeddable":true,"href":"https:\/\/snehascare.de\/en\/wp-json\/wp\/v2\/product_cat?post=2976"},{"taxonomy":"product_tag","embeddable":true,"href":"https:\/\/snehascare.de\/en\/wp-json\/wp\/v2\/product_tag?post=2976"}],"curies":[{"name":"wp","href":"https:\/\/api.w.org\/{rel}","templated":true}]}}