{"id":2931,"date":"2019-06-14T17:23:26","date_gmt":"2019-06-14T15:23:26","guid":{"rendered":"https:\/\/snehacare.de\/?post_type=product&#038;p=2931"},"modified":"2022-05-29T16:51:30","modified_gmt":"2022-05-29T16:51:30","slug":"peanut","status":"publish","type":"product","link":"https:\/\/snehascare.de\/en\/hund\/peanut\/","title":{"rendered":"Peanut"},"content":{"rendered":"<p><img fetchpriority=\"high\" decoding=\"async\" class=\"size-medium wp-image-8387 aligncenter\" src=\"http:\/\/snehascare.de\/wp-content\/uploads\/2019\/06\/Foto-19.01.21-06-24-26-300x225.jpg\" alt=\"\" width=\"300\" height=\"225\" \/><\/p>\n<p class=\"p1\"><span class=\"s1\">Auf Wiedersehen lieber Peanut<\/span><\/p>\n<p>&nbsp;<\/p>\n<p class=\"p3\"><span class=\"s2\">Wir nehmen mit gebrochenem Herzen nach kurzer Krankheit von dir Abschied. Nur 2 1\/2 Jahre warst du bei uns. Dein Name wurde dir von einer lieben Ehrenamtlerin gegeben, weil du als kleiner frecher Welpe zu uns kamst und aussahst wie eine knubbelige Erdnuss.<br \/>\n<\/span><\/p>\n<p>&nbsp;<\/p>\n<p class=\"p3\"><span class=\"s2\">Du warst schon als Welpe ein kleiner Draufg\u00e4nger, wild, lieb, frech, dickk\u00f6pfig und unser Freigeist. Im Tierheim bleiben?! Nein, das kam\u00a0<\/span><span class=\"s2\">f\u00fcr dich nie in Frage, du bist immer wieder ausgebrochen. Deswegen durftest du vor dem\u00a0<\/span><span class=\"s2\">Tierheim mit anderen Hunden auf unserem\u00a0<\/span><span class=\"s2\">Lebenshof leben. Deine Freiheiten waren dir immer das wichtigste.<\/span><\/p>\n<p>&nbsp;<\/p>\n<p class=\"p3\"><span class=\"s2\">Jetzt bist auch k\u00f6rperlich frei. Wir hoffen auf der anderen Seite warten gr\u00fcne Wiesen, viele Leckerlies und deine Freunde auf dich! Wir werden unsere Erdnuss vermissen!<\/span><\/p>\n<p>&nbsp;<\/p>\n<p class=\"p3\"><span class=\"s2\">Wir danken seine Patin Dana, dass sie ihn auf seinem Weg begleitet hat ! <\/span><\/p>\n<p class=\"p3\"><span class=\"s2\">\u2014\u2014\u2014\u2014\u2014-<\/span><\/p>\n<p class=\"p3\"><span class=\"s2\">Goodbye dear Peanut<\/span><\/p>\n<p class=\"p3\"><span class=\"s2\">We say goodbye to you with a broken heart after a short illness. You were with us for only 2 1\/2 years. Your name was given to you by a dear volunteer because you came to us as a cheeky little puppy and looked like a knobbly peanut.<\/span><\/p>\n<p class=\"p3\"><span class=\"s2\">Even as a puppy you were a daredevil, wild, sweet, cheeky, stubborn and our free spirit. Stay in the shelter ?! No, that came<\/span><\/p>\n<p class=\"p3\"><span class=\"s2\">never in question for you, you kept breaking out. That&#8217;s why you were allowed to<\/span><\/p>\n<p class=\"p3\"><span class=\"s2\">stay with other dogs outside on our<\/span><\/p>\n<p class=\"p3\"><span class=\"s2\">animalfarm. Your freedoms have always been most important to you.<\/span><\/p>\n<p class=\"p3\"><span class=\"s2\">Now you are also physically free. We hope on the other side green meadows, lots of treats and your friends are waiting for you! We will miss our peanut!<\/span><\/p>\n<p class=\"p3\"><span class=\"s2\">We thank his sponsor Dana for accompanying him on his way!<\/span><\/p>\n<p>&nbsp;<\/p>\n<p>&nbsp;<\/p>\n<p>\u2014\u2014\u2014\u2014\u2014\u2014\u2014\u2014\u2014\u2014\u2014\u2014\u2014\u2014\u2014\u2014\u2014<\/p>\n<p>Hallo ich bin Peanut.<span class=\"Apple-converted-space\">\u00a0<\/span><\/p>\n<p>Am 28.02.19 wurde ich von der lieben Ehrenamtlerin Valentina vor dem Schelter gefunden. Es war kalt und regnerisch, daher war ich froh, dass sie sich um mich k\u00fcmmerte. Von ihr habe ich meinen Namen, weil ich, so klein, braun und knubbelig, wie eine Erdnuss aussah.<span class=\"Apple-converted-space\">\u00a0<\/span><\/p>\n<p>&nbsp;<\/p>\n<p>Manche w\u00fcrden mich zu den frechsten Hunden bei Sneha\u2018s Care z\u00e4hlen. Schon als ich noch ganz jung und ziemlich wacklig auf meinen kurzen Beinchen war, legte ich mich gern spielerisch mit meinen gr\u00f6\u00dferen zwei- und vierbeinigen Spielgef\u00e4hrten an.<span class=\"Apple-converted-space\">\u00a0<\/span><\/p>\n<p>&nbsp;<\/p>\n<p>Ich liebe meine Freiheiten und suche mir gern selbst aus wie und wo ich<span class=\"Apple-converted-space\">\u00a0 <\/span>den Tag verbringe. Ich gehe gerne mit den Rollstuhlhunden spazieren und k\u00e4mpfe leidenschaftlich mit ihnen um die von den Pflegern dargebotenen Snacks. Sobald ich genug getobt habe, werde ich sehr schnell m\u00fcde. Dann rolle ich mich am liebsten auf dem Scho\u00df eines Menschen zusammen, um dort gem\u00fctlich in aller Seelenruhe zu schlafen. In diesem Zustand kann man mich auch gern herumtragen. Das macht mir nichts aus, ich genie\u00dfe die Aufmerksamkeit.<span class=\"Apple-converted-space\">\u00a0<\/span><\/p>\n<p>&nbsp;<\/p>\n<p>Wenn ich mich unfair behandelt f\u00fchle, beginne ich mit meiner noch zarten Stimme lauthals zu bellen und fordere so die mir geb\u00fchrende Aufmerksamkeit ein. Wenn au\u00dfenstehende Hunde oder Menschen in meine Augen eine potentielle Gefahr darstellen, eile ich schnell zur Rettung sowohl meiner menschlichen als auch tierischen Freunde. Ich bin ein mutiger Draufg\u00e4nger, der zwar durch eben diese Eigenschaft schnell in Schwierigkeiten ger\u00e4t, aber sich genauso schnell auch wieder hinaus man\u00f6vriert. Im Endeffekt gibt es wohl niemanden, der meinen strahlenden, runden Kulleraugen lange widerstehen k\u00f6nnte.<\/p>\n<p><span data-tt=\"{&quot;paragraphStyle&quot;:{&quot;alignment&quot;:4,&quot;writingDirection&quot;:1}}\">Nun bin ich kein Welpe mehr. Hunde wie ich, die schon ausgewachsen sind, finden fast nie eine Familie in Nepal. Weil hier viele Hunde auf sich gestellt auf der Stra\u00dfe leben m\u00fcssen, k\u00f6nnen die Menschen sich einfach einen passenden Stra\u00dfenhund aussuchen \u2013 und das sind meist gesunde Welpen. In ein Tierheim muss daf\u00fcr niemand fahren.\u00a0 <\/span>Ich werde also keine Familie mehr finden und dauerhaft hier betreut werden m\u00fcssen.<\/p>\n<p>&nbsp;<\/p>\n<p>Mit Dana habe ich eine liebe Patin gefunden, dar\u00fcber freue ich mich sehr. Dankesch\u00f6n!<\/p>\n<p>\u2014\u2014\u2014\u2014\u2014\u2014\u2014\u2014\u2014\u2014\u2014\u2014\u2014\u2014<\/p>\n<p>Hello I am Peanut.<\/p>\n<p>On 28.02.19 I was found infront of the Schelter by the dear volunteer Valentina. It was cold and rainy, so I was glad she took care of me. So small, brown and knobbly, i looked like a peanut, so she gave me my name.<\/p>\n<p>Some would rank me among the cheekiest dogs at Sneha&#8217;s Care. Even when I was very young and rather shaky on my short legs, I liked to play with my bigger two- and four-legged playmates.<\/p>\n<p>I love my freedoms and like to choose how and where to spend the day. I like to walk with the wheelchair dogs and passionately fight with them for the snacks offered by the staff. As soon as I romp enough, I get tired very quickly. Then I like to roll myself on the lap of a human being to sleep comfortably in peace. In this condition you can also carry me around. I do not mind, I enjoy the attention.<\/p>\n<p>When I feel treated unfairly, I begin to bark loudly with my still tender voice, demanding the attention I deserve. When outside dogs or humans pose a potential danger in my eyes, I quickly rush to the rescue of both my human and animal friends. I&#8217;m a brave daredevil, who gets into trouble with just that, but maneuvers out of it just as fast. In the end, there is probably no one who could resist my bright, sweet eyes.<\/p>\n<p><span data-tt=\"{&quot;paragraphStyle&quot;:{&quot;alignment&quot;:4,&quot;writingDirection&quot;:1}}\">I am now not a puppy anymore. Dogs like me that are fully grown almost never find a family in Nepal. Because many dogs have to live on the street on their own, people can simply choose a suitable street dog &#8211; and these are usually healthy puppies. Nobody has to go to an animal shelter. So I will not find a family anymore and will have to be looked after here permanently.<\/span><\/p>\n<p>In Dana I have found a dear sponsor, I am very happy about that. Thank you very much!<\/p>\n<p><span data-tt=\"{&quot;fontHints&quot;:1}\">Bank Account Sneha's Care Deutschland e.V. <\/span><\/p>\n<p><span data-tt=\"{&quot;fontHints&quot;:1}\">Germany - Bank f\u00fcr Sozialwirtschaft <\/span><\/p>\n<p><span data-tt=\"{&quot;fontHints&quot;:1}\">IBAN: DE34 5502 0500 0001 6055 00 | BIC: BFSWDE33MNZ<\/span><\/p>","protected":false},"excerpt":{"rendered":"<p>Gender: Male<\/p>\n<p>Born: 2019<\/p>\n<p>Verstorben: September 2021<\/p>\n<p>Colour: Brown<\/p>","protected":false},"featured_media":8387,"template":"","meta":[],"product_brand":[],"product_cat":[64],"product_tag":[],"class_list":{"0":"post-2931","1":"product","2":"type-product","3":"status-publish","4":"has-post-thumbnail","6":"product_cat-verstorben","8":"first","9":"instock","10":"shipping-taxable","11":"product-type-simple"},"_links":{"self":[{"href":"https:\/\/snehascare.de\/en\/wp-json\/wp\/v2\/product\/2931","targetHints":{"allow":["GET"]}}],"collection":[{"href":"https:\/\/snehascare.de\/en\/wp-json\/wp\/v2\/product"}],"about":[{"href":"https:\/\/snehascare.de\/en\/wp-json\/wp\/v2\/types\/product"}],"wp:featuredmedia":[{"embeddable":true,"href":"https:\/\/snehascare.de\/en\/wp-json\/wp\/v2\/media\/8387"}],"wp:attachment":[{"href":"https:\/\/snehascare.de\/en\/wp-json\/wp\/v2\/media?parent=2931"}],"wp:term":[{"taxonomy":"product_brand","embeddable":true,"href":"https:\/\/snehascare.de\/en\/wp-json\/wp\/v2\/product_brand?post=2931"},{"taxonomy":"product_cat","embeddable":true,"href":"https:\/\/snehascare.de\/en\/wp-json\/wp\/v2\/product_cat?post=2931"},{"taxonomy":"product_tag","embeddable":true,"href":"https:\/\/snehascare.de\/en\/wp-json\/wp\/v2\/product_tag?post=2931"}],"curies":[{"name":"wp","href":"https:\/\/api.w.org\/{rel}","templated":true}]}}