{"id":2924,"date":"2019-06-11T19:31:44","date_gmt":"2019-06-11T17:31:44","guid":{"rendered":"https:\/\/snehacare.de\/?post_type=product&#038;p=2924"},"modified":"2022-05-18T16:14:22","modified_gmt":"2022-05-18T16:14:22","slug":"rumi","status":"publish","type":"product","link":"https:\/\/snehascare.de\/en\/hund\/rumi\/","title":{"rendered":"Rumi"},"content":{"rendered":"<div>\n<p><span data-tt=\"{&quot;paragraphStyle&quot;:{&quot;alignment&quot;:4,&quot;writingDirection&quot;:1}}\">Worte k\u00f6nnen nicht ausdr\u00fccken, wie gl\u00fccklich wir f\u00fcr dich sind, lieber Rumi. Rumi hat sein liebevolles und f\u00fcrsorgliches Zuhause in Kanada gefunden. Gute Reise Rumi. <\/span><\/p>\n<p><span data-tt=\"{&quot;paragraphStyle&quot;:{&quot;alignment&quot;:4,&quot;writingDirection&quot;:1}}\">Eine F\u00fclle wundervoller und erstaunlicher Erinnerungen an dich bleibt bei uns. Wir freuen uns f\u00fcr dich, aber gleichzeitig vermissen wir dich. <\/span><\/p>\n<p><span data-tt=\"{&quot;paragraphStyle&quot;:{&quot;alignment&quot;:4,&quot;writingDirection&quot;:1}}\">Hab ein tolles Leben vor dir \u2764\ufe0f\u2764\ufe0f\u2764\ufe0f <\/span><\/p>\n<p><span data-tt=\"{&quot;paragraphStyle&quot;:{&quot;alignment&quot;:4,&quot;writingDirection&quot;:1}}\"># adoptdontshop <\/span><\/p>\n<p><span data-tt=\"{&quot;paragraphStyle&quot;:{&quot;alignment&quot;:4,&quot;writingDirection&quot;:1}}\">\u2014\u2014\u2014\u2014\u2014\u2014- <\/span><\/p>\n<p><span data-tt=\"{&quot;paragraphStyle&quot;:{&quot;alignment&quot;:4,&quot;writingDirection&quot;:1}}\">Words cannot express how happy we are for you, dear Rumi. Rumi has found his loving and caring home in Canada. Have a good trip Rumi. <\/span><\/p>\n<p><span data-tt=\"{&quot;paragraphStyle&quot;:{&quot;alignment&quot;:4,&quot;writingDirection&quot;:1}}\">Wonderful and amazing memories of you remain with us. We are happy for you, but at the same time we miss you. <\/span><\/p>\n<p><span data-tt=\"{&quot;paragraphStyle&quot;:{&quot;alignment&quot;:4,&quot;writingDirection&quot;:1}}\">Have a great life ahead of you \u2764\ufe0f\u2764\ufe0f\u2764\ufe0f <\/span><\/p>\n<p><span data-tt=\"{&quot;paragraphStyle&quot;:{&quot;alignment&quot;:4,&quot;writingDirection&quot;:1}}\"># adoptdontshop<\/span><\/p>\n<p><span data-tt=\"{&quot;paragraphStyle&quot;:{&quot;alignment&quot;:4,&quot;writingDirection&quot;:1,&quot;indent&quot;:1}}\">\u00a0<\/span><\/p>\n<\/div>\n<p>&nbsp;<\/p>\n<p>&nbsp;<\/p>\n<p>&nbsp;<\/p>\n<p>Hallo mein Name ist Rumi. Im November 2017 wurde ich von der lieben Ehrenamtlerin Laura hungrig hinter einer Konditorei gefunden. Sie bemerkte, dass ich blind bin und nahm mich mit. Bei Sneha\u2019s Care fand ich Unterschlupf.<span class=\"Apple-converted-space\">\u00a0<\/span><\/p>\n<p>&nbsp;<\/p>\n<p>Meine Umgebung beobachte ich aufmerksam und freue mich sehr \u00fcber menschliche Gegenwart. Ich bin aktiv und immer auf Achse. Sobald ein Mensch in der N\u00e4he ist, renne ich auf ihn zu, um mir Streicheleinheiten abzuholen und zu spielen. Daher merken die meisten aufgrund meines lebhaften Verhaltens erst nach einiger Zeit, dass ich blind bin.<span class=\"Apple-converted-space\">\u00a0<\/span><\/p>\n<p>&nbsp;<\/p>\n<p>Meine Erblindung hat mir meine Lebensfreude nicht geraubt. Warum auch?! Mein Geh\u00f6r ist gut ausgepr\u00e4gt und erm\u00f6glicht mir eine bewundernswerte Orientierung in der mir gewohnten Umgebung. Ich bewege mich sicher im Shelter, renne in hohem Tempo um die Ecken, klettere den H\u00fcgel im hinteren Bereich des Shelters hinauf und laufe zielgenau auf Tore, N\u00e4pfe und andere Hunde zu.<span class=\"Apple-converted-space\">\u00a0<\/span><\/p>\n<p>&nbsp;<\/p>\n<p>Ich kuschle gern und genie\u00dfe es geb\u00fcrstet zu werden. Mitarbeitern und Ehrenamtlern folge ich neugierig auf Schritt und Tritt und auch bei den t\u00e4glichen F\u00fctterungen bin ich kein bisschen sch\u00fcchtern, sondern immer ganz vorne mit dabei.<\/p>\n<p>&nbsp;<\/p>\n<p>Hunde wie ich, die schon ausgewachsen sind, dazu noch blind, finden keine Familie in Nepal. Weil viele Hunde auf sich gestellt auf der Stra\u00dfe leben m\u00fcssen, k\u00f6nnen die Menschen sich einfach einen Stra\u00dfenhund aussuchen \u2013 und das sind meist gesunde Welpen. In ein Tierheim muss daf\u00fcr niemand fahren. Aufgrund meiner Einschr\u00e4nkung habe ich keine Chance, ein eigenes Zuhause zu finden.<\/p>\n<p>&nbsp;<\/p>\n<p>Mit Laura habe ich aber eine ganz liebe Jahrespatin gefunden und sage herzlichst DANKE!<\/p>\n<p>&nbsp;<\/p>\n<p>\u2014\u2014\u2014\u2014\u2014\u2014\u2014\u2014\u2014\u2014\u2014\u2014\u2014\u2014<\/p>\n<p>Hello my name is Rumi. In November 2017, I was found hungry behind a pastry shop by the dear volunteer Laura. She noticed that I am blind and took me along. At Sneha&#8217;s Care I found shelter.<\/p>\n<p>I watch my surroundings attentively and am very happy about human presence. I am active and always on the move. As soon as a human is around, I want to cuddle and play. So, most of the time, because of my vivacious behavior, they do not realize directly that I&#8217;m blind.<\/p>\n<p>My blindness did not take away my joy of life. Why should it have? My hearing is well developed and allows me an admirable orientation in my usual environment. I move safely in the shelter, run around the corners at high speed, climb up the hill in the back of the shelter and run aiming for gates, bowls and other dogs.<\/p>\n<p>I like to cuddle and enjoy being brushed. Employees and volunteers i follow curiously and even with the daily feedings, I&#8217;m not a bit shy, always at the forefront.<\/p>\n<p>Dogs like me, who are already full-grown and blind, can not find a family in Nepal. Because many dogs have to live on the street, people can just pick a street dog &#8211; and these are mostly healthy puppies. Nobody needs to drive to an animal shelter. Due to my restriction, I have no chance to find a home of my own.<\/p>\n<p>But with Laura I have found a very dear sponsor for a year and I say THANK YOU!<\/p>","protected":false},"excerpt":{"rendered":"<p>Gender: Male<\/p>\n<p>Born: 2017<\/p>\n<p>Colour: Brown<\/p>","protected":false},"featured_media":2925,"template":"","meta":[],"product_brand":[],"product_cat":[66],"product_tag":[],"class_list":{"0":"post-2924","1":"product","2":"type-product","3":"status-publish","4":"has-post-thumbnail","6":"product_cat-uncategorized","8":"first","9":"outofstock","10":"shipping-taxable","11":"product-type-simple"},"_links":{"self":[{"href":"https:\/\/snehascare.de\/en\/wp-json\/wp\/v2\/product\/2924","targetHints":{"allow":["GET"]}}],"collection":[{"href":"https:\/\/snehascare.de\/en\/wp-json\/wp\/v2\/product"}],"about":[{"href":"https:\/\/snehascare.de\/en\/wp-json\/wp\/v2\/types\/product"}],"wp:featuredmedia":[{"embeddable":true,"href":"https:\/\/snehascare.de\/en\/wp-json\/"}],"wp:attachment":[{"href":"https:\/\/snehascare.de\/en\/wp-json\/wp\/v2\/media?parent=2924"}],"wp:term":[{"taxonomy":"product_brand","embeddable":true,"href":"https:\/\/snehascare.de\/en\/wp-json\/wp\/v2\/product_brand?post=2924"},{"taxonomy":"product_cat","embeddable":true,"href":"https:\/\/snehascare.de\/en\/wp-json\/wp\/v2\/product_cat?post=2924"},{"taxonomy":"product_tag","embeddable":true,"href":"https:\/\/snehascare.de\/en\/wp-json\/wp\/v2\/product_tag?post=2924"}],"curies":[{"name":"wp","href":"https:\/\/api.w.org\/{rel}","templated":true}]}}